{"id":35646,"date":"2025-12-02T14:50:32","date_gmt":"2025-12-02T14:50:32","guid":{"rendered":"https:\/\/equestrian.ca\/?page_id=35646"},"modified":"2025-12-02T14:59:15","modified_gmt":"2025-12-02T14:59:15","slug":"le-cercle-de-500","status":"publish","type":"page","link":"https:\/\/equestrian.ca\/fr\/community\/get-connected\/le-cercle-de-500\/","title":{"rendered":"Le Cercle de 500 $"},"content":{"rendered":"\n\t<section id=\"\" data-is-jumplink=\"false\" data-title=\"\" class=\"ra-block block-column-text anchor-link-section \">\n\t\t\t\t<div class='row'>\n\t\t\t\t\t\t\t\t\t\t\t\t\t\t<div class='col-12 col-md-12 content-column wysiwyg-content'>\n\t\t\t\t\t\t<h2>Accompagnez le Canada aux Jeux olympiques gr\u00e2ce aux Cercles de 500 $!<\/h2>\n<p>Nous avons de <strong>grands<\/strong> plans \u00e0 l\u2019horizon and avons besoin de <strong>vous<\/strong> pour les r\u00e9aliser! Nous sommes \u00e0 la recherche de gens passionn\u00e9s pr\u00eats \u00e0 faire un don de 500 $ par ann\u00e9e jusqu\u2019aux <strong>Jeux olympiques de Los Angeles 2028<\/strong>. C\u2019est le d\u00e9but d\u2019une belle aventure sur les plus hauts podiums internationaux pour nos athl\u00e8tes humains et \u00e9quins, qui entreront sur la piste des <strong>Championnats d\u2019Aix-la-Chapelle<\/strong> d\u00e8s l\u2019an prochain. Votre don sera d\u00e9ductible d\u2019imp\u00f4t et servira enti\u00e8rement \u00e0 couvrir les frais de d\u00e9placement, d\u2019entra\u00eenement et de comp\u00e9tition de l\u2019\u00e9quipe \u00e9questre de votre choix. Vous pourrez \u00e9galement profiter d\u2019une <strong>r\u00e9duction de 5 % sur votre premi\u00e8re commande Mad Barn<\/strong>, ainsi que d\u2019une \u00e9valuation gratuite du r\u00e9gime alimentaire de votre cheval par des expert(e)s en la mati\u00e8re (M. Sc., Ph. D. et v\u00e9t\u00e9rinaires).<\/p>\n<p>Cliquez ici pour rejoindre <strong>le Cercle de 500<\/strong> $ pour le <a href=\"https:\/\/www.canadahelps.org\/fr\/organismesdebienfaisance\/equestrian-canada-equestre\/p2p\/dressage-500-club\/\" target=\"_blank\" rel=\"noopener\"><strong>dressage<\/strong><\/a>, le <a href=\"https:\/\/www.canadahelps.org\/fr\/organismesdebienfaisance\/equestrian-canada-equestre\/p2p\/eventing-hp-500-club\/\" target=\"_blank\" rel=\"noopener\"><strong>concours complet<\/strong><\/a>, le <a href=\"https:\/\/www.canadahelps.org\/fr\/organismesdebienfaisance\/equestrian-canada-equestre\/p2p\/jumping-500-club\/\" target=\"_blank\" rel=\"noopener\"><strong>saut d&rsquo;obstacles<\/strong><\/a> ou le <a href=\"https:\/\/www.canadahelps.org\/fr\/organismesdebienfaisance\/equestrian-canada-equestre\/p2p\/paradressage-500-club\/\" target=\"_blank\" rel=\"noopener\"><strong>paradressage<\/strong><\/a>.<\/p>\n<p>Ensemble, amenons le <strong>Canada<\/strong> jusqu\u2019au sommet!<\/p>\n<p><img loading=\"lazy\" decoding=\"async\" class=\"alignnone wp-image-35538 size-full\" src=\"https:\/\/equestrian.ca\/wp-content\/uploads\/4-disciplines-fr.png\" alt=\"\" width=\"1157\" height=\"207\" srcset=\"https:\/\/equestrian.ca\/wp-content\/uploads\/4-disciplines-fr.png 1157w, https:\/\/equestrian.ca\/wp-content\/uploads\/4-disciplines-fr-300x54.png 300w, https:\/\/equestrian.ca\/wp-content\/uploads\/4-disciplines-fr-1024x183.png 1024w, https:\/\/equestrian.ca\/wp-content\/uploads\/4-disciplines-fr-768x137.png 768w, https:\/\/equestrian.ca\/wp-content\/uploads\/4-disciplines-fr-640x115.png 640w\" sizes=\"auto, (max-width: 639px) 98vw, (max-width: 1199px) 64vw, 770px\" \/><\/p>\n\t\t\t\t\t<\/div>\n\t\t\t\t\t\t\t\t\t\t\t<\/div>\n\t<\/section>\n\n\n\n\t<section id=\"dressage-et-paradressage\" data-is-jumplink=\"true\" data-title=\"Dressage et paradressage\" class=\"ra-block block-call-to-action anchor-link-section \">\n\t\t\n\t\t<div   class=\"call-to-action-col no-background-image\">\t\t\t\n\t\t\t\t<div class='cta-wrapper'>\n\t\t\t\t\t\t\t\t\t<h2 class='title'>Dressage et paradressage<\/h2>\n\t\t\t\t\t\t\t\t\t\t\t\t\t\t\t<\/div>\n\t\t<\/div>\t<\/section>\n\n\n\n<figure class=\"wp-block-image size-large\"><img loading=\"lazy\" decoding=\"async\" width=\"1024\" height=\"819\" src=\"https:\/\/equestrian.ca\/wp-content\/uploads\/2024\/02\/Team-2-1-1024x819.jpg\" alt=\"\" class=\"wp-image-22893\" srcset=\"https:\/\/equestrian.ca\/wp-content\/uploads\/2024\/02\/Team-2-1-1024x819.jpg 1024w, https:\/\/equestrian.ca\/wp-content\/uploads\/2024\/02\/Team-2-1-300x240.jpg 300w, https:\/\/equestrian.ca\/wp-content\/uploads\/2024\/02\/Team-2-1-768x614.jpg 768w, https:\/\/equestrian.ca\/wp-content\/uploads\/2024\/02\/Team-2-1-640x512.jpg 640w, https:\/\/equestrian.ca\/wp-content\/uploads\/2024\/02\/Team-2-1-1200x960.jpg 1200w, https:\/\/equestrian.ca\/wp-content\/uploads\/2024\/02\/Team-2-1.jpg 1350w\" sizes=\"auto, (max-width: 639px) 98vw, (max-width: 1199px) 64vw, 770px\" \/><\/figure>\n\n\n\n\t<section id=\"\" data-is-jumplink=\"false\" data-title=\"\" class=\"ra-block block-column-text anchor-link-section \">\n\t\t\t\t<div class='row'>\n\t\t\t\t\t\t\t\t\t\t\t\t\t\t<div class='col-12 col-md-12 content-column wysiwyg-content'>\n\t\t\t\t\t\t<p>Nos \u00e9quipes canadiennes de dressage et de paradressage ont besoin de financement de toute urgence. Nous sommes donc \u00e0 la recherche de gens passionn\u00e9s pr\u00eats \u00e0 faire un don de 500 $ par ann\u00e9e jusqu\u2019aux Jeux olympiques de Los Angeles 2028.<\/p>\n<p>L\u2019enjeu est r\u00e9el : envoyer nos \u00e9quipes aux grands Jeux co\u00fbte des centaines de milliers de dollars. Nous avons besoin de vous pour aider le Canada \u00e0 se rendre aux Championnats du monde d\u2019Aix-la-Chapelle 2026, aux Jeux panam\u00e9ricains de Lima 2027 et, ultimement, aux Jeux olympiques de Los Angeles 2028.<\/p>\n<p>Vos dons seront d\u00e9ductibles d\u2019imp\u00f4t et serviront enti\u00e8rement \u00e0 propulser le Canada sur les plus hauts podiums internationaux. Chaque dollar sera investi pour nos athl\u00e8tes. N\u2019attendez plus et faites une diff\u00e9rence d\u00e8s maintenant en rejoignant <strong>le Cercle de 500 $ pour le dressage et le paradressage<\/strong>!<\/p>\n<p>Cliquez ici pour rejoindre <strong>le Cercle de 500 $<\/strong> pour le dressage, le concours complet, le saut d&rsquo;obstacles ou le paradressage.<\/p>\n<p><strong>Cliquez ici pour rejoindre le Cercle de 500 $ pour le <a href=\"https:\/\/www.canadahelps.org\/fr\/organismesdebienfaisance\/equestrian-canada-equestre\/p2p\/dressage-500-club\/\" target=\"_blank\" rel=\"noopener\">dressage<\/a> ou le <a href=\"https:\/\/www.canadahelps.org\/fr\/organismesdebienfaisance\/equestrian-canada-equestre\/p2p\/paradressage-500-club\/\" target=\"_blank\" rel=\"noopener\">paradressage<\/a>.<\/strong><br \/>\n.<\/p>\n\t\t\t\t\t<\/div>\n\t\t\t\t\t\t\t\t\t\t\t<\/div>\n\t<\/section>\n\n\n\n<figure class=\"wp-block-image size-full\"><img loading=\"lazy\" decoding=\"async\" width=\"1024\" height=\"575\" src=\"https:\/\/equestrian.ca\/wp-content\/uploads\/500-Club-Dressage-Funding-FRE.jpg\" alt=\"\" class=\"wp-image-35651\" srcset=\"https:\/\/equestrian.ca\/wp-content\/uploads\/500-Club-Dressage-Funding-FRE.jpg 1024w, https:\/\/equestrian.ca\/wp-content\/uploads\/500-Club-Dressage-Funding-FRE-300x168.jpg 300w, https:\/\/equestrian.ca\/wp-content\/uploads\/500-Club-Dressage-Funding-FRE-768x431.jpg 768w, https:\/\/equestrian.ca\/wp-content\/uploads\/500-Club-Dressage-Funding-FRE-640x359.jpg 640w\" sizes=\"auto, (max-width: 639px) 98vw, (max-width: 1199px) 64vw, 770px\" \/><\/figure>\n\n\n\n\t<section id=\"concours-complet\" data-is-jumplink=\"true\" data-title=\"Concours complet\" class=\"ra-block block-call-to-action anchor-link-section \">\n\t\t\n\t\t<div   class=\"call-to-action-col no-background-image\">\t\t\t\n\t\t\t\t<div class='cta-wrapper'>\n\t\t\t\t\t\t\t\t\t<h2 class='title'>Concours complet<\/h2>\n\t\t\t\t\t\t\t\t\t\t\t\t\t\t\t<\/div>\n\t\t<\/div>\t<\/section>\n\n\n\n<figure class=\"wp-block-image size-full\"><img loading=\"lazy\" decoding=\"async\" width=\"1024\" height=\"819\" src=\"https:\/\/equestrian.ca\/wp-content\/uploads\/2024\/02\/Team-Photo-Gold-Medal-by-Cealy-Tetley.png\" alt=\"\" class=\"wp-image-22585\" srcset=\"https:\/\/equestrian.ca\/wp-content\/uploads\/2024\/02\/Team-Photo-Gold-Medal-by-Cealy-Tetley.png 1024w, https:\/\/equestrian.ca\/wp-content\/uploads\/2024\/02\/Team-Photo-Gold-Medal-by-Cealy-Tetley-300x240.png 300w, https:\/\/equestrian.ca\/wp-content\/uploads\/2024\/02\/Team-Photo-Gold-Medal-by-Cealy-Tetley-768x614.png 768w, https:\/\/equestrian.ca\/wp-content\/uploads\/2024\/02\/Team-Photo-Gold-Medal-by-Cealy-Tetley-640x512.png 640w\" sizes=\"auto, (max-width: 639px) 98vw, (max-width: 1199px) 64vw, 770px\" \/><\/figure>\n\n\n\n\t<section id=\"\" data-is-jumplink=\"false\" data-title=\"\" class=\"ra-block block-column-text anchor-link-section \">\n\t\t\t\t<div class='row'>\n\t\t\t\t\t\t\t\t\t\t\t\t\t\t<div class='col-12 col-md-12 content-column wysiwyg-content'>\n\t\t\t\t\t\t<h2>Le Cercle de 500 $ : un investissement pour l\u2019avenir du concours complet canadien<\/h2>\n<p>Nous vous invitons \u00e0 rejoindre <strong>le Cercle de 500 $<\/strong> pour le concours complet. En devenant membre, vous vous engagez \u00e0 faire un don annuel de 500 $ jusqu\u2019aux Jeux olympiques de Los Angeles 2028.<\/p>\n<p>Par votre g\u00e9n\u00e9rosit\u00e9, vous contribuerez directement au succ\u00e8s de l\u2019\u00e9quipe canadienne de concours complet sur les plus hauts podiums internationaux.<\/p>\n<p>Contrairement \u00e0 d\u2019autres pays, le Canada dispose de tr\u00e8s peu de fonds pour le concours complet de haut niveau. Nous manquons de ressources pour fournir tout ce dont nos athl\u00e8tes ont besoin pour exceller \u00e0 l\u2019international. Les nombreux frais comptent notamment les d\u00e9placements, les soins v\u00e9t\u00e9rinaires, la logistique, le soutien technique et le d\u00e9veloppement de cheminements pour les athl\u00e8tes afin de leur assurer une longue carri\u00e8re.<\/p>\n<p>Votre aide permettra au Canada de combler cet \u00e9cart avec les autres pays. Chaque dollar ira directement aux programmes pour nos athl\u00e8tes.<\/p>\n<p>Votre don sera \u00e9galement <strong>d\u00e9ductible d\u2019imp\u00f4t<\/strong>. Vous aurez \u00e9galement droit \u00e0 des offres exclusives de partenaires de Canada \u00c9questre \u2013 une mani\u00e8re pour nous de vous dire merci!<\/p>\n<p>Ensemble, b\u00e2tissons un programme de concours complet de haut niveau plus solide et plus r\u00e9silient. Ouvrons de nouvelles portes, priorisons l\u2019excellence et propulsons le concours complet canadien sur la sc\u00e8ne mondiale.<\/p>\n<p><strong>Merci d\u2019appuyer nos athl\u00e8tes, notre sport et notre vision d\u2019un bel avenir pour le concours complet canadien. Pour rejoindre le Cercle de 500 $, <a href=\"https:\/\/www.canadahelps.org\/fr\/organismesdebienfaisance\/equestrian-canada-equestre\/p2p\/eventing-hp-500-club\/\" target=\"_blank\" rel=\"noopener\">cliquez ici<\/a>.<\/strong><\/p>\n\t\t\t\t\t<\/div>\n\t\t\t\t\t\t\t\t\t\t\t<\/div>\n\t<\/section>\n\n\n\n<figure class=\"wp-block-image size-full\"><img loading=\"lazy\" decoding=\"async\" width=\"1024\" height=\"575\" src=\"https:\/\/equestrian.ca\/wp-content\/uploads\/500-Club-Eventing-Funding-FRE.jpg\" alt=\"\" class=\"wp-image-35653\" srcset=\"https:\/\/equestrian.ca\/wp-content\/uploads\/500-Club-Eventing-Funding-FRE.jpg 1024w, https:\/\/equestrian.ca\/wp-content\/uploads\/500-Club-Eventing-Funding-FRE-300x168.jpg 300w, https:\/\/equestrian.ca\/wp-content\/uploads\/500-Club-Eventing-Funding-FRE-768x431.jpg 768w, https:\/\/equestrian.ca\/wp-content\/uploads\/500-Club-Eventing-Funding-FRE-640x359.jpg 640w\" sizes=\"auto, (max-width: 639px) 98vw, (max-width: 1199px) 64vw, 770px\" \/><\/figure>\n\n\n\n\t<section id=\"saut-d%e2%80%99obstacles\" data-is-jumplink=\"true\" data-title=\"Saut d\u2019obstacles\" class=\"ra-block block-call-to-action anchor-link-section \">\n\t\t\n\t\t<div   class=\"call-to-action-col no-background-image\">\t\t\t\n\t\t\t\t<div class='cta-wrapper'>\n\t\t\t\t\t\t\t\t\t<h2 class='title'>Saut d\u2019obstacles<\/h2>\n\t\t\t\t\t\t\t\t\t\t\t\t\t\t\t<\/div>\n\t\t<\/div>\t<\/section>\n\n\n\n<figure class=\"wp-block-image size-large\"><img loading=\"lazy\" decoding=\"async\" width=\"1024\" height=\"819\" src=\"https:\/\/equestrian.ca\/wp-content\/uploads\/\/8-Team-Photo-1024x819.jpg\" alt=\"\" class=\"wp-image-31918\" srcset=\"https:\/\/equestrian.ca\/wp-content\/uploads\/8-Team-Photo-1024x819.jpg 1024w, https:\/\/equestrian.ca\/wp-content\/uploads\/8-Team-Photo-300x240.jpg 300w, https:\/\/equestrian.ca\/wp-content\/uploads\/8-Team-Photo-768x614.jpg 768w, https:\/\/equestrian.ca\/wp-content\/uploads\/8-Team-Photo-640x512.jpg 640w, https:\/\/equestrian.ca\/wp-content\/uploads\/8-Team-Photo-1200x960.jpg 1200w, https:\/\/equestrian.ca\/wp-content\/uploads\/8-Team-Photo.jpg 1350w\" sizes=\"auto, (max-width: 639px) 98vw, (max-width: 1199px) 64vw, 770px\" \/><\/figure>\n\n\n\n\t<section id=\"\" data-is-jumplink=\"false\" data-title=\"\" class=\"ra-block block-column-text anchor-link-section \">\n\t\t\t\t<div class='row'>\n\t\t\t\t\t\t\t\t\t\t\t\t\t\t<div class='col-12 col-md-12 content-column wysiwyg-content'>\n\t\t\t\t\t\t<p>Notre <strong>\u00e9quipe canadienne de saut d\u2019obstacles<\/strong> a besoin de financement de toute urgence. Nous sommes donc \u00e0 la recherche de gens passionn\u00e9s pr\u00eats \u00e0 faire un don de 500 $ par ann\u00e9e jusqu\u2019aux Jeux olympiques de Los Angeles 2028.<\/p>\n<p>L\u2019enjeu est r\u00e9el : envoyer nos \u00e9quipes aux grands Jeux co\u00fbte des centaines de milliers de dollars. Nous avons besoin de vous pour aider le Canada \u00e0 se rendre aux Championnats du monde d\u2019Aix-la-Chapelle 2026, aux Jeux panam\u00e9ricains de Lima 2027 et, ultimement, aux Jeux olympiques de Los Angeles 2028.<\/p>\n<p>Vos dons seront d\u00e9ductibles d\u2019imp\u00f4t et serviront enti\u00e8rement \u00e0 propulser le Canada sur les plus hauts podiums internationaux. Chaque dollar sera investi pour nos athl\u00e8tes. N\u2019attendez plus et faites une diff\u00e9rence d\u00e8s maintenant en rejoignant <strong>le Cercle de 500 $ pour le saut d\u2019obstacles<\/strong>!<\/p>\n<p><strong>Pour rejoindre un Cercle, <a href=\"https:\/\/www.canadahelps.org\/fr\/organismesdebienfaisance\/equestrian-canada-equestre\/p2p\/jumping-500-club\/\" target=\"_blank\" rel=\"noopener\">cliquez ici<\/a>.<\/strong><\/p>\n\t\t\t\t\t<\/div>\n\t\t\t\t\t\t\t\t\t\t\t<\/div>\n\t<\/section>\n","protected":false},"excerpt":{"rendered":"","protected":false},"author":13,"featured_media":35642,"parent":26704,"menu_order":0,"comment_status":"closed","ping_status":"closed","template":"","meta":{"_acf_changed":false,"footnotes":""},"class_list":["post-35646","page","type-page","status-publish","has-post-thumbnail","hentry"],"acf":[],"yoast_head":"<!-- This site is optimized with the Yoast SEO plugin v27.0 - https:\/\/yoast.com\/product\/yoast-seo-wordpress\/ -->\n<title>Le Cercle de 500 $ - Equestrian Canada<\/title>\n<meta name=\"robots\" content=\"index, follow, max-snippet:-1, max-image-preview:large, max-video-preview:-1\" \/>\n<link rel=\"canonical\" href=\"https:\/\/equestrian.ca\/fr\/community\/get-connected\/le-cercle-de-500\/\" \/>\n<meta property=\"og:locale\" content=\"fr_CA\" \/>\n<meta property=\"og:type\" content=\"article\" \/>\n<meta property=\"og:title\" content=\"Le Cercle de 500 $ - Equestrian Canada\" \/>\n<meta property=\"og:url\" content=\"https:\/\/equestrian.ca\/fr\/community\/get-connected\/le-cercle-de-500\/\" \/>\n<meta property=\"og:site_name\" content=\"Equestrian Canada\" \/>\n<meta property=\"article:modified_time\" content=\"2025-12-02T14:59:15+00:00\" \/>\n<meta property=\"og:image\" content=\"https:\/\/equestrian.ca\/wp-content\/uploads\/500-Club-Pins-large-K.jpg\" \/>\n\t<meta property=\"og:image:width\" content=\"1600\" \/>\n\t<meta property=\"og:image:height\" content=\"1414\" \/>\n\t<meta property=\"og:image:type\" content=\"image\/jpeg\" \/>\n<meta name=\"twitter:card\" content=\"summary_large_image\" \/>\n<meta name=\"twitter:label1\" content=\"Estimation du temps de lecture\" \/>\n\t<meta name=\"twitter:data1\" content=\"2 minutes\" \/>\n<script type=\"application\/ld+json\" class=\"yoast-schema-graph\">{\"@context\":\"https:\/\/schema.org\",\"@graph\":[{\"@type\":\"WebPage\",\"@id\":\"https:\/\/equestrian.ca\/fr\/community\/get-connected\/le-cercle-de-500\/\",\"url\":\"https:\/\/equestrian.ca\/fr\/community\/get-connected\/le-cercle-de-500\/\",\"name\":\"Le Cercle de 500 $ - Equestrian Canada\",\"isPartOf\":{\"@id\":\"https:\/\/equestrian.ca\/fr\/#website\"},\"primaryImageOfPage\":{\"@id\":\"https:\/\/equestrian.ca\/fr\/community\/get-connected\/le-cercle-de-500\/#primaryimage\"},\"image\":{\"@id\":\"https:\/\/equestrian.ca\/fr\/community\/get-connected\/le-cercle-de-500\/#primaryimage\"},\"thumbnailUrl\":\"https:\/\/equestrian.ca\/wp-content\/uploads\/500-Club-Pins-large-K.jpg\",\"datePublished\":\"2025-12-02T14:50:32+00:00\",\"dateModified\":\"2025-12-02T14:59:15+00:00\",\"breadcrumb\":{\"@id\":\"https:\/\/equestrian.ca\/fr\/community\/get-connected\/le-cercle-de-500\/#breadcrumb\"},\"inLanguage\":\"fr-CA\",\"potentialAction\":[{\"@type\":\"ReadAction\",\"target\":[\"https:\/\/equestrian.ca\/fr\/community\/get-connected\/le-cercle-de-500\/\"]}]},{\"@type\":\"ImageObject\",\"inLanguage\":\"fr-CA\",\"@id\":\"https:\/\/equestrian.ca\/fr\/community\/get-connected\/le-cercle-de-500\/#primaryimage\",\"url\":\"https:\/\/equestrian.ca\/wp-content\/uploads\/500-Club-Pins-large-K.jpg\",\"contentUrl\":\"https:\/\/equestrian.ca\/wp-content\/uploads\/500-Club-Pins-large-K.jpg\",\"width\":1600,\"height\":1414},{\"@type\":\"BreadcrumbList\",\"@id\":\"https:\/\/equestrian.ca\/fr\/community\/get-connected\/le-cercle-de-500\/#breadcrumb\",\"itemListElement\":[{\"@type\":\"ListItem\",\"position\":1,\"name\":\"Home\",\"item\":\"https:\/\/equestrian.ca\/fr\/\"},{\"@type\":\"ListItem\",\"position\":2,\"name\":\"Communaut\u00e9\",\"item\":\"https:\/\/equestrian.ca\/fr\/community\/\"},{\"@type\":\"ListItem\",\"position\":3,\"name\":\"Tisser des liens\",\"item\":\"https:\/\/equestrian.ca\/fr\/community\/get-connected\/\"},{\"@type\":\"ListItem\",\"position\":4,\"name\":\"Le Cercle de 500 $\"}]},{\"@type\":\"WebSite\",\"@id\":\"https:\/\/equestrian.ca\/fr\/#website\",\"url\":\"https:\/\/equestrian.ca\/fr\/\",\"name\":\"Equestrian Canada\",\"description\":\"For the love of horses and sport for life.\",\"potentialAction\":[{\"@type\":\"SearchAction\",\"target\":{\"@type\":\"EntryPoint\",\"urlTemplate\":\"https:\/\/equestrian.ca\/fr\/?s={search_term_string}\"},\"query-input\":{\"@type\":\"PropertyValueSpecification\",\"valueRequired\":true,\"valueName\":\"search_term_string\"}}],\"inLanguage\":\"fr-CA\"}]}<\/script>\n<!-- \/ Yoast SEO plugin. -->","yoast_head_json":{"title":"Le Cercle de 500 $ - Equestrian Canada","robots":{"index":"index","follow":"follow","max-snippet":"max-snippet:-1","max-image-preview":"max-image-preview:large","max-video-preview":"max-video-preview:-1"},"canonical":"https:\/\/equestrian.ca\/fr\/community\/get-connected\/le-cercle-de-500\/","og_locale":"fr_CA","og_type":"article","og_title":"Le Cercle de 500 $ - Equestrian Canada","og_url":"https:\/\/equestrian.ca\/fr\/community\/get-connected\/le-cercle-de-500\/","og_site_name":"Equestrian Canada","article_modified_time":"2025-12-02T14:59:15+00:00","og_image":[{"width":1600,"height":1414,"url":"https:\/\/equestrian.ca\/wp-content\/uploads\/500-Club-Pins-large-K.jpg","type":"image\/jpeg"}],"twitter_card":"summary_large_image","twitter_misc":{"Estimation du temps de lecture":"2 minutes"},"schema":{"@context":"https:\/\/schema.org","@graph":[{"@type":"WebPage","@id":"https:\/\/equestrian.ca\/fr\/community\/get-connected\/le-cercle-de-500\/","url":"https:\/\/equestrian.ca\/fr\/community\/get-connected\/le-cercle-de-500\/","name":"Le Cercle de 500 $ - Equestrian Canada","isPartOf":{"@id":"https:\/\/equestrian.ca\/fr\/#website"},"primaryImageOfPage":{"@id":"https:\/\/equestrian.ca\/fr\/community\/get-connected\/le-cercle-de-500\/#primaryimage"},"image":{"@id":"https:\/\/equestrian.ca\/fr\/community\/get-connected\/le-cercle-de-500\/#primaryimage"},"thumbnailUrl":"https:\/\/equestrian.ca\/wp-content\/uploads\/500-Club-Pins-large-K.jpg","datePublished":"2025-12-02T14:50:32+00:00","dateModified":"2025-12-02T14:59:15+00:00","breadcrumb":{"@id":"https:\/\/equestrian.ca\/fr\/community\/get-connected\/le-cercle-de-500\/#breadcrumb"},"inLanguage":"fr-CA","potentialAction":[{"@type":"ReadAction","target":["https:\/\/equestrian.ca\/fr\/community\/get-connected\/le-cercle-de-500\/"]}]},{"@type":"ImageObject","inLanguage":"fr-CA","@id":"https:\/\/equestrian.ca\/fr\/community\/get-connected\/le-cercle-de-500\/#primaryimage","url":"https:\/\/equestrian.ca\/wp-content\/uploads\/500-Club-Pins-large-K.jpg","contentUrl":"https:\/\/equestrian.ca\/wp-content\/uploads\/500-Club-Pins-large-K.jpg","width":1600,"height":1414},{"@type":"BreadcrumbList","@id":"https:\/\/equestrian.ca\/fr\/community\/get-connected\/le-cercle-de-500\/#breadcrumb","itemListElement":[{"@type":"ListItem","position":1,"name":"Home","item":"https:\/\/equestrian.ca\/fr\/"},{"@type":"ListItem","position":2,"name":"Communaut\u00e9","item":"https:\/\/equestrian.ca\/fr\/community\/"},{"@type":"ListItem","position":3,"name":"Tisser des liens","item":"https:\/\/equestrian.ca\/fr\/community\/get-connected\/"},{"@type":"ListItem","position":4,"name":"Le Cercle de 500 $"}]},{"@type":"WebSite","@id":"https:\/\/equestrian.ca\/fr\/#website","url":"https:\/\/equestrian.ca\/fr\/","name":"Equestrian Canada","description":"For the love of horses and sport for life.","potentialAction":[{"@type":"SearchAction","target":{"@type":"EntryPoint","urlTemplate":"https:\/\/equestrian.ca\/fr\/?s={search_term_string}"},"query-input":{"@type":"PropertyValueSpecification","valueRequired":true,"valueName":"search_term_string"}}],"inLanguage":"fr-CA"}]}},"_links":{"self":[{"href":"https:\/\/equestrian.ca\/fr\/wp-json\/wp\/v2\/pages\/35646","targetHints":{"allow":["GET"]}}],"collection":[{"href":"https:\/\/equestrian.ca\/fr\/wp-json\/wp\/v2\/pages"}],"about":[{"href":"https:\/\/equestrian.ca\/fr\/wp-json\/wp\/v2\/types\/page"}],"author":[{"embeddable":true,"href":"https:\/\/equestrian.ca\/fr\/wp-json\/wp\/v2\/users\/13"}],"replies":[{"embeddable":true,"href":"https:\/\/equestrian.ca\/fr\/wp-json\/wp\/v2\/comments?post=35646"}],"version-history":[{"count":16,"href":"https:\/\/equestrian.ca\/fr\/wp-json\/wp\/v2\/pages\/35646\/revisions"}],"predecessor-version":[{"id":35670,"href":"https:\/\/equestrian.ca\/fr\/wp-json\/wp\/v2\/pages\/35646\/revisions\/35670"}],"up":[{"embeddable":true,"href":"https:\/\/equestrian.ca\/fr\/wp-json\/wp\/v2\/pages\/26704"}],"wp:featuredmedia":[{"embeddable":true,"href":"https:\/\/equestrian.ca\/fr\/wp-json\/wp\/v2\/media\/35642"}],"wp:attachment":[{"href":"https:\/\/equestrian.ca\/fr\/wp-json\/wp\/v2\/media?parent=35646"}],"curies":[{"name":"wp","href":"https:\/\/api.w.org\/{rel}","templated":true}]}}