{"id":31974,"date":"2025-01-14T21:03:14","date_gmt":"2025-01-14T21:03:14","guid":{"rendered":"https:\/\/equestrian.ca\/high-performance\/support-the-teams\/red-and-white\/"},"modified":"2026-03-23T13:13:16","modified_gmt":"2026-03-23T13:13:16","slug":"red-and-white","status":"publish","type":"page","link":"https:\/\/equestrian.ca\/fr\/high-performance\/support-the-teams\/red-and-white\/","title":{"rendered":"Campagnes de financement Blanc et Rouge"},"content":{"rendered":"\n\t<section id=\"\" data-is-jumplink=\"false\" data-title=\"\" class=\"ra-block block-column-text anchor-link-section \">\n\t\t\t\t<div class='row'>\n\t\t\t\t\t\t\t\t\t\t\t\t\t\t<div class='col-12 col-md-12 content-column wysiwyg-content'>\n\t\t\t\t\t\t<h1>Hiver 2026 : Trois \u00e9v\u00e9nements en Floride pour \u00e9quipe Canada<\/h1>\n<p><strong>Les campagnes de financement Blanc et Rouge<\/strong> repr\u00e9sentent une occasion inou\u00efe de soutenir les \u00e9quipes de haut niveau dans les trois disciplines : le saut d\u2019obstacles, le dressage et le concours complet.<\/p>\n<p><strong>Tout l&rsquo;argent amass\u00e9 en 2026 sera utilis\u00e9 pour aider nos \u00e9quipes \u00e0 se rendre aux Championnats du monde de la FEI \u00e0 Aix-la-Chapelle (Allemagne) en ao\u00fbt.\u00a0<\/strong><\/p>\n<p><span data-teams=\"true\">\u00a0<\/span><\/p>\n<p>Pour b\u00e2tir votre programme de commandite, veuillez communiquer avec Sue Bundy. Canada \u00c9questre \u00e9tant un organisme de bienfaisance enregistr\u00e9, les dons qu\u2019il re\u00e7oit aux \u00c9tats-Unis et au Canada peuvent \u00eatre d\u00e9ductibles d\u2019imp\u00f4t. Pour faire un don pour les ventes aux ench\u00e8res r\u00e9guli\u00e8res et silencieuses, pour discuter de commandites ou pour poser une question, veuillez communiquer avec Sue Bundy \u00e0 <a href=\"mailto:sbundy@equestrian.ca\">sbundy@equestrian.ca<\/a> ou au +1 416 358-6461.<\/p>\n<p>&nbsp;<\/p>\n\t\t\t\t\t<\/div>\n\t\t\t\t\t\t\t\t\t\t\t<\/div>\n\t<\/section>\n\n\n\n\t<section id=\"\" data-is-jumplink=\"false\" data-title=\"\" class=\"ra-block block-media-and-text anchor-link-section \">\n\t\t<div class='row'>\n\t\t\t\t\t\t\t<div class='col-12 col-md-6 content-col order-1 order-md-2'>\n\t\t\t\t\t\t\n\t\t\t\t\t\t\n\t\t\t\t\t\t\t\t\t\t\n\t\t\t\t\t\t\t\t\t\t\t<div class='content wysiwyg-content'>\n\t\t\t\t\t\t\t<h2><strong>Dressage<\/strong><\/h2>\n<p><strong>O\u00f9<\/strong> : Stallion Restaurant, Palm Beach Polo Club | Wellington (Floride)<br \/>\n<strong>Quand<\/strong> : Le dimanche 22 mars 2026<br \/>\n<strong>Quoi<\/strong> : Une vente aux ench\u00e8res silencieuse, un souper et de la danse!<\/p>\n<p>Tout l&rsquo;argent amass\u00e9 en 2026 sera utilis\u00e9 pour aider nos \u00e9quipes \u00e0 se rendre aux Championnats du monde de la FEI \u00e0 Aix-la-Chapelle (Allemagne) en ao\u00fbt.<\/p>\n\t\t\t\t\t\t<\/div>\n\t\t\t\t\t\t\t\t\t<\/div>\n\t\t\t\n\t\t\t<div class='col-12 col-md-6 picture-col order-2 order-md-1'>\n\t\t\t\t\t\t\t\t\t\n\t\t\t\t\t\n\t\t\t\n\t\t<picture class=\"contain\">\n\t\t\t<source srcset=\"https:\/\/equestrian.ca\/wp-content\/uploads\/Naima-freestyle-1.jpg\" media=\"(min-width: 1280px)\">\n\t\t\t<source srcset=\"https:\/\/equestrian.ca\/wp-content\/uploads\/Naima-freestyle-1-1200x960.jpg\" media=\"(min-width: 1024px)\">\n\t\t\t<source srcset=\"https:\/\/equestrian.ca\/wp-content\/uploads\/Naima-freestyle-1-1024x819.jpg\" media=\"(min-width: 768px)\">\n\t\t\t<img decoding=\"async\" loading=\"lazy\" src=\"https:\/\/equestrian.ca\/wp-content\/uploads\/Naima-freestyle-1-640x512.jpg\" alt=\"\">\n\t\t<\/picture>\n\n\t\t\t\n\t\t\t\t\t\t\t\t\t\t\t\t<\/div>\n\t\t<\/div>\n\t<\/section>\n\n\n\n\t<section id=\"\" data-is-jumplink=\"false\" data-title=\"\" class=\"ra-block block-media-and-text anchor-link-section \">\n\t\t<div class='row'>\n\t\t\t\t\t\t\t<div class='col-12 col-md-6 content-col order-1 order-md-2'>\n\t\t\t\t\t\t\n\t\t\t\t\t\t\n\t\t\t\t\t\t\t\t\t\t\n\t\t\t\t\t\t\t\t\t\t\t<div class='content wysiwyg-content'>\n\t\t\t\t\t\t\t<h2>SAUT D\u2019OBSTACLES<\/h2>\n<p><span data-teams=\"true\">\u00a0<\/span>Le d\u00e9but de la saison de concours 2026 marque aussi le lancement de notre nouvelle saison de campagnes de financement! Pour cette occasion, CE et <a href=\"https:\/\/www.canjumpinitiative.com\/\" target=\"_blank\" rel=\"noopener\">Saut d&rsquo;obstacles Canada<\/a> vous invitent chaleureusement \u00e0 une c\u00e9l\u00e9bration Rouge et Blanc en soutien \u00e0 l&rsquo;\u00e9quipe de saut d&rsquo;obstacles de haut niveau. Ensemble, b\u00e2tissons le futur!<\/p>\n<p><strong>O\u00f9<\/strong> : The Wanderers Club | Wellington (Floride)<br \/>\n<strong>Quand<\/strong> : Le lundi 23 f\u00e9vrier 2026<br \/>\n<strong>Quoi<\/strong> : Une vente aux ench\u00e8res silencieuse, un souper et de la danse!<\/p>\n<p>Tout l&rsquo;argent amass\u00e9 en 2026 sera utilis\u00e9 pour aider nos \u00e9quipes \u00e0 se rendre aux Championnats du monde de la FEI \u00e0 Aix-la-Chapelle (Allemagne) en ao\u00fbt.<\/p>\n<p><strong><span data-teams=\"true\">\u00a0<\/span><br \/>\n<\/strong><\/p>\n\t\t\t\t\t\t<\/div>\n\t\t\t\t\t\t\t\t\t<\/div>\n\t\t\t\n\t\t\t<div class='col-12 col-md-6 picture-col order-2 order-md-1'>\n\t\t\t\t\t\t\t\t\t\n\t\t\t\t\t\n\t\t\t\n\t\t<picture class=\"contain\">\n\t\t\t<source srcset=\"https:\/\/equestrian.ca\/wp-content\/uploads\/2026-Red-White-Website-JumpingFRE-v2.jpg\" media=\"(min-width: 1280px)\">\n\t\t\t<source srcset=\"https:\/\/equestrian.ca\/wp-content\/uploads\/2026-Red-White-Website-JumpingFRE-v2-1200x958.jpg\" media=\"(min-width: 1024px)\">\n\t\t\t<source srcset=\"https:\/\/equestrian.ca\/wp-content\/uploads\/2026-Red-White-Website-JumpingFRE-v2-1024x818.jpg\" media=\"(min-width: 768px)\">\n\t\t\t<img decoding=\"async\" loading=\"lazy\" src=\"https:\/\/equestrian.ca\/wp-content\/uploads\/2026-Red-White-Website-JumpingFRE-v2-640x511.jpg\" alt=\"\">\n\t\t<\/picture>\n\n\t\t\t\n\t\t\t\t\t\t\t\t\t\t\t\t<\/div>\n\t\t<\/div>\n\t<\/section>\n\n\n\n\t<section id=\"\" data-is-jumplink=\"false\" data-title=\"\" class=\"ra-block block-media-and-text anchor-link-section \">\n\t\t<div class='row'>\n\t\t\t\t\t\t\t<div class='col-12 col-md-6 content-col order-1 order-md-2'>\n\t\t\t\t\t\t\n\t\t\t\t\t\t\n\t\t\t\t\t\t\t\t\t\t\n\t\t\t\t\t\t\t\t\t\t\t<div class='content wysiwyg-content'>\n\t\t\t\t\t\t\t<h2>Concours complet<\/h2>\n<p><strong>O\u00f9<\/strong> : The Club at Iron Lake (anciennement nomm\u00e9 le Club Adena) | Ocala (Floride)<br \/>\n<strong>Quand <\/strong>: Le dimanche 8 mars 2026<br \/>\n<strong>Quoi<\/strong> : Une vente aux ench\u00e8res silencieuse, un souper et de la danse!<\/p>\n<p>Tout l&rsquo;argent amass\u00e9 en 2026 sera utilis\u00e9 pour aider nos \u00e9quipes \u00e0 se rendre aux Championnats du monde de la FEI \u00e0 Aix-la-Chapelle (Allemagne) en ao\u00fbt.<\/p>\n\t\t\t\t\t\t<\/div>\n\t\t\t\t\t\t\t\t\t<\/div>\n\t\t\t\n\t\t\t<div class='col-12 col-md-6 picture-col order-2 order-md-1'>\n\t\t\t\t\t\t\t\t\t\n\t\t\t\t\t\n\t\t\t\n\t\t<picture class=\"contain\">\n\t\t\t<source srcset=\"https:\/\/equestrian.ca\/wp-content\/uploads\/2026-Red-White-Website-Eventing-FRE.jpg\" media=\"(min-width: 1280px)\">\n\t\t\t<source srcset=\"https:\/\/equestrian.ca\/wp-content\/uploads\/2026-Red-White-Website-Eventing-FRE-1200x958.jpg\" media=\"(min-width: 1024px)\">\n\t\t\t<source srcset=\"https:\/\/equestrian.ca\/wp-content\/uploads\/2026-Red-White-Website-Eventing-FRE-1024x818.jpg\" media=\"(min-width: 768px)\">\n\t\t\t<img decoding=\"async\" loading=\"lazy\" src=\"https:\/\/equestrian.ca\/wp-content\/uploads\/2026-Red-White-Website-Eventing-FRE-640x511.jpg\" alt=\"\">\n\t\t<\/picture>\n\n\t\t\t\n\t\t\t\t\t\t\t\t\t\t\t\t<\/div>\n\t\t<\/div>\n\t<\/section>\n","protected":false},"excerpt":{"rendered":"","protected":false},"author":13,"featured_media":22585,"parent":26674,"menu_order":0,"comment_status":"closed","ping_status":"closed","template":"","meta":{"_acf_changed":false,"footnotes":""},"class_list":["post-31974","page","type-page","status-publish","has-post-thumbnail","hentry"],"acf":[],"yoast_head":"<!-- This site is optimized with the Yoast SEO plugin v27.0 - https:\/\/yoast.com\/product\/yoast-seo-wordpress\/ -->\n<title>Campagnes de financement Blanc et Rouge - Equestrian Canada<\/title>\n<meta name=\"robots\" content=\"index, follow, max-snippet:-1, max-image-preview:large, max-video-preview:-1\" \/>\n<link rel=\"canonical\" href=\"https:\/\/equestrian.ca\/fr\/high-performance\/support-the-teams\/red-and-white\/\" \/>\n<meta property=\"og:locale\" content=\"fr_CA\" \/>\n<meta property=\"og:type\" content=\"article\" \/>\n<meta property=\"og:title\" content=\"Campagnes de financement Blanc et Rouge - Equestrian Canada\" \/>\n<meta property=\"og:url\" content=\"https:\/\/equestrian.ca\/fr\/high-performance\/support-the-teams\/red-and-white\/\" \/>\n<meta property=\"og:site_name\" content=\"Equestrian Canada\" \/>\n<meta property=\"article:modified_time\" content=\"2026-03-23T13:13:16+00:00\" \/>\n<meta property=\"og:image\" content=\"https:\/\/equestrian.ca\/wp-content\/uploads\/2024\/02\/Team-Photo-Gold-Medal-by-Cealy-Tetley.png\" \/>\n\t<meta property=\"og:image:width\" content=\"1024\" \/>\n\t<meta property=\"og:image:height\" content=\"819\" \/>\n\t<meta property=\"og:image:type\" content=\"image\/jpeg\" \/>\n<meta name=\"twitter:card\" content=\"summary_large_image\" \/>\n<meta name=\"twitter:label1\" content=\"Estimation du temps de lecture\" \/>\n\t<meta name=\"twitter:data1\" content=\"1 minute\" \/>\n<script type=\"application\/ld+json\" class=\"yoast-schema-graph\">{\"@context\":\"https:\/\/schema.org\",\"@graph\":[{\"@type\":\"WebPage\",\"@id\":\"https:\/\/equestrian.ca\/fr\/high-performance\/support-the-teams\/red-and-white\/\",\"url\":\"https:\/\/equestrian.ca\/fr\/high-performance\/support-the-teams\/red-and-white\/\",\"name\":\"Campagnes de financement Blanc et Rouge - Equestrian Canada\",\"isPartOf\":{\"@id\":\"https:\/\/equestrian.ca\/fr\/#website\"},\"primaryImageOfPage\":{\"@id\":\"https:\/\/equestrian.ca\/fr\/high-performance\/support-the-teams\/red-and-white\/#primaryimage\"},\"image\":{\"@id\":\"https:\/\/equestrian.ca\/fr\/high-performance\/support-the-teams\/red-and-white\/#primaryimage\"},\"thumbnailUrl\":\"https:\/\/equestrian.ca\/wp-content\/uploads\/2024\/02\/Team-Photo-Gold-Medal-by-Cealy-Tetley.png\",\"datePublished\":\"2025-01-14T21:03:14+00:00\",\"dateModified\":\"2026-03-23T13:13:16+00:00\",\"breadcrumb\":{\"@id\":\"https:\/\/equestrian.ca\/fr\/high-performance\/support-the-teams\/red-and-white\/#breadcrumb\"},\"inLanguage\":\"fr-CA\",\"potentialAction\":[{\"@type\":\"ReadAction\",\"target\":[\"https:\/\/equestrian.ca\/fr\/high-performance\/support-the-teams\/red-and-white\/\"]}]},{\"@type\":\"ImageObject\",\"inLanguage\":\"fr-CA\",\"@id\":\"https:\/\/equestrian.ca\/fr\/high-performance\/support-the-teams\/red-and-white\/#primaryimage\",\"url\":\"https:\/\/equestrian.ca\/wp-content\/uploads\/2024\/02\/Team-Photo-Gold-Medal-by-Cealy-Tetley.png\",\"contentUrl\":\"https:\/\/equestrian.ca\/wp-content\/uploads\/2024\/02\/Team-Photo-Gold-Medal-by-Cealy-Tetley.png\",\"width\":1024,\"height\":819},{\"@type\":\"BreadcrumbList\",\"@id\":\"https:\/\/equestrian.ca\/fr\/high-performance\/support-the-teams\/red-and-white\/#breadcrumb\",\"itemListElement\":[{\"@type\":\"ListItem\",\"position\":1,\"name\":\"Home\",\"item\":\"https:\/\/equestrian.ca\/fr\/\"},{\"@type\":\"ListItem\",\"position\":2,\"name\":\"Sport de haut niveau\",\"item\":\"https:\/\/equestrian.ca\/fr\/high-performance\/\"},{\"@type\":\"ListItem\",\"position\":3,\"name\":\"Soutenir l&#8217;\u00e9quipe\",\"item\":\"https:\/\/equestrian.ca\/fr\/high-performance\/support-the-teams\/\"},{\"@type\":\"ListItem\",\"position\":4,\"name\":\"Campagnes de financement Blanc et Rouge\"}]},{\"@type\":\"WebSite\",\"@id\":\"https:\/\/equestrian.ca\/fr\/#website\",\"url\":\"https:\/\/equestrian.ca\/fr\/\",\"name\":\"Equestrian Canada\",\"description\":\"For the love of horses and sport for life.\",\"potentialAction\":[{\"@type\":\"SearchAction\",\"target\":{\"@type\":\"EntryPoint\",\"urlTemplate\":\"https:\/\/equestrian.ca\/fr\/?s={search_term_string}\"},\"query-input\":{\"@type\":\"PropertyValueSpecification\",\"valueRequired\":true,\"valueName\":\"search_term_string\"}}],\"inLanguage\":\"fr-CA\"}]}<\/script>\n<!-- \/ Yoast SEO plugin. -->","yoast_head_json":{"title":"Campagnes de financement Blanc et Rouge - Equestrian Canada","robots":{"index":"index","follow":"follow","max-snippet":"max-snippet:-1","max-image-preview":"max-image-preview:large","max-video-preview":"max-video-preview:-1"},"canonical":"https:\/\/equestrian.ca\/fr\/high-performance\/support-the-teams\/red-and-white\/","og_locale":"fr_CA","og_type":"article","og_title":"Campagnes de financement Blanc et Rouge - Equestrian Canada","og_url":"https:\/\/equestrian.ca\/fr\/high-performance\/support-the-teams\/red-and-white\/","og_site_name":"Equestrian Canada","article_modified_time":"2026-03-23T13:13:16+00:00","og_image":[{"width":1024,"height":819,"url":"https:\/\/equestrian.ca\/wp-content\/uploads\/2024\/02\/Team-Photo-Gold-Medal-by-Cealy-Tetley.png","type":"image\/jpeg"}],"twitter_card":"summary_large_image","twitter_misc":{"Estimation du temps de lecture":"1 minute"},"schema":{"@context":"https:\/\/schema.org","@graph":[{"@type":"WebPage","@id":"https:\/\/equestrian.ca\/fr\/high-performance\/support-the-teams\/red-and-white\/","url":"https:\/\/equestrian.ca\/fr\/high-performance\/support-the-teams\/red-and-white\/","name":"Campagnes de financement Blanc et Rouge - Equestrian Canada","isPartOf":{"@id":"https:\/\/equestrian.ca\/fr\/#website"},"primaryImageOfPage":{"@id":"https:\/\/equestrian.ca\/fr\/high-performance\/support-the-teams\/red-and-white\/#primaryimage"},"image":{"@id":"https:\/\/equestrian.ca\/fr\/high-performance\/support-the-teams\/red-and-white\/#primaryimage"},"thumbnailUrl":"https:\/\/equestrian.ca\/wp-content\/uploads\/2024\/02\/Team-Photo-Gold-Medal-by-Cealy-Tetley.png","datePublished":"2025-01-14T21:03:14+00:00","dateModified":"2026-03-23T13:13:16+00:00","breadcrumb":{"@id":"https:\/\/equestrian.ca\/fr\/high-performance\/support-the-teams\/red-and-white\/#breadcrumb"},"inLanguage":"fr-CA","potentialAction":[{"@type":"ReadAction","target":["https:\/\/equestrian.ca\/fr\/high-performance\/support-the-teams\/red-and-white\/"]}]},{"@type":"ImageObject","inLanguage":"fr-CA","@id":"https:\/\/equestrian.ca\/fr\/high-performance\/support-the-teams\/red-and-white\/#primaryimage","url":"https:\/\/equestrian.ca\/wp-content\/uploads\/2024\/02\/Team-Photo-Gold-Medal-by-Cealy-Tetley.png","contentUrl":"https:\/\/equestrian.ca\/wp-content\/uploads\/2024\/02\/Team-Photo-Gold-Medal-by-Cealy-Tetley.png","width":1024,"height":819},{"@type":"BreadcrumbList","@id":"https:\/\/equestrian.ca\/fr\/high-performance\/support-the-teams\/red-and-white\/#breadcrumb","itemListElement":[{"@type":"ListItem","position":1,"name":"Home","item":"https:\/\/equestrian.ca\/fr\/"},{"@type":"ListItem","position":2,"name":"Sport de haut niveau","item":"https:\/\/equestrian.ca\/fr\/high-performance\/"},{"@type":"ListItem","position":3,"name":"Soutenir l&#8217;\u00e9quipe","item":"https:\/\/equestrian.ca\/fr\/high-performance\/support-the-teams\/"},{"@type":"ListItem","position":4,"name":"Campagnes de financement Blanc et Rouge"}]},{"@type":"WebSite","@id":"https:\/\/equestrian.ca\/fr\/#website","url":"https:\/\/equestrian.ca\/fr\/","name":"Equestrian Canada","description":"For the love of horses and sport for life.","potentialAction":[{"@type":"SearchAction","target":{"@type":"EntryPoint","urlTemplate":"https:\/\/equestrian.ca\/fr\/?s={search_term_string}"},"query-input":{"@type":"PropertyValueSpecification","valueRequired":true,"valueName":"search_term_string"}}],"inLanguage":"fr-CA"}]}},"_links":{"self":[{"href":"https:\/\/equestrian.ca\/fr\/wp-json\/wp\/v2\/pages\/31974","targetHints":{"allow":["GET"]}}],"collection":[{"href":"https:\/\/equestrian.ca\/fr\/wp-json\/wp\/v2\/pages"}],"about":[{"href":"https:\/\/equestrian.ca\/fr\/wp-json\/wp\/v2\/types\/page"}],"author":[{"embeddable":true,"href":"https:\/\/equestrian.ca\/fr\/wp-json\/wp\/v2\/users\/13"}],"replies":[{"embeddable":true,"href":"https:\/\/equestrian.ca\/fr\/wp-json\/wp\/v2\/comments?post=31974"}],"version-history":[{"count":49,"href":"https:\/\/equestrian.ca\/fr\/wp-json\/wp\/v2\/pages\/31974\/revisions"}],"predecessor-version":[{"id":37528,"href":"https:\/\/equestrian.ca\/fr\/wp-json\/wp\/v2\/pages\/31974\/revisions\/37528"}],"up":[{"embeddable":true,"href":"https:\/\/equestrian.ca\/fr\/wp-json\/wp\/v2\/pages\/26674"}],"wp:featuredmedia":[{"embeddable":true,"href":"https:\/\/equestrian.ca\/fr\/wp-json\/wp\/v2\/media\/22585"}],"wp:attachment":[{"href":"https:\/\/equestrian.ca\/fr\/wp-json\/wp\/v2\/media?parent=31974"}],"curies":[{"name":"wp","href":"https:\/\/api.w.org\/{rel}","templated":true}]}}