{"id":26999,"date":"2023-08-31T13:48:06","date_gmt":"2023-08-31T13:48:06","guid":{"rendered":"https:\/\/equestrian.ca\/equine-care\/horses-facilities\/equine-care-program\/"},"modified":"2024-11-13T15:43:58","modified_gmt":"2024-11-13T15:43:58","slug":"equine-care-program","status":"publish","type":"page","link":"https:\/\/equestrian.ca\/fr\/equine-care\/horses-facilities\/equine-care-program\/","title":{"rendered":"Programme de soins aux \u00e9quid\u00e9s"},"content":{"rendered":"\n\t<section id=\"\" data-is-jumplink=\"false\" data-title=\"\" class=\"ra-block block-column-text anchor-link-section \">\n\t\t\t\t\t<h2 class='title'>Programme de soins aux \u00e9quid\u00e9s<\/h2>\n\t\t\t\t<div class='row'>\n\t\t\t\t\t\t\t\t\t\t\t\t\t\t<div class='col-12 col-md-12 content-column wysiwyg-content'>\n\t\t\t\t\t\t<p>Canada \u00c9questre a mis au point le premier programme de soins aux animaux pour chevaux au Canada. Les programmes de soins aux animaux sont con\u00e7us de fa\u00e7on \u00e0 offrir une certaine garantie que les animaux re\u00e7oivent des soins favorisant leur bonne sant\u00e9 et leur bien-\u00eatre. Des programmes existaient pour plusieurs esp\u00e8ces animales au Canada, mais pas pour les chevaux. En obtenant une certification dans le cadre du Programme de soins aux \u00e9quid\u00e9s, les \u00e9tablissements peuvent montrer leurs pratiques de r\u00e9gie et effectuer des am\u00e9liorations au besoin.<\/p>\n<p>Le Programme de soins aux \u00e9quid\u00e9s s&rsquo;adresse aux \u00e9tablissements qui\u00a0 offrent des services tels que la reproduction, l\u2019\u00e9levage, l\u2019entra\u00eenement, la pension et le maintien de la sant\u00e9 et du bien-\u00eatre de chevaux. Le Programme est offert \u00e0 tous les \u00e9tablissements, peu importe leur anciennet\u00e9 et leur taille. Il a \u00e9t\u00e9 cr\u00e9\u00e9 en tenant compte de l&rsquo;\u00e9tendue et de la diversit\u00e9 des syst\u00e8mes d&rsquo;h\u00e9bergement et de r\u00e9gie au sein de l&rsquo;industrie \u00e9quine canadienne.<\/p>\n<h4>Programme de soins aux \u00e9quid\u00e9s : cours d\u2019introduction<\/h4>\n<p>Bienvenue \u00e0 cette introduction au Programme de soins aux \u00e9quid\u00e9s, qui vous aidera \u00e0 vous y retrouver ainsi qu\u2019\u00e0 \u00e9valuer votre \u00e9tablissement et les chevaux dont vous vous occupez. Vous d\u00e9couvrirez \u00e9galement les ressources offertes par Canada \u00c9questre sur les exigences du programme et le bien-\u00eatre des chevaux en g\u00e9n\u00e9ral.<\/p>\n<p>Ce cours comporte quatre modules :<\/p>\n<ul>\n<li>Module 1 : Introduction au Programme de soins aux \u00e9quid\u00e9s<\/li>\n<li>Module 2 : Code de pratiques pour les \u00e9quid\u00e9s<\/li>\n<li>Module 3 : Effectuer une auto-\u00e9valuation<\/li>\n<li>Module 4 : Ressources pour le programme<\/li>\n<\/ul>\n<p>La formation peut \u00eatre suivie \u00e0 partir d\u2019un ordinateur, d\u2019une tablette ou d\u2019un t\u00e9l\u00e9phone intelligent ayant acc\u00e8s \u00e0 Internet, \u00e0 votre propre rythme. Elle n\u00e9cessite g\u00e9n\u00e9ralement 45 minutes ou moins.<\/p>\n<p>Pour acc\u00e9der le Programme de soins aux \u00e9quid\u00e9s : cours d\u2019introduction, les titulaires d&rsquo;une licence sportive doivent d&rsquo;abord se connecter au portail Mon-CE, puis cliquer sur Acc\u00e9der au ECampus dans la barre de navigation de gauche.<\/p>\n\t\t\t\t\t<\/div>\n\t\t\t\t\t\t\t\t\t\t\t<\/div>\n\t<\/section>\n\n\n\n\t<section id=\"\" data-is-jumplink=\"false\" data-title=\"\" class=\"ra-block block-call-to-action anchor-link-section \">\n\t\t\n\t\t<a href=\"https:\/\/campus.equestrian.ca\/catalog.php?course_title=soin&#038;Status=search\" target=\"_blank\" class=\"call-to-action-col has-background-image\">\t\t\t\n\t\t\t\n\t\t<picture class=\"background-image cover\">\n\t\t\t<source srcset=\"https:\/\/equestrian.ca\/wp-content\/uploads\/2024\/01\/Eye-on-Industry-Care-Guidelines-Horse-in-Field.jpg\" media=\"(min-width: 1280px)\">\n\t\t\t<source srcset=\"https:\/\/equestrian.ca\/wp-content\/uploads\/2024\/01\/Eye-on-Industry-Care-Guidelines-Horse-in-Field.jpg\" media=\"(min-width: 1024px)\">\n\t\t\t<source srcset=\"https:\/\/equestrian.ca\/wp-content\/uploads\/2024\/01\/Eye-on-Industry-Care-Guidelines-Horse-in-Field.jpg\" media=\"(min-width: 768px)\">\n\t\t\t<img decoding=\"async\" loading=\"lazy\" src=\"https:\/\/equestrian.ca\/wp-content\/uploads\/2024\/01\/Eye-on-Industry-Care-Guidelines-Horse-in-Field-640x427.jpg\" alt=\"\">\n\t\t<\/picture>\n\n\t\t\t\t\t\t<div class='cta-wrapper'>\n\t\t\t\t\t\t\t\t\t\t\t\t\t\t\t\t\t<div class=\"btn\">Programme de soins aux \u00e9quid\u00e9s : cours d\u2019introduction<\/div>\n\t\t\t\t\t\t\t<\/div>\n\t\t<\/a>\t<\/section>\n","protected":false},"excerpt":{"rendered":"","protected":false},"author":8,"featured_media":22854,"parent":26724,"menu_order":0,"comment_status":"closed","ping_status":"closed","template":"","meta":{"_acf_changed":false,"footnotes":""},"class_list":["post-26999","page","type-page","status-publish","has-post-thumbnail","hentry"],"acf":[],"yoast_head":"<!-- This site is optimized with the Yoast SEO plugin v27.0 - https:\/\/yoast.com\/product\/yoast-seo-wordpress\/ -->\n<title>Programme de soins aux \u00e9quid\u00e9s - Equestrian Canada<\/title>\n<meta name=\"robots\" content=\"index, follow, max-snippet:-1, max-image-preview:large, max-video-preview:-1\" \/>\n<link rel=\"canonical\" href=\"https:\/\/equestrian.ca\/fr\/equine-care\/horses-facilities\/equine-care-program\/\" \/>\n<meta property=\"og:locale\" content=\"fr_CA\" \/>\n<meta property=\"og:type\" content=\"article\" \/>\n<meta property=\"og:title\" content=\"Programme de soins aux \u00e9quid\u00e9s - Equestrian Canada\" \/>\n<meta property=\"og:url\" content=\"https:\/\/equestrian.ca\/fr\/equine-care\/horses-facilities\/equine-care-program\/\" \/>\n<meta property=\"og:site_name\" content=\"Equestrian Canada\" \/>\n<meta property=\"article:modified_time\" content=\"2024-11-13T15:43:58+00:00\" \/>\n<meta property=\"og:image\" content=\"https:\/\/equestrian.ca\/wp-content\/uploads\/2024\/02\/Feeding_room.jpg\" \/>\n\t<meta property=\"og:image:width\" content=\"1600\" \/>\n\t<meta property=\"og:image:height\" content=\"1066\" \/>\n\t<meta property=\"og:image:type\" content=\"image\/jpeg\" \/>\n<meta name=\"twitter:card\" content=\"summary_large_image\" \/>\n<meta name=\"twitter:label1\" content=\"Estimation du temps de lecture\" \/>\n\t<meta name=\"twitter:data1\" content=\"1 minute\" \/>\n<script type=\"application\/ld+json\" class=\"yoast-schema-graph\">{\"@context\":\"https:\/\/schema.org\",\"@graph\":[{\"@type\":\"WebPage\",\"@id\":\"https:\/\/equestrian.ca\/fr\/equine-care\/horses-facilities\/equine-care-program\/\",\"url\":\"https:\/\/equestrian.ca\/fr\/equine-care\/horses-facilities\/equine-care-program\/\",\"name\":\"Programme de soins aux \u00e9quid\u00e9s - Equestrian Canada\",\"isPartOf\":{\"@id\":\"https:\/\/equestrian.ca\/fr\/#website\"},\"primaryImageOfPage\":{\"@id\":\"https:\/\/equestrian.ca\/fr\/equine-care\/horses-facilities\/equine-care-program\/#primaryimage\"},\"image\":{\"@id\":\"https:\/\/equestrian.ca\/fr\/equine-care\/horses-facilities\/equine-care-program\/#primaryimage\"},\"thumbnailUrl\":\"https:\/\/equestrian.ca\/wp-content\/uploads\/2024\/02\/Feeding_room.jpg\",\"datePublished\":\"2023-08-31T13:48:06+00:00\",\"dateModified\":\"2024-11-13T15:43:58+00:00\",\"breadcrumb\":{\"@id\":\"https:\/\/equestrian.ca\/fr\/equine-care\/horses-facilities\/equine-care-program\/#breadcrumb\"},\"inLanguage\":\"fr-CA\",\"potentialAction\":[{\"@type\":\"ReadAction\",\"target\":[\"https:\/\/equestrian.ca\/fr\/equine-care\/horses-facilities\/equine-care-program\/\"]}]},{\"@type\":\"ImageObject\",\"inLanguage\":\"fr-CA\",\"@id\":\"https:\/\/equestrian.ca\/fr\/equine-care\/horses-facilities\/equine-care-program\/#primaryimage\",\"url\":\"https:\/\/equestrian.ca\/wp-content\/uploads\/2024\/02\/Feeding_room.jpg\",\"contentUrl\":\"https:\/\/equestrian.ca\/wp-content\/uploads\/2024\/02\/Feeding_room.jpg\",\"width\":1600,\"height\":1066,\"caption\":\"Around the Barn\"},{\"@type\":\"BreadcrumbList\",\"@id\":\"https:\/\/equestrian.ca\/fr\/equine-care\/horses-facilities\/equine-care-program\/#breadcrumb\",\"itemListElement\":[{\"@type\":\"ListItem\",\"position\":1,\"name\":\"Home\",\"item\":\"https:\/\/equestrian.ca\/fr\/\"},{\"@type\":\"ListItem\",\"position\":2,\"name\":\"Soins aux \u00e9quid\u00e9s\",\"item\":\"https:\/\/equestrian.ca\/fr\/equine-care\/\"},{\"@type\":\"ListItem\",\"position\":3,\"name\":\"Installations\",\"item\":\"https:\/\/equestrian.ca\/fr\/equine-care\/horses-facilities\/\"},{\"@type\":\"ListItem\",\"position\":4,\"name\":\"Programme de soins aux \u00e9quid\u00e9s\"}]},{\"@type\":\"WebSite\",\"@id\":\"https:\/\/equestrian.ca\/fr\/#website\",\"url\":\"https:\/\/equestrian.ca\/fr\/\",\"name\":\"Equestrian Canada\",\"description\":\"For the love of horses and sport for life.\",\"potentialAction\":[{\"@type\":\"SearchAction\",\"target\":{\"@type\":\"EntryPoint\",\"urlTemplate\":\"https:\/\/equestrian.ca\/fr\/?s={search_term_string}\"},\"query-input\":{\"@type\":\"PropertyValueSpecification\",\"valueRequired\":true,\"valueName\":\"search_term_string\"}}],\"inLanguage\":\"fr-CA\"}]}<\/script>\n<!-- \/ Yoast SEO plugin. -->","yoast_head_json":{"title":"Programme de soins aux \u00e9quid\u00e9s - Equestrian Canada","robots":{"index":"index","follow":"follow","max-snippet":"max-snippet:-1","max-image-preview":"max-image-preview:large","max-video-preview":"max-video-preview:-1"},"canonical":"https:\/\/equestrian.ca\/fr\/equine-care\/horses-facilities\/equine-care-program\/","og_locale":"fr_CA","og_type":"article","og_title":"Programme de soins aux \u00e9quid\u00e9s - Equestrian Canada","og_url":"https:\/\/equestrian.ca\/fr\/equine-care\/horses-facilities\/equine-care-program\/","og_site_name":"Equestrian Canada","article_modified_time":"2024-11-13T15:43:58+00:00","og_image":[{"width":1600,"height":1066,"url":"https:\/\/equestrian.ca\/wp-content\/uploads\/2024\/02\/Feeding_room.jpg","type":"image\/jpeg"}],"twitter_card":"summary_large_image","twitter_misc":{"Estimation du temps de lecture":"1 minute"},"schema":{"@context":"https:\/\/schema.org","@graph":[{"@type":"WebPage","@id":"https:\/\/equestrian.ca\/fr\/equine-care\/horses-facilities\/equine-care-program\/","url":"https:\/\/equestrian.ca\/fr\/equine-care\/horses-facilities\/equine-care-program\/","name":"Programme de soins aux \u00e9quid\u00e9s - Equestrian Canada","isPartOf":{"@id":"https:\/\/equestrian.ca\/fr\/#website"},"primaryImageOfPage":{"@id":"https:\/\/equestrian.ca\/fr\/equine-care\/horses-facilities\/equine-care-program\/#primaryimage"},"image":{"@id":"https:\/\/equestrian.ca\/fr\/equine-care\/horses-facilities\/equine-care-program\/#primaryimage"},"thumbnailUrl":"https:\/\/equestrian.ca\/wp-content\/uploads\/2024\/02\/Feeding_room.jpg","datePublished":"2023-08-31T13:48:06+00:00","dateModified":"2024-11-13T15:43:58+00:00","breadcrumb":{"@id":"https:\/\/equestrian.ca\/fr\/equine-care\/horses-facilities\/equine-care-program\/#breadcrumb"},"inLanguage":"fr-CA","potentialAction":[{"@type":"ReadAction","target":["https:\/\/equestrian.ca\/fr\/equine-care\/horses-facilities\/equine-care-program\/"]}]},{"@type":"ImageObject","inLanguage":"fr-CA","@id":"https:\/\/equestrian.ca\/fr\/equine-care\/horses-facilities\/equine-care-program\/#primaryimage","url":"https:\/\/equestrian.ca\/wp-content\/uploads\/2024\/02\/Feeding_room.jpg","contentUrl":"https:\/\/equestrian.ca\/wp-content\/uploads\/2024\/02\/Feeding_room.jpg","width":1600,"height":1066,"caption":"Around the Barn"},{"@type":"BreadcrumbList","@id":"https:\/\/equestrian.ca\/fr\/equine-care\/horses-facilities\/equine-care-program\/#breadcrumb","itemListElement":[{"@type":"ListItem","position":1,"name":"Home","item":"https:\/\/equestrian.ca\/fr\/"},{"@type":"ListItem","position":2,"name":"Soins aux \u00e9quid\u00e9s","item":"https:\/\/equestrian.ca\/fr\/equine-care\/"},{"@type":"ListItem","position":3,"name":"Installations","item":"https:\/\/equestrian.ca\/fr\/equine-care\/horses-facilities\/"},{"@type":"ListItem","position":4,"name":"Programme de soins aux \u00e9quid\u00e9s"}]},{"@type":"WebSite","@id":"https:\/\/equestrian.ca\/fr\/#website","url":"https:\/\/equestrian.ca\/fr\/","name":"Equestrian Canada","description":"For the love of horses and sport for life.","potentialAction":[{"@type":"SearchAction","target":{"@type":"EntryPoint","urlTemplate":"https:\/\/equestrian.ca\/fr\/?s={search_term_string}"},"query-input":{"@type":"PropertyValueSpecification","valueRequired":true,"valueName":"search_term_string"}}],"inLanguage":"fr-CA"}]}},"_links":{"self":[{"href":"https:\/\/equestrian.ca\/fr\/wp-json\/wp\/v2\/pages\/26999","targetHints":{"allow":["GET"]}}],"collection":[{"href":"https:\/\/equestrian.ca\/fr\/wp-json\/wp\/v2\/pages"}],"about":[{"href":"https:\/\/equestrian.ca\/fr\/wp-json\/wp\/v2\/types\/page"}],"author":[{"embeddable":true,"href":"https:\/\/equestrian.ca\/fr\/wp-json\/wp\/v2\/users\/8"}],"replies":[{"embeddable":true,"href":"https:\/\/equestrian.ca\/fr\/wp-json\/wp\/v2\/comments?post=26999"}],"version-history":[{"count":8,"href":"https:\/\/equestrian.ca\/fr\/wp-json\/wp\/v2\/pages\/26999\/revisions"}],"predecessor-version":[{"id":31032,"href":"https:\/\/equestrian.ca\/fr\/wp-json\/wp\/v2\/pages\/26999\/revisions\/31032"}],"up":[{"embeddable":true,"href":"https:\/\/equestrian.ca\/fr\/wp-json\/wp\/v2\/pages\/26724"}],"wp:featuredmedia":[{"embeddable":true,"href":"https:\/\/equestrian.ca\/fr\/wp-json\/wp\/v2\/media\/22854"}],"wp:attachment":[{"href":"https:\/\/equestrian.ca\/fr\/wp-json\/wp\/v2\/media?parent=26999"}],"curies":[{"name":"wp","href":"https:\/\/api.w.org\/{rel}","templated":true}]}}