{"id":26998,"date":"2023-08-30T18:25:50","date_gmt":"2023-08-30T18:25:50","guid":{"rendered":"https:\/\/equestrian.ca\/equine-care\/horse-ownership\/border-crossings\/"},"modified":"2024-04-09T17:11:48","modified_gmt":"2024-04-09T17:11:48","slug":"border-crossings","status":"publish","type":"page","link":"https:\/\/equestrian.ca\/fr\/equine-care\/horse-ownership\/border-crossings\/","title":{"rendered":"Passages frontaliers"},"content":{"rendered":"\n\t<section id=\"\" data-is-jumplink=\"false\" data-title=\"\" class=\"ra-block block-column-text anchor-link-section \">\n\t\t\t\t\t<h2 class='title'>Importation et exportation de chevaux<\/h2>\n\t\t\t\t<div class='row'>\n\t\t\t\t\t\t\t\t\t\t\t\t\t\t<div class='col-12 col-md-12 content-column wysiwyg-content'>\n\t\t\t\t\t\t<p>L\u2019importation et l\u2019exportation de chevaux sont supervis\u00e9es au Canada par l&rsquo;<a href=\"https:\/\/inspection.canada.ca\/eng\/1297964599443\/1297965645317\">Agence canadienne d&rsquo;inspection des aliments<\/a>\u00a0(ACIA). L&rsquo;ACIA g\u00e8re toutes les demandes concernant l&rsquo;importation et l&rsquo;exportation de chevaux au Canada.<\/p>\n<p>Il incombe \u00e0 toute personne voyageant avec des chevaux de s\u2019assurer que les documents appropri\u00e9s sont fournis aux autorit\u00e9s frontali\u00e8res lors du passage de la fronti\u00e8re et de v\u00e9rifier les conditions d\u2019importation en vigueur au pr\u00e9alable. CE vous recommande fortement de suivre les alertes de sant\u00e9 pour conna\u00eetre les r\u00e9gions touch\u00e9es par des maladies infectieuses \u00e9quines.<\/p>\n<p>Il est conseill\u00e9 de contacter le\u00a0<a href=\"https:\/\/inspection.canada.ca\/about-cfia\/contact-a-cfia-office-by-telephone\/eng\/1313255382836\/1313256130232?wbdisable=true\"><u>bureau de district de l&rsquo;ACIA<\/u><\/a>\u00a0le plus proche bien avant votre voyage, car des restrictions peuvent \u00eatre ajout\u00e9es ou retir\u00e9es rapidement dans certains \u00c9tats.<\/p>\n\t\t\t\t\t<\/div>\n\t\t\t\t\t\t\t\t\t\t\t<\/div>\n\t<\/section>\n\n\n\n\t<section id=\"\" data-is-jumplink=\"false\" data-title=\"\" class=\"ra-block block-column-text anchor-link-section \">\n\t\t\t\t\t<h2 class='title'>Renseignements de l&rsquo;APHIS de l&rsquo;USDA sur les importations et exportations d&rsquo;\u00e9quid\u00e9s (liens en anglais)<\/h2>\n\t\t\t\t<div class='row'>\n\t\t\t\t\t\t\t\t\t\t\t\t\t\t<div class='col-12 col-md-12 content-column wysiwyg-content'>\n\t\t\t\t\t\t<ul>\n<li><a href=\"https:\/\/www.aphis.usda.gov\/aphis\/ourfocus\/importexport\/animal-import-and-export\/equine\/equine-imports\" target=\"_blank\" rel=\"noopener\">Equine Import and Export Information\u00a0<\/a><\/li>\n<li><a href=\"https:\/\/www.aphis.usda.gov\/aphis\/ourfocus\/animalhealth\/export\/international-standard-setting-activities-oie\/sa_by_country\/sa_c\/ct_animal_canada\" target=\"_blank\" rel=\"noopener\">Required Certificates<\/a><\/li>\n<li><a href=\"https:\/\/www.aphis.usda.gov\/aphis\/ourfocus\/animalhealth\/nvap\/NVAP-Reference-Guide\/Animal-Identification\/Equine-Identification\" target=\"_blank\" rel=\"noopener\">Equine Identification<\/a><\/li>\n<li><a href=\"https:\/\/www.aphis.usda.gov\/aphis\/resources\/forms\/CT_VS_Forms\" target=\"_blank\" rel=\"noopener\">Forms<\/a><\/li>\n<li><a href=\"https:\/\/www.aphis.usda.gov\/aphis\/ourfocus\/animalhealth\/nvap\/NVAP-Reference-Guide\/Animal-Movement\/interstate-animal-movement\" target=\"_blank\" rel=\"noopener\">Interstate Movement of Cattle, Horses, Swine, Sheep and Goats<\/a><\/li>\n<\/ul>\n\t\t\t\t\t<\/div>\n\t\t\t\t\t\t\t\t\t\t\t<\/div>\n\t<\/section>\n\n\n\n\t<section id=\"\" data-is-jumplink=\"false\" data-title=\"\" class=\"ra-block block-accordion anchor-link-section \">\n\t\t\t\t\t<h2 class='title'>Foire aux questions<\/h2>\n\t\t\t\t\n\t<div class=\"accordion\" id=\"ra-accordion\">\n\t\t\t\t\t<div class=\"card animate-bottom-line-on-hover\">\n\t\t\t\t\t\t\t\t\t<div class=\"card-header\" id=\"heading-accordion-11\">\n\t\t\t\t\t\t<h3 class=\"mb-0\">\n\t\t\t\t\t\t\t<button class=\"accordion-link\" type=\"button\" data-bs-toggle=\"collapse\" data-bs-target=\"#collapse-accordion-11\" aria-expanded=\"false\" aria-controls=\"collapse-accordion-11\">\n\t\t\t\t\t\t\t\tImportation de chevaux des \u00c9tats-Unis au Canada\t\t\t\t\t\t\t<\/button>\n\t\t\t\t\t\t<\/h3>\n\t\t\t\t\t<\/div>\n\t\t\t\t\t\t\t\t\t\t\t\t\t<div id=\"collapse-accordion-11\" class=\"accordion-collapse collapse\" aria-labelledby=\"heading-accordion-11\" data-bs-parent=\"#ra-accordion\">\n\t\t\t\t\t\t<div class=\"card-body wysiwyg-content\">\n\t\t\t\t\t\t\t<ul>\n<li>Avant d\u2019importer un cheval des \u00c9tats-Unis, il est conseill\u00e9 de contacter le <a href=\"http:\/\/www.inspection.gc.ca\/animals\/terrestrial-animals\/offices\/eng\/1300462382369\/1300462438912\" target=\"_blank\" rel=\"noopener\">bureau de district de l\u2019ACIA<\/a>\u00a0le plus proche, car l\u2019ACIA g\u00e8re toutes les demandes concernant l\u2019importation de chevaux des \u00c9tats-Unis au Canada.<\/li>\n<li>Les conditions d\u2019importation peuvent varier en fonction de l\u2019\u00c9tat d\u2019origine du cheval et de son \u00ab utilisation finale \u00bb (c\u2019est-\u00e0-dire l\u2019importation d\u2019un cheval am\u00e9ricain en vue d\u2019une r\u00e9sidence permanente au Canada, ou d\u2019un cheval canadien revenant d\u2019un s\u00e9jour temporaire aux \u00c9tats-Unis). La\u00a0<a href=\"http:\/\/www.inspection.gc.ca\/food\/imports\/commercial-importers\/eng\/1362502974116\/1362503037719#k1\" target=\"_blank\" rel=\"noopener\">trousse d\u2019information pour les courti\u00e8res et courtiers en douane<\/a>\u00a0est un outil pr\u00e9cieux qui d\u00e9crit les r\u00f4les et les responsabilit\u00e9s.<\/li>\n<li>Le Syst\u00e8me automatis\u00e9 de r\u00e9f\u00e9rence \u00e0 l\u2019importation (SARI) contient des renseignements sur les exigences actuelles en mati\u00e8re d\u2019importation de chevaux et d\u2019autres produits r\u00e9glement\u00e9s par l\u2019ACIA.<\/li>\n<\/ul>\n\t\t\t\t\t\t<\/div>\n\t\t\t\t\t<\/div>\n\t\t\t\t\t\t\t<\/div>\n\t\t\t\t\t<div class=\"card animate-bottom-line-on-hover\">\n\t\t\t\t\t\t\t\t\t<div class=\"card-header\" id=\"heading-accordion-12\">\n\t\t\t\t\t\t<h3 class=\"mb-0\">\n\t\t\t\t\t\t\t<button class=\"accordion-link\" type=\"button\" data-bs-toggle=\"collapse\" data-bs-target=\"#collapse-accordion-12\" aria-expanded=\"false\" aria-controls=\"collapse-accordion-12\">\n\t\t\t\t\t\t\t\tImportation de chevaux d\u2019un \u00c9tat membre de l\u2019Union europ\u00e9enne au Canada\t\t\t\t\t\t\t<\/button>\n\t\t\t\t\t\t<\/h3>\n\t\t\t\t\t<\/div>\n\t\t\t\t\t\t\t\t\t\t\t\t\t<div id=\"collapse-accordion-12\" class=\"accordion-collapse collapse\" aria-labelledby=\"heading-accordion-12\" data-bs-parent=\"#ra-accordion\">\n\t\t\t\t\t\t<div class=\"card-body wysiwyg-content\">\n\t\t\t\t\t\t\t<ul>\n<li>Les chevaux import\u00e9s au Canada depuis un \u00c9tat membre de l\u2019Union europ\u00e9enne (UE) en vue d\u2019un \u00e9v\u00e9nement, d\u2019un concours, d\u2019une course, ou d\u2019un entra\u00eenement, ainsi que les \u00e9talons d\u00e9di\u00e9s au divertissement non comp\u00e9titif, sont class\u00e9s par l\u2019ACIA dans la cat\u00e9gorie des\u00a0<a href=\"http:\/\/www.inspection.gc.ca\/animals\/terrestrial-animals\/imports\/policies\/live-animals\/2011-6\/eng\/1325285649126\/1325285766286\" target=\"_blank\" rel=\"noopener\">importations temporaires<\/a>.<\/li>\n<li>Les exigences les plus r\u00e9centes pour les diff\u00e9rentes situations d\u2019importations temporaires sont disponibles dans le\u00a0<a href=\"http:\/\/inspection.gc.ca\/plants\/imports\/airs\/eng\/1300127512994\/1300127627409\" target=\"_blank\" rel=\"noopener\">Syst\u00e8me automatis\u00e9 de r\u00e9f\u00e9rence \u00e0 l\u2019importation (SARI)<\/a>.<\/li>\n<li>Des exigences suppl\u00e9mentaires peuvent s\u2019appliquer aux chevaux destin\u00e9s \u00e0 obtenir la r\u00e9sidence permanente au Canada. Les exigences actuelles sont disponibles sur le site Web de l\u2019ACIA\u00a0<a href=\"http:\/\/inspection.gc.ca\/animals\/terrestrial-animals\/imports\/policies\/live-animals\/2011-5\/eng\/1325285856958\/1325285922473\" target=\"_blank\" rel=\"noopener\">ici<\/a>.<\/li>\n<li>Des exigences sp\u00e9cifiques en mati\u00e8re d\u2019importation s\u2019appliquent aux chevaux canadiens qui reviennent de l\u2019UE dans les 90 jours suivants leur exportation. Ces exigences peuvent \u00eatre consult\u00e9es sur le site Web de l\u2019ACIA\u00a0<a href=\"http:\/\/www.inspection.gc.ca\/animals\/terrestrial-animals\/imports\/policies\/live-animals\/2011-7\/eng\/1325203896325\/1325203970493\" target=\"_blank\" rel=\"noopener\">ici<\/a>.<\/li>\n<\/ul>\n\t\t\t\t\t\t<\/div>\n\t\t\t\t\t<\/div>\n\t\t\t\t\t\t\t<\/div>\n\t\t\t\t\t<div class=\"card animate-bottom-line-on-hover\">\n\t\t\t\t\t\t\t\t\t<div class=\"card-header\" id=\"heading-accordion-13\">\n\t\t\t\t\t\t<h3 class=\"mb-0\">\n\t\t\t\t\t\t\t<button class=\"accordion-link\" type=\"button\" data-bs-toggle=\"collapse\" data-bs-target=\"#collapse-accordion-13\" aria-expanded=\"false\" aria-controls=\"collapse-accordion-13\">\n\t\t\t\t\t\t\t\tExportation de chevaux du Canada aux \u00c9tats-Unis\t\t\t\t\t\t\t<\/button>\n\t\t\t\t\t\t<\/h3>\n\t\t\t\t\t<\/div>\n\t\t\t\t\t\t\t\t\t\t\t\t\t<div id=\"collapse-accordion-13\" class=\"accordion-collapse collapse\" aria-labelledby=\"heading-accordion-13\" data-bs-parent=\"#ra-accordion\">\n\t\t\t\t\t\t<div class=\"card-body wysiwyg-content\">\n\t\t\t\t\t\t\t<ul>\n<li>L\u2019ACIA supervise \u00e9galement l\u2019exportation des chevaux canadiens. De l\u2019information sur l\u2019exportation de chevaux du Canada vers les \u00c9tats-Unis est disponible sur le site Web de l\u2019ACIA\u00a0<a href=\"http:\/\/www.inspection.gc.ca\/animals\/terrestrial-animals\/exports\/eng\/1300388920375\/1300388985791\" target=\"_blank\" rel=\"noopener\">ici<\/a>.<\/li>\n<li>Veuillez noter les renseignements suivants sur les documents requis pour les chevaux export\u00e9s vers les \u00c9tats-Unis :\n<ul>\n<li><a href=\"http:\/\/www.inspection.gc.ca\/animals\/terrestrial-animals\/exports\/live-animals\/health-certificates\/horses\/u-s-ha-1963\/eng\/1407868322028\/1407868323012\" target=\"_blank\" rel=\"noopener\">Chevaux multiples (exportation permanente)<\/a><\/li>\n<li><a href=\"http:\/\/www.inspection.gc.ca\/animals\/terrestrial-animals\/exports\/live-animals\/health-certificates\/horses\/u-s-ha-1964\/eng\/1407868367323\/1407868367901\" target=\"_blank\" rel=\"noopener\">Un seul cheval (exportation temporaire ou permanente)<\/a><\/li>\n<\/ul>\n<\/li>\n<\/ul>\n\t\t\t\t\t\t<\/div>\n\t\t\t\t\t<\/div>\n\t\t\t\t\t\t\t<\/div>\n\t\t\t\t\t<div class=\"card animate-bottom-line-on-hover\">\n\t\t\t\t\t\t\t\t\t<div class=\"card-header\" id=\"heading-accordion-14\">\n\t\t\t\t\t\t<h3 class=\"mb-0\">\n\t\t\t\t\t\t\t<button class=\"accordion-link\" type=\"button\" data-bs-toggle=\"collapse\" data-bs-target=\"#collapse-accordion-14\" aria-expanded=\"false\" aria-controls=\"collapse-accordion-14\">\n\t\t\t\t\t\t\t\tExportation de chevaux du Canada aux \u00c9tats membres de l\u2019UE\t\t\t\t\t\t\t<\/button>\n\t\t\t\t\t\t<\/h3>\n\t\t\t\t\t<\/div>\n\t\t\t\t\t\t\t\t\t\t\t\t\t<div id=\"collapse-accordion-14\" class=\"accordion-collapse collapse\" aria-labelledby=\"heading-accordion-14\" data-bs-parent=\"#ra-accordion\">\n\t\t\t\t\t\t<div class=\"card-body wysiwyg-content\">\n\t\t\t\t\t\t\t<p>De l\u2019information sur les exigences en mati\u00e8re d\u2019exportation propres \u00e0 chaque \u00c9tat membre de l\u2019UE est disponible sur le site Web de l\u2019ACIA\u00a0<a href=\"http:\/\/www.inspection.gc.ca\/animals\/terrestrial-animals\/exports\/live-animals\/health-certificates\/horses\/eng\/1369625441661\/1369625442848\" target=\"_blank\" rel=\"noopener\">ici<\/a>.<\/p>\n\t\t\t\t\t\t<\/div>\n\t\t\t\t\t<\/div>\n\t\t\t\t\t\t\t<\/div>\n\t\t\t<\/div>\n\t<\/section>\n\n\n\n\t<section id=\"\" data-is-jumplink=\"false\" data-title=\"\" class=\"ra-block block-column-text anchor-link-section \">\n\t\t\t\t\t<h2 class='title'>RESSOURCES:\u00a0<\/h2>\n\t\t\t\t<div class='row'>\n\t\t\t\t\t\t\t\t\t\t\t\t\t\t<div class='col-12 col-md-12 content-column wysiwyg-content'>\n\t\t\t\t\t\t<ul>\n<li><a href=\"https:\/\/equestrian.ca\/wp-content\/uploads\/2024\/01\/Disease-Prevention-Horses-Signage-.pdf\" target=\"_blank\" rel=\"noopener\">Pr\u00e9vention des maladies &#8211; Chevaux &#8211; Signalisation\u00a0<\/a><\/li>\n<li><a href=\"https:\/\/equestrian.ca\/wp-content\/uploads\/2024\/01\/Disease-Prevention-Equipment-Supplies-Signage.pdf\" target=\"_blank\" rel=\"noopener\">Pr\u00e9vention des maladies &#8211; \u00c9quipement\/fournitures &#8211; Signalisation<\/a><\/li>\n<li><a href=\"https:\/\/equestrian.ca\/wp-content\/uploads\/2024\/01\/Tips-to-Protect-Your-Horse-Away-from-Home-Signage.pdf\" target=\"_blank\" rel=\"noopener\">Conseils pour prot\u00e9ger votre cheval en dehors de la maison &#8211; Signalisation<\/a><\/li>\n<li><a href=\"https:\/\/equestrian.ca\/wp-content\/uploads\/2024\/01\/Managing-New-Visiting-Returning-Horses-at-your-Facility-Signage.pdf\" target=\"_blank\" rel=\"noopener\">Gestion des nouveaux chevaux, des chevaux en visite et des chevaux qui reviennent dans votre \u00e9tablissement &#8211; Signalisation<\/a><\/li>\n<li><a href=\"https:\/\/equestrian.ca\/wp-content\/uploads\/2024\/01\/Biosecurity-for-Equine-Service-Providers-.pdf\" target=\"_blank\" rel=\"noopener\">Bios\u00e9curit\u00e9 pour les prestataires de services \u00e9quins\u00a0<\/a><\/li>\n<\/ul>\n\t\t\t\t\t<\/div>\n\t\t\t\t\t\t\t\t\t\t\t<\/div>\n\t<\/section>\n","protected":false},"excerpt":{"rendered":"","protected":false},"author":8,"featured_media":21341,"parent":26723,"menu_order":0,"comment_status":"closed","ping_status":"closed","template":"","meta":{"_acf_changed":false,"footnotes":""},"class_list":["post-26998","page","type-page","status-publish","has-post-thumbnail","hentry"],"acf":[],"yoast_head":"<!-- This site is optimized with the Yoast SEO plugin v27.0 - https:\/\/yoast.com\/product\/yoast-seo-wordpress\/ -->\n<title>Passages frontaliers - Equestrian Canada<\/title>\n<meta name=\"robots\" content=\"index, follow, max-snippet:-1, max-image-preview:large, max-video-preview:-1\" \/>\n<link rel=\"canonical\" href=\"https:\/\/equestrian.ca\/fr\/equine-care\/horse-ownership\/border-crossings\/\" \/>\n<meta property=\"og:locale\" content=\"fr_CA\" \/>\n<meta property=\"og:type\" content=\"article\" \/>\n<meta property=\"og:title\" content=\"Passages frontaliers - Equestrian Canada\" \/>\n<meta property=\"og:url\" content=\"https:\/\/equestrian.ca\/fr\/equine-care\/horse-ownership\/border-crossings\/\" \/>\n<meta property=\"og:site_name\" content=\"Equestrian Canada\" \/>\n<meta property=\"article:modified_time\" content=\"2024-04-09T17:11:48+00:00\" \/>\n<meta property=\"og:image\" content=\"https:\/\/equestrian.ca\/wp-content\/uploads\/2024\/01\/iStock_000001856469Large-scaled.jpg\" \/>\n\t<meta property=\"og:image:width\" content=\"2560\" \/>\n\t<meta property=\"og:image:height\" content=\"1825\" \/>\n\t<meta property=\"og:image:type\" content=\"image\/jpeg\" \/>\n<meta name=\"twitter:card\" content=\"summary_large_image\" \/>\n<meta name=\"twitter:label1\" content=\"Estimation du temps de lecture\" \/>\n\t<meta name=\"twitter:data1\" content=\"1 minute\" \/>\n<script type=\"application\/ld+json\" class=\"yoast-schema-graph\">{\"@context\":\"https:\/\/schema.org\",\"@graph\":[{\"@type\":\"WebPage\",\"@id\":\"https:\/\/equestrian.ca\/fr\/equine-care\/horse-ownership\/border-crossings\/\",\"url\":\"https:\/\/equestrian.ca\/fr\/equine-care\/horse-ownership\/border-crossings\/\",\"name\":\"Passages frontaliers - Equestrian Canada\",\"isPartOf\":{\"@id\":\"https:\/\/equestrian.ca\/fr\/#website\"},\"primaryImageOfPage\":{\"@id\":\"https:\/\/equestrian.ca\/fr\/equine-care\/horse-ownership\/border-crossings\/#primaryimage\"},\"image\":{\"@id\":\"https:\/\/equestrian.ca\/fr\/equine-care\/horse-ownership\/border-crossings\/#primaryimage\"},\"thumbnailUrl\":\"https:\/\/equestrian.ca\/wp-content\/uploads\/2024\/01\/iStock_000001856469Large-scaled.jpg\",\"datePublished\":\"2023-08-30T18:25:50+00:00\",\"dateModified\":\"2024-04-09T17:11:48+00:00\",\"breadcrumb\":{\"@id\":\"https:\/\/equestrian.ca\/fr\/equine-care\/horse-ownership\/border-crossings\/#breadcrumb\"},\"inLanguage\":\"fr-CA\",\"potentialAction\":[{\"@type\":\"ReadAction\",\"target\":[\"https:\/\/equestrian.ca\/fr\/equine-care\/horse-ownership\/border-crossings\/\"]}]},{\"@type\":\"ImageObject\",\"inLanguage\":\"fr-CA\",\"@id\":\"https:\/\/equestrian.ca\/fr\/equine-care\/horse-ownership\/border-crossings\/#primaryimage\",\"url\":\"https:\/\/equestrian.ca\/wp-content\/uploads\/2024\/01\/iStock_000001856469Large-scaled.jpg\",\"contentUrl\":\"https:\/\/equestrian.ca\/wp-content\/uploads\/2024\/01\/iStock_000001856469Large-scaled.jpg\",\"width\":2560,\"height\":1825},{\"@type\":\"BreadcrumbList\",\"@id\":\"https:\/\/equestrian.ca\/fr\/equine-care\/horse-ownership\/border-crossings\/#breadcrumb\",\"itemListElement\":[{\"@type\":\"ListItem\",\"position\":1,\"name\":\"Home\",\"item\":\"https:\/\/equestrian.ca\/fr\/\"},{\"@type\":\"ListItem\",\"position\":2,\"name\":\"Soins aux \u00e9quid\u00e9s\",\"item\":\"https:\/\/equestrian.ca\/fr\/equine-care\/\"},{\"@type\":\"ListItem\",\"position\":3,\"name\":\"Propri\u00e9taires de chevaux\",\"item\":\"https:\/\/equestrian.ca\/fr\/equine-care\/horse-ownership\/\"},{\"@type\":\"ListItem\",\"position\":4,\"name\":\"Passages frontaliers\"}]},{\"@type\":\"WebSite\",\"@id\":\"https:\/\/equestrian.ca\/fr\/#website\",\"url\":\"https:\/\/equestrian.ca\/fr\/\",\"name\":\"Equestrian Canada\",\"description\":\"For the love of horses and sport for life.\",\"potentialAction\":[{\"@type\":\"SearchAction\",\"target\":{\"@type\":\"EntryPoint\",\"urlTemplate\":\"https:\/\/equestrian.ca\/fr\/?s={search_term_string}\"},\"query-input\":{\"@type\":\"PropertyValueSpecification\",\"valueRequired\":true,\"valueName\":\"search_term_string\"}}],\"inLanguage\":\"fr-CA\"}]}<\/script>\n<!-- \/ Yoast SEO plugin. -->","yoast_head_json":{"title":"Passages frontaliers - Equestrian Canada","robots":{"index":"index","follow":"follow","max-snippet":"max-snippet:-1","max-image-preview":"max-image-preview:large","max-video-preview":"max-video-preview:-1"},"canonical":"https:\/\/equestrian.ca\/fr\/equine-care\/horse-ownership\/border-crossings\/","og_locale":"fr_CA","og_type":"article","og_title":"Passages frontaliers - Equestrian Canada","og_url":"https:\/\/equestrian.ca\/fr\/equine-care\/horse-ownership\/border-crossings\/","og_site_name":"Equestrian Canada","article_modified_time":"2024-04-09T17:11:48+00:00","og_image":[{"width":2560,"height":1825,"url":"https:\/\/equestrian.ca\/wp-content\/uploads\/2024\/01\/iStock_000001856469Large-scaled.jpg","type":"image\/jpeg"}],"twitter_card":"summary_large_image","twitter_misc":{"Estimation du temps de lecture":"1 minute"},"schema":{"@context":"https:\/\/schema.org","@graph":[{"@type":"WebPage","@id":"https:\/\/equestrian.ca\/fr\/equine-care\/horse-ownership\/border-crossings\/","url":"https:\/\/equestrian.ca\/fr\/equine-care\/horse-ownership\/border-crossings\/","name":"Passages frontaliers - Equestrian Canada","isPartOf":{"@id":"https:\/\/equestrian.ca\/fr\/#website"},"primaryImageOfPage":{"@id":"https:\/\/equestrian.ca\/fr\/equine-care\/horse-ownership\/border-crossings\/#primaryimage"},"image":{"@id":"https:\/\/equestrian.ca\/fr\/equine-care\/horse-ownership\/border-crossings\/#primaryimage"},"thumbnailUrl":"https:\/\/equestrian.ca\/wp-content\/uploads\/2024\/01\/iStock_000001856469Large-scaled.jpg","datePublished":"2023-08-30T18:25:50+00:00","dateModified":"2024-04-09T17:11:48+00:00","breadcrumb":{"@id":"https:\/\/equestrian.ca\/fr\/equine-care\/horse-ownership\/border-crossings\/#breadcrumb"},"inLanguage":"fr-CA","potentialAction":[{"@type":"ReadAction","target":["https:\/\/equestrian.ca\/fr\/equine-care\/horse-ownership\/border-crossings\/"]}]},{"@type":"ImageObject","inLanguage":"fr-CA","@id":"https:\/\/equestrian.ca\/fr\/equine-care\/horse-ownership\/border-crossings\/#primaryimage","url":"https:\/\/equestrian.ca\/wp-content\/uploads\/2024\/01\/iStock_000001856469Large-scaled.jpg","contentUrl":"https:\/\/equestrian.ca\/wp-content\/uploads\/2024\/01\/iStock_000001856469Large-scaled.jpg","width":2560,"height":1825},{"@type":"BreadcrumbList","@id":"https:\/\/equestrian.ca\/fr\/equine-care\/horse-ownership\/border-crossings\/#breadcrumb","itemListElement":[{"@type":"ListItem","position":1,"name":"Home","item":"https:\/\/equestrian.ca\/fr\/"},{"@type":"ListItem","position":2,"name":"Soins aux \u00e9quid\u00e9s","item":"https:\/\/equestrian.ca\/fr\/equine-care\/"},{"@type":"ListItem","position":3,"name":"Propri\u00e9taires de chevaux","item":"https:\/\/equestrian.ca\/fr\/equine-care\/horse-ownership\/"},{"@type":"ListItem","position":4,"name":"Passages frontaliers"}]},{"@type":"WebSite","@id":"https:\/\/equestrian.ca\/fr\/#website","url":"https:\/\/equestrian.ca\/fr\/","name":"Equestrian Canada","description":"For the love of horses and sport for life.","potentialAction":[{"@type":"SearchAction","target":{"@type":"EntryPoint","urlTemplate":"https:\/\/equestrian.ca\/fr\/?s={search_term_string}"},"query-input":{"@type":"PropertyValueSpecification","valueRequired":true,"valueName":"search_term_string"}}],"inLanguage":"fr-CA"}]}},"_links":{"self":[{"href":"https:\/\/equestrian.ca\/fr\/wp-json\/wp\/v2\/pages\/26998","targetHints":{"allow":["GET"]}}],"collection":[{"href":"https:\/\/equestrian.ca\/fr\/wp-json\/wp\/v2\/pages"}],"about":[{"href":"https:\/\/equestrian.ca\/fr\/wp-json\/wp\/v2\/types\/page"}],"author":[{"embeddable":true,"href":"https:\/\/equestrian.ca\/fr\/wp-json\/wp\/v2\/users\/8"}],"replies":[{"embeddable":true,"href":"https:\/\/equestrian.ca\/fr\/wp-json\/wp\/v2\/comments?post=26998"}],"version-history":[{"count":1,"href":"https:\/\/equestrian.ca\/fr\/wp-json\/wp\/v2\/pages\/26998\/revisions"}],"predecessor-version":[{"id":27011,"href":"https:\/\/equestrian.ca\/fr\/wp-json\/wp\/v2\/pages\/26998\/revisions\/27011"}],"up":[{"embeddable":true,"href":"https:\/\/equestrian.ca\/fr\/wp-json\/wp\/v2\/pages\/26723"}],"wp:featuredmedia":[{"embeddable":true,"href":"https:\/\/equestrian.ca\/fr\/wp-json\/wp\/v2\/media\/21341"}],"wp:attachment":[{"href":"https:\/\/equestrian.ca\/fr\/wp-json\/wp\/v2\/media?parent=26998"}],"curies":[{"name":"wp","href":"https:\/\/api.w.org\/{rel}","templated":true}]}}