{"id":26996,"date":"2023-08-30T20:08:14","date_gmt":"2023-08-30T20:08:14","guid":{"rendered":"https:\/\/equestrian.ca\/equine-care\/health-and-welfare\/biosecurity\/"},"modified":"2024-04-09T17:06:06","modified_gmt":"2024-04-09T17:06:06","slug":"biosecurity","status":"publish","type":"page","link":"https:\/\/equestrian.ca\/fr\/equine-care\/health-and-welfare\/biosecurity\/","title":{"rendered":"Bios\u00e9curit\u00e9"},"content":{"rendered":"\n\t<section id=\"\" data-is-jumplink=\"false\" data-title=\"\" class=\"ra-block block-column-text anchor-link-section \">\n\t\t\t\t\t<h2 class='title'>Norme nationale de bios\u00e9curit\u00e9 pour le secteur \u00e9quin<\/h2>\n\t\t\t\t<div class='row'>\n\t\t\t\t\t\t\t\t\t\t\t\t\t\t<div class='col-12 col-md-12 content-column wysiwyg-content'>\n\t\t\t\t\t\t<p>CE a d\u00e9velopp\u00e9, en collaboration avec l\u2019ACIA et Agriculture et Agroalimentaire Canada (AAC), la\u00a0<a href=\"http:\/\/www.inspection.gc.ca\/animals\/terrestrial-animals\/biosecurity\/standards-and-principles\/equine-sector\/eng\/1460662612042\/1460662650577\" target=\"_blank\" rel=\"noopener\">Norme nationale de bios\u00e9curit\u00e9 pour les exploitations et sites de rassemblement du secteur \u00e9quin<\/a>.<\/p>\n<p>La norme de bios\u00e9curit\u00e9 pr\u00e9sente des mani\u00e8res simples de prot\u00e9ger les chevaux de maladies et peut \u00eatre utilis\u00e9e par les personnes qui poss\u00e8dent ou gardent des chevaux afin de diminuer \u00e0 moindre co\u00fbt les risques d\u2019\u00e9closions de maladies dans les \u00e9curies et les autres \u00e9tablissements d\u00e9di\u00e9s aux chevaux. Elle peut \u00eatre adopt\u00e9e dans son ensemble ou peut compl\u00e9ter des programmes de bios\u00e9curit\u00e9 d\u00e9j\u00e0 en place.<\/p>\n\t\t\t\t\t<\/div>\n\t\t\t\t\t\t\t\t\t\t\t<\/div>\n\t<\/section>\n\n\n\t<section id='block-committee-block_1cd7b0a3e42c486f4adaa1873b198a89' class='ra-block block-committee anchor-link-section '>\n\t\t\n\t<section id=\"ressources-sur-la-bios%c3%a9curit%c3%a9\" data-is-jumplink=\"false\" data-title=\"Ressources sur la bios\u00e9curit\u00e9\" class=\"forms-and-documents-cta anchor-link-section vert3-p-b\">\n\t\t<div class=\"\">\n\t\t\t<div class='row justify-content-center'>\n\t\t\t\t<div class=\"content-col col-12 col-lg-5\">\n\t\t\t\t\t<h2 class=\"section-title\">Ressources sur la bios\u00e9curit\u00e9<\/h2>\n\n\t\t\t\t\t\n\t\t\t\t\t<form id=\"forms-and-documents-search-form\" action=\"\/news-info\/forms-and-documents\/\" method=\"get\" class=\"d-flex align-items-center\">\n\t\t\t\t\t\t<label class=\"sr-only\" for=\"search-term\">Search:<\/label>\n\t\t\t\t\t\t<input type=\"text\" id=\"search-term\" name=\"search-term\" placeholder=\"Recherche\" class=\"form-control input-group-field\">\n\t\t\t\t\t\t<button type=\"submit\" class=\"secondary-search-btn\"><i class=\"fal fa-search icon\"><\/i><\/button>\n\t\t\t\t\t<\/form>\n\n\t\t\t\t\t\n\t<div class=\"block-quote \">\n\t\t<div class=\"quote\">La bios\u00e9curit\u00e9 est un ensemble de principes et de pratiques utilis\u00e9s pour r\u00e9duire les risques pos\u00e9s par les agents pathog\u00e8nes.<\/div>\n\t\t<div class=\"actionable-buttons\">\n\t\t\t\t\t\t\n\t\t\t\t\t<\/div>\n\t<\/div>\n\t\t\t\t<\/div>\n\n\t\t\t\t\t\t\t\t\n\t\t\t\t\n\t\t\t\t\t\t\t\t\t\t\t<div class=\"resources-col col-12 col-lg-7\">\n\t\t\t\t\t\t\t<div class='row category-grid row-cols-1 row-cols-sm-2'>\n\t\t\t\t\t\t\t\t\n\t\t\t\t\t\t\t\t\t\t\t\t\t\t\t\t\t\n\t\t\t\t\t\t\t\t\t\t\t\t\t\t\t\t\t\n\t\t\t\t\t\t\t\t\t\t\t\t\t\t\t\t\t\n\t\t\t\t\t\t\t\t\t\t\t\t\t\t\t\t\t\n\t\t\t\t\t\t\t\t\t\t\t\t\t\t\t\t\t\n\t\t\t\t\t\t\t\t\t\t\t\t\t\t\t\t\t\t\t<div class='col'>\n\t\t\t\t\t\t\t\t\t\t\t<a href=\"https:\/\/www.equineguelph.ca\/Tools\/biosecurity_calculator.php#gsc.tab=0\" class='category-tile-link animate-bottom-line-on-hover' target=\"_blank\">\n\t\t\t\t\t\t\t\t\t\t\t\t\n\t\t\t\t\t\t\t\t\t\t\t\t<div class=\"title-wrapper\">\n\t\t\t\t\t\t\t\t\t\t\t\t\t<div class=\"title\">\n\t\t\t\t\t\t\t\t\t\t\t\t\t\tEquine Biosecurity Risk Calculator (University of Guelph, Equine Guelph) \t\t\t\t\t\t\t\t\t\t\t\t\t<\/div>\n\t\t\t\t\t\t\t\t\t\t\t\t\t\n\t\t\t\t\t\t\t\t\t\t\t\t\t\n\t\t\t\t\t\t\t\t\t\t\t\t\t\t\t\t\t\t\t\t\t\t\t\t\t<\/div>\n\n\t\t\t\t\t\t\t\t\t\t\t\t<i class=\"icon fa-light fa-files\"><\/i>\n\t\t\t\t\t\t\t\t\t\t\t<\/a>\n\t\t\t\t\t\t\t\t\t\t<\/div>\n\t\t\t\t\t\t\t\t\t\t\t\t\t\t\t\t\t\n\t\t\t\t\t\t\t\t\t\t\t\t\t\t\t\t\t\t\t<div class='col'>\n\t\t\t\t\t\t\t\t\t\t\t<a href=\"https:\/\/inspection.canada.ca\/animal-health\/terrestrial-animals\/biosecurity\/standards-and-principles\/equine-sector\/eng\/1460662612042\/1460662650577\" class='category-tile-link animate-bottom-line-on-hover' target=\"_blank\">\n\t\t\t\t\t\t\t\t\t\t\t\t\n\t\t\t\t\t\t\t\t\t\t\t\t<div class=\"title-wrapper\">\n\t\t\t\t\t\t\t\t\t\t\t\t\t<div class=\"title\">\n\t\t\t\t\t\t\t\t\t\t\t\t\t\tNational Standards Biosecurity Plans \t\t\t\t\t\t\t\t\t\t\t\t\t<\/div>\n\t\t\t\t\t\t\t\t\t\t\t\t\t\n\t\t\t\t\t\t\t\t\t\t\t\t\t\n\t\t\t\t\t\t\t\t\t\t\t\t\t\t\t\t\t\t\t\t\t\t\t\t\t<\/div>\n\n\t\t\t\t\t\t\t\t\t\t\t\t<i class=\"icon fa-light fa-files\"><\/i>\n\t\t\t\t\t\t\t\t\t\t\t<\/a>\n\t\t\t\t\t\t\t\t\t\t<\/div>\n\t\t\t\t\t\t\t\t\t\t\t\t\t\t\t\t\t\n\t\t\t\t\t\t\t\t\t\t\t\t\t\t\t\t\t\t\t<div class='col'>\n\t\t\t\t\t\t\t\t\t\t\t<a href=\"https:\/\/www.amstewardship.ca\/faast-reviews\/equine-industry\/table-of-contents\/\" class='category-tile-link animate-bottom-line-on-hover' target=\"_blank\">\n\t\t\t\t\t\t\t\t\t\t\t\t\n\t\t\t\t\t\t\t\t\t\t\t\t<div class=\"title-wrapper\">\n\t\t\t\t\t\t\t\t\t\t\t\t\t<div class=\"title\">\n\t\t\t\t\t\t\t\t\t\t\t\t\t\tAntimicrobial Stewardship in the Ontario Equine Industry\t\t\t\t\t\t\t\t\t\t\t\t\t<\/div>\n\t\t\t\t\t\t\t\t\t\t\t\t\t\n\t\t\t\t\t\t\t\t\t\t\t\t\t\n\t\t\t\t\t\t\t\t\t\t\t\t\t\t\t\t\t\t\t\t\t\t\t\t\t<\/div>\n\n\t\t\t\t\t\t\t\t\t\t\t\t<i class=\"icon fa-light fa-files\"><\/i>\n\t\t\t\t\t\t\t\t\t\t\t<\/a>\n\t\t\t\t\t\t\t\t\t\t<\/div>\n\t\t\t\t\t\t\t\t\t\t\t\t\t\t\t\t\t\n\t\t\t\t\t\t\t\t\t\t\t\t\t\t\t\t\t\t\t<div class='col'>\n\t\t\t\t\t\t\t\t\t\t\t<a href=\"https:\/\/www.youtube.com\/watch?v=NhJLZEIdEo4\" class='category-tile-link animate-bottom-line-on-hover' target=\"_blank\">\n\t\t\t\t\t\t\t\t\t\t\t\t\n\t\t\t\t\t\t\t\t\t\t\t\t<div class=\"title-wrapper\">\n\t\t\t\t\t\t\t\t\t\t\t\t\t<div class=\"title\">\n\t\t\t\t\t\t\t\t\t\t\t\t\t\tEC\u2019s Owners and Facility Operators Biosecurity Webinar\t\t\t\t\t\t\t\t\t\t\t\t\t<\/div>\n\t\t\t\t\t\t\t\t\t\t\t\t\t\n\t\t\t\t\t\t\t\t\t\t\t\t\t\n\t\t\t\t\t\t\t\t\t\t\t\t\t\t\t\t\t\t\t\t\t\t\t\t\t<\/div>\n\n\t\t\t\t\t\t\t\t\t\t\t\t<i class=\"icon fa-light fa-files\"><\/i>\n\t\t\t\t\t\t\t\t\t\t\t<\/a>\n\t\t\t\t\t\t\t\t\t\t<\/div>\n\t\t\t\t\t\t\t\t\t\t\t\t\t\t\t\t\t\n\t\t\t\t\t\t\t\t\t\t\t\t\t\t\t\t\t\t\t<div class='col'>\n\t\t\t\t\t\t\t\t\t\t\t<a href=\"https:\/\/www.youtube.com\/watch?v=IB5n1W9_FEo\" class='category-tile-link animate-bottom-line-on-hover' target=\"_blank\">\n\t\t\t\t\t\t\t\t\t\t\t\t\n\t\t\t\t\t\t\t\t\t\t\t\t<div class=\"title-wrapper\">\n\t\t\t\t\t\t\t\t\t\t\t\t\t<div class=\"title\">\n\t\t\t\t\t\t\t\t\t\t\t\t\t\tEC\u2019s Veterinarian Biosecurity Webinar\t\t\t\t\t\t\t\t\t\t\t\t\t<\/div>\n\t\t\t\t\t\t\t\t\t\t\t\t\t\n\t\t\t\t\t\t\t\t\t\t\t\t\t\n\t\t\t\t\t\t\t\t\t\t\t\t\t\t\t\t\t\t\t\t\t\t\t\t\t<\/div>\n\n\t\t\t\t\t\t\t\t\t\t\t\t<i class=\"icon fa-light fa-files\"><\/i>\n\t\t\t\t\t\t\t\t\t\t\t<\/a>\n\t\t\t\t\t\t\t\t\t\t<\/div>\n\t\t\t\t\t\t\t\t\t\t\t\t\t\t\t\t\t\t\t\t\t\t\t\t<\/div>\n\t\t\t\t\t\t<\/div>\n\n\t\t\t\t\t\n\t\t\t\t\t\t\t<\/div>\n\t\t<\/div>\n\t<\/section>\n\t<\/section>\n","protected":false},"excerpt":{"rendered":"","protected":false},"author":8,"featured_media":22821,"parent":26722,"menu_order":0,"comment_status":"closed","ping_status":"closed","template":"","meta":{"_acf_changed":false,"footnotes":""},"class_list":["post-26996","page","type-page","status-publish","has-post-thumbnail","hentry"],"acf":[],"yoast_head":"<!-- This site is optimized with the Yoast SEO plugin v27.0 - https:\/\/yoast.com\/product\/yoast-seo-wordpress\/ -->\n<title>Bios\u00e9curit\u00e9 - Equestrian Canada<\/title>\n<meta name=\"robots\" content=\"index, follow, max-snippet:-1, max-image-preview:large, max-video-preview:-1\" \/>\n<link rel=\"canonical\" href=\"https:\/\/equestrian.ca\/fr\/equine-care\/health-and-welfare\/biosecurity\/\" \/>\n<meta property=\"og:locale\" content=\"fr_CA\" \/>\n<meta property=\"og:type\" content=\"article\" \/>\n<meta property=\"og:title\" content=\"Bios\u00e9curit\u00e9 - Equestrian Canada\" \/>\n<meta property=\"og:url\" content=\"https:\/\/equestrian.ca\/fr\/equine-care\/health-and-welfare\/biosecurity\/\" \/>\n<meta property=\"og:site_name\" content=\"Equestrian Canada\" \/>\n<meta property=\"article:modified_time\" content=\"2024-04-09T17:06:06+00:00\" \/>\n<meta property=\"og:image\" content=\"https:\/\/equestrian.ca\/wp-content\/uploads\/2024\/02\/iStock-994920876_2-scaled-e1708023476181.jpg\" \/>\n\t<meta property=\"og:image:width\" content=\"2295\" \/>\n\t<meta property=\"og:image:height\" content=\"1472\" \/>\n\t<meta property=\"og:image:type\" content=\"image\/jpeg\" \/>\n<meta name=\"twitter:card\" content=\"summary_large_image\" \/>\n<meta name=\"twitter:label1\" content=\"Estimation du temps de lecture\" \/>\n\t<meta name=\"twitter:data1\" content=\"1 minute\" \/>\n<script type=\"application\/ld+json\" class=\"yoast-schema-graph\">{\"@context\":\"https:\/\/schema.org\",\"@graph\":[{\"@type\":\"WebPage\",\"@id\":\"https:\/\/equestrian.ca\/fr\/equine-care\/health-and-welfare\/biosecurity\/\",\"url\":\"https:\/\/equestrian.ca\/fr\/equine-care\/health-and-welfare\/biosecurity\/\",\"name\":\"Bios\u00e9curit\u00e9 - Equestrian Canada\",\"isPartOf\":{\"@id\":\"https:\/\/equestrian.ca\/fr\/#website\"},\"primaryImageOfPage\":{\"@id\":\"https:\/\/equestrian.ca\/fr\/equine-care\/health-and-welfare\/biosecurity\/#primaryimage\"},\"image\":{\"@id\":\"https:\/\/equestrian.ca\/fr\/equine-care\/health-and-welfare\/biosecurity\/#primaryimage\"},\"thumbnailUrl\":\"https:\/\/equestrian.ca\/wp-content\/uploads\/2024\/02\/iStock-994920876_2-scaled-e1708023476181.jpg\",\"datePublished\":\"2023-08-30T20:08:14+00:00\",\"dateModified\":\"2024-04-09T17:06:06+00:00\",\"breadcrumb\":{\"@id\":\"https:\/\/equestrian.ca\/fr\/equine-care\/health-and-welfare\/biosecurity\/#breadcrumb\"},\"inLanguage\":\"fr-CA\",\"potentialAction\":[{\"@type\":\"ReadAction\",\"target\":[\"https:\/\/equestrian.ca\/fr\/equine-care\/health-and-welfare\/biosecurity\/\"]}]},{\"@type\":\"ImageObject\",\"inLanguage\":\"fr-CA\",\"@id\":\"https:\/\/equestrian.ca\/fr\/equine-care\/health-and-welfare\/biosecurity\/#primaryimage\",\"url\":\"https:\/\/equestrian.ca\/wp-content\/uploads\/2024\/02\/iStock-994920876_2-scaled-e1708023476181.jpg\",\"contentUrl\":\"https:\/\/equestrian.ca\/wp-content\/uploads\/2024\/02\/iStock-994920876_2-scaled-e1708023476181.jpg\",\"width\":2295,\"height\":1472,\"caption\":\"Horses at green pastures of horse farms. Country summer landscape.\"},{\"@type\":\"BreadcrumbList\",\"@id\":\"https:\/\/equestrian.ca\/fr\/equine-care\/health-and-welfare\/biosecurity\/#breadcrumb\",\"itemListElement\":[{\"@type\":\"ListItem\",\"position\":1,\"name\":\"Home\",\"item\":\"https:\/\/equestrian.ca\/fr\/\"},{\"@type\":\"ListItem\",\"position\":2,\"name\":\"Soins aux \u00e9quid\u00e9s\",\"item\":\"https:\/\/equestrian.ca\/fr\/equine-care\/\"},{\"@type\":\"ListItem\",\"position\":3,\"name\":\"Sant\u00e9 et bien-\u00eatre\",\"item\":\"https:\/\/equestrian.ca\/fr\/equine-care\/health-and-welfare\/\"},{\"@type\":\"ListItem\",\"position\":4,\"name\":\"Bios\u00e9curit\u00e9\"}]},{\"@type\":\"WebSite\",\"@id\":\"https:\/\/equestrian.ca\/fr\/#website\",\"url\":\"https:\/\/equestrian.ca\/fr\/\",\"name\":\"Equestrian Canada\",\"description\":\"For the love of horses and sport for life.\",\"potentialAction\":[{\"@type\":\"SearchAction\",\"target\":{\"@type\":\"EntryPoint\",\"urlTemplate\":\"https:\/\/equestrian.ca\/fr\/?s={search_term_string}\"},\"query-input\":{\"@type\":\"PropertyValueSpecification\",\"valueRequired\":true,\"valueName\":\"search_term_string\"}}],\"inLanguage\":\"fr-CA\"}]}<\/script>\n<!-- \/ Yoast SEO plugin. -->","yoast_head_json":{"title":"Bios\u00e9curit\u00e9 - Equestrian Canada","robots":{"index":"index","follow":"follow","max-snippet":"max-snippet:-1","max-image-preview":"max-image-preview:large","max-video-preview":"max-video-preview:-1"},"canonical":"https:\/\/equestrian.ca\/fr\/equine-care\/health-and-welfare\/biosecurity\/","og_locale":"fr_CA","og_type":"article","og_title":"Bios\u00e9curit\u00e9 - Equestrian Canada","og_url":"https:\/\/equestrian.ca\/fr\/equine-care\/health-and-welfare\/biosecurity\/","og_site_name":"Equestrian Canada","article_modified_time":"2024-04-09T17:06:06+00:00","og_image":[{"width":2295,"height":1472,"url":"https:\/\/equestrian.ca\/wp-content\/uploads\/2024\/02\/iStock-994920876_2-scaled-e1708023476181.jpg","type":"image\/jpeg"}],"twitter_card":"summary_large_image","twitter_misc":{"Estimation du temps de lecture":"1 minute"},"schema":{"@context":"https:\/\/schema.org","@graph":[{"@type":"WebPage","@id":"https:\/\/equestrian.ca\/fr\/equine-care\/health-and-welfare\/biosecurity\/","url":"https:\/\/equestrian.ca\/fr\/equine-care\/health-and-welfare\/biosecurity\/","name":"Bios\u00e9curit\u00e9 - Equestrian Canada","isPartOf":{"@id":"https:\/\/equestrian.ca\/fr\/#website"},"primaryImageOfPage":{"@id":"https:\/\/equestrian.ca\/fr\/equine-care\/health-and-welfare\/biosecurity\/#primaryimage"},"image":{"@id":"https:\/\/equestrian.ca\/fr\/equine-care\/health-and-welfare\/biosecurity\/#primaryimage"},"thumbnailUrl":"https:\/\/equestrian.ca\/wp-content\/uploads\/2024\/02\/iStock-994920876_2-scaled-e1708023476181.jpg","datePublished":"2023-08-30T20:08:14+00:00","dateModified":"2024-04-09T17:06:06+00:00","breadcrumb":{"@id":"https:\/\/equestrian.ca\/fr\/equine-care\/health-and-welfare\/biosecurity\/#breadcrumb"},"inLanguage":"fr-CA","potentialAction":[{"@type":"ReadAction","target":["https:\/\/equestrian.ca\/fr\/equine-care\/health-and-welfare\/biosecurity\/"]}]},{"@type":"ImageObject","inLanguage":"fr-CA","@id":"https:\/\/equestrian.ca\/fr\/equine-care\/health-and-welfare\/biosecurity\/#primaryimage","url":"https:\/\/equestrian.ca\/wp-content\/uploads\/2024\/02\/iStock-994920876_2-scaled-e1708023476181.jpg","contentUrl":"https:\/\/equestrian.ca\/wp-content\/uploads\/2024\/02\/iStock-994920876_2-scaled-e1708023476181.jpg","width":2295,"height":1472,"caption":"Horses at green pastures of horse farms. Country summer landscape."},{"@type":"BreadcrumbList","@id":"https:\/\/equestrian.ca\/fr\/equine-care\/health-and-welfare\/biosecurity\/#breadcrumb","itemListElement":[{"@type":"ListItem","position":1,"name":"Home","item":"https:\/\/equestrian.ca\/fr\/"},{"@type":"ListItem","position":2,"name":"Soins aux \u00e9quid\u00e9s","item":"https:\/\/equestrian.ca\/fr\/equine-care\/"},{"@type":"ListItem","position":3,"name":"Sant\u00e9 et bien-\u00eatre","item":"https:\/\/equestrian.ca\/fr\/equine-care\/health-and-welfare\/"},{"@type":"ListItem","position":4,"name":"Bios\u00e9curit\u00e9"}]},{"@type":"WebSite","@id":"https:\/\/equestrian.ca\/fr\/#website","url":"https:\/\/equestrian.ca\/fr\/","name":"Equestrian Canada","description":"For the love of horses and sport for life.","potentialAction":[{"@type":"SearchAction","target":{"@type":"EntryPoint","urlTemplate":"https:\/\/equestrian.ca\/fr\/?s={search_term_string}"},"query-input":{"@type":"PropertyValueSpecification","valueRequired":true,"valueName":"search_term_string"}}],"inLanguage":"fr-CA"}]}},"_links":{"self":[{"href":"https:\/\/equestrian.ca\/fr\/wp-json\/wp\/v2\/pages\/26996","targetHints":{"allow":["GET"]}}],"collection":[{"href":"https:\/\/equestrian.ca\/fr\/wp-json\/wp\/v2\/pages"}],"about":[{"href":"https:\/\/equestrian.ca\/fr\/wp-json\/wp\/v2\/types\/page"}],"author":[{"embeddable":true,"href":"https:\/\/equestrian.ca\/fr\/wp-json\/wp\/v2\/users\/8"}],"replies":[{"embeddable":true,"href":"https:\/\/equestrian.ca\/fr\/wp-json\/wp\/v2\/comments?post=26996"}],"version-history":[{"count":1,"href":"https:\/\/equestrian.ca\/fr\/wp-json\/wp\/v2\/pages\/26996\/revisions"}],"predecessor-version":[{"id":27007,"href":"https:\/\/equestrian.ca\/fr\/wp-json\/wp\/v2\/pages\/26996\/revisions\/27007"}],"up":[{"embeddable":true,"href":"https:\/\/equestrian.ca\/fr\/wp-json\/wp\/v2\/pages\/26722"}],"wp:featuredmedia":[{"embeddable":true,"href":"https:\/\/equestrian.ca\/fr\/wp-json\/wp\/v2\/media\/22821"}],"wp:attachment":[{"href":"https:\/\/equestrian.ca\/fr\/wp-json\/wp\/v2\/media?parent=26996"}],"curies":[{"name":"wp","href":"https:\/\/api.w.org\/{rel}","templated":true}]}}