{"id":26995,"date":"2023-08-30T19:01:32","date_gmt":"2023-08-30T19:01:32","guid":{"rendered":"https:\/\/equestrian.ca\/equine-care\/health-and-welfare\/reportable-and-notifiable-diseases\/"},"modified":"2025-02-12T21:58:00","modified_gmt":"2025-02-12T21:58:00","slug":"reportable-and-notifiable-diseases","status":"publish","type":"page","link":"https:\/\/equestrian.ca\/fr\/equine-care\/health-and-welfare\/reportable-and-notifiable-diseases\/","title":{"rendered":"Maladies \u00e0 d\u00e9claration obligatoire"},"content":{"rendered":"\n\t<section id=\"\" data-is-jumplink=\"false\" data-title=\"\" class=\"ra-block block-wysiwig anchor-link-section \">\n\t\t\t\t\t<div class='content wysiwyg-content'>\n\t\t\t\t<section id=\"\" class=\"ra-block block-wysiwig anchor-link-section\" data-is-jumplink=\"false\" data-title=\"\">\n<div class=\"content wysiwyg-content\">\n<h2><strong>MALADIES \u00c0 D\u00c9CLARATION OBLIGATOIRE POUR PROT\u00c9GER LES TROUPEAUX \u00c9QUINS CANADIENS :<\/strong><\/h2>\n<p>CE suit les directives \u00e9tablies par l&rsquo;<a href=\"https:\/\/inspection.canada.ca\/fr\" target=\"_blank\" rel=\"noopener\">Agence canadienne d&rsquo;inspection des aliments<\/a>\u00a0(ACIA). Les propri\u00e9taires d&rsquo;animaux, les v\u00e9t\u00e9rinaires et les laboratoires sont tenus de signaler imm\u00e9diatement \u00e0 une ou un v\u00e9t\u00e9rinaire de district de l&rsquo;ACIA la pr\u00e9sence d&rsquo;un animal contamin\u00e9 ou soup\u00e7onn\u00e9 d&rsquo;\u00eatre contamin\u00e9 par l&rsquo;une des maladies \u00e0 d\u00e9claration obligatoire au Canada. L&rsquo;ACIA fournit des fiches d&rsquo;information et des renseignements importants sur les maladies infectieuses et nationales \u00e0 d\u00e9claration obligatoire au Canada, qui peuvent \u00eatre consult\u00e9s\u00a0<a href=\"https:\/\/inspection.canada.ca\/fr\" target=\"_blank\" rel=\"noopener\">ici<\/a>.<\/p>\n<p>Les exigences en mati\u00e8re de d\u00e9claration des maladies diff\u00e8rent d&rsquo;une province ou d&rsquo;un territoire \u00e0 l&rsquo;autre. Consultez le minist\u00e8re de l&rsquo;agriculture de votre province ou territoire pour en savoir plus.<\/p>\n<\/div>\n<\/section>\n<section id=\"\" class=\"ra-block block-icon-tiles anchor-link-section\" data-is-jumplink=\"false\" data-title=\"\"><\/section>\n\t\t\t<\/div>\n\t\t\t<\/section>\n\n\n\t\t<section id=\"\" data-is-jumplink=\"false\" data-title=\"\" class=\"ra-block block-icon-tiles anchor-link-section \">\n\t\t\t\t\t<h2 class='title show-as-h3'>Alertes sant\u00e9<\/h2>\n\t\t\t\t\t\t\t<div class='row justify-content-center'>\n\t\t\t\t\t\t\t\t\t<div class='col-12 col-sm-6 col-md-4 icon-tile-col'>\n\t\t\t\t\t\t\t\t\t\t\t\t\t\t\t\t\t\t\t<a href='https:\/\/cahss.ca\/cahss-tools\/disease-alerts?l=fr-CA' class='icon-tile arrow-link-parent'>\n\t\t\t\t\t\t\t\t\t\t\t\t\t\t\t<div class='icon-tile-wrapper'>\n\t\t\t\t\t\t\t\t\t\t\t\t\t\t\t\t\t\t\t\t\t\t\t\t\t\t\t<span class='icon fa-classic fa-light fa-sensor-on'><\/span>\n\t\t\t\t\t\t\t\t\t\t\t\t\t\t\t\t\t\t\n\t\t\t\t\t\t\t\t\t\t\t\t\t\t\t\t\t<h3 class='label'>Outil de notification de maladies du SCSSA<\/h3>\n\t\t\t\t\t\t\t\t\t\t\t\t\t\t\t\t\t\t\t\t\t\t\t\t\t<p class='content'>Outil contenant les alertes de maladies animales de l&rsquo;ensemble du Canada.<\/p>\n\t\t\t\t\t\t\t\t\t\t\t\t\t\t\t<\/div>\n\t\t\t\t\t\t\t\t\t\t\t\t\t\t\t<span class='fake-link arrow-link'>Voir<\/span>\n\t\t\t\t\t\t\t\t\t\t\t\t\t\t\t\t\t\t\t\t<\/a>\n\t\t\t\t\t\t\t\t\t\t\t<\/div>\n\t\t\t\t\t\t\t\t\t<div class='col-12 col-sm-6 col-md-4 icon-tile-col'>\n\t\t\t\t\t\t\t\t\t\t\t\t\t\t\t\t\t\t\t<a href='https:\/\/equinediseasecc.org\/alerts' class='icon-tile arrow-link-parent'>\n\t\t\t\t\t\t\t\t\t\t\t\t\t\t\t<div class='icon-tile-wrapper'>\n\t\t\t\t\t\t\t\t\t\t\t\t\t\t\t\t\t\t\t\t\t\t\t\t\t\t\t<span class='icon fa-classic fa-light fa-buildings'><\/span>\n\t\t\t\t\t\t\t\t\t\t\t\t\t\t\t\t\t\t\n\t\t\t\t\t\t\t\t\t\t\t\t\t\t\t\t\t<h3 class='label'>Centre de communication sur les maladies \u00e9quines<\/h3>\n\t\t\t\t\t\t\t\t\t\t\t\t\t\t\t\t\t\t\t\t\t\t\t\t\t<p class='content'>Mises \u00e0 jour sur les \u00e9pid\u00e9mies actuelles de l&rsquo;EDCC (en anglais).<\/p>\n\t\t\t\t\t\t\t\t\t\t\t\t\t\t\t<\/div>\n\t\t\t\t\t\t\t\t\t\t\t\t\t\t\t<span class='fake-link arrow-link'>Voir<\/span>\n\t\t\t\t\t\t\t\t\t\t\t\t\t\t\t\t\t\t\t\t<\/a>\n\t\t\t\t\t\t\t\t\t\t\t<\/div>\n\t\t\t\t\t\t\t\t\t<div class='col-12 col-sm-6 col-md-4 icon-tile-col'>\n\t\t\t\t\t\t\t\t\t\t\t\t\t\t\t\t\t\t\t<a href='https:\/\/www.oahn.ca\/resources\/ontario-equine-disease-alerts\/' class='icon-tile arrow-link-parent'>\n\t\t\t\t\t\t\t\t\t\t\t\t\t\t\t<div class='icon-tile-wrapper'>\n\t\t\t\t\t\t\t\t\t\t\t\t\t\t\t\t\t\t\t\t\t\t\t\t\t\t\t<span class='icon fa-classic fa-light fa-chart-network'><\/span>\n\t\t\t\t\t\t\t\t\t\t\t\t\t\t\t\t\t\t\n\t\t\t\t\t\t\t\t\t\t\t\t\t\t\t\t\t<h3 class='label'>R\u00e9seau de sant\u00e9 animale de l&rsquo;Ontario<\/h3>\n\t\t\t\t\t\t\t\t\t\t\t\t\t\t\t\t\t\t\t\t\t\t\t\t\t<p class='content'>Outil d\u00e9di\u00e9 \u00e0 la d\u00e9tection pr\u00e9coce et \u00e0 la r\u00e9ponse aux maladies infectieuses \u00e9mergentes dans les populations animales de l&rsquo;Ontario (en anglais).<\/p>\n\t\t\t\t\t\t\t\t\t\t\t\t\t\t\t<\/div>\n\t\t\t\t\t\t\t\t\t\t\t\t\t\t\t<span class='fake-link arrow-link'>Voir<\/span>\n\t\t\t\t\t\t\t\t\t\t\t\t\t\t\t\t\t\t\t\t<\/a>\n\t\t\t\t\t\t\t\t\t\t\t<\/div>\n\t\t\t\t\t\t\t\t\t<div class='col-12 col-sm-6 col-md-4 icon-tile-col'>\n\t\t\t\t\t\t\t\t\t\t\t\t\t\t\t\t\t\t\t<a href='https:\/\/inspection.canada.ca\/fr\/sante-animaux\/animaux-terrestres\/maladies\/declaration-obligatoire\/au-canada' class='icon-tile arrow-link-parent'>\n\t\t\t\t\t\t\t\t\t\t\t\t\t\t\t<div class='icon-tile-wrapper'>\n\t\t\t\t\t\t\t\t\t\t\t\t\t\t\t\t\t\t\t\t\t\t\t\t\t\t\t<span class='icon fa-classic fa-light fa-building-shield'><\/span>\n\t\t\t\t\t\t\t\t\t\t\t\t\t\t\t\t\t\t\n\t\t\t\t\t\t\t\t\t\t\t\t\t\t\t\t\t<h3 class='label'>Maladies \u00e0 d\u00e9claration obligatoire du gouvernement f\u00e9d\u00e9ral<\/h3>\n\t\t\t\t\t\t\t\t\t\t\t\t\t\t\t\t\t\t\t\t\t\t\t\t\t<p class='content'>Page r\u00e9guli\u00e8rement mise \u00e0 jour par l&rsquo;Agence canadienne d&rsquo;inspection des aliments.<\/p>\n\t\t\t\t\t\t\t\t\t\t\t\t\t\t\t<\/div>\n\t\t\t\t\t\t\t\t\t\t\t\t\t\t\t<span class='fake-link arrow-link'>Voir<\/span>\n\t\t\t\t\t\t\t\t\t\t\t\t\t\t\t\t\t\t\t\t<\/a>\n\t\t\t\t\t\t\t\t\t\t\t<\/div>\n\t\t\t\t\t\t\t\t\t<div class='col-12 col-sm-6 col-md-4 icon-tile-col'>\n\t\t\t\t\t\t\t\t\t\t\t\t\t\t\t\t\t\t\t<a href='https:\/\/www.ontario.ca\/fr\/page\/surveillance-des-maladies-des-chevaux' class='icon-tile arrow-link-parent'>\n\t\t\t\t\t\t\t\t\t\t\t\t\t\t\t<div class='icon-tile-wrapper'>\n\t\t\t\t\t\t\t\t\t\t\t\t\t\t\t\t\t\t\t\t\t\t\t\t\t\t\t<span class='icon fa-classic fa-light fa-horse-head'><\/span>\n\t\t\t\t\t\t\t\t\t\t\t\t\t\t\t\t\t\t\n\t\t\t\t\t\t\t\t\t\t\t\t\t\t\t\t\t<h3 class='label'>Surveillance des maladies des chevaux<\/h3>\n\t\t\t\t\t\t\t\t\t\t\t\t\t\t\t\t\t\t\t\t\t\t\t\t\t<p class='content'>De l&rsquo;information sur les maladies r\u00e9glement\u00e9es chez les chevaux.<\/p>\n\t\t\t\t\t\t\t\t\t\t\t\t\t\t\t<\/div>\n\t\t\t\t\t\t\t\t\t\t\t\t\t\t\t<span class='fake-link arrow-link'>Voir<\/span>\n\t\t\t\t\t\t\t\t\t\t\t\t\t\t\t\t\t\t\t\t<\/a>\n\t\t\t\t\t\t\t\t\t\t\t<\/div>\n\t\t\t\t\t\t\t\t\t<div class='col-12 col-sm-6 col-md-4 icon-tile-col'>\n\t\t\t\t\t\t\t\t\t\t\t\t\t\t\t\t\t\t\t<a href='https:\/\/wecahn.ca\/wecahn-networks\/equine-network' class='icon-tile arrow-link-parent'>\n\t\t\t\t\t\t\t\t\t\t\t\t\t\t\t<div class='icon-tile-wrapper'>\n\t\t\t\t\t\t\t\t\t\t\t\t\t\t\t\t\t\t\t\t\t\t\t\t\t\t\t<span class='icon fa-classic fa-light fa-horse-saddle'><\/span>\n\t\t\t\t\t\t\t\t\t\t\t\t\t\t\t\t\t\t\n\t\t\t\t\t\t\t\t\t\t\t\t\t\t\t\t\t<h3 class='label'>WeCAHN Equine Network<\/h3>\n\t\t\t\t\t\t\t\t\t\t\t\t\t\t\t\t\t\t\t\t\t\t\t\t\t<p class='content'>Western Canadian Animal Heath Network (en anglais seulement)<\/p>\n\t\t\t\t\t\t\t\t\t\t\t\t\t\t\t<\/div>\n\t\t\t\t\t\t\t\t\t\t\t\t\t\t\t<span class='fake-link arrow-link'><\/span>\n\t\t\t\t\t\t\t\t\t\t\t\t\t\t\t\t\t\t\t\t<\/a>\n\t\t\t\t\t\t\t\t\t\t\t<\/div>\n\t\t\t\t\t\t\t<\/div>\n\t\t\t<\/section>\n","protected":false},"excerpt":{"rendered":"","protected":false},"author":8,"featured_media":21338,"parent":26722,"menu_order":0,"comment_status":"closed","ping_status":"closed","template":"","meta":{"_acf_changed":false,"footnotes":""},"class_list":["post-26995","page","type-page","status-publish","has-post-thumbnail","hentry"],"acf":[],"yoast_head":"<!-- This site is optimized with the Yoast SEO plugin v27.0 - https:\/\/yoast.com\/product\/yoast-seo-wordpress\/ -->\n<title>Maladies \u00e0 d\u00e9claration obligatoire - Equestrian Canada<\/title>\n<meta name=\"robots\" content=\"index, follow, max-snippet:-1, max-image-preview:large, max-video-preview:-1\" \/>\n<link rel=\"canonical\" href=\"https:\/\/equestrian.ca\/fr\/equine-care\/health-and-welfare\/reportable-and-notifiable-diseases\/\" \/>\n<meta property=\"og:locale\" content=\"fr_CA\" \/>\n<meta property=\"og:type\" content=\"article\" \/>\n<meta property=\"og:title\" content=\"Maladies \u00e0 d\u00e9claration obligatoire - Equestrian Canada\" \/>\n<meta property=\"og:url\" content=\"https:\/\/equestrian.ca\/fr\/equine-care\/health-and-welfare\/reportable-and-notifiable-diseases\/\" \/>\n<meta property=\"og:site_name\" content=\"Equestrian Canada\" \/>\n<meta property=\"article:modified_time\" content=\"2025-02-12T21:58:00+00:00\" \/>\n<meta property=\"og:image\" content=\"https:\/\/equestrian.ca\/wp-content\/uploads\/2024\/01\/iStock-178841034-e1708022067193-1024x703.jpg\" \/>\n\t<meta property=\"og:image:width\" content=\"1024\" \/>\n\t<meta property=\"og:image:height\" content=\"703\" \/>\n\t<meta property=\"og:image:type\" content=\"image\/jpeg\" \/>\n<meta name=\"twitter:card\" content=\"summary_large_image\" \/>\n<meta name=\"twitter:label1\" content=\"Estimation du temps de lecture\" \/>\n\t<meta name=\"twitter:data1\" content=\"1 minute\" \/>\n<script type=\"application\/ld+json\" class=\"yoast-schema-graph\">{\"@context\":\"https:\/\/schema.org\",\"@graph\":[{\"@type\":\"WebPage\",\"@id\":\"https:\/\/equestrian.ca\/fr\/equine-care\/health-and-welfare\/reportable-and-notifiable-diseases\/\",\"url\":\"https:\/\/equestrian.ca\/fr\/equine-care\/health-and-welfare\/reportable-and-notifiable-diseases\/\",\"name\":\"Maladies \u00e0 d\u00e9claration obligatoire - Equestrian Canada\",\"isPartOf\":{\"@id\":\"https:\/\/equestrian.ca\/fr\/#website\"},\"primaryImageOfPage\":{\"@id\":\"https:\/\/equestrian.ca\/fr\/equine-care\/health-and-welfare\/reportable-and-notifiable-diseases\/#primaryimage\"},\"image\":{\"@id\":\"https:\/\/equestrian.ca\/fr\/equine-care\/health-and-welfare\/reportable-and-notifiable-diseases\/#primaryimage\"},\"thumbnailUrl\":\"https:\/\/equestrian.ca\/wp-content\/uploads\/2024\/01\/iStock-178841034-e1708022067193.jpg\",\"datePublished\":\"2023-08-30T19:01:32+00:00\",\"dateModified\":\"2025-02-12T21:58:00+00:00\",\"breadcrumb\":{\"@id\":\"https:\/\/equestrian.ca\/fr\/equine-care\/health-and-welfare\/reportable-and-notifiable-diseases\/#breadcrumb\"},\"inLanguage\":\"fr-CA\",\"potentialAction\":[{\"@type\":\"ReadAction\",\"target\":[\"https:\/\/equestrian.ca\/fr\/equine-care\/health-and-welfare\/reportable-and-notifiable-diseases\/\"]}]},{\"@type\":\"ImageObject\",\"inLanguage\":\"fr-CA\",\"@id\":\"https:\/\/equestrian.ca\/fr\/equine-care\/health-and-welfare\/reportable-and-notifiable-diseases\/#primaryimage\",\"url\":\"https:\/\/equestrian.ca\/wp-content\/uploads\/2024\/01\/iStock-178841034-e1708022067193.jpg\",\"contentUrl\":\"https:\/\/equestrian.ca\/wp-content\/uploads\/2024\/01\/iStock-178841034-e1708022067193.jpg\",\"width\":2210,\"height\":1517,\"caption\":\"beautiful horses on the field\"},{\"@type\":\"BreadcrumbList\",\"@id\":\"https:\/\/equestrian.ca\/fr\/equine-care\/health-and-welfare\/reportable-and-notifiable-diseases\/#breadcrumb\",\"itemListElement\":[{\"@type\":\"ListItem\",\"position\":1,\"name\":\"Home\",\"item\":\"https:\/\/equestrian.ca\/fr\/\"},{\"@type\":\"ListItem\",\"position\":2,\"name\":\"Soins aux \u00e9quid\u00e9s\",\"item\":\"https:\/\/equestrian.ca\/fr\/equine-care\/\"},{\"@type\":\"ListItem\",\"position\":3,\"name\":\"Sant\u00e9 et bien-\u00eatre\",\"item\":\"https:\/\/equestrian.ca\/fr\/equine-care\/health-and-welfare\/\"},{\"@type\":\"ListItem\",\"position\":4,\"name\":\"Maladies \u00e0 d\u00e9claration obligatoire\"}]},{\"@type\":\"WebSite\",\"@id\":\"https:\/\/equestrian.ca\/fr\/#website\",\"url\":\"https:\/\/equestrian.ca\/fr\/\",\"name\":\"Equestrian Canada\",\"description\":\"For the love of horses and sport for life.\",\"potentialAction\":[{\"@type\":\"SearchAction\",\"target\":{\"@type\":\"EntryPoint\",\"urlTemplate\":\"https:\/\/equestrian.ca\/fr\/?s={search_term_string}\"},\"query-input\":{\"@type\":\"PropertyValueSpecification\",\"valueRequired\":true,\"valueName\":\"search_term_string\"}}],\"inLanguage\":\"fr-CA\"}]}<\/script>\n<!-- \/ Yoast SEO plugin. -->","yoast_head_json":{"title":"Maladies \u00e0 d\u00e9claration obligatoire - Equestrian Canada","robots":{"index":"index","follow":"follow","max-snippet":"max-snippet:-1","max-image-preview":"max-image-preview:large","max-video-preview":"max-video-preview:-1"},"canonical":"https:\/\/equestrian.ca\/fr\/equine-care\/health-and-welfare\/reportable-and-notifiable-diseases\/","og_locale":"fr_CA","og_type":"article","og_title":"Maladies \u00e0 d\u00e9claration obligatoire - Equestrian Canada","og_url":"https:\/\/equestrian.ca\/fr\/equine-care\/health-and-welfare\/reportable-and-notifiable-diseases\/","og_site_name":"Equestrian Canada","article_modified_time":"2025-02-12T21:58:00+00:00","og_image":[{"width":1024,"height":703,"url":"https:\/\/equestrian.ca\/wp-content\/uploads\/2024\/01\/iStock-178841034-e1708022067193-1024x703.jpg","type":"image\/jpeg"}],"twitter_card":"summary_large_image","twitter_misc":{"Estimation du temps de lecture":"1 minute"},"schema":{"@context":"https:\/\/schema.org","@graph":[{"@type":"WebPage","@id":"https:\/\/equestrian.ca\/fr\/equine-care\/health-and-welfare\/reportable-and-notifiable-diseases\/","url":"https:\/\/equestrian.ca\/fr\/equine-care\/health-and-welfare\/reportable-and-notifiable-diseases\/","name":"Maladies \u00e0 d\u00e9claration obligatoire - Equestrian Canada","isPartOf":{"@id":"https:\/\/equestrian.ca\/fr\/#website"},"primaryImageOfPage":{"@id":"https:\/\/equestrian.ca\/fr\/equine-care\/health-and-welfare\/reportable-and-notifiable-diseases\/#primaryimage"},"image":{"@id":"https:\/\/equestrian.ca\/fr\/equine-care\/health-and-welfare\/reportable-and-notifiable-diseases\/#primaryimage"},"thumbnailUrl":"https:\/\/equestrian.ca\/wp-content\/uploads\/2024\/01\/iStock-178841034-e1708022067193.jpg","datePublished":"2023-08-30T19:01:32+00:00","dateModified":"2025-02-12T21:58:00+00:00","breadcrumb":{"@id":"https:\/\/equestrian.ca\/fr\/equine-care\/health-and-welfare\/reportable-and-notifiable-diseases\/#breadcrumb"},"inLanguage":"fr-CA","potentialAction":[{"@type":"ReadAction","target":["https:\/\/equestrian.ca\/fr\/equine-care\/health-and-welfare\/reportable-and-notifiable-diseases\/"]}]},{"@type":"ImageObject","inLanguage":"fr-CA","@id":"https:\/\/equestrian.ca\/fr\/equine-care\/health-and-welfare\/reportable-and-notifiable-diseases\/#primaryimage","url":"https:\/\/equestrian.ca\/wp-content\/uploads\/2024\/01\/iStock-178841034-e1708022067193.jpg","contentUrl":"https:\/\/equestrian.ca\/wp-content\/uploads\/2024\/01\/iStock-178841034-e1708022067193.jpg","width":2210,"height":1517,"caption":"beautiful horses on the field"},{"@type":"BreadcrumbList","@id":"https:\/\/equestrian.ca\/fr\/equine-care\/health-and-welfare\/reportable-and-notifiable-diseases\/#breadcrumb","itemListElement":[{"@type":"ListItem","position":1,"name":"Home","item":"https:\/\/equestrian.ca\/fr\/"},{"@type":"ListItem","position":2,"name":"Soins aux \u00e9quid\u00e9s","item":"https:\/\/equestrian.ca\/fr\/equine-care\/"},{"@type":"ListItem","position":3,"name":"Sant\u00e9 et bien-\u00eatre","item":"https:\/\/equestrian.ca\/fr\/equine-care\/health-and-welfare\/"},{"@type":"ListItem","position":4,"name":"Maladies \u00e0 d\u00e9claration obligatoire"}]},{"@type":"WebSite","@id":"https:\/\/equestrian.ca\/fr\/#website","url":"https:\/\/equestrian.ca\/fr\/","name":"Equestrian Canada","description":"For the love of horses and sport for life.","potentialAction":[{"@type":"SearchAction","target":{"@type":"EntryPoint","urlTemplate":"https:\/\/equestrian.ca\/fr\/?s={search_term_string}"},"query-input":{"@type":"PropertyValueSpecification","valueRequired":true,"valueName":"search_term_string"}}],"inLanguage":"fr-CA"}]}},"_links":{"self":[{"href":"https:\/\/equestrian.ca\/fr\/wp-json\/wp\/v2\/pages\/26995","targetHints":{"allow":["GET"]}}],"collection":[{"href":"https:\/\/equestrian.ca\/fr\/wp-json\/wp\/v2\/pages"}],"about":[{"href":"https:\/\/equestrian.ca\/fr\/wp-json\/wp\/v2\/types\/page"}],"author":[{"embeddable":true,"href":"https:\/\/equestrian.ca\/fr\/wp-json\/wp\/v2\/users\/8"}],"replies":[{"embeddable":true,"href":"https:\/\/equestrian.ca\/fr\/wp-json\/wp\/v2\/comments?post=26995"}],"version-history":[{"count":6,"href":"https:\/\/equestrian.ca\/fr\/wp-json\/wp\/v2\/pages\/26995\/revisions"}],"predecessor-version":[{"id":32460,"href":"https:\/\/equestrian.ca\/fr\/wp-json\/wp\/v2\/pages\/26995\/revisions\/32460"}],"up":[{"embeddable":true,"href":"https:\/\/equestrian.ca\/fr\/wp-json\/wp\/v2\/pages\/26722"}],"wp:featuredmedia":[{"embeddable":true,"href":"https:\/\/equestrian.ca\/fr\/wp-json\/wp\/v2\/media\/21338"}],"wp:attachment":[{"href":"https:\/\/equestrian.ca\/fr\/wp-json\/wp\/v2\/media?parent=26995"}],"curies":[{"name":"wp","href":"https:\/\/api.w.org\/{rel}","templated":true}]}}