{"id":26983,"date":"2023-08-31T19:16:34","date_gmt":"2023-08-31T19:16:34","guid":{"rendered":"https:\/\/equestrian.ca\/community\/get-connected\/sponsor\/"},"modified":"2024-04-09T15:24:53","modified_gmt":"2024-04-09T15:24:53","slug":"sponsor","status":"publish","type":"page","link":"https:\/\/equestrian.ca\/fr\/community\/get-connected\/sponsor\/","title":{"rendered":"Parrainage"},"content":{"rendered":"\n\t<section id=\"\" data-is-jumplink=\"false\" data-title=\"\" class=\"ra-block block-column-text anchor-link-section \">\n\t\t\t\t<div class='row'>\n\t\t\t\t\t\t\t\t\t\t\t\t\t\t<div class='col-12 col-md-12 content-column wysiwyg-content'>\n\t\t\t\t\t\t<p>&nbsp;<\/p>\n<p><a href=\"https:\/\/digital.nfp.com\/pc\/Henry-Equestrian\"><img loading=\"lazy\" decoding=\"async\" class=\"alignnone wp-image-18897 size-full\" src=\"https:\/\/equestrian.ca\/wp-content\/uploads\/2024\/02\/HEP-1.jpg\" alt=\"\" width=\"728\" height=\"90\" srcset=\"https:\/\/equestrian.ca\/wp-content\/uploads\/2024\/02\/HEP-1.jpg 728w, https:\/\/equestrian.ca\/wp-content\/uploads\/2024\/02\/HEP-1-300x37.jpg 300w, https:\/\/equestrian.ca\/wp-content\/uploads\/2024\/02\/HEP-1-640x79.jpg 640w\" sizes=\"auto, (max-width: 639px) 98vw, (max-width: 1199px) 64vw, 728px\" \/><\/a><\/p>\n<p>&nbsp;<\/p>\n<p><img loading=\"lazy\" decoding=\"async\" class=\"size-medium wp-image-18891 alignleft\" src=\"https:\/\/equestrian.ca\/wp-content\/uploads\/2024\/02\/ED-300x111.jpg\" alt=\"\" width=\"300\" height=\"111\" srcset=\"https:\/\/equestrian.ca\/wp-content\/uploads\/2024\/02\/ED-300x111.jpg 300w, https:\/\/equestrian.ca\/wp-content\/uploads\/2024\/02\/ED-1024x380.jpg 1024w, https:\/\/equestrian.ca\/wp-content\/uploads\/2024\/02\/ED-768x285.jpg 768w, https:\/\/equestrian.ca\/wp-content\/uploads\/2024\/02\/ED-640x237.jpg 640w, https:\/\/equestrian.ca\/wp-content\/uploads\/2024\/02\/ED-1200x445.jpg 1200w, https:\/\/equestrian.ca\/wp-content\/uploads\/2024\/02\/ED-1440x534.jpg 1440w, https:\/\/equestrian.ca\/wp-content\/uploads\/2024\/02\/ED.jpg 1500w\" sizes=\"auto, (max-width: 639px) 98vw, (max-width: 1199px) 64vw, 300px\" \/><\/p>\n<p>Le saviez-vous? Les titulaires d&rsquo;une licence sportive de CE b\u00e9n\u00e9ficient de remises sp\u00e9ciales sur des produits et services de renomm\u00e9e nationale, dont l&rsquo;\u00e9quipement John Deere.<\/p>\n<p>Appelez le 1 800 965-6872 pour \u00e9conomiser jusqu&rsquo;\u00e0 28 % sur vos achats et obtenir des remises sur les coupons jusqu&rsquo;\u00e0 3 500 $ !<\/p>\n<p><b>Jusqu&rsquo;\u00e0 25% de r\u00e9duction sur les produits Big Ass Fans !<\/b><\/p>\n<p>Que vos besoins soient li\u00e9s \u00e0 un centre \u00e9questre, une \u00e9curie, un man\u00e8ge ou une r\u00e9sidence, les experts de Big Ass Fans sont l\u00e0 pour vous rendre la vie plus facile, plus confortable et moins co\u00fbteuse! Les titulaires d&rsquo;une licence sportive de CE peuvent b\u00e9n\u00e9ficier d&rsquo;une remise allant jusqu&rsquo;\u00e0 25 % sur les produits Big Ass Fans.<\/p>\n<p>Utilisez le code EQUINE24 lors de votre achat\u00a0<a href=\"https:\/\/bafdevf1.bigassfans.com\/ca\/industries\/agriculture\/equine\/\" target=\"_blank\" rel=\"noopener\">en ligne<\/a>, appelez le 1 800 965-6872 ou envoyez un courriel \u00e0 Emma Nichols (<a href=\"mailto:enichols@ntra.com\" target=\"_blank\" rel=\"noopener\">enichols@ntra.com<\/a>\u00a0) pour recevoir votre r\u00e9duction chez Big Ass Fans d\u00e8s aujourd&rsquo;hui!<\/p>\n<p>&nbsp;<\/p>\n<p><img loading=\"lazy\" decoding=\"async\" class=\"size-medium wp-image-18892 alignleft\" src=\"https:\/\/equestrian.ca\/wp-content\/uploads\/2024\/02\/H-300x89.jpg\" alt=\"\" width=\"300\" height=\"89\" srcset=\"https:\/\/equestrian.ca\/wp-content\/uploads\/2024\/02\/H-300x89.jpg 300w, https:\/\/equestrian.ca\/wp-content\/uploads\/2024\/02\/H-1024x303.jpg 1024w, https:\/\/equestrian.ca\/wp-content\/uploads\/2024\/02\/H-768x227.jpg 768w, https:\/\/equestrian.ca\/wp-content\/uploads\/2024\/02\/H-1536x455.jpg 1536w, https:\/\/equestrian.ca\/wp-content\/uploads\/2024\/02\/H-2048x606.jpg 2048w, https:\/\/equestrian.ca\/wp-content\/uploads\/2024\/02\/H-640x189.jpg 640w, https:\/\/equestrian.ca\/wp-content\/uploads\/2024\/02\/H-1200x355.jpg 1200w, https:\/\/equestrian.ca\/wp-content\/uploads\/2024\/02\/H-1920x568.jpg 1920w, https:\/\/equestrian.ca\/wp-content\/uploads\/2024\/02\/H-1440x426.jpg 1440w\" sizes=\"auto, (max-width: 639px) 98vw, (max-width: 1199px) 64vw, 300px\" \/><\/p>\n<p><b>Hestaband<\/b>\u00a0est un ruban de kin\u00e9siologie \u00e9quine mis au point par RMT et Christa Veinotte, une sp\u00e9cialiste en r\u00e9adaptation \u00e9quine. Gr\u00e2ce \u00e0 son tissu plus fin et ses mati\u00e8res adh\u00e9sives de qualit\u00e9 sup\u00e9rieure, le ruban est le choix id\u00e9al pour les chevaux. La compagnie est d\u2019ailleurs la seule au monde \u00e0 offrir trois diff\u00e9rents rubans, soit les types Cotton, Satin et Lymph, lesquels ont tous \u00e9t\u00e9 con\u00e7us sp\u00e9cialement pour les muscles, les articulations et l\u2019appareil circulatoire. Hestaband est le ruban de kin\u00e9siologie \u00e9quine no 1 au Canada et est utilis\u00e9 par des professionnel(le)s de 29 diff\u00e9rents pays.<\/p>\n<p>Les titulaires d\u2019une licence sportive de CE ont droit \u00e0 une\u00a0<b>remise de 10%<\/b>\u00a0sur les produits Hestaband avec le code promo \u00ab EC2023 \u00bb. Ce code ne peut pas \u00eatre combin\u00e9 \u00e0 d\u2019autres offres et une v\u00e9rification de votre num\u00e9ro de membre de CE peut \u00eatre n\u00e9cessaire. Cliquez\u00a0<a href=\"https:\/\/hestaband.com\/\" target=\"_blank\" rel=\"noopener\">ici<\/a>\u00a0pour commencer vos achats d\u00e8s maintenant.<\/p>\n<p>&nbsp;<\/p>\n<p><img loading=\"lazy\" decoding=\"async\" class=\"size-medium wp-image-18674 alignleft\" src=\"https:\/\/equestrian.ca\/wp-content\/uploads\/2024\/02\/nR7NafSokxGARrirS-300x300.jpeg\" alt=\"\" width=\"300\" height=\"300\" srcset=\"https:\/\/equestrian.ca\/wp-content\/uploads\/2024\/02\/nR7NafSokxGARrirS-300x300.jpeg 300w, https:\/\/equestrian.ca\/wp-content\/uploads\/2024\/02\/nR7NafSokxGARrirS-1024x1024.jpeg 1024w, https:\/\/equestrian.ca\/wp-content\/uploads\/2024\/02\/nR7NafSokxGARrirS-150x150.jpeg 150w, https:\/\/equestrian.ca\/wp-content\/uploads\/2024\/02\/nR7NafSokxGARrirS-768x768.jpeg 768w, https:\/\/equestrian.ca\/wp-content\/uploads\/2024\/02\/nR7NafSokxGARrirS-640x640.jpeg 640w, https:\/\/equestrian.ca\/wp-content\/uploads\/2024\/02\/nR7NafSokxGARrirS.jpeg 1080w\" sizes=\"auto, (max-width: 639px) 98vw, (max-width: 1199px) 64vw, 300px\" \/><\/p>\n<p>Canada \u00c9questre (CE) a le plaisir d\u2019annoncer la cr\u00e9ation d\u2019un nouveau partenariat avec Mad Barn, un important fournisseur en mati\u00e8re de produits, d\u2019\u00e9ducation et de recherche dans le domaine de la nutrition \u00e9quine. Cette collaboration marque une \u00e9tape importante dans le renforcement de la sant\u00e9 et l\u2019am\u00e9lioration de la performance de l\u2019\u00e9quipe \u00e9questre canadienne.<\/p>\n<p><a href=\"https:\/\/equestrian.ca\/news\/mad-barn-and-equestrian-canada-forge-innovative-sport-science-and-nutrition-partnership\/\" target=\"_blank\" rel=\"noopener\">En savoir plus\u00a0<\/a><\/p>\n<p>&nbsp;<\/p>\n\t\t\t\t\t<\/div>\n\t\t\t\t\t\t\t\t\t\t\t<\/div>\n\t<\/section>\n\n\n\n\t<section id=\"\" data-is-jumplink=\"false\" data-title=\"\" class=\"ra-block block-column-text anchor-link-section \">\n\t\t\t\t\t<h2 class='title'>Possibilit\u00e9s de parrainage et d&rsquo;affaires avec Canada \u00c9questre<\/h2>\n\t\t\t\t<div class='row'>\n\t\t\t\t\t\t\t\t\t\t\t\t\t\t<div class='col-12 col-md-12 content-column wysiwyg-content'>\n\t\t\t\t\t\t<p>Associez votre entreprise \u00e0 CE et r\u00e9coltez les fruits d&rsquo;une visibilit\u00e9 nationale et d&rsquo;une sensibilisation accrue \u00e0 votre marque.<\/p>\n<p>CE est l&rsquo;organe directeur national des sports et de l&rsquo;industrie \u00e9questres au Canada. Il compte plus de 18 000 titulaires de licences sportives, 90 000 participantes et participants enregistr\u00e9s, 12 organismes provinciaux et territoriaux de sport partenaires et plus de 10 associations \u00e9questres nationales affili\u00e9es.<\/p>\n<p class=\"o-page_subtitle js-wow u-fadeInUp\"><strong>Une opportunit\u00e9 unique et inestimable<\/strong><\/p>\n<p>Le secteur \u00e9questre offre une occasion unique de toucher votre march\u00e9 cible tout en conservant une port\u00e9e nationale \u00e9tendue. En vous associant \u00e0 CE, vous ferez partie de notre communaut\u00e9 et obtiendrez un lien direct avec le monde unique du sport et de l&rsquo;industrie \u00e9questres.<\/p>\n<p>\u00c0 CE, nous sommes fiers de cr\u00e9er des offres de parrainage personnalis\u00e9es en fonction de votre public cible, de vos objectifs commerciaux et de votre budget. Nous nous effor\u00e7ons d&rsquo;apporter de la valeur \u00e0 nos partenaires en cr\u00e9ant des exp\u00e9riences uniques pour leurs clients cibles et en augmentant la notori\u00e9t\u00e9 de leur marque gr\u00e2ce \u00e0 des strat\u00e9gies de marketing innovantes.<\/p>\n<p class=\"o-page_subtitle js-wow u-fadeInUp\">Autres possibilit\u00e9s de parrainage et d&rsquo;affaires<\/p>\n<p>CE offre toutes sortes d&rsquo;options pour publiciser votre entreprise \u00e0 l&rsquo;\u00e9chelle nationale et vous donner un acc\u00e8s direct \u00e0 une tranche pr\u00e9cieuse de la population. Que ce soit pour de la publicit\u00e9 Web ou imprim\u00e9e, ou encore pour des courriels publicitaires et des campagnes sur les m\u00e9dias sociaux, CE est l\u00e0 pour vous!<\/p>\n<p>Voici quelques-unes des fa\u00e7ons dont vous pouvez tirer parti de l&rsquo;acc\u00e8s unique de CE \u00e0 la communaut\u00e9 \u00e9questre canadienne :<\/p>\n<p class=\"o-page_subtitle js-wow u-fadeInUp\">Publicit\u00e9 Web<\/p>\n<p>Le site Web enti\u00e8rement bilingue de CE est le portail d&rsquo;information pour tout ce qui concerne l&rsquo;\u00e9quitation au Canada. Notre site Web dynamique attire un public de toutes les cat\u00e9gories d\u00e9mographiques et de tout le pays, ainsi que des visiteuses et visiteurs internationaux curieux d&rsquo;en savoir plus sur la sc\u00e8ne \u00e9questre canadienne.<\/p>\n<p>Choisissez le domaine d&rsquo;int\u00e9r\u00eat qui correspond le mieux \u00e0 votre entreprise, \u00e0 vos produits ou \u00e0 vos services. Votre logo, avec un lien direct int\u00e9gr\u00e9, peut figurer dans diverses parties de notre site Web, notamment dans les sections suivantes, qui sont tr\u00e8s fr\u00e9quent\u00e9es :<\/p>\n<ul>\n<li>Page d&rsquo;accueil de CE<\/li>\n<li>Licences sportives<\/li>\n<li>Secteur et loisirs<\/li>\n<li>\u00c9quipe \u00e9questre canadienne<\/li>\n<li>\u00c9v\u00e9nements et concours<\/li>\n<li>R\u00e9sultats<\/li>\n<li>Et bien plus!<\/li>\n<\/ul>\n<p>Profitez de cette occasion pour faire conna\u00eetre votre entreprise dans les deux langues officielles!<\/p>\n<p class=\"o-page_subtitle js-wow u-fadeInUp\"><strong>Commerce \u00e9lectronique<\/strong><\/p>\n<p>CE est ravi d&rsquo;offrir des opportunit\u00e9s de publicit\u00e9 et de vente sur sa boutique en ligne. Cette derni\u00e8re est facilement accessible et ax\u00e9e sur l&rsquo;exp\u00e9rience des clients et clientes. Elle sert \u00e9galement r\u00e9f\u00e9rence pour les passionn\u00e9s et les passionn\u00e9es d&rsquo;\u00e9quitation, qui peuvent y acheter de la superbe marchandise de Canada \u00c9questre, dont les suivantes :<\/p>\n<ul>\n<li>Ligne de v\u00eatements exclusive de CE<\/li>\n<li>Produits haut de gamme pour les cavali\u00e8res, les cavaliers et les chevaux<\/li>\n<li>Publications relatives aux programmes des officielles et officiels de CE.<\/li>\n<\/ul>\n\t\t\t\t\t<\/div>\n\t\t\t\t\t\t\t\t\t\t\t<\/div>\n\t<\/section>\n","protected":false},"excerpt":{"rendered":"","protected":false},"author":8,"featured_media":22892,"parent":26704,"menu_order":0,"comment_status":"closed","ping_status":"closed","template":"","meta":{"_acf_changed":false,"footnotes":""},"class_list":["post-26983","page","type-page","status-publish","has-post-thumbnail","hentry"],"acf":[],"yoast_head":"<!-- This site is optimized with the Yoast SEO plugin v27.0 - https:\/\/yoast.com\/product\/yoast-seo-wordpress\/ -->\n<title>Parrainage - Equestrian Canada<\/title>\n<meta name=\"robots\" content=\"index, follow, max-snippet:-1, max-image-preview:large, max-video-preview:-1\" \/>\n<link rel=\"canonical\" href=\"https:\/\/equestrian.ca\/fr\/community\/get-connected\/sponsor\/\" \/>\n<meta property=\"og:locale\" content=\"fr_CA\" \/>\n<meta property=\"og:type\" content=\"article\" \/>\n<meta property=\"og:title\" content=\"Parrainage - Equestrian Canada\" \/>\n<meta property=\"og:url\" content=\"https:\/\/equestrian.ca\/fr\/community\/get-connected\/sponsor\/\" \/>\n<meta property=\"og:site_name\" content=\"Equestrian Canada\" \/>\n<meta property=\"article:modified_time\" content=\"2024-04-09T15:24:53+00:00\" \/>\n<meta property=\"og:image\" content=\"https:\/\/equestrian.ca\/wp-content\/uploads\/2024\/02\/Ticket-to-Paris-e1708598628411.jpg\" \/>\n\t<meta property=\"og:image:width\" content=\"1350\" \/>\n\t<meta property=\"og:image:height\" content=\"846\" \/>\n\t<meta property=\"og:image:type\" content=\"image\/jpeg\" \/>\n<meta name=\"twitter:card\" content=\"summary_large_image\" \/>\n<meta name=\"twitter:label1\" content=\"Estimation du temps de lecture\" \/>\n\t<meta name=\"twitter:data1\" content=\"1 minute\" \/>\n<script type=\"application\/ld+json\" class=\"yoast-schema-graph\">{\"@context\":\"https:\/\/schema.org\",\"@graph\":[{\"@type\":\"WebPage\",\"@id\":\"https:\/\/equestrian.ca\/fr\/community\/get-connected\/sponsor\/\",\"url\":\"https:\/\/equestrian.ca\/fr\/community\/get-connected\/sponsor\/\",\"name\":\"Parrainage - Equestrian Canada\",\"isPartOf\":{\"@id\":\"https:\/\/equestrian.ca\/fr\/#website\"},\"primaryImageOfPage\":{\"@id\":\"https:\/\/equestrian.ca\/fr\/community\/get-connected\/sponsor\/#primaryimage\"},\"image\":{\"@id\":\"https:\/\/equestrian.ca\/fr\/community\/get-connected\/sponsor\/#primaryimage\"},\"thumbnailUrl\":\"https:\/\/equestrian.ca\/wp-content\/uploads\/2024\/02\/Ticket-to-Paris-e1708598628411.jpg\",\"datePublished\":\"2023-08-31T19:16:34+00:00\",\"dateModified\":\"2024-04-09T15:24:53+00:00\",\"breadcrumb\":{\"@id\":\"https:\/\/equestrian.ca\/fr\/community\/get-connected\/sponsor\/#breadcrumb\"},\"inLanguage\":\"fr-CA\",\"potentialAction\":[{\"@type\":\"ReadAction\",\"target\":[\"https:\/\/equestrian.ca\/fr\/community\/get-connected\/sponsor\/\"]}]},{\"@type\":\"ImageObject\",\"inLanguage\":\"fr-CA\",\"@id\":\"https:\/\/equestrian.ca\/fr\/community\/get-connected\/sponsor\/#primaryimage\",\"url\":\"https:\/\/equestrian.ca\/wp-content\/uploads\/2024\/02\/Ticket-to-Paris-e1708598628411.jpg\",\"contentUrl\":\"https:\/\/equestrian.ca\/wp-content\/uploads\/2024\/02\/Ticket-to-Paris-e1708598628411.jpg\",\"width\":1350,\"height\":846,\"caption\":\"Tiffany Foster, Beth Underhill, Ian Millar, Mario Deslauriers, Amy Millar\"},{\"@type\":\"BreadcrumbList\",\"@id\":\"https:\/\/equestrian.ca\/fr\/community\/get-connected\/sponsor\/#breadcrumb\",\"itemListElement\":[{\"@type\":\"ListItem\",\"position\":1,\"name\":\"Home\",\"item\":\"https:\/\/equestrian.ca\/fr\/\"},{\"@type\":\"ListItem\",\"position\":2,\"name\":\"Communaut\u00e9\",\"item\":\"https:\/\/equestrian.ca\/fr\/community\/\"},{\"@type\":\"ListItem\",\"position\":3,\"name\":\"Tisser des liens\",\"item\":\"https:\/\/equestrian.ca\/fr\/community\/get-connected\/\"},{\"@type\":\"ListItem\",\"position\":4,\"name\":\"Parrainage\"}]},{\"@type\":\"WebSite\",\"@id\":\"https:\/\/equestrian.ca\/fr\/#website\",\"url\":\"https:\/\/equestrian.ca\/fr\/\",\"name\":\"Equestrian Canada\",\"description\":\"For the love of horses and sport for life.\",\"potentialAction\":[{\"@type\":\"SearchAction\",\"target\":{\"@type\":\"EntryPoint\",\"urlTemplate\":\"https:\/\/equestrian.ca\/fr\/?s={search_term_string}\"},\"query-input\":{\"@type\":\"PropertyValueSpecification\",\"valueRequired\":true,\"valueName\":\"search_term_string\"}}],\"inLanguage\":\"fr-CA\"}]}<\/script>\n<!-- \/ Yoast SEO plugin. -->","yoast_head_json":{"title":"Parrainage - Equestrian Canada","robots":{"index":"index","follow":"follow","max-snippet":"max-snippet:-1","max-image-preview":"max-image-preview:large","max-video-preview":"max-video-preview:-1"},"canonical":"https:\/\/equestrian.ca\/fr\/community\/get-connected\/sponsor\/","og_locale":"fr_CA","og_type":"article","og_title":"Parrainage - Equestrian Canada","og_url":"https:\/\/equestrian.ca\/fr\/community\/get-connected\/sponsor\/","og_site_name":"Equestrian Canada","article_modified_time":"2024-04-09T15:24:53+00:00","og_image":[{"width":1350,"height":846,"url":"https:\/\/equestrian.ca\/wp-content\/uploads\/2024\/02\/Ticket-to-Paris-e1708598628411.jpg","type":"image\/jpeg"}],"twitter_card":"summary_large_image","twitter_misc":{"Estimation du temps de lecture":"1 minute"},"schema":{"@context":"https:\/\/schema.org","@graph":[{"@type":"WebPage","@id":"https:\/\/equestrian.ca\/fr\/community\/get-connected\/sponsor\/","url":"https:\/\/equestrian.ca\/fr\/community\/get-connected\/sponsor\/","name":"Parrainage - Equestrian Canada","isPartOf":{"@id":"https:\/\/equestrian.ca\/fr\/#website"},"primaryImageOfPage":{"@id":"https:\/\/equestrian.ca\/fr\/community\/get-connected\/sponsor\/#primaryimage"},"image":{"@id":"https:\/\/equestrian.ca\/fr\/community\/get-connected\/sponsor\/#primaryimage"},"thumbnailUrl":"https:\/\/equestrian.ca\/wp-content\/uploads\/2024\/02\/Ticket-to-Paris-e1708598628411.jpg","datePublished":"2023-08-31T19:16:34+00:00","dateModified":"2024-04-09T15:24:53+00:00","breadcrumb":{"@id":"https:\/\/equestrian.ca\/fr\/community\/get-connected\/sponsor\/#breadcrumb"},"inLanguage":"fr-CA","potentialAction":[{"@type":"ReadAction","target":["https:\/\/equestrian.ca\/fr\/community\/get-connected\/sponsor\/"]}]},{"@type":"ImageObject","inLanguage":"fr-CA","@id":"https:\/\/equestrian.ca\/fr\/community\/get-connected\/sponsor\/#primaryimage","url":"https:\/\/equestrian.ca\/wp-content\/uploads\/2024\/02\/Ticket-to-Paris-e1708598628411.jpg","contentUrl":"https:\/\/equestrian.ca\/wp-content\/uploads\/2024\/02\/Ticket-to-Paris-e1708598628411.jpg","width":1350,"height":846,"caption":"Tiffany Foster, Beth Underhill, Ian Millar, Mario Deslauriers, Amy Millar"},{"@type":"BreadcrumbList","@id":"https:\/\/equestrian.ca\/fr\/community\/get-connected\/sponsor\/#breadcrumb","itemListElement":[{"@type":"ListItem","position":1,"name":"Home","item":"https:\/\/equestrian.ca\/fr\/"},{"@type":"ListItem","position":2,"name":"Communaut\u00e9","item":"https:\/\/equestrian.ca\/fr\/community\/"},{"@type":"ListItem","position":3,"name":"Tisser des liens","item":"https:\/\/equestrian.ca\/fr\/community\/get-connected\/"},{"@type":"ListItem","position":4,"name":"Parrainage"}]},{"@type":"WebSite","@id":"https:\/\/equestrian.ca\/fr\/#website","url":"https:\/\/equestrian.ca\/fr\/","name":"Equestrian Canada","description":"For the love of horses and sport for life.","potentialAction":[{"@type":"SearchAction","target":{"@type":"EntryPoint","urlTemplate":"https:\/\/equestrian.ca\/fr\/?s={search_term_string}"},"query-input":{"@type":"PropertyValueSpecification","valueRequired":true,"valueName":"search_term_string"}}],"inLanguage":"fr-CA"}]}},"_links":{"self":[{"href":"https:\/\/equestrian.ca\/fr\/wp-json\/wp\/v2\/pages\/26983","targetHints":{"allow":["GET"]}}],"collection":[{"href":"https:\/\/equestrian.ca\/fr\/wp-json\/wp\/v2\/pages"}],"about":[{"href":"https:\/\/equestrian.ca\/fr\/wp-json\/wp\/v2\/types\/page"}],"author":[{"embeddable":true,"href":"https:\/\/equestrian.ca\/fr\/wp-json\/wp\/v2\/users\/8"}],"replies":[{"embeddable":true,"href":"https:\/\/equestrian.ca\/fr\/wp-json\/wp\/v2\/comments?post=26983"}],"version-history":[{"count":1,"href":"https:\/\/equestrian.ca\/fr\/wp-json\/wp\/v2\/pages\/26983\/revisions"}],"predecessor-version":[{"id":26990,"href":"https:\/\/equestrian.ca\/fr\/wp-json\/wp\/v2\/pages\/26983\/revisions\/26990"}],"up":[{"embeddable":true,"href":"https:\/\/equestrian.ca\/fr\/wp-json\/wp\/v2\/pages\/26704"}],"wp:featuredmedia":[{"embeddable":true,"href":"https:\/\/equestrian.ca\/fr\/wp-json\/wp\/v2\/media\/22892"}],"wp:attachment":[{"href":"https:\/\/equestrian.ca\/fr\/wp-json\/wp\/v2\/media?parent=26983"}],"curies":[{"name":"wp","href":"https:\/\/api.w.org\/{rel}","templated":true}]}}