{"id":26976,"date":"2023-08-31T19:15:32","date_gmt":"2023-08-31T19:15:32","guid":{"rendered":"https:\/\/equestrian.ca\/community\/get-involved\/diversity-equity-inclusion\/"},"modified":"2024-04-09T15:17:47","modified_gmt":"2024-04-09T15:17:47","slug":"diversity-equity-inclusion","status":"publish","type":"page","link":"https:\/\/equestrian.ca\/fr\/community\/get-involved\/diversity-equity-inclusion\/","title":{"rendered":"Diversit\u00e9, \u00e9quit\u00e9 et inclusion"},"content":{"rendered":"\n\t<section id=\"\" data-is-jumplink=\"false\" data-title=\"\" class=\"ra-block block-column-text anchor-link-section \">\n\t\t\t\t<div class='row'>\n\t\t\t\t\t\t\t\t\t\t\t\t\t\t<div class='col-12 col-md-12 content-column wysiwyg-content'>\n\t\t\t\t\t\t<p>Au sein de cette communaut\u00e9, o\u00f9 se rassemblent les passions \u00e9questres, vous serez accueilli(e)s, accept\u00e9(e)s et reconnu(e)s.<\/p>\n<p>Votre passion compte, peu importe votre identit\u00e9 ou origine.<\/p>\n<p>Parmi nous, vous \u00eates chez vous, peu importe votre sexe, votre orientation sexuelle, votre ethnie, votre \u00e9tat matrimonial ou familial, votre identit\u00e9 ou expression de genre, vos caract\u00e9ristiques sexuelles, vos croyances, votre \u00e2ge, votre couleur, votre taille corporelle, votre handicap et vos croyances politiques ou religieuses.<\/p>\n<p>Nous ferons tout en notre pouvoir pour fournir les meilleurs soins possibles \u00e0 nos chevaux.<\/p>\n<p>Nous vous demandons seulement de traiter toutes les personnes et tous les chevaux avec respect. Faites-vous entendre et encouragez les membres de la communaut\u00e9 \u00e9questre!<\/p>\n<p><span data-contrast=\"auto\">Soyez fiers<\/span><\/p>\n<p>Montrez qui vous \u00eates.<\/p>\n<p>Montrez votre passion \u00e9questre!<\/p>\n<p>#EnsembleCE<\/p>\n\t\t\t\t\t<\/div>\n\t\t\t\t\t\t\t\t\t\t\t<\/div>\n\t<\/section>\n","protected":false},"excerpt":{"rendered":"","protected":false},"author":8,"featured_media":22809,"parent":26703,"menu_order":0,"comment_status":"closed","ping_status":"closed","template":"","meta":{"_acf_changed":false,"footnotes":""},"class_list":["post-26976","page","type-page","status-publish","has-post-thumbnail","hentry"],"acf":[],"yoast_head":"<!-- This site is optimized with the Yoast SEO plugin v27.0 - https:\/\/yoast.com\/product\/yoast-seo-wordpress\/ -->\n<title>Diversit\u00e9, \u00e9quit\u00e9 et inclusion - Equestrian Canada<\/title>\n<meta name=\"robots\" content=\"index, follow, max-snippet:-1, max-image-preview:large, max-video-preview:-1\" \/>\n<link rel=\"canonical\" href=\"https:\/\/equestrian.ca\/fr\/community\/get-involved\/diversity-equity-inclusion\/\" \/>\n<meta property=\"og:locale\" content=\"fr_CA\" \/>\n<meta property=\"og:type\" content=\"article\" \/>\n<meta property=\"og:title\" content=\"Diversit\u00e9, \u00e9quit\u00e9 et inclusion - Equestrian Canada\" \/>\n<meta property=\"og:url\" content=\"https:\/\/equestrian.ca\/fr\/community\/get-involved\/diversity-equity-inclusion\/\" \/>\n<meta property=\"og:site_name\" content=\"Equestrian Canada\" \/>\n<meta property=\"article:modified_time\" content=\"2024-04-09T15:17:47+00:00\" \/>\n<meta property=\"og:image\" content=\"https:\/\/equestrian.ca\/wp-content\/uploads\/2024\/02\/web-shelleypaulson_2017_1933.jpg\" \/>\n\t<meta property=\"og:image:width\" content=\"1600\" \/>\n\t<meta property=\"og:image:height\" content=\"1066\" \/>\n\t<meta property=\"og:image:type\" content=\"image\/jpeg\" \/>\n<meta name=\"twitter:card\" content=\"summary_large_image\" \/>\n<meta name=\"twitter:label1\" content=\"Estimation du temps de lecture\" \/>\n\t<meta name=\"twitter:data1\" content=\"1 minute\" \/>\n<script type=\"application\/ld+json\" class=\"yoast-schema-graph\">{\"@context\":\"https:\/\/schema.org\",\"@graph\":[{\"@type\":\"WebPage\",\"@id\":\"https:\/\/equestrian.ca\/fr\/community\/get-involved\/diversity-equity-inclusion\/\",\"url\":\"https:\/\/equestrian.ca\/fr\/community\/get-involved\/diversity-equity-inclusion\/\",\"name\":\"Diversit\u00e9, \u00e9quit\u00e9 et inclusion - Equestrian Canada\",\"isPartOf\":{\"@id\":\"https:\/\/equestrian.ca\/fr\/#website\"},\"primaryImageOfPage\":{\"@id\":\"https:\/\/equestrian.ca\/fr\/community\/get-involved\/diversity-equity-inclusion\/#primaryimage\"},\"image\":{\"@id\":\"https:\/\/equestrian.ca\/fr\/community\/get-involved\/diversity-equity-inclusion\/#primaryimage\"},\"thumbnailUrl\":\"https:\/\/equestrian.ca\/wp-content\/uploads\/2024\/02\/web-shelleypaulson_2017_1933.jpg\",\"datePublished\":\"2023-08-31T19:15:32+00:00\",\"dateModified\":\"2024-04-09T15:17:47+00:00\",\"breadcrumb\":{\"@id\":\"https:\/\/equestrian.ca\/fr\/community\/get-involved\/diversity-equity-inclusion\/#breadcrumb\"},\"inLanguage\":\"fr-CA\",\"potentialAction\":[{\"@type\":\"ReadAction\",\"target\":[\"https:\/\/equestrian.ca\/fr\/community\/get-involved\/diversity-equity-inclusion\/\"]}]},{\"@type\":\"ImageObject\",\"inLanguage\":\"fr-CA\",\"@id\":\"https:\/\/equestrian.ca\/fr\/community\/get-involved\/diversity-equity-inclusion\/#primaryimage\",\"url\":\"https:\/\/equestrian.ca\/wp-content\/uploads\/2024\/02\/web-shelleypaulson_2017_1933.jpg\",\"contentUrl\":\"https:\/\/equestrian.ca\/wp-content\/uploads\/2024\/02\/web-shelleypaulson_2017_1933.jpg\",\"width\":1600,\"height\":1066},{\"@type\":\"BreadcrumbList\",\"@id\":\"https:\/\/equestrian.ca\/fr\/community\/get-involved\/diversity-equity-inclusion\/#breadcrumb\",\"itemListElement\":[{\"@type\":\"ListItem\",\"position\":1,\"name\":\"Home\",\"item\":\"https:\/\/equestrian.ca\/fr\/\"},{\"@type\":\"ListItem\",\"position\":2,\"name\":\"Communaut\u00e9\",\"item\":\"https:\/\/equestrian.ca\/fr\/community\/\"},{\"@type\":\"ListItem\",\"position\":3,\"name\":\"S&#8217;impliquer\",\"item\":\"https:\/\/equestrian.ca\/fr\/community\/get-involved\/\"},{\"@type\":\"ListItem\",\"position\":4,\"name\":\"Diversit\u00e9, \u00e9quit\u00e9 et inclusion\"}]},{\"@type\":\"WebSite\",\"@id\":\"https:\/\/equestrian.ca\/fr\/#website\",\"url\":\"https:\/\/equestrian.ca\/fr\/\",\"name\":\"Equestrian Canada\",\"description\":\"For the love of horses and sport for life.\",\"potentialAction\":[{\"@type\":\"SearchAction\",\"target\":{\"@type\":\"EntryPoint\",\"urlTemplate\":\"https:\/\/equestrian.ca\/fr\/?s={search_term_string}\"},\"query-input\":{\"@type\":\"PropertyValueSpecification\",\"valueRequired\":true,\"valueName\":\"search_term_string\"}}],\"inLanguage\":\"fr-CA\"}]}<\/script>\n<!-- \/ Yoast SEO plugin. -->","yoast_head_json":{"title":"Diversit\u00e9, \u00e9quit\u00e9 et inclusion - Equestrian Canada","robots":{"index":"index","follow":"follow","max-snippet":"max-snippet:-1","max-image-preview":"max-image-preview:large","max-video-preview":"max-video-preview:-1"},"canonical":"https:\/\/equestrian.ca\/fr\/community\/get-involved\/diversity-equity-inclusion\/","og_locale":"fr_CA","og_type":"article","og_title":"Diversit\u00e9, \u00e9quit\u00e9 et inclusion - Equestrian Canada","og_url":"https:\/\/equestrian.ca\/fr\/community\/get-involved\/diversity-equity-inclusion\/","og_site_name":"Equestrian Canada","article_modified_time":"2024-04-09T15:17:47+00:00","og_image":[{"width":1600,"height":1066,"url":"https:\/\/equestrian.ca\/wp-content\/uploads\/2024\/02\/web-shelleypaulson_2017_1933.jpg","type":"image\/jpeg"}],"twitter_card":"summary_large_image","twitter_misc":{"Estimation du temps de lecture":"1 minute"},"schema":{"@context":"https:\/\/schema.org","@graph":[{"@type":"WebPage","@id":"https:\/\/equestrian.ca\/fr\/community\/get-involved\/diversity-equity-inclusion\/","url":"https:\/\/equestrian.ca\/fr\/community\/get-involved\/diversity-equity-inclusion\/","name":"Diversit\u00e9, \u00e9quit\u00e9 et inclusion - Equestrian Canada","isPartOf":{"@id":"https:\/\/equestrian.ca\/fr\/#website"},"primaryImageOfPage":{"@id":"https:\/\/equestrian.ca\/fr\/community\/get-involved\/diversity-equity-inclusion\/#primaryimage"},"image":{"@id":"https:\/\/equestrian.ca\/fr\/community\/get-involved\/diversity-equity-inclusion\/#primaryimage"},"thumbnailUrl":"https:\/\/equestrian.ca\/wp-content\/uploads\/2024\/02\/web-shelleypaulson_2017_1933.jpg","datePublished":"2023-08-31T19:15:32+00:00","dateModified":"2024-04-09T15:17:47+00:00","breadcrumb":{"@id":"https:\/\/equestrian.ca\/fr\/community\/get-involved\/diversity-equity-inclusion\/#breadcrumb"},"inLanguage":"fr-CA","potentialAction":[{"@type":"ReadAction","target":["https:\/\/equestrian.ca\/fr\/community\/get-involved\/diversity-equity-inclusion\/"]}]},{"@type":"ImageObject","inLanguage":"fr-CA","@id":"https:\/\/equestrian.ca\/fr\/community\/get-involved\/diversity-equity-inclusion\/#primaryimage","url":"https:\/\/equestrian.ca\/wp-content\/uploads\/2024\/02\/web-shelleypaulson_2017_1933.jpg","contentUrl":"https:\/\/equestrian.ca\/wp-content\/uploads\/2024\/02\/web-shelleypaulson_2017_1933.jpg","width":1600,"height":1066},{"@type":"BreadcrumbList","@id":"https:\/\/equestrian.ca\/fr\/community\/get-involved\/diversity-equity-inclusion\/#breadcrumb","itemListElement":[{"@type":"ListItem","position":1,"name":"Home","item":"https:\/\/equestrian.ca\/fr\/"},{"@type":"ListItem","position":2,"name":"Communaut\u00e9","item":"https:\/\/equestrian.ca\/fr\/community\/"},{"@type":"ListItem","position":3,"name":"S&#8217;impliquer","item":"https:\/\/equestrian.ca\/fr\/community\/get-involved\/"},{"@type":"ListItem","position":4,"name":"Diversit\u00e9, \u00e9quit\u00e9 et inclusion"}]},{"@type":"WebSite","@id":"https:\/\/equestrian.ca\/fr\/#website","url":"https:\/\/equestrian.ca\/fr\/","name":"Equestrian Canada","description":"For the love of horses and sport for life.","potentialAction":[{"@type":"SearchAction","target":{"@type":"EntryPoint","urlTemplate":"https:\/\/equestrian.ca\/fr\/?s={search_term_string}"},"query-input":{"@type":"PropertyValueSpecification","valueRequired":true,"valueName":"search_term_string"}}],"inLanguage":"fr-CA"}]}},"_links":{"self":[{"href":"https:\/\/equestrian.ca\/fr\/wp-json\/wp\/v2\/pages\/26976","targetHints":{"allow":["GET"]}}],"collection":[{"href":"https:\/\/equestrian.ca\/fr\/wp-json\/wp\/v2\/pages"}],"about":[{"href":"https:\/\/equestrian.ca\/fr\/wp-json\/wp\/v2\/types\/page"}],"author":[{"embeddable":true,"href":"https:\/\/equestrian.ca\/fr\/wp-json\/wp\/v2\/users\/8"}],"replies":[{"embeddable":true,"href":"https:\/\/equestrian.ca\/fr\/wp-json\/wp\/v2\/comments?post=26976"}],"version-history":[{"count":1,"href":"https:\/\/equestrian.ca\/fr\/wp-json\/wp\/v2\/pages\/26976\/revisions"}],"predecessor-version":[{"id":26984,"href":"https:\/\/equestrian.ca\/fr\/wp-json\/wp\/v2\/pages\/26976\/revisions\/26984"}],"up":[{"embeddable":true,"href":"https:\/\/equestrian.ca\/fr\/wp-json\/wp\/v2\/pages\/26703"}],"wp:featuredmedia":[{"embeddable":true,"href":"https:\/\/equestrian.ca\/fr\/wp-json\/wp\/v2\/media\/22809"}],"wp:attachment":[{"href":"https:\/\/equestrian.ca\/fr\/wp-json\/wp\/v2\/media?parent=26976"}],"curies":[{"name":"wp","href":"https:\/\/api.w.org\/{rel}","templated":true}]}}