{"id":26968,"date":"2023-08-31T19:12:42","date_gmt":"2023-08-31T19:12:42","guid":{"rendered":"https:\/\/equestrian.ca\/community\/long-term-equestrian-development-model\/"},"modified":"2025-07-29T17:58:46","modified_gmt":"2025-07-29T17:58:46","slug":"long-term-equestrian-development-model","status":"publish","type":"page","link":"https:\/\/equestrian.ca\/fr\/community\/long-term-equestrian-development-model\/","title":{"rendered":"D\u00e9veloppement \u00e0 long terme en sports \u00e9questres"},"content":{"rendered":"\n\t<section id=\"\" data-is-jumplink=\"false\" data-title=\"\" class=\"ra-block block-column-text anchor-link-section \">\n\t\t\t\t\t<h2 class='title'>Parcours du d\u00e9veloppement des athl\u00e8tes<\/h2>\n\t\t\t\t<div class='row'>\n\t\t\t\t\t\t\t\t\t\t\t\t\t\t<div class='col-12 col-md-12 content-column wysiwyg-content'>\n\t\t\t\t\t\t<p>Le mod\u00e8le de d\u00e9veloppement \u00e0 long terme en sports \u00e9questres (DLTSE) 2.0 de Canada \u00c9questre reprend les concepts \u00e9prouv\u00e9s du mod\u00e8le de d\u00e9veloppement \u00e0 long terme de l&rsquo;athl\u00e8te (DLTA), cr\u00e9\u00e9 par la Soci\u00e9t\u00e9 Le sport c&rsquo;est pour la vie, et les applique aux sports \u00e9questres.<\/p>\n\t\t\t\t\t<\/div>\n\t\t\t\t\t\t\t\t\t\t\t<\/div>\n\t<\/section>\n\n\n\n\t<section id=\"\" data-is-jumplink=\"false\" data-title=\"\" class=\"ra-block block-media-and-text anchor-link-section \">\n\t\t<div class='row'>\n\t\t\t\t\t\t\t<div class='col-12 col-md-6 content-col order-1 order-md-2'>\n\t\t\t\t\t\t\n\t\t\t\t\t\t\n\t\t\t\t\t\t\t\t\t\t\n\t\t\t\t\t\t\t\t\t\t\t<div class='content wysiwyg-content'>\n\t\t\t\t\t\t\t<p>En tant que mod\u00e8le, la DLTSE 2.0 offre \u00e0 la communaut\u00e9 \u00e9questre canadienne une vision qui nous aide \u00e0 am\u00e9liorer notre infrastructure, nos programmes et nos initiatives afin de garantir que les meilleures opportunit\u00e9s sont disponibles pour tous les athl\u00e8tes et participants et participantes &#8211; quels que soient leurs objectifs personnels ou leur stade de d\u00e9veloppement. Il s&rsquo;agit de notre v\u00e9ritable mission.<\/p>\n<h5><strong><a href=\"https:\/\/equestrian.ca\/fr\/resource\/23570\/\" target=\"_blank\" rel=\"noopener\">Le mod\u00e8le de DLTSE EST DISPONIBLE EN T\u00c9L\u00c9CHARGEMENT NUM\u00c9RIQUE<\/a><\/strong><\/h5>\n\t\t\t\t\t\t<\/div>\n\t\t\t\t\t\t\t\t\t<\/div>\n\t\t\t\n\t\t\t<div class='col-12 col-md-6 picture-col order-2 order-md-1'>\n\t\t\t\t\t\t\t\t\t\n\t\t\t\t\t\n\t\t\t\n\t\t<picture class=\"contain\">\n\t\t\t<source srcset=\"https:\/\/equestrian.ca\/wp-content\/uploads\/LTED-FR-Sept25_Page_01-1113x1440.jpg\" media=\"(min-width: 1280px)\">\n\t\t\t<source srcset=\"https:\/\/equestrian.ca\/wp-content\/uploads\/LTED-FR-Sept25_Page_01.jpg\" media=\"(min-width: 1024px)\">\n\t\t\t<source srcset=\"https:\/\/equestrian.ca\/wp-content\/uploads\/LTED-FR-Sept25_Page_01-1024x1325.jpg\" media=\"(min-width: 768px)\">\n\t\t\t<img decoding=\"async\" loading=\"lazy\" src=\"https:\/\/equestrian.ca\/wp-content\/uploads\/LTED-FR-Sept25_Page_01-640x828.jpg\" alt=\"\">\n\t\t<\/picture>\n\n\t\t\t\n\t\t\t\t\t\t\t\t\t\t\t\t<\/div>\n\t\t<\/div>\n\t<\/section>\n\n\n\n\t<section id=\"\" data-is-jumplink=\"false\" data-title=\"\" class=\"ra-block block-column-text anchor-link-section \">\n\t\t\t\t<div class='row'>\n\t\t\t\t\t\t\t\t\t\t\t\t\t\t<div class='col-12 col-md-12 content-column wysiwyg-content'>\n\t\t\t\t\t\t<p><strong>Qu&rsquo;est-ce que le DLTSE 2.0?<br \/>\n<\/strong><\/p>\n<p>La DLTSE 2.0 est un mod\u00e8le de d\u00e9veloppement de l&rsquo;athl\u00e8te fond\u00e9 sur des principes sportifs \u00e9prouv\u00e9s et adapt\u00e9s aux athl\u00e8tes \u00e9questres. Il offre une voie claire et efficace \u00e0 toutes et tous les athl\u00e8tes \u00e9questres &#8211; quel que soit leur \u00e2ge, leur exp\u00e9rience ou leur discipline. Il les aide ainsi \u00e0 profiter pleinement des sports \u00e9questres, peu importe leur niveau ou leur discipline.<\/p>\n<p><img loading=\"lazy\" decoding=\"async\" class=\"alignnone wp-image-16240 size-fp-medium\" src=\"https:\/\/equestrian.ca\/wp-content\/uploads\/2024\/02\/web-shelleypaulson_2017_2122-1024x682.jpg\" alt=\"\" width=\"1024\" height=\"682\" srcset=\"https:\/\/equestrian.ca\/wp-content\/uploads\/2024\/02\/web-shelleypaulson_2017_2122-1024x682.jpg 1024w, https:\/\/equestrian.ca\/wp-content\/uploads\/2024\/02\/web-shelleypaulson_2017_2122-300x200.jpg 300w, https:\/\/equestrian.ca\/wp-content\/uploads\/2024\/02\/web-shelleypaulson_2017_2122-768x512.jpg 768w, https:\/\/equestrian.ca\/wp-content\/uploads\/2024\/02\/web-shelleypaulson_2017_2122-1536x1023.jpg 1536w, https:\/\/equestrian.ca\/wp-content\/uploads\/2024\/02\/web-shelleypaulson_2017_2122-640x426.jpg 640w, https:\/\/equestrian.ca\/wp-content\/uploads\/2024\/02\/web-shelleypaulson_2017_2122-1200x800.jpg 1200w, https:\/\/equestrian.ca\/wp-content\/uploads\/2024\/02\/web-shelleypaulson_2017_2122-1440x959.jpg 1440w, https:\/\/equestrian.ca\/wp-content\/uploads\/2024\/02\/web-shelleypaulson_2017_2122.jpg 1600w\" sizes=\"auto, (max-width: 639px) 98vw, (max-width: 1199px) 64vw, 770px\" \/><\/p>\n<p>L&rsquo;objectif du DLTSE n&rsquo;est pas seulement de former des athl\u00e8tes de haut niveau, mais aussi d&rsquo;assurer une exp\u00e9rience \u00e9questre de la plus haute qualit\u00e9 \u00e0 toutes les personnes pratiquant un sport \u00e9questre, y compris les athl\u00e8tes ayant un handicap.<\/p>\n<p><img loading=\"lazy\" decoding=\"async\" class=\"alignnone wp-image-34410 size-full\" src=\"https:\/\/equestrian.ca\/wp-content\/uploads\/LTED_Framework_FR.png\" alt=\"\" width=\"1000\" height=\"768\" srcset=\"https:\/\/equestrian.ca\/wp-content\/uploads\/LTED_Framework_FR.png 1000w, https:\/\/equestrian.ca\/wp-content\/uploads\/LTED_Framework_FR-300x230.png 300w, https:\/\/equestrian.ca\/wp-content\/uploads\/LTED_Framework_FR-768x590.png 768w, https:\/\/equestrian.ca\/wp-content\/uploads\/LTED_Framework_FR-640x492.png 640w\" sizes=\"auto, (max-width: 639px) 98vw, (max-width: 1199px) 64vw, 770px\" \/><\/p>\n<p>&nbsp;<\/p>\n<p><strong>\u00c9tapes du DLTSE<br \/>\n<\/strong><\/p>\n<p>LeDLTSE 2.0 est un cadre g\u00e9n\u00e9rique adapt\u00e9 du mod\u00e8le de Le sport c&rsquo;est pour la vie, auquel ont \u00e9t\u00e9 ajout\u00e9es deux \u00e9tapes suppl\u00e9mentaires sp\u00e9cifiques \u00e0 l&rsquo;\u00e9quitation.<\/p>\n<p><strong>Quels sont les avantages du DLTSE 2.0 ?<\/strong><\/p>\n<p>Voici quelques exemples des avantages offerts par le DLTSE 2.0 :<\/p>\n<ul>\n<li>Inclusion<\/li>\n<li>Accessibilit\u00e9<\/li>\n<li>Harmonie<\/li>\n<li>Croissance et participation<\/li>\n<\/ul>\n<p><img loading=\"lazy\" decoding=\"async\" class=\"wp-image-18293 size-fp-medium\" src=\"https:\/\/equestrian.ca\/wp-content\/uploads\/2024\/02\/Pony_child-1-e1708023049155-1024x1139.jpg\" alt=\"\" width=\"1024\" height=\"1139\" srcset=\"https:\/\/equestrian.ca\/wp-content\/uploads\/2024\/02\/Pony_child-1-e1708023049155-1024x1139.jpg 1024w, https:\/\/equestrian.ca\/wp-content\/uploads\/2024\/02\/Pony_child-1-e1708023049155-270x300.jpg 270w, https:\/\/equestrian.ca\/wp-content\/uploads\/2024\/02\/Pony_child-1-e1708023049155-920x1024.jpg 920w, https:\/\/equestrian.ca\/wp-content\/uploads\/2024\/02\/Pony_child-1-e1708023049155-768x854.jpg 768w, https:\/\/equestrian.ca\/wp-content\/uploads\/2024\/02\/Pony_child-1-e1708023049155-640x712.jpg 640w, https:\/\/equestrian.ca\/wp-content\/uploads\/2024\/02\/Pony_child-1-e1708023049155-971x1080.jpg 971w, https:\/\/equestrian.ca\/wp-content\/uploads\/2024\/02\/Pony_child-1-e1708023049155.jpg 1066w\" sizes=\"auto, (max-width: 639px) 98vw, (max-width: 1199px) 64vw, 770px\" \/><\/p>\n<p><strong>Qui devrait utiliser le DLTSE 2.0 ?<\/strong><\/p>\n<p>Le DLTSE 2.0 a \u00e9t\u00e9 con\u00e7u pour encourager une approche coh\u00e9rente du d\u00e9veloppement de l&rsquo;athl\u00e8te. Il permet de guider les actions de toutes les personnes impliqu\u00e9es dans le sport \u00e9questre, peu importe leur niveau, leur condition physique ou leurs objectifs.<\/p>\n<ul>\n<li>Les athl\u00e8tes et amateur(-trice)s \u00e9questres<\/li>\n<li>Les parents<\/li>\n<li>Les entra\u00eeneures et entra\u00eeneurs<\/li>\n<li>Les officielles et officiels<\/li>\n<li>Organisation de concours<\/li>\n<\/ul>\n\t\t\t\t\t<\/div>\n\t\t\t\t\t\t\t\t\t\t\t<\/div>\n\t<\/section>\n","protected":false},"excerpt":{"rendered":"","protected":false},"author":8,"featured_media":22785,"parent":26701,"menu_order":0,"comment_status":"closed","ping_status":"closed","template":"","meta":{"_acf_changed":false,"footnotes":""},"class_list":["post-26968","page","type-page","status-publish","has-post-thumbnail","hentry"],"acf":[],"yoast_head":"<!-- This site is optimized with the Yoast SEO plugin v27.0 - https:\/\/yoast.com\/product\/yoast-seo-wordpress\/ -->\n<title>D\u00e9veloppement \u00e0 long terme en sports \u00e9questres - Equestrian Canada<\/title>\n<meta name=\"robots\" content=\"index, follow, max-snippet:-1, max-image-preview:large, max-video-preview:-1\" \/>\n<link rel=\"canonical\" href=\"https:\/\/equestrian.ca\/fr\/community\/long-term-equestrian-development-model\/\" \/>\n<meta property=\"og:locale\" content=\"fr_CA\" \/>\n<meta property=\"og:type\" content=\"article\" \/>\n<meta property=\"og:title\" content=\"D\u00e9veloppement \u00e0 long terme en sports \u00e9questres - Equestrian Canada\" \/>\n<meta property=\"og:url\" content=\"https:\/\/equestrian.ca\/fr\/community\/long-term-equestrian-development-model\/\" \/>\n<meta property=\"og:site_name\" content=\"Equestrian Canada\" \/>\n<meta property=\"article:modified_time\" content=\"2025-07-29T17:58:46+00:00\" \/>\n<meta property=\"og:image\" content=\"https:\/\/equestrian.ca\/wp-content\/uploads\/2024\/02\/web-shelleypaulson_2022_12925-1024x682.jpg\" \/>\n\t<meta property=\"og:image:width\" content=\"1024\" \/>\n\t<meta property=\"og:image:height\" content=\"682\" \/>\n\t<meta property=\"og:image:type\" content=\"image\/jpeg\" \/>\n<meta name=\"twitter:card\" content=\"summary_large_image\" \/>\n<meta name=\"twitter:label1\" content=\"Estimation du temps de lecture\" \/>\n\t<meta name=\"twitter:data1\" content=\"1 minute\" \/>\n<script type=\"application\/ld+json\" class=\"yoast-schema-graph\">{\"@context\":\"https:\/\/schema.org\",\"@graph\":[{\"@type\":\"WebPage\",\"@id\":\"https:\/\/equestrian.ca\/fr\/community\/long-term-equestrian-development-model\/\",\"url\":\"https:\/\/equestrian.ca\/fr\/community\/long-term-equestrian-development-model\/\",\"name\":\"D\u00e9veloppement \u00e0 long terme en sports \u00e9questres - Equestrian Canada\",\"isPartOf\":{\"@id\":\"https:\/\/equestrian.ca\/fr\/#website\"},\"primaryImageOfPage\":{\"@id\":\"https:\/\/equestrian.ca\/fr\/community\/long-term-equestrian-development-model\/#primaryimage\"},\"image\":{\"@id\":\"https:\/\/equestrian.ca\/fr\/community\/long-term-equestrian-development-model\/#primaryimage\"},\"thumbnailUrl\":\"https:\/\/equestrian.ca\/wp-content\/uploads\/2024\/02\/web-shelleypaulson_2022_12925.jpg\",\"datePublished\":\"2023-08-31T19:12:42+00:00\",\"dateModified\":\"2025-07-29T17:58:46+00:00\",\"breadcrumb\":{\"@id\":\"https:\/\/equestrian.ca\/fr\/community\/long-term-equestrian-development-model\/#breadcrumb\"},\"inLanguage\":\"fr-CA\",\"potentialAction\":[{\"@type\":\"ReadAction\",\"target\":[\"https:\/\/equestrian.ca\/fr\/community\/long-term-equestrian-development-model\/\"]}]},{\"@type\":\"ImageObject\",\"inLanguage\":\"fr-CA\",\"@id\":\"https:\/\/equestrian.ca\/fr\/community\/long-term-equestrian-development-model\/#primaryimage\",\"url\":\"https:\/\/equestrian.ca\/wp-content\/uploads\/2024\/02\/web-shelleypaulson_2022_12925.jpg\",\"contentUrl\":\"https:\/\/equestrian.ca\/wp-content\/uploads\/2024\/02\/web-shelleypaulson_2022_12925.jpg\",\"width\":1600,\"height\":1066,\"caption\":\"Riding, English, Youth\"},{\"@type\":\"BreadcrumbList\",\"@id\":\"https:\/\/equestrian.ca\/fr\/community\/long-term-equestrian-development-model\/#breadcrumb\",\"itemListElement\":[{\"@type\":\"ListItem\",\"position\":1,\"name\":\"Home\",\"item\":\"https:\/\/equestrian.ca\/fr\/\"},{\"@type\":\"ListItem\",\"position\":2,\"name\":\"Communaut\u00e9\",\"item\":\"https:\/\/equestrian.ca\/fr\/community\/\"},{\"@type\":\"ListItem\",\"position\":3,\"name\":\"D\u00e9veloppement \u00e0 long terme en sports \u00e9questres\"}]},{\"@type\":\"WebSite\",\"@id\":\"https:\/\/equestrian.ca\/fr\/#website\",\"url\":\"https:\/\/equestrian.ca\/fr\/\",\"name\":\"Equestrian Canada\",\"description\":\"For the love of horses and sport for life.\",\"potentialAction\":[{\"@type\":\"SearchAction\",\"target\":{\"@type\":\"EntryPoint\",\"urlTemplate\":\"https:\/\/equestrian.ca\/fr\/?s={search_term_string}\"},\"query-input\":{\"@type\":\"PropertyValueSpecification\",\"valueRequired\":true,\"valueName\":\"search_term_string\"}}],\"inLanguage\":\"fr-CA\"}]}<\/script>\n<!-- \/ Yoast SEO plugin. -->","yoast_head_json":{"title":"D\u00e9veloppement \u00e0 long terme en sports \u00e9questres - Equestrian Canada","robots":{"index":"index","follow":"follow","max-snippet":"max-snippet:-1","max-image-preview":"max-image-preview:large","max-video-preview":"max-video-preview:-1"},"canonical":"https:\/\/equestrian.ca\/fr\/community\/long-term-equestrian-development-model\/","og_locale":"fr_CA","og_type":"article","og_title":"D\u00e9veloppement \u00e0 long terme en sports \u00e9questres - Equestrian Canada","og_url":"https:\/\/equestrian.ca\/fr\/community\/long-term-equestrian-development-model\/","og_site_name":"Equestrian Canada","article_modified_time":"2025-07-29T17:58:46+00:00","og_image":[{"width":1024,"height":682,"url":"https:\/\/equestrian.ca\/wp-content\/uploads\/2024\/02\/web-shelleypaulson_2022_12925-1024x682.jpg","type":"image\/jpeg"}],"twitter_card":"summary_large_image","twitter_misc":{"Estimation du temps de lecture":"1 minute"},"schema":{"@context":"https:\/\/schema.org","@graph":[{"@type":"WebPage","@id":"https:\/\/equestrian.ca\/fr\/community\/long-term-equestrian-development-model\/","url":"https:\/\/equestrian.ca\/fr\/community\/long-term-equestrian-development-model\/","name":"D\u00e9veloppement \u00e0 long terme en sports \u00e9questres - Equestrian Canada","isPartOf":{"@id":"https:\/\/equestrian.ca\/fr\/#website"},"primaryImageOfPage":{"@id":"https:\/\/equestrian.ca\/fr\/community\/long-term-equestrian-development-model\/#primaryimage"},"image":{"@id":"https:\/\/equestrian.ca\/fr\/community\/long-term-equestrian-development-model\/#primaryimage"},"thumbnailUrl":"https:\/\/equestrian.ca\/wp-content\/uploads\/2024\/02\/web-shelleypaulson_2022_12925.jpg","datePublished":"2023-08-31T19:12:42+00:00","dateModified":"2025-07-29T17:58:46+00:00","breadcrumb":{"@id":"https:\/\/equestrian.ca\/fr\/community\/long-term-equestrian-development-model\/#breadcrumb"},"inLanguage":"fr-CA","potentialAction":[{"@type":"ReadAction","target":["https:\/\/equestrian.ca\/fr\/community\/long-term-equestrian-development-model\/"]}]},{"@type":"ImageObject","inLanguage":"fr-CA","@id":"https:\/\/equestrian.ca\/fr\/community\/long-term-equestrian-development-model\/#primaryimage","url":"https:\/\/equestrian.ca\/wp-content\/uploads\/2024\/02\/web-shelleypaulson_2022_12925.jpg","contentUrl":"https:\/\/equestrian.ca\/wp-content\/uploads\/2024\/02\/web-shelleypaulson_2022_12925.jpg","width":1600,"height":1066,"caption":"Riding, English, Youth"},{"@type":"BreadcrumbList","@id":"https:\/\/equestrian.ca\/fr\/community\/long-term-equestrian-development-model\/#breadcrumb","itemListElement":[{"@type":"ListItem","position":1,"name":"Home","item":"https:\/\/equestrian.ca\/fr\/"},{"@type":"ListItem","position":2,"name":"Communaut\u00e9","item":"https:\/\/equestrian.ca\/fr\/community\/"},{"@type":"ListItem","position":3,"name":"D\u00e9veloppement \u00e0 long terme en sports \u00e9questres"}]},{"@type":"WebSite","@id":"https:\/\/equestrian.ca\/fr\/#website","url":"https:\/\/equestrian.ca\/fr\/","name":"Equestrian Canada","description":"For the love of horses and sport for life.","potentialAction":[{"@type":"SearchAction","target":{"@type":"EntryPoint","urlTemplate":"https:\/\/equestrian.ca\/fr\/?s={search_term_string}"},"query-input":{"@type":"PropertyValueSpecification","valueRequired":true,"valueName":"search_term_string"}}],"inLanguage":"fr-CA"}]}},"_links":{"self":[{"href":"https:\/\/equestrian.ca\/fr\/wp-json\/wp\/v2\/pages\/26968","targetHints":{"allow":["GET"]}}],"collection":[{"href":"https:\/\/equestrian.ca\/fr\/wp-json\/wp\/v2\/pages"}],"about":[{"href":"https:\/\/equestrian.ca\/fr\/wp-json\/wp\/v2\/types\/page"}],"author":[{"embeddable":true,"href":"https:\/\/equestrian.ca\/fr\/wp-json\/wp\/v2\/users\/8"}],"replies":[{"embeddable":true,"href":"https:\/\/equestrian.ca\/fr\/wp-json\/wp\/v2\/comments?post=26968"}],"version-history":[{"count":4,"href":"https:\/\/equestrian.ca\/fr\/wp-json\/wp\/v2\/pages\/26968\/revisions"}],"predecessor-version":[{"id":34415,"href":"https:\/\/equestrian.ca\/fr\/wp-json\/wp\/v2\/pages\/26968\/revisions\/34415"}],"up":[{"embeddable":true,"href":"https:\/\/equestrian.ca\/fr\/wp-json\/wp\/v2\/pages\/26701"}],"wp:featuredmedia":[{"embeddable":true,"href":"https:\/\/equestrian.ca\/fr\/wp-json\/wp\/v2\/media\/22785"}],"wp:attachment":[{"href":"https:\/\/equestrian.ca\/fr\/wp-json\/wp\/v2\/media?parent=26968"}],"curies":[{"name":"wp","href":"https:\/\/api.w.org\/{rel}","templated":true}]}}