{"id":26966,"date":"2023-08-31T18:45:23","date_gmt":"2023-08-31T18:45:23","guid":{"rendered":"https:\/\/equestrian.ca\/community\/get-started\/learn-to-ride-drive\/"},"modified":"2024-04-09T15:03:25","modified_gmt":"2024-04-09T15:03:25","slug":"learn-to-ride-drive","status":"publish","type":"page","link":"https:\/\/equestrian.ca\/fr\/community\/get-started\/learn-to-ride-drive\/","title":{"rendered":"Apprentissage de l&rsquo;\u00e9quitation et de l&rsquo;attelage"},"content":{"rendered":"\n\t<section id=\"\" data-is-jumplink=\"false\" data-title=\"\" class=\"ra-block block-column-text anchor-link-section \">\n\t\t\t\t<div class='row'>\n\t\t\t\t\t\t\t\t\t\t\t\t\t\t<div class='col-12 col-md-12 content-column wysiwyg-content'>\n\t\t\t\t\t\t<p>Les Programmes d&rsquo;apprentissage de l&rsquo;\u00e9quitation et de l&rsquo;attelage de Canada \u00c9questre (CE) permettent aux personnes de tous \u00e2ges d&rsquo;apprendre les meilleures pratiques pour manipuler, monter ou atteler des chevaux de fa\u00e7on s\u00e9curitaire, tout en s&rsquo;amusant.<\/p>\n<p>Les cavali\u00e8res et les cavaliers de tout \u00e2ge et de tout niveau exp\u00e9rience sont encourag\u00e9s \u00e0 s&rsquo;impliquer dans ces programmes. Les Programmes d&rsquo;apprentissage de l&rsquo;\u00e9quitation et de l&rsquo;attelage et le programme Apprenti cavalier(-\u00e8re)s correspondent \u00e0 la matrice de d\u00e9veloppement \u00e9questre \u00e0 long terme de CE, en favorisant le d\u00e9veloppement des comp\u00e9tences fondamentales en sport \u00e9questre et en \u00e9tablissant une base solide pour soutenir les athl\u00e8tes, que ce soit pour la comp\u00e9tition ou le loisir.<\/p>\n<p>Les Programmes d&rsquo;apprentissage de l&rsquo;\u00e9quitation et de l&rsquo;attelage servent \u00e9galement de base au Programme de statut d&rsquo;entra\u00eeneur(e) de CE.<\/p>\n<p><img loading=\"lazy\" decoding=\"async\" class=\"wp-image-18277 size-fp-medium\" src=\"https:\/\/equestrian.ca\/wp-content\/uploads\/2024\/02\/iStock-172407406-1024x703.jpg\" alt=\"\" width=\"1024\" height=\"703\" srcset=\"https:\/\/equestrian.ca\/wp-content\/uploads\/2024\/02\/iStock-172407406-1024x703.jpg 1024w, https:\/\/equestrian.ca\/wp-content\/uploads\/2024\/02\/iStock-172407406-300x206.jpg 300w, https:\/\/equestrian.ca\/wp-content\/uploads\/2024\/02\/iStock-172407406-768x528.jpg 768w, https:\/\/equestrian.ca\/wp-content\/uploads\/2024\/02\/iStock-172407406-1536x1055.jpg 1536w, https:\/\/equestrian.ca\/wp-content\/uploads\/2024\/02\/iStock-172407406-2048x1407.jpg 2048w, https:\/\/equestrian.ca\/wp-content\/uploads\/2024\/02\/iStock-172407406-640x440.jpg 640w, https:\/\/equestrian.ca\/wp-content\/uploads\/2024\/02\/iStock-172407406-1200x824.jpg 1200w, https:\/\/equestrian.ca\/wp-content\/uploads\/2024\/02\/iStock-172407406-1920x1319.jpg 1920w, https:\/\/equestrian.ca\/wp-content\/uploads\/2024\/02\/iStock-172407406-1440x989.jpg 1440w, https:\/\/equestrian.ca\/wp-content\/uploads\/2024\/02\/iStock-172407406-1572x1080.jpg 1572w\" sizes=\"auto, (max-width: 639px) 98vw, (max-width: 1199px) 64vw, 770px\" \/><\/p>\n<figure id=\"attachment_18277\" class=\"wp-caption alignnone\" aria-describedby=\"caption-attachment-18277\"><figcaption id=\"caption-attachment-18277\" class=\"wp-caption-text\">VOLETS<\/figcaption><\/figure>\n<p><strong>Apprentissage de l&rsquo;\u00e9quitation classique<\/strong><br \/>\nLes \u00e9l\u00e8ves peuvent obtenir les niveaux 1 \u00e0 10 du Programme d&rsquo;apprentissage de l&rsquo;\u00e9quitation classique. Chaque niveau n\u00e9cessite un examen \u00e9crit et une \u00e9valuation pratique avec une phase de r\u00e9gie d&rsquo;\u00e9curie et une phase d&rsquo;\u00e9quitation. Les niveaux 3 et plus comprennent \u00e9galement une phase de saut d&rsquo;obstacles facultative.<\/p>\n<p><strong>Learn to Ride \u2013 Western<\/strong><br \/>\nWestern riders can achieve Levels 1 through 4, and Western Intermediate Rider. Each level requires a written exam and a practical assessment with a Stable Management phase and a Riding phase.<\/p>\n<p><strong>Apprentissage de l&rsquo;attelage<\/strong><br \/>\nLes \u00e9l\u00e8ves peuvent obtenir la certification du Programme d&rsquo;apprentissage de l&rsquo;attelage par le biais d&rsquo;un parcours d&rsquo;\u00e9valuation en 12 \u00e9tapes.<\/p>\n<p><img loading=\"lazy\" decoding=\"async\" class=\"wp-image-17869 size-fp-medium\" src=\"https:\/\/equestrian.ca\/wp-content\/uploads\/2024\/02\/web-shelleypaulson_2022_12912-1024x682.jpg\" alt=\"\" width=\"1024\" height=\"682\" srcset=\"https:\/\/equestrian.ca\/wp-content\/uploads\/2024\/02\/web-shelleypaulson_2022_12912-1024x682.jpg 1024w, https:\/\/equestrian.ca\/wp-content\/uploads\/2024\/02\/web-shelleypaulson_2022_12912-300x200.jpg 300w, https:\/\/equestrian.ca\/wp-content\/uploads\/2024\/02\/web-shelleypaulson_2022_12912-768x512.jpg 768w, https:\/\/equestrian.ca\/wp-content\/uploads\/2024\/02\/web-shelleypaulson_2022_12912-1536x1023.jpg 1536w, https:\/\/equestrian.ca\/wp-content\/uploads\/2024\/02\/web-shelleypaulson_2022_12912-640x426.jpg 640w, https:\/\/equestrian.ca\/wp-content\/uploads\/2024\/02\/web-shelleypaulson_2022_12912-1200x800.jpg 1200w, https:\/\/equestrian.ca\/wp-content\/uploads\/2024\/02\/web-shelleypaulson_2022_12912-1440x959.jpg 1440w, https:\/\/equestrian.ca\/wp-content\/uploads\/2024\/02\/web-shelleypaulson_2022_12912.jpg 1600w\" sizes=\"auto, (max-width: 639px) 98vw, (max-width: 1199px) 64vw, 770px\" \/><\/p>\n<h2>COMMENCER<\/h2>\n<p><span class=\"ui-provider a b c d e f g h i j k l m n o p q r s t u v w x y z ab ac ae af ag ah ai aj ak\" dir=\"ltr\">Learn to Ride\/Drive is administered by the\u00a0<a title=\"Partenaires provinciaux\/territoriaux\" href=\"https:\/\/equestrian.ca\/fr\/communaut%C3%A9\/get-involved\/provincial-territorial-partners\/\">Provincial and Territorial Sport Organizations<\/a>\u00a0(PTSOs) and is led by EC NCCP Certified Instructors and Coaches. Learn to Ride\/Drive and Stable Management manuals can be purchased through your PTSO or through the\u00a0<a href=\"https:\/\/equestrian-canada.myshopify.com\/collections\/all\" target=\"_blank\" rel=\"noopener\">Equestrian Canada E-Store<\/a>.<\/span><\/p>\n<p>EC is committed to ensuring all its published materials present a high national standard for horse welfare. In 2023, EC began an ongoing process of rebuilding the Learn to Ride and Drive and Stable Management materials, including manuals, evaluations, and rubrics. The purpose of this addendum is to address outdated content in the currently circulating Learn to Ride\/Drive and Stable Management materials while new materials are being developed. Download your free copy here:\u00a0<a title=\"Learn to Ride\/Drive and Stable Management Content Addendum\" href=\"https:\/\/equestrian.ca\/resource\/learn-to-ride-drive-and-stable-management-content-addendum\/\" target=\"_blank\" rel=\"noopener\">Learn to Ride\/Drive and Stable Management Content Addendum \u2013 December 2023<\/a><\/p>\n<p>Ready to start honing your skills and knowledge and working toward rider\/driver certification? Contact your\u00a0<a title=\"Partenaires provinciaux\/territoriaux\" href=\"https:\/\/equestrian.ca\/fr\/communaut%C3%A9\/get-involved\/provincial-territorial-partners\/\" target=\"_blank\" rel=\"noopener\">PTSO today<\/a>!<\/p>\n<p><img loading=\"lazy\" decoding=\"async\" class=\"alignnone wp-image-16267 size-fp-medium\" src=\"https:\/\/equestrian.ca\/wp-content\/uploads\/2024\/02\/web-shelleypaulson_2016_1086-1024x682.jpg\" alt=\"\" width=\"1024\" height=\"682\" srcset=\"https:\/\/equestrian.ca\/wp-content\/uploads\/2024\/02\/web-shelleypaulson_2016_1086-1024x682.jpg 1024w, https:\/\/equestrian.ca\/wp-content\/uploads\/2024\/02\/web-shelleypaulson_2016_1086-300x200.jpg 300w, https:\/\/equestrian.ca\/wp-content\/uploads\/2024\/02\/web-shelleypaulson_2016_1086-768x512.jpg 768w, https:\/\/equestrian.ca\/wp-content\/uploads\/2024\/02\/web-shelleypaulson_2016_1086-1536x1023.jpg 1536w, https:\/\/equestrian.ca\/wp-content\/uploads\/2024\/02\/web-shelleypaulson_2016_1086-640x426.jpg 640w, https:\/\/equestrian.ca\/wp-content\/uploads\/2024\/02\/web-shelleypaulson_2016_1086-1200x800.jpg 1200w, https:\/\/equestrian.ca\/wp-content\/uploads\/2024\/02\/web-shelleypaulson_2016_1086-1440x959.jpg 1440w, https:\/\/equestrian.ca\/wp-content\/uploads\/2024\/02\/web-shelleypaulson_2016_1086.jpg 1600w\" sizes=\"auto, (max-width: 639px) 98vw, (max-width: 1199px) 64vw, 770px\" \/><\/p>\n\t\t\t\t\t<\/div>\n\t\t\t\t\t\t\t\t\t\t\t<\/div>\n\t<\/section>\n","protected":false},"excerpt":{"rendered":"","protected":false},"author":8,"featured_media":22820,"parent":26702,"menu_order":0,"comment_status":"closed","ping_status":"closed","template":"","meta":{"_acf_changed":false,"footnotes":""},"class_list":["post-26966","page","type-page","status-publish","has-post-thumbnail","hentry"],"acf":[],"yoast_head":"<!-- This site is optimized with the Yoast SEO plugin v27.0 - https:\/\/yoast.com\/product\/yoast-seo-wordpress\/ -->\n<title>Apprentissage de l&#039;\u00e9quitation et de l&#039;attelage - Equestrian Canada<\/title>\n<meta name=\"robots\" content=\"index, follow, max-snippet:-1, max-image-preview:large, max-video-preview:-1\" \/>\n<link rel=\"canonical\" href=\"https:\/\/equestrian.ca\/fr\/community\/get-started\/learn-to-ride-drive\/\" \/>\n<meta property=\"og:locale\" content=\"fr_CA\" \/>\n<meta property=\"og:type\" content=\"article\" \/>\n<meta property=\"og:title\" content=\"Apprentissage de l&#039;\u00e9quitation et de l&#039;attelage - Equestrian Canada\" \/>\n<meta property=\"og:url\" content=\"https:\/\/equestrian.ca\/fr\/community\/get-started\/learn-to-ride-drive\/\" \/>\n<meta property=\"og:site_name\" content=\"Equestrian Canada\" \/>\n<meta property=\"article:modified_time\" content=\"2024-04-09T15:03:25+00:00\" \/>\n<meta property=\"og:image\" content=\"https:\/\/equestrian.ca\/wp-content\/uploads\/2024\/02\/iStock-1367145282_edited.jpg\" \/>\n\t<meta property=\"og:image:width\" content=\"2121\" \/>\n\t<meta property=\"og:image:height\" content=\"1414\" \/>\n\t<meta property=\"og:image:type\" content=\"image\/jpeg\" \/>\n<meta name=\"twitter:card\" content=\"summary_large_image\" \/>\n<meta name=\"twitter:label1\" content=\"Estimation du temps de lecture\" \/>\n\t<meta name=\"twitter:data1\" content=\"1 minute\" \/>\n<script type=\"application\/ld+json\" class=\"yoast-schema-graph\">{\"@context\":\"https:\/\/schema.org\",\"@graph\":[{\"@type\":\"WebPage\",\"@id\":\"https:\/\/equestrian.ca\/fr\/community\/get-started\/learn-to-ride-drive\/\",\"url\":\"https:\/\/equestrian.ca\/fr\/community\/get-started\/learn-to-ride-drive\/\",\"name\":\"Apprentissage de l'\u00e9quitation et de l'attelage - Equestrian Canada\",\"isPartOf\":{\"@id\":\"https:\/\/equestrian.ca\/fr\/#website\"},\"primaryImageOfPage\":{\"@id\":\"https:\/\/equestrian.ca\/fr\/community\/get-started\/learn-to-ride-drive\/#primaryimage\"},\"image\":{\"@id\":\"https:\/\/equestrian.ca\/fr\/community\/get-started\/learn-to-ride-drive\/#primaryimage\"},\"thumbnailUrl\":\"https:\/\/equestrian.ca\/wp-content\/uploads\/2024\/02\/iStock-1367145282_edited.jpg\",\"datePublished\":\"2023-08-31T18:45:23+00:00\",\"dateModified\":\"2024-04-09T15:03:25+00:00\",\"breadcrumb\":{\"@id\":\"https:\/\/equestrian.ca\/fr\/community\/get-started\/learn-to-ride-drive\/#breadcrumb\"},\"inLanguage\":\"fr-CA\",\"potentialAction\":[{\"@type\":\"ReadAction\",\"target\":[\"https:\/\/equestrian.ca\/fr\/community\/get-started\/learn-to-ride-drive\/\"]}]},{\"@type\":\"ImageObject\",\"inLanguage\":\"fr-CA\",\"@id\":\"https:\/\/equestrian.ca\/fr\/community\/get-started\/learn-to-ride-drive\/#primaryimage\",\"url\":\"https:\/\/equestrian.ca\/wp-content\/uploads\/2024\/02\/iStock-1367145282_edited.jpg\",\"contentUrl\":\"https:\/\/equestrian.ca\/wp-content\/uploads\/2024\/02\/iStock-1367145282_edited.jpg\",\"width\":2121,\"height\":1414,\"caption\":\"Equestrian sport. Dressage background. Animals in sport.\"},{\"@type\":\"BreadcrumbList\",\"@id\":\"https:\/\/equestrian.ca\/fr\/community\/get-started\/learn-to-ride-drive\/#breadcrumb\",\"itemListElement\":[{\"@type\":\"ListItem\",\"position\":1,\"name\":\"Home\",\"item\":\"https:\/\/equestrian.ca\/fr\/\"},{\"@type\":\"ListItem\",\"position\":2,\"name\":\"Communaut\u00e9\",\"item\":\"https:\/\/equestrian.ca\/fr\/community\/\"},{\"@type\":\"ListItem\",\"position\":3,\"name\":\"Par o\u00f9 commencer\",\"item\":\"https:\/\/equestrian.ca\/fr\/community\/get-started\/\"},{\"@type\":\"ListItem\",\"position\":4,\"name\":\"Apprentissage de l&#8217;\u00e9quitation et de l&#8217;attelage\"}]},{\"@type\":\"WebSite\",\"@id\":\"https:\/\/equestrian.ca\/fr\/#website\",\"url\":\"https:\/\/equestrian.ca\/fr\/\",\"name\":\"Equestrian Canada\",\"description\":\"For the love of horses and sport for life.\",\"potentialAction\":[{\"@type\":\"SearchAction\",\"target\":{\"@type\":\"EntryPoint\",\"urlTemplate\":\"https:\/\/equestrian.ca\/fr\/?s={search_term_string}\"},\"query-input\":{\"@type\":\"PropertyValueSpecification\",\"valueRequired\":true,\"valueName\":\"search_term_string\"}}],\"inLanguage\":\"fr-CA\"}]}<\/script>\n<!-- \/ Yoast SEO plugin. -->","yoast_head_json":{"title":"Apprentissage de l'\u00e9quitation et de l'attelage - Equestrian Canada","robots":{"index":"index","follow":"follow","max-snippet":"max-snippet:-1","max-image-preview":"max-image-preview:large","max-video-preview":"max-video-preview:-1"},"canonical":"https:\/\/equestrian.ca\/fr\/community\/get-started\/learn-to-ride-drive\/","og_locale":"fr_CA","og_type":"article","og_title":"Apprentissage de l'\u00e9quitation et de l'attelage - Equestrian Canada","og_url":"https:\/\/equestrian.ca\/fr\/community\/get-started\/learn-to-ride-drive\/","og_site_name":"Equestrian Canada","article_modified_time":"2024-04-09T15:03:25+00:00","og_image":[{"width":2121,"height":1414,"url":"https:\/\/equestrian.ca\/wp-content\/uploads\/2024\/02\/iStock-1367145282_edited.jpg","type":"image\/jpeg"}],"twitter_card":"summary_large_image","twitter_misc":{"Estimation du temps de lecture":"1 minute"},"schema":{"@context":"https:\/\/schema.org","@graph":[{"@type":"WebPage","@id":"https:\/\/equestrian.ca\/fr\/community\/get-started\/learn-to-ride-drive\/","url":"https:\/\/equestrian.ca\/fr\/community\/get-started\/learn-to-ride-drive\/","name":"Apprentissage de l'\u00e9quitation et de l'attelage - Equestrian Canada","isPartOf":{"@id":"https:\/\/equestrian.ca\/fr\/#website"},"primaryImageOfPage":{"@id":"https:\/\/equestrian.ca\/fr\/community\/get-started\/learn-to-ride-drive\/#primaryimage"},"image":{"@id":"https:\/\/equestrian.ca\/fr\/community\/get-started\/learn-to-ride-drive\/#primaryimage"},"thumbnailUrl":"https:\/\/equestrian.ca\/wp-content\/uploads\/2024\/02\/iStock-1367145282_edited.jpg","datePublished":"2023-08-31T18:45:23+00:00","dateModified":"2024-04-09T15:03:25+00:00","breadcrumb":{"@id":"https:\/\/equestrian.ca\/fr\/community\/get-started\/learn-to-ride-drive\/#breadcrumb"},"inLanguage":"fr-CA","potentialAction":[{"@type":"ReadAction","target":["https:\/\/equestrian.ca\/fr\/community\/get-started\/learn-to-ride-drive\/"]}]},{"@type":"ImageObject","inLanguage":"fr-CA","@id":"https:\/\/equestrian.ca\/fr\/community\/get-started\/learn-to-ride-drive\/#primaryimage","url":"https:\/\/equestrian.ca\/wp-content\/uploads\/2024\/02\/iStock-1367145282_edited.jpg","contentUrl":"https:\/\/equestrian.ca\/wp-content\/uploads\/2024\/02\/iStock-1367145282_edited.jpg","width":2121,"height":1414,"caption":"Equestrian sport. Dressage background. Animals in sport."},{"@type":"BreadcrumbList","@id":"https:\/\/equestrian.ca\/fr\/community\/get-started\/learn-to-ride-drive\/#breadcrumb","itemListElement":[{"@type":"ListItem","position":1,"name":"Home","item":"https:\/\/equestrian.ca\/fr\/"},{"@type":"ListItem","position":2,"name":"Communaut\u00e9","item":"https:\/\/equestrian.ca\/fr\/community\/"},{"@type":"ListItem","position":3,"name":"Par o\u00f9 commencer","item":"https:\/\/equestrian.ca\/fr\/community\/get-started\/"},{"@type":"ListItem","position":4,"name":"Apprentissage de l&#8217;\u00e9quitation et de l&#8217;attelage"}]},{"@type":"WebSite","@id":"https:\/\/equestrian.ca\/fr\/#website","url":"https:\/\/equestrian.ca\/fr\/","name":"Equestrian Canada","description":"For the love of horses and sport for life.","potentialAction":[{"@type":"SearchAction","target":{"@type":"EntryPoint","urlTemplate":"https:\/\/equestrian.ca\/fr\/?s={search_term_string}"},"query-input":{"@type":"PropertyValueSpecification","valueRequired":true,"valueName":"search_term_string"}}],"inLanguage":"fr-CA"}]}},"_links":{"self":[{"href":"https:\/\/equestrian.ca\/fr\/wp-json\/wp\/v2\/pages\/26966","targetHints":{"allow":["GET"]}}],"collection":[{"href":"https:\/\/equestrian.ca\/fr\/wp-json\/wp\/v2\/pages"}],"about":[{"href":"https:\/\/equestrian.ca\/fr\/wp-json\/wp\/v2\/types\/page"}],"author":[{"embeddable":true,"href":"https:\/\/equestrian.ca\/fr\/wp-json\/wp\/v2\/users\/8"}],"replies":[{"embeddable":true,"href":"https:\/\/equestrian.ca\/fr\/wp-json\/wp\/v2\/comments?post=26966"}],"version-history":[{"count":1,"href":"https:\/\/equestrian.ca\/fr\/wp-json\/wp\/v2\/pages\/26966\/revisions"}],"predecessor-version":[{"id":26975,"href":"https:\/\/equestrian.ca\/fr\/wp-json\/wp\/v2\/pages\/26966\/revisions\/26975"}],"up":[{"embeddable":true,"href":"https:\/\/equestrian.ca\/fr\/wp-json\/wp\/v2\/pages\/26702"}],"wp:featuredmedia":[{"embeddable":true,"href":"https:\/\/equestrian.ca\/fr\/wp-json\/wp\/v2\/media\/22820"}],"wp:attachment":[{"href":"https:\/\/equestrian.ca\/fr\/wp-json\/wp\/v2\/media?parent=26966"}],"curies":[{"name":"wp","href":"https:\/\/api.w.org\/{rel}","templated":true}]}}