{"id":26965,"date":"2023-08-31T19:09:12","date_gmt":"2023-08-31T19:09:12","guid":{"rendered":"https:\/\/equestrian.ca\/community\/rookie-riders\/"},"modified":"2024-04-09T14:57:59","modified_gmt":"2024-04-09T14:57:59","slug":"rookie-riders","status":"publish","type":"page","link":"https:\/\/equestrian.ca\/fr\/community\/rookie-riders\/","title":{"rendered":"Apprentis cavalier(-\u00e8re)s"},"content":{"rendered":"\n\t<section id=\"\" data-is-jumplink=\"false\" data-title=\"\" class=\"ra-block block-column-text anchor-link-section \">\n\t\t\t\t\t<h2 class='title'>Aucune exp\u00e9rience \u00e9questre n&rsquo;est requise<\/h2>\n\t\t\t\t<div class='row'>\n\t\t\t\t\t\t\t\t\t\t\t\t\t\t<div class='col-12 col-md-12 content-column wysiwyg-content'>\n\t\t\t\t\t\t<p>Le programme Apprenti cavalier(-\u00e8re)s est sp\u00e9cialement con\u00e7u pour enseigner les comp\u00e9tences fondamentales n\u00e9cessaires pour monter \u00e0 cheval en toute s\u00e9curit\u00e9 AVANT d&rsquo;\u00eatre pr\u00e9sent\u00e9 \u00e0 un cheval pour la premi\u00e8re fois !<\/p>\n<p><strong>Le programme a \u00e9t\u00e9 con\u00e7u en collaboration avec des experts en litt\u00e9ratie physique et en d\u00e9veloppement \u00e9questre. Il comprend les \u00e9l\u00e9ments suivants :<br \/>\n<\/strong><\/p>\n<ul>\n<li>Des activit\u00e9s et des jeux inspir\u00e9s par les chevaux<\/li>\n<li>Les comp\u00e9tences au sol<\/li>\n<li>Un baril d&rsquo;\u00e9quitation<\/li>\n<li>Une s\u00e9rie d&rsquo;exemples de plans de cours, accompagn\u00e9s de vid\u00e9os et d&rsquo;instructions \u00e9crites, h\u00e9berg\u00e9s sur une plateforme interactive pour aider les \u00e9l\u00e8ves \u00e0 progresser.<\/li>\n<\/ul>\n<p><img loading=\"lazy\" decoding=\"async\" class=\"alignnone wp-image-17830 size-fp-medium\" src=\"https:\/\/equestrian.ca\/wp-content\/uploads\/2024\/02\/RR-Boot-Camp-March-2019-Andree-Anne-Brunet-Photography-11-1024x683.jpg\" alt=\"\" width=\"1024\" height=\"683\" srcset=\"https:\/\/equestrian.ca\/wp-content\/uploads\/2024\/02\/RR-Boot-Camp-March-2019-Andree-Anne-Brunet-Photography-11-1024x683.jpg 1024w, https:\/\/equestrian.ca\/wp-content\/uploads\/2024\/02\/RR-Boot-Camp-March-2019-Andree-Anne-Brunet-Photography-11-300x200.jpg 300w, https:\/\/equestrian.ca\/wp-content\/uploads\/2024\/02\/RR-Boot-Camp-March-2019-Andree-Anne-Brunet-Photography-11-768x512.jpg 768w, https:\/\/equestrian.ca\/wp-content\/uploads\/2024\/02\/RR-Boot-Camp-March-2019-Andree-Anne-Brunet-Photography-11-1536x1024.jpg 1536w, https:\/\/equestrian.ca\/wp-content\/uploads\/2024\/02\/RR-Boot-Camp-March-2019-Andree-Anne-Brunet-Photography-11-2048x1365.jpg 2048w, https:\/\/equestrian.ca\/wp-content\/uploads\/2024\/02\/RR-Boot-Camp-March-2019-Andree-Anne-Brunet-Photography-11-640x427.jpg 640w, https:\/\/equestrian.ca\/wp-content\/uploads\/2024\/02\/RR-Boot-Camp-March-2019-Andree-Anne-Brunet-Photography-11-1200x800.jpg 1200w, https:\/\/equestrian.ca\/wp-content\/uploads\/2024\/02\/RR-Boot-Camp-March-2019-Andree-Anne-Brunet-Photography-11-1920x1280.jpg 1920w, https:\/\/equestrian.ca\/wp-content\/uploads\/2024\/02\/RR-Boot-Camp-March-2019-Andree-Anne-Brunet-Photography-11-1440x960.jpg 1440w, https:\/\/equestrian.ca\/wp-content\/uploads\/2024\/02\/RR-Boot-Camp-March-2019-Andree-Anne-Brunet-Photography-11-1620x1080.jpg 1620w\" sizes=\"auto, (max-width: 639px) 98vw, (max-width: 1199px) 64vw, 770px\" \/><\/p>\n<p>Les enfants acqui\u00e8rent une combinaison de comp\u00e9tences et d&rsquo;exp\u00e9rience par le biais d&rsquo;activit\u00e9s et de jeux dans le cadre d&rsquo;une introduction \u00e0 l&rsquo;\u00e9quitation, en commen\u00e7ant par le sol, puis en montant sur un baril et enfin sur un cheval.<\/p>\n<p>Le programme Apprenti cavalier(-\u00e8re)s pr\u00e9pare les \u00e9l\u00e8ves \u00e0 leurs premi\u00e8res le\u00e7ons d&rsquo;\u00e9quitation avant m\u00eame d&rsquo;avoir mis les pieds dans une \u00e9curie. Il est con\u00e7u pour les aider \u00e0 compl\u00e9ter le niveau 1 du Programme d&rsquo;apprentissage de l&rsquo;\u00e9quitation classique et western de Canada \u00c9questre.<\/p>\n\t\t\t\t\t<\/div>\n\t\t\t\t\t\t\t\t\t\t\t<\/div>\n\t<\/section>\n\n\n\n\t<section id=\"\" data-is-jumplink=\"false\" data-title=\"\" class=\"ra-block block-column-text anchor-link-section \">\n\t\t\t\t\t<h2 class='title'>Apprentis cavalier(-\u00e8re)s<\/h2>\n\t\t\t\t<div class='row'>\n\t\t\t\t\t\t\t\t\t\t\t\t\t\t<div class='col-12 col-md-12 content-column wysiwyg-content'>\n\t\t\t\t\t\t<div style=\"width: 1280px;\" class=\"wp-video\"><video class=\"wp-video-shortcode\" id=\"video-26965-1\" width=\"1280\" height=\"720\" preload=\"metadata\" controls=\"controls\"><source type=\"video\/mp4\" src=\"https:\/\/equestrian.ca\/wp-content\/uploads\/2024\/02\/Rookie-Riders-Promotional-Video-2.mp4?_=1\" \/><a href=\"https:\/\/equestrian.ca\/wp-content\/uploads\/2024\/02\/Rookie-Riders-Promotional-Video-2.mp4\">https:\/\/equestrian.ca\/wp-content\/uploads\/2024\/02\/Rookie-Riders-Promotional-Video-2.mp4<\/a><\/video><\/div>\n\t\t\t\t\t<\/div>\n\t\t\t\t\t\t\t\t\t\t\t<\/div>\n\t<\/section>\n\n\n\n\t<section id=\"\" data-is-jumplink=\"false\" data-title=\"\" class=\"ra-block block-column-text anchor-link-section \">\n\t\t\t\t\t<h2 class='title'>Les \u00e9l\u00e8ves apprennent&#8230;<\/h2>\n\t\t\t\t<div class='row'>\n\t\t\t\t\t\t\t\t\t\t\t\t\t\t<div class='col-12 col-md-12 content-column wysiwyg-content'>\n\t\t\t\t\t\t<p><strong>Des habilet\u00e9s \u00e9questres<br \/>\n<\/strong><em><br \/>\n<\/em><\/p>\n<ul>\n<li>Apprendre \u00e0 conna\u00eetre les chevaux et \u00e0 interagir avec eux en toute s\u00e9curit\u00e9.<\/li>\n<\/ul>\n<p><strong>Des comp\u00e9tences fondamentales en mati\u00e8re de mouvement<\/strong><\/p>\n<ul>\n<li>D\u00e9velopper les comp\u00e9tences fondamentales du mouvement n\u00e9cessaires \u00e0 la pratique de l&rsquo;\u00e9quitation en faisant participer les \u00e9l\u00e8ves \u00e0 des activit\u00e9s individuelles et collectives sur le plan physique, mental et \u00e9motionnel.<\/li>\n<\/ul>\n<p><img loading=\"lazy\" decoding=\"async\" class=\"alignnone wp-image-17828 size-fp-medium\" src=\"https:\/\/equestrian.ca\/wp-content\/uploads\/2024\/02\/RR-Boot-Camp-March-2019-Andree-Anne-Brunet-Photography-7-1024x683.jpg\" alt=\"\" width=\"1024\" height=\"683\" srcset=\"https:\/\/equestrian.ca\/wp-content\/uploads\/2024\/02\/RR-Boot-Camp-March-2019-Andree-Anne-Brunet-Photography-7-1024x683.jpg 1024w, https:\/\/equestrian.ca\/wp-content\/uploads\/2024\/02\/RR-Boot-Camp-March-2019-Andree-Anne-Brunet-Photography-7-300x200.jpg 300w, https:\/\/equestrian.ca\/wp-content\/uploads\/2024\/02\/RR-Boot-Camp-March-2019-Andree-Anne-Brunet-Photography-7-768x512.jpg 768w, https:\/\/equestrian.ca\/wp-content\/uploads\/2024\/02\/RR-Boot-Camp-March-2019-Andree-Anne-Brunet-Photography-7-1536x1024.jpg 1536w, https:\/\/equestrian.ca\/wp-content\/uploads\/2024\/02\/RR-Boot-Camp-March-2019-Andree-Anne-Brunet-Photography-7-2048x1365.jpg 2048w, https:\/\/equestrian.ca\/wp-content\/uploads\/2024\/02\/RR-Boot-Camp-March-2019-Andree-Anne-Brunet-Photography-7-640x427.jpg 640w, https:\/\/equestrian.ca\/wp-content\/uploads\/2024\/02\/RR-Boot-Camp-March-2019-Andree-Anne-Brunet-Photography-7-1200x800.jpg 1200w, https:\/\/equestrian.ca\/wp-content\/uploads\/2024\/02\/RR-Boot-Camp-March-2019-Andree-Anne-Brunet-Photography-7-1920x1280.jpg 1920w, https:\/\/equestrian.ca\/wp-content\/uploads\/2024\/02\/RR-Boot-Camp-March-2019-Andree-Anne-Brunet-Photography-7-1440x960.jpg 1440w, https:\/\/equestrian.ca\/wp-content\/uploads\/2024\/02\/RR-Boot-Camp-March-2019-Andree-Anne-Brunet-Photography-7-1620x1080.jpg 1620w\" sizes=\"auto, (max-width: 639px) 98vw, (max-width: 1199px) 64vw, 770px\" \/><\/p>\n<p><strong>Des comp\u00e9tences sportives fondamentales<\/strong><\/p>\n<ul>\n<li>Apprendre \u00e0 monter et \u00e0 descendre d&rsquo;un cheval en toute s\u00e9curit\u00e9<\/li>\n<li>D\u00e9velopper la capacit\u00e9 \u00e0 maintenir une position \u00e9quilibr\u00e9e et d\u00e9tendue avec une posture correcte sur un cheval.<\/li>\n<li>Se sentir \u00e0 l&rsquo;aise pour changer de positions et de prises une fois \u00e0 cheval.<\/li>\n<\/ul>\n<p><strong>Une fondation pour le Programme d&rsquo;apprentissage de l&rsquo;\u00e9quitation de Canada \u00c9questre.<\/strong><\/p>\n<p><img loading=\"lazy\" decoding=\"async\" class=\"alignnone size-medium wp-image-17808\" src=\"https:\/\/equestrian.ca\/wp-content\/uploads\/2024\/02\/RR-Boot-Camp-March-2019-Andree-Anne-Brunet-Photography-2.jpg\" alt=\"\" width=\"1\" height=\"1\" \/><\/p>\n\t\t\t\t\t<\/div>\n\t\t\t\t\t\t\t\t\t\t\t<\/div>\n\t<\/section>\n\n\n\n\t<section id=\"\" data-is-jumplink=\"false\" data-title=\"\" class=\"ra-block block-testimonial anchor-link-section \">\n\t\t<div class=\"quote-icon\">\n\t\t\t<svg height=\"81\" viewBox=\"0 0 88 81\" width=\"88\" xmlns=\"http:\/\/www.w3.org\/2000\/svg\"><path d=\"m33.4647887 81v-37.0180995l-8.9239436-3.2986426 5.5774648-38.48416288-11.8985916-2.19909502-18.2197183 46.1809955v34.8190045zm54.5352113 0v-37.0180995l-8.9239437-3.2986426 5.5774648-38.48416288-11.8985915-2.19909502-18.2197183 46.1809955v34.8190045z\" fill=\"#D4373A\" fill-rule=\"evenodd\"\/><\/svg>\n\t\t<\/div>\n\t\t<div class='row g-0 justify-content-center testimonial-row'>\n\t\t\t<div class='col-12 testimonial-col'>\n\t\t\t\t\t\t\t\t\t<p class='testimonial'>Je trouve le programme Apprenti cavalier(-\u00e8re)s tout \u00e0 fait merveilleux. C&rsquo;est un excellent programme qui contribue \u00e0 rendre le sport accessible \u00e0 une nouvelle g\u00e9n\u00e9ration (traduction) &#8211; Ian Millar\r\n<\/p>\n\t\t\t\t\t\t\t\t\t\t\t\t\t\t\t<\/div>\n\t\t<\/div>\n\t<\/section>\n\n\n\n\t<section id=\"\" data-is-jumplink=\"false\" data-title=\"\" class=\"ra-block block-column-text anchor-link-section \">\n\t\t\t\t\t<h2 class='title'>Un programme flexible<\/h2>\n\t\t\t\t<div class='row'>\n\t\t\t\t\t\t\t\t\t\t\t\t\t\t<div class='col-12 col-md-12 content-column wysiwyg-content'>\n\t\t\t\t\t\t<p>Le programme Apprenti cavalier(-\u00e8re)s peut \u00eatre personnalis\u00e9 pour r\u00e9pondre aux besoins de groupes sp\u00e9cifiques. Les instructrices, les instructeurs et les \u00e9tablissements peuvent adapter le programme aux besoins des \u00e9l\u00e8ves ou de l&rsquo;\u00e9tablissement<strong>,\u00a0<\/strong><strong>\u00a0mais sont encourag\u00e9s \u00e0 suivre la progression g\u00e9n\u00e9rale des comp\u00e9tences pr\u00e9sent\u00e9e dans les exemples de plans de cours<\/strong>.<\/p>\n<p>D\u00e9couvrez comment le programme s&rsquo;int\u00e8gre dans le v\u00f4tre :<\/p>\n<p><strong>\u00c9tablissements \u00e9questres<\/strong><br \/>\nLe programme Apprenti cavalier(-\u00e8re)s a \u00e9t\u00e9 cr\u00e9\u00e9 pour augmenter la participation aux sports \u00e9questres et construire une base solide pour le d\u00e9veloppement \u00e0 long terme des athl\u00e8tes. Les activit\u00e9s sont con\u00e7ues pour s&rsquo;adapter \u00e0 votre espace et \u00e0 votre programme, avec des plans de cours progressifs pr\u00eats \u00e0 l&#8217;emploi pour emmener les \u00e9l\u00e8ves des activit\u00e9s au sol \u00e0 l&rsquo;apprentissage des comp\u00e9tences sur le baril, et enfin sur un cheval! Il s&rsquo;agit d&rsquo;un excellent compl\u00e9ment \u00e0 vos programmes de cours qui peut \u00eatre \u00e9galement dispens\u00e9 lors d&rsquo;un camp.<\/p>\n<p><img loading=\"lazy\" decoding=\"async\" class=\"alignnone wp-image-17824 size-fp-medium\" src=\"https:\/\/equestrian.ca\/wp-content\/uploads\/2024\/02\/RR-Boot-Camp-March-2019-Andree-Anne-Brunet-Photography-3-1024x683.jpg\" alt=\"\" width=\"1024\" height=\"683\" srcset=\"https:\/\/equestrian.ca\/wp-content\/uploads\/2024\/02\/RR-Boot-Camp-March-2019-Andree-Anne-Brunet-Photography-3-1024x683.jpg 1024w, https:\/\/equestrian.ca\/wp-content\/uploads\/2024\/02\/RR-Boot-Camp-March-2019-Andree-Anne-Brunet-Photography-3-300x200.jpg 300w, https:\/\/equestrian.ca\/wp-content\/uploads\/2024\/02\/RR-Boot-Camp-March-2019-Andree-Anne-Brunet-Photography-3-768x512.jpg 768w, https:\/\/equestrian.ca\/wp-content\/uploads\/2024\/02\/RR-Boot-Camp-March-2019-Andree-Anne-Brunet-Photography-3-1536x1024.jpg 1536w, https:\/\/equestrian.ca\/wp-content\/uploads\/2024\/02\/RR-Boot-Camp-March-2019-Andree-Anne-Brunet-Photography-3-2048x1365.jpg 2048w, https:\/\/equestrian.ca\/wp-content\/uploads\/2024\/02\/RR-Boot-Camp-March-2019-Andree-Anne-Brunet-Photography-3-640x427.jpg 640w, https:\/\/equestrian.ca\/wp-content\/uploads\/2024\/02\/RR-Boot-Camp-March-2019-Andree-Anne-Brunet-Photography-3-1200x800.jpg 1200w, https:\/\/equestrian.ca\/wp-content\/uploads\/2024\/02\/RR-Boot-Camp-March-2019-Andree-Anne-Brunet-Photography-3-1920x1280.jpg 1920w, https:\/\/equestrian.ca\/wp-content\/uploads\/2024\/02\/RR-Boot-Camp-March-2019-Andree-Anne-Brunet-Photography-3-1440x960.jpg 1440w, https:\/\/equestrian.ca\/wp-content\/uploads\/2024\/02\/RR-Boot-Camp-March-2019-Andree-Anne-Brunet-Photography-3-1620x1080.jpg 1620w\" sizes=\"auto, (max-width: 639px) 98vw, (max-width: 1199px) 64vw, 770px\" \/><\/p>\n<p>&nbsp;<\/p>\n<p><strong>\u00c9coles et centres de loisirs<\/strong><br \/>\nD\u00e9velopp\u00e9 en consultation avec des experts en \u00e9ducation physique, le programme Apprenti cavalier(-\u00e8re)s soutient le d\u00e9veloppement de la litt\u00e9ratie physique et des comp\u00e9tences fondamentales en mati\u00e8re de mouvement chez les enfants. Gr\u00e2ce \u00e0 ce programme, vous pourrez utiliser des plans de cours pr\u00e9\u00e9tablis avec des activit\u00e9s s\u00fbres et inclusives pour les enfants \u00e2g\u00e9s de 6 \u00e0 12 ans. Vous pourrez aussi profiter des plans de cours pr\u00e9\u00e9tablis ou cr\u00e9er les v\u00f4tres en utilisant la biblioth\u00e8que d&rsquo;activit\u00e9s et de jeux. Le programme promeut l&rsquo;inclusion et l&rsquo;accessibilit\u00e9 et offre une introduction accueillante pour les enfants qui sont int\u00e9ress\u00e9s par les sports \u00e9questres.<\/p>\n<p><strong>Ev\u00e9nements communautaires<\/strong><br \/>\nLe programme Apprenti cavalier(-\u00e8re)s peut \u00eatre propos\u00e9 comme une activit\u00e9 amusante dans le cadre de foires, de concours hippiques, de festivals, de march\u00e9s et d&rsquo;autres \u00e9v\u00e9nements communautaires. En offrant aux participantes et participants un Billet d&rsquo;\u00e9quitation* (<i>Ticket to Ride<\/i>), vous soutenez les sports \u00e9questres dans votre communaut\u00e9.<\/p>\n<h2>S&rsquo;IMPLIQUER<\/h2>\n<p><strong>Devenir instructrice ou instructeur<br \/>\n<\/strong><\/p>\n<ul>\n<li>Les instructrices et instructeurs principaux doivent avoir suivi la formation du programme Apprenti cavalier(-\u00e8re)s et \u00eatre titulaires d&rsquo;un certificat actif du PNCE ou \u00eatre une ou un professeur d&rsquo;\u00e9ducation physique accr\u00e9dit\u00e9 pour dispenser le programme.<\/li>\n<li>La formation est divis\u00e9e en deux ateliers d&rsquo;une journ\u00e9e : Apprenti cavalier(-\u00e8re)s 1 (non mont\u00e9s) et Apprenti cavalier(-\u00e8re)s 2 (mont\u00e9s).<\/li>\n<li>Les instructrices et instructeurs peuvent intervenir dans un environnement non \u00e9questre en ayant seulement suivi le cours Apprenti cavalier(-\u00e8re)s 1.<\/li>\n<li>Les entra\u00eeneures adjointes et les entra\u00eeneurs adjoints ne sont pas tenus d&rsquo;\u00eatre certifi\u00e9s, mais idoivent \u00eatre \u00e2g\u00e9s de 16 ans ou plus et avoir suivi le cours Apprenti cavalier(-\u00e8re)s 1. S&rsquo;ils ou elles participent \u00e0 un programme avec des chevaux, ils ou elles doivent avoir leur niveau 6 en \u00e9quitation classique ou leur niveau 4 en \u00e9quitation western, ou avoir particip\u00e9 au cours Apprenti cavalier(-\u00e8re)s 2.<\/li>\n<\/ul>\n<p><strong>Trouver un programme<\/strong><br \/>\nCommuniquez avec l&rsquo;<a href=\"https:\/\/equestrian.ca\/fr\/communaut%C3%A9\/get-involved\/provincial-territorial-partners\/\">organismes provincial ou territorial de sport \u00e9questre<\/a>de votre\u00a0<a href=\"https:\/\/equestrian.ca\/fr\/communaut%C3%A9\/get-involved\/provincial-territorial-partners\/\">province ou territoire\u00a0<\/a>pour trouver un programme Apprenti cavalier(-\u00e8re)s pr\u00e8s de chez vous!<\/p>\n<p><strong><img loading=\"lazy\" decoding=\"async\" class=\"alignnone wp-image-17825 size-fp-medium\" src=\"https:\/\/equestrian.ca\/wp-content\/uploads\/2024\/02\/RR-Boot-Camp-March-2019-Andree-Anne-Brunet-Photography-6-1024x683.jpg\" alt=\"\" width=\"1024\" height=\"683\" srcset=\"https:\/\/equestrian.ca\/wp-content\/uploads\/2024\/02\/RR-Boot-Camp-March-2019-Andree-Anne-Brunet-Photography-6-1024x683.jpg 1024w, https:\/\/equestrian.ca\/wp-content\/uploads\/2024\/02\/RR-Boot-Camp-March-2019-Andree-Anne-Brunet-Photography-6-300x200.jpg 300w, https:\/\/equestrian.ca\/wp-content\/uploads\/2024\/02\/RR-Boot-Camp-March-2019-Andree-Anne-Brunet-Photography-6-768x512.jpg 768w, https:\/\/equestrian.ca\/wp-content\/uploads\/2024\/02\/RR-Boot-Camp-March-2019-Andree-Anne-Brunet-Photography-6-1536x1024.jpg 1536w, https:\/\/equestrian.ca\/wp-content\/uploads\/2024\/02\/RR-Boot-Camp-March-2019-Andree-Anne-Brunet-Photography-6-2048x1365.jpg 2048w, https:\/\/equestrian.ca\/wp-content\/uploads\/2024\/02\/RR-Boot-Camp-March-2019-Andree-Anne-Brunet-Photography-6-640x427.jpg 640w, https:\/\/equestrian.ca\/wp-content\/uploads\/2024\/02\/RR-Boot-Camp-March-2019-Andree-Anne-Brunet-Photography-6-1200x800.jpg 1200w, https:\/\/equestrian.ca\/wp-content\/uploads\/2024\/02\/RR-Boot-Camp-March-2019-Andree-Anne-Brunet-Photography-6-1920x1280.jpg 1920w, https:\/\/equestrian.ca\/wp-content\/uploads\/2024\/02\/RR-Boot-Camp-March-2019-Andree-Anne-Brunet-Photography-6-1440x960.jpg 1440w, https:\/\/equestrian.ca\/wp-content\/uploads\/2024\/02\/RR-Boot-Camp-March-2019-Andree-Anne-Brunet-Photography-6-1620x1080.jpg 1620w\" sizes=\"auto, (max-width: 639px) 98vw, (max-width: 1199px) 64vw, 770px\" \/>\u00a0<\/strong><\/p>\n<h2>EN SAVOIR PLUS<\/h2>\n<p>Pour en savoir plus sur la fa\u00e7on de suivre la formation, d&rsquo;accueillir les cavali\u00e8res et les cavaliers d\u00e9butants dans vos installations ou de trouver un programme pr\u00e8s de chez vous, veuillez communiquer avec votre organisme provincial ou territorial de sport \u00e9questre ou soumettre une demande d&rsquo;information \u00e0 l&rsquo;aide du formulaire suivant :<\/p>\n<p><a href=\"https:\/\/app.smartsheet.com\/b\/form\/054a47ce4e7343bc895ba384d9733191\">Demande d&rsquo;information pour le programme Apprenti cavalier(-\u00e8re)s<br \/>\n<\/a><\/p>\n<h2>HISTOIRE<\/h2>\n<p>Le programme Apprenti cavalier(-\u00e8re)s est une \u00e9volution du programme First Gait, d\u00e9velopp\u00e9 \u00e0 l&rsquo;origine comme programme d&rsquo;introduction \u00e0 la voltige. Il a \u00e9t\u00e9 d\u00e9velopp\u00e9 par Ontario Equestrian en partenariat avec Canada \u00c9questre et les organismes provinciaux et territoriaux de sport affili\u00e9s dans le cadre du Projet de d\u00e9veloppement de l&rsquo;\u00e9quitation au Canada pour \u00eatre mis en \u0153uvre dans les centres \u00e9questres de partout au pays.<\/p>\n\t\t\t\t\t<\/div>\n\t\t\t\t\t\t\t\t\t\t\t<\/div>\n\t<\/section>\n","protected":false},"excerpt":{"rendered":"","protected":false},"author":8,"featured_media":22759,"parent":26701,"menu_order":0,"comment_status":"closed","ping_status":"closed","template":"","meta":{"_acf_changed":false,"footnotes":""},"class_list":["post-26965","page","type-page","status-publish","has-post-thumbnail","hentry"],"acf":[],"yoast_head":"<!-- This site is optimized with the Yoast SEO plugin v27.0 - https:\/\/yoast.com\/product\/yoast-seo-wordpress\/ -->\n<title>Apprentis cavalier(-\u00e8re)s - Equestrian Canada<\/title>\n<meta name=\"robots\" content=\"index, follow, max-snippet:-1, max-image-preview:large, max-video-preview:-1\" \/>\n<link rel=\"canonical\" href=\"https:\/\/equestrian.ca\/fr\/community\/rookie-riders\/\" \/>\n<meta property=\"og:locale\" content=\"fr_CA\" \/>\n<meta property=\"og:type\" content=\"article\" \/>\n<meta property=\"og:title\" content=\"Apprentis cavalier(-\u00e8re)s - Equestrian Canada\" \/>\n<meta property=\"og:url\" content=\"https:\/\/equestrian.ca\/fr\/community\/rookie-riders\/\" \/>\n<meta property=\"og:site_name\" content=\"Equestrian Canada\" \/>\n<meta property=\"article:modified_time\" content=\"2024-04-09T14:57:59+00:00\" \/>\n<meta property=\"og:image\" content=\"https:\/\/equestrian.ca\/wp-content\/uploads\/2024\/02\/RR-Boot-Camp-March-2019-Andree-Anne-Brunet-Photography-8-scaled.jpg\" \/>\n\t<meta property=\"og:image:width\" content=\"2560\" \/>\n\t<meta property=\"og:image:height\" content=\"1707\" \/>\n\t<meta property=\"og:image:type\" content=\"image\/jpeg\" \/>\n<meta name=\"twitter:card\" content=\"summary_large_image\" \/>\n<meta name=\"twitter:label1\" content=\"Estimation du temps de lecture\" \/>\n\t<meta name=\"twitter:data1\" content=\"1 minute\" \/>\n<script type=\"application\/ld+json\" class=\"yoast-schema-graph\">{\"@context\":\"https:\/\/schema.org\",\"@graph\":[{\"@type\":\"WebPage\",\"@id\":\"https:\/\/equestrian.ca\/fr\/community\/rookie-riders\/\",\"url\":\"https:\/\/equestrian.ca\/fr\/community\/rookie-riders\/\",\"name\":\"Apprentis cavalier(-\u00e8re)s - Equestrian Canada\",\"isPartOf\":{\"@id\":\"https:\/\/equestrian.ca\/fr\/#website\"},\"primaryImageOfPage\":{\"@id\":\"https:\/\/equestrian.ca\/fr\/community\/rookie-riders\/#primaryimage\"},\"image\":{\"@id\":\"https:\/\/equestrian.ca\/fr\/community\/rookie-riders\/#primaryimage\"},\"thumbnailUrl\":\"https:\/\/equestrian.ca\/wp-content\/uploads\/2024\/02\/RR-Boot-Camp-March-2019-Andree-Anne-Brunet-Photography-8-scaled.jpg\",\"datePublished\":\"2023-08-31T19:09:12+00:00\",\"dateModified\":\"2024-04-09T14:57:59+00:00\",\"breadcrumb\":{\"@id\":\"https:\/\/equestrian.ca\/fr\/community\/rookie-riders\/#breadcrumb\"},\"inLanguage\":\"fr-CA\",\"potentialAction\":[{\"@type\":\"ReadAction\",\"target\":[\"https:\/\/equestrian.ca\/fr\/community\/rookie-riders\/\"]}]},{\"@type\":\"ImageObject\",\"inLanguage\":\"fr-CA\",\"@id\":\"https:\/\/equestrian.ca\/fr\/community\/rookie-riders\/#primaryimage\",\"url\":\"https:\/\/equestrian.ca\/wp-content\/uploads\/2024\/02\/RR-Boot-Camp-March-2019-Andree-Anne-Brunet-Photography-8-scaled.jpg\",\"contentUrl\":\"https:\/\/equestrian.ca\/wp-content\/uploads\/2024\/02\/RR-Boot-Camp-March-2019-Andree-Anne-Brunet-Photography-8-scaled.jpg\",\"width\":2560,\"height\":1707},{\"@type\":\"BreadcrumbList\",\"@id\":\"https:\/\/equestrian.ca\/fr\/community\/rookie-riders\/#breadcrumb\",\"itemListElement\":[{\"@type\":\"ListItem\",\"position\":1,\"name\":\"Home\",\"item\":\"https:\/\/equestrian.ca\/fr\/\"},{\"@type\":\"ListItem\",\"position\":2,\"name\":\"Communaut\u00e9\",\"item\":\"https:\/\/equestrian.ca\/fr\/community\/\"},{\"@type\":\"ListItem\",\"position\":3,\"name\":\"Apprentis cavalier(-\u00e8re)s\"}]},{\"@type\":\"WebSite\",\"@id\":\"https:\/\/equestrian.ca\/fr\/#website\",\"url\":\"https:\/\/equestrian.ca\/fr\/\",\"name\":\"Equestrian Canada\",\"description\":\"For the love of horses and sport for life.\",\"potentialAction\":[{\"@type\":\"SearchAction\",\"target\":{\"@type\":\"EntryPoint\",\"urlTemplate\":\"https:\/\/equestrian.ca\/fr\/?s={search_term_string}\"},\"query-input\":{\"@type\":\"PropertyValueSpecification\",\"valueRequired\":true,\"valueName\":\"search_term_string\"}}],\"inLanguage\":\"fr-CA\"}]}<\/script>\n<!-- \/ Yoast SEO plugin. -->","yoast_head_json":{"title":"Apprentis cavalier(-\u00e8re)s - Equestrian Canada","robots":{"index":"index","follow":"follow","max-snippet":"max-snippet:-1","max-image-preview":"max-image-preview:large","max-video-preview":"max-video-preview:-1"},"canonical":"https:\/\/equestrian.ca\/fr\/community\/rookie-riders\/","og_locale":"fr_CA","og_type":"article","og_title":"Apprentis cavalier(-\u00e8re)s - Equestrian Canada","og_url":"https:\/\/equestrian.ca\/fr\/community\/rookie-riders\/","og_site_name":"Equestrian Canada","article_modified_time":"2024-04-09T14:57:59+00:00","og_image":[{"width":2560,"height":1707,"url":"https:\/\/equestrian.ca\/wp-content\/uploads\/2024\/02\/RR-Boot-Camp-March-2019-Andree-Anne-Brunet-Photography-8-scaled.jpg","type":"image\/jpeg"}],"twitter_card":"summary_large_image","twitter_misc":{"Estimation du temps de lecture":"1 minute"},"schema":{"@context":"https:\/\/schema.org","@graph":[{"@type":"WebPage","@id":"https:\/\/equestrian.ca\/fr\/community\/rookie-riders\/","url":"https:\/\/equestrian.ca\/fr\/community\/rookie-riders\/","name":"Apprentis cavalier(-\u00e8re)s - Equestrian Canada","isPartOf":{"@id":"https:\/\/equestrian.ca\/fr\/#website"},"primaryImageOfPage":{"@id":"https:\/\/equestrian.ca\/fr\/community\/rookie-riders\/#primaryimage"},"image":{"@id":"https:\/\/equestrian.ca\/fr\/community\/rookie-riders\/#primaryimage"},"thumbnailUrl":"https:\/\/equestrian.ca\/wp-content\/uploads\/2024\/02\/RR-Boot-Camp-March-2019-Andree-Anne-Brunet-Photography-8-scaled.jpg","datePublished":"2023-08-31T19:09:12+00:00","dateModified":"2024-04-09T14:57:59+00:00","breadcrumb":{"@id":"https:\/\/equestrian.ca\/fr\/community\/rookie-riders\/#breadcrumb"},"inLanguage":"fr-CA","potentialAction":[{"@type":"ReadAction","target":["https:\/\/equestrian.ca\/fr\/community\/rookie-riders\/"]}]},{"@type":"ImageObject","inLanguage":"fr-CA","@id":"https:\/\/equestrian.ca\/fr\/community\/rookie-riders\/#primaryimage","url":"https:\/\/equestrian.ca\/wp-content\/uploads\/2024\/02\/RR-Boot-Camp-March-2019-Andree-Anne-Brunet-Photography-8-scaled.jpg","contentUrl":"https:\/\/equestrian.ca\/wp-content\/uploads\/2024\/02\/RR-Boot-Camp-March-2019-Andree-Anne-Brunet-Photography-8-scaled.jpg","width":2560,"height":1707},{"@type":"BreadcrumbList","@id":"https:\/\/equestrian.ca\/fr\/community\/rookie-riders\/#breadcrumb","itemListElement":[{"@type":"ListItem","position":1,"name":"Home","item":"https:\/\/equestrian.ca\/fr\/"},{"@type":"ListItem","position":2,"name":"Communaut\u00e9","item":"https:\/\/equestrian.ca\/fr\/community\/"},{"@type":"ListItem","position":3,"name":"Apprentis cavalier(-\u00e8re)s"}]},{"@type":"WebSite","@id":"https:\/\/equestrian.ca\/fr\/#website","url":"https:\/\/equestrian.ca\/fr\/","name":"Equestrian Canada","description":"For the love of horses and sport for life.","potentialAction":[{"@type":"SearchAction","target":{"@type":"EntryPoint","urlTemplate":"https:\/\/equestrian.ca\/fr\/?s={search_term_string}"},"query-input":{"@type":"PropertyValueSpecification","valueRequired":true,"valueName":"search_term_string"}}],"inLanguage":"fr-CA"}]}},"_links":{"self":[{"href":"https:\/\/equestrian.ca\/fr\/wp-json\/wp\/v2\/pages\/26965","targetHints":{"allow":["GET"]}}],"collection":[{"href":"https:\/\/equestrian.ca\/fr\/wp-json\/wp\/v2\/pages"}],"about":[{"href":"https:\/\/equestrian.ca\/fr\/wp-json\/wp\/v2\/types\/page"}],"author":[{"embeddable":true,"href":"https:\/\/equestrian.ca\/fr\/wp-json\/wp\/v2\/users\/8"}],"replies":[{"embeddable":true,"href":"https:\/\/equestrian.ca\/fr\/wp-json\/wp\/v2\/comments?post=26965"}],"version-history":[{"count":1,"href":"https:\/\/equestrian.ca\/fr\/wp-json\/wp\/v2\/pages\/26965\/revisions"}],"predecessor-version":[{"id":26973,"href":"https:\/\/equestrian.ca\/fr\/wp-json\/wp\/v2\/pages\/26965\/revisions\/26973"}],"up":[{"embeddable":true,"href":"https:\/\/equestrian.ca\/fr\/wp-json\/wp\/v2\/pages\/26701"}],"wp:featuredmedia":[{"embeddable":true,"href":"https:\/\/equestrian.ca\/fr\/wp-json\/wp\/v2\/media\/22759"}],"wp:attachment":[{"href":"https:\/\/equestrian.ca\/fr\/wp-json\/wp\/v2\/media?parent=26965"}],"curies":[{"name":"wp","href":"https:\/\/api.w.org\/{rel}","templated":true}]}}