{"id":26950,"date":"2023-08-31T19:16:55","date_gmt":"2023-08-31T19:16:55","guid":{"rendered":"https:\/\/equestrian.ca\/community\/get-connected\/donate\/"},"modified":"2026-01-19T22:09:44","modified_gmt":"2026-01-19T22:09:44","slug":"donate","status":"publish","type":"page","link":"https:\/\/equestrian.ca\/fr\/community\/get-connected\/donate\/","title":{"rendered":"Faire un don"},"content":{"rendered":"\n\t<section id=\"\" data-is-jumplink=\"false\" data-title=\"\" class=\"ra-block block-column-text anchor-link-section \">\n\t\t\t\t<div class='row'>\n\t\t\t\t\t\t\t\t\t\t\t\t\t\t<div class='col-12 col-md-12 content-column wysiwyg-content'>\n\t\t\t\t\t\t<h4>Faites partie du r\u00eave olympique avec le Cercle de 500 $!<\/h4>\n<p>Le Canada a besoin de <strong>VOUS<\/strong> pour atteindre de nouveaux sommets! Nous recherchons des passionn\u00e9(e)s \u00e9questres pouvant donner 500 $ par ann\u00e9e sur notre route vers les<strong> Jeux olympiques de LA 2028<\/strong>. Ensemble, propulsons nos athl\u00e8tes sur la sc\u00e8ne internationale, en commen\u00e7ant par les <strong>Championnats du monde d&rsquo;Aix-la-Chapelle 2026<\/strong>! Votre don est d\u00e9ductible d&rsquo;imp\u00f4t et sera utilis\u00e9 pour les d\u00e9placements, l&rsquo;entra\u00eenement et les frais de comp\u00e9tition de l&rsquo;\u00e9quipe de votre choix. Vous pourrez aussi profiter d&rsquo;<strong>un rabais de 5 % chez Mad Barn<\/strong>, accompagn\u00e9 d&rsquo;une \u00e9valuation gratuite de l&rsquo;alimentation de votre cheval par leur \u00e9quipe d&rsquo;expert(e)s (M. Sc., Ph. D. et v\u00e9t\u00e9rinaires).<\/p>\n<p>Cliquez ici pour rejoindre le Cercle de 500 $ pour le <a href=\"https:\/\/www.canadahelps.org\/fr\/organismesdebienfaisance\/equestrian-canada-equestre\/p2p\/dressage-500-club\/\" target=\"_blank\" rel=\"noopener\"><strong>dressage<\/strong><\/a>, le <a href=\"https:\/\/www.canadahelps.org\/fr\/organismesdebienfaisance\/equestrian-canada-equestre\/p2p\/eventing-hp-500-club\/\" target=\"_blank\" rel=\"noopener\"><strong>concours complet<\/strong><\/a>, le <a href=\"https:\/\/www.canadahelps.org\/fr\/organismesdebienfaisance\/equestrian-canada-equestre\/p2p\/jumping-500-club\/\" target=\"_blank\" rel=\"noopener\"><strong>saut d\u2019obstacles<\/strong><\/a> ou le <a href=\"https:\/\/www.canadahelps.org\/fr\/organismesdebienfaisance\/equestrian-canada-equestre\/p2p\/paradressage-500-club\/\" target=\"_blank\" rel=\"noopener\"><strong>paradressage<\/strong><\/a>.<\/p>\n<p><strong>Tout l&rsquo;argent amass\u00e9 en 2026 sera utilis\u00e9 pour aider nos \u00e9quipes \u00e0 se rendre aux Championnats du monde de la FEI \u00e0 Aix-la-Chapelle (Allemagne) en ao\u00fbt.\u00a0<\/strong><\/p>\n<p>Ensemble, faisons briller le <strong>Canada<\/strong>!<\/p>\n<p><img loading=\"lazy\" decoding=\"async\" class=\"alignnone wp-image-35538 size-full\" src=\"https:\/\/equestrian.ca\/wp-content\/uploads\/4-disciplines-fr.png\" alt=\"\" width=\"1157\" height=\"207\" srcset=\"https:\/\/equestrian.ca\/wp-content\/uploads\/4-disciplines-fr.png 1157w, https:\/\/equestrian.ca\/wp-content\/uploads\/4-disciplines-fr-300x54.png 300w, https:\/\/equestrian.ca\/wp-content\/uploads\/4-disciplines-fr-1024x183.png 1024w, https:\/\/equestrian.ca\/wp-content\/uploads\/4-disciplines-fr-768x137.png 768w, https:\/\/equestrian.ca\/wp-content\/uploads\/4-disciplines-fr-640x115.png 640w\" sizes=\"auto, (max-width: 639px) 98vw, (max-width: 1199px) 64vw, 770px\" \/><\/p>\n\t\t\t\t\t<\/div>\n\t\t\t\t\t\t\t\t\t\t\t<\/div>\n\t<\/section>\n\n\n\n\t<section id=\"faire-un-don\" data-is-jumplink=\"true\" data-title=\"Faire un don\" class=\"ra-block block-wysiwig anchor-link-section \">\n\t\t\t\t\t<div class='content wysiwyg-content'>\n\t\t\t\t<p><iframe loading=\"lazy\" src=\"https:\/\/www.canadahelps.org\/en\/dn\/76217\" name=\"iframe_target\" width=\"800\" height=\"1900\"><\/iframe><\/p>\n\t\t\t<\/div>\n\t\t\t<\/section>\n\n\n\n<div style=\"height:100px\" aria-hidden=\"true\" class=\"wp-block-spacer\"><\/div>\n\n\n\n\t<section id=\"autres-fa%c3%a7ons-de-donner\" data-is-jumplink=\"true\" data-title=\"Autres fa\u00e7ons de donner\" class=\"ra-block block-wysiwig anchor-link-section \">\n\t\t\t\t\t<div class='content wysiwyg-content'>\n\t\t\t\t<h3>Autres fa\u00e7ons de donner<\/h3>\n<ul>\n<li><strong>La Fondation \u00e9questre :<\/strong>\u00a0Un programme de legs cr\u00e9\u00e9 en partenariat avec la Fondation olympique canadienne qui promeut l&rsquo;investissement \u00e0 long terme afin de soutenir les int\u00e9r\u00eats \u00e9quins et hippiques pour de nombreuses ann\u00e9es \u00e0 venir.<\/li>\n<li><strong>Dons d&rsquo;entreprise :<\/strong>\u00a0Les entreprises donatrices ont la possibilit\u00e9 d&rsquo;aider \u00e0 former nos futurs olympiens et olympiennes en soutenant nos athl\u00e8tes de haut niveau et l&rsquo;industrie \u00e9questre canadienne.<\/li>\n<li><strong>Dons majeurs* :<\/strong>\u00a0Vous avez la possibilit\u00e9 d&rsquo;avoir un impact significatif et durable sur le sport et l&rsquo;industrie \u00e9questres au Canada en faisant un investissement important qui correspond le mieux \u00e0 vos int\u00e9r\u00eats et \u00e0 vos passions.<\/li>\n<li><strong>R\u00e9compenses :<\/strong>\u00a0Cr\u00e9ez un prix pour apporter un soutien imm\u00e9diat \u00e0 une \u00e9quipe, une ou un athl\u00e8te, un programme ou une initiative.<\/li>\n<li><strong>Dons planifi\u00e9s* :<\/strong>\u00a0En planifiant un don, vous d\u00e9montrez votre amour du sport et de l&rsquo;industrie \u00e9questres canadiens. Votre engagement pour l&rsquo;avenir c\u00e9l\u00e9brera l&rsquo;excellence canadienne.<\/li>\n<li><strong>Dotation* :<\/strong>\u00a0Un don de dotation est un investissement dans le succ\u00e8s futur du sport \u00e9questre canadien et le d\u00e9veloppement de l&rsquo;industrie. Une dotation solide permettra \u00e0 la Fondation \u00e9questre de continuer \u00e0 soutenir les \u00e9quipes \u00e9questres et l&rsquo;industrie \u00e9quine du Canada pendant de nombreuses ann\u00e9es.<\/li>\n<\/ul>\n<p><strong>*Pour les dons sup\u00e9rieurs \u00e0 10 000 dollars, ou pour organiser un don planifi\u00e9 ou une dotation \u00e0 la Fondation \u00e9questre, veuillez contacter Sue Bundy, directrice, Marque et affaires commerciales, \u00e0 <a href=\"mailto:SBundy@equestrian.ca\">SBundy@equestrian.ca<\/a>.<\/strong><\/p>\n<p><strong>Association canadienne de sport amateur enregistr\u00e9e<br \/>\n<\/strong><\/p>\n<p>En tant qu&rsquo;association canadienne de sport amateur reconnue par le gouvernement du Canada, CE est un donataire qualifi\u00e9 et peut donc \u00e9mettre des re\u00e7us de dons et recevoir des dons de la part d&rsquo;organismes de bienfaisance enregistr\u00e9s.<\/p>\n\t\t\t<\/div>\n\t\t\t<\/section>\n\n\n\t\t<section id=\"\" data-is-jumplink=\"false\" data-title=\"\" class=\"ra-block block-icon-tiles anchor-link-section \">\n\t\t\t\t\t\t\t<div class='row justify-content-center'>\n\t\t\t\t\t\t\t\t\t<div class='col-12 col-sm-6 col-md-4 icon-tile-col'>\n\t\t\t\t\t\t\t\t\t\t\t\t\t\t\t\t\t\t\t<a href='https:\/\/equestrian.ca\/fr\/resource\/gift-acceptance-policy\/' class='icon-tile arrow-link-parent'>\n\t\t\t\t\t\t\t\t\t\t\t\t\t\t\t<div class='icon-tile-wrapper'>\n\t\t\t\t\t\t\t\t\t\t\t\t\t\t\t\t\t\t\t\t\t\t\t\t\t\t\t<span class='icon fa-classic fa-light fa-file-pdf'><\/span>\n\t\t\t\t\t\t\t\t\t\t\t\t\t\t\t\t\t\t\n\t\t\t\t\t\t\t\t\t\t\t\t\t\t\t\t\t\t\t\t\t\t\t<\/div>\n\t\t\t\t\t\t\t\t\t\t\t\t\t\t\t<span class='fake-link arrow-link'>Politique sur l\u2019acceptation de dons<\/span>\n\t\t\t\t\t\t\t\t\t\t\t\t\t\t\t\t\t\t\t\t<\/a>\n\t\t\t\t\t\t\t\t\t\t\t<\/div>\n\t\t\t\t\t\t\t<\/div>\n\t\t\t<\/section>\n","protected":false},"excerpt":{"rendered":"","protected":false},"author":8,"featured_media":22887,"parent":26704,"menu_order":0,"comment_status":"closed","ping_status":"closed","template":"","meta":{"_acf_changed":false,"footnotes":""},"class_list":["post-26950","page","type-page","status-publish","has-post-thumbnail","hentry"],"acf":[],"yoast_head":"<!-- This site is optimized with the Yoast SEO plugin v27.0 - https:\/\/yoast.com\/product\/yoast-seo-wordpress\/ -->\n<title>Faire un don - Equestrian Canada<\/title>\n<meta name=\"robots\" content=\"index, follow, max-snippet:-1, max-image-preview:large, max-video-preview:-1\" \/>\n<link rel=\"canonical\" href=\"https:\/\/equestrian.ca\/fr\/community\/get-connected\/donate\/\" \/>\n<meta property=\"og:locale\" content=\"fr_CA\" \/>\n<meta property=\"og:type\" content=\"article\" \/>\n<meta property=\"og:title\" content=\"Faire un don - Equestrian Canada\" \/>\n<meta property=\"og:url\" content=\"https:\/\/equestrian.ca\/fr\/community\/get-connected\/donate\/\" \/>\n<meta property=\"og:site_name\" content=\"Equestrian Canada\" \/>\n<meta property=\"article:modified_time\" content=\"2026-01-19T22:09:44+00:00\" \/>\n<meta property=\"og:image\" content=\"https:\/\/equestrian.ca\/wp-content\/uploads\/2024\/02\/cheering-section-e1708525259326.jpg\" \/>\n\t<meta property=\"og:image:width\" content=\"1053\" \/>\n\t<meta property=\"og:image:height\" content=\"580\" \/>\n\t<meta property=\"og:image:type\" content=\"image\/jpeg\" \/>\n<meta name=\"twitter:card\" content=\"summary_large_image\" \/>\n<meta name=\"twitter:label1\" content=\"Estimation du temps de lecture\" \/>\n\t<meta name=\"twitter:data1\" content=\"1 minute\" \/>\n<script type=\"application\/ld+json\" class=\"yoast-schema-graph\">{\"@context\":\"https:\/\/schema.org\",\"@graph\":[{\"@type\":\"WebPage\",\"@id\":\"https:\/\/equestrian.ca\/fr\/community\/get-connected\/donate\/\",\"url\":\"https:\/\/equestrian.ca\/fr\/community\/get-connected\/donate\/\",\"name\":\"Faire un don - Equestrian Canada\",\"isPartOf\":{\"@id\":\"https:\/\/equestrian.ca\/fr\/#website\"},\"primaryImageOfPage\":{\"@id\":\"https:\/\/equestrian.ca\/fr\/community\/get-connected\/donate\/#primaryimage\"},\"image\":{\"@id\":\"https:\/\/equestrian.ca\/fr\/community\/get-connected\/donate\/#primaryimage\"},\"thumbnailUrl\":\"https:\/\/equestrian.ca\/wp-content\/uploads\/2024\/02\/cheering-section-e1708525259326.jpg\",\"datePublished\":\"2023-08-31T19:16:55+00:00\",\"dateModified\":\"2026-01-19T22:09:44+00:00\",\"breadcrumb\":{\"@id\":\"https:\/\/equestrian.ca\/fr\/community\/get-connected\/donate\/#breadcrumb\"},\"inLanguage\":\"fr-CA\",\"potentialAction\":[{\"@type\":\"ReadAction\",\"target\":[\"https:\/\/equestrian.ca\/fr\/community\/get-connected\/donate\/\"]}]},{\"@type\":\"ImageObject\",\"inLanguage\":\"fr-CA\",\"@id\":\"https:\/\/equestrian.ca\/fr\/community\/get-connected\/donate\/#primaryimage\",\"url\":\"https:\/\/equestrian.ca\/wp-content\/uploads\/2024\/02\/cheering-section-e1708525259326.jpg\",\"contentUrl\":\"https:\/\/equestrian.ca\/wp-content\/uploads\/2024\/02\/cheering-section-e1708525259326.jpg\",\"width\":1053,\"height\":580},{\"@type\":\"BreadcrumbList\",\"@id\":\"https:\/\/equestrian.ca\/fr\/community\/get-connected\/donate\/#breadcrumb\",\"itemListElement\":[{\"@type\":\"ListItem\",\"position\":1,\"name\":\"Home\",\"item\":\"https:\/\/equestrian.ca\/fr\/\"},{\"@type\":\"ListItem\",\"position\":2,\"name\":\"Communaut\u00e9\",\"item\":\"https:\/\/equestrian.ca\/fr\/community\/\"},{\"@type\":\"ListItem\",\"position\":3,\"name\":\"Tisser des liens\",\"item\":\"https:\/\/equestrian.ca\/fr\/community\/get-connected\/\"},{\"@type\":\"ListItem\",\"position\":4,\"name\":\"Faire un don\"}]},{\"@type\":\"WebSite\",\"@id\":\"https:\/\/equestrian.ca\/fr\/#website\",\"url\":\"https:\/\/equestrian.ca\/fr\/\",\"name\":\"Equestrian Canada\",\"description\":\"For the love of horses and sport for life.\",\"potentialAction\":[{\"@type\":\"SearchAction\",\"target\":{\"@type\":\"EntryPoint\",\"urlTemplate\":\"https:\/\/equestrian.ca\/fr\/?s={search_term_string}\"},\"query-input\":{\"@type\":\"PropertyValueSpecification\",\"valueRequired\":true,\"valueName\":\"search_term_string\"}}],\"inLanguage\":\"fr-CA\"}]}<\/script>\n<!-- \/ Yoast SEO plugin. -->","yoast_head_json":{"title":"Faire un don - Equestrian Canada","robots":{"index":"index","follow":"follow","max-snippet":"max-snippet:-1","max-image-preview":"max-image-preview:large","max-video-preview":"max-video-preview:-1"},"canonical":"https:\/\/equestrian.ca\/fr\/community\/get-connected\/donate\/","og_locale":"fr_CA","og_type":"article","og_title":"Faire un don - Equestrian Canada","og_url":"https:\/\/equestrian.ca\/fr\/community\/get-connected\/donate\/","og_site_name":"Equestrian Canada","article_modified_time":"2026-01-19T22:09:44+00:00","og_image":[{"width":1053,"height":580,"url":"https:\/\/equestrian.ca\/wp-content\/uploads\/2024\/02\/cheering-section-e1708525259326.jpg","type":"image\/jpeg"}],"twitter_card":"summary_large_image","twitter_misc":{"Estimation du temps de lecture":"1 minute"},"schema":{"@context":"https:\/\/schema.org","@graph":[{"@type":"WebPage","@id":"https:\/\/equestrian.ca\/fr\/community\/get-connected\/donate\/","url":"https:\/\/equestrian.ca\/fr\/community\/get-connected\/donate\/","name":"Faire un don - Equestrian Canada","isPartOf":{"@id":"https:\/\/equestrian.ca\/fr\/#website"},"primaryImageOfPage":{"@id":"https:\/\/equestrian.ca\/fr\/community\/get-connected\/donate\/#primaryimage"},"image":{"@id":"https:\/\/equestrian.ca\/fr\/community\/get-connected\/donate\/#primaryimage"},"thumbnailUrl":"https:\/\/equestrian.ca\/wp-content\/uploads\/2024\/02\/cheering-section-e1708525259326.jpg","datePublished":"2023-08-31T19:16:55+00:00","dateModified":"2026-01-19T22:09:44+00:00","breadcrumb":{"@id":"https:\/\/equestrian.ca\/fr\/community\/get-connected\/donate\/#breadcrumb"},"inLanguage":"fr-CA","potentialAction":[{"@type":"ReadAction","target":["https:\/\/equestrian.ca\/fr\/community\/get-connected\/donate\/"]}]},{"@type":"ImageObject","inLanguage":"fr-CA","@id":"https:\/\/equestrian.ca\/fr\/community\/get-connected\/donate\/#primaryimage","url":"https:\/\/equestrian.ca\/wp-content\/uploads\/2024\/02\/cheering-section-e1708525259326.jpg","contentUrl":"https:\/\/equestrian.ca\/wp-content\/uploads\/2024\/02\/cheering-section-e1708525259326.jpg","width":1053,"height":580},{"@type":"BreadcrumbList","@id":"https:\/\/equestrian.ca\/fr\/community\/get-connected\/donate\/#breadcrumb","itemListElement":[{"@type":"ListItem","position":1,"name":"Home","item":"https:\/\/equestrian.ca\/fr\/"},{"@type":"ListItem","position":2,"name":"Communaut\u00e9","item":"https:\/\/equestrian.ca\/fr\/community\/"},{"@type":"ListItem","position":3,"name":"Tisser des liens","item":"https:\/\/equestrian.ca\/fr\/community\/get-connected\/"},{"@type":"ListItem","position":4,"name":"Faire un don"}]},{"@type":"WebSite","@id":"https:\/\/equestrian.ca\/fr\/#website","url":"https:\/\/equestrian.ca\/fr\/","name":"Equestrian Canada","description":"For the love of horses and sport for life.","potentialAction":[{"@type":"SearchAction","target":{"@type":"EntryPoint","urlTemplate":"https:\/\/equestrian.ca\/fr\/?s={search_term_string}"},"query-input":{"@type":"PropertyValueSpecification","valueRequired":true,"valueName":"search_term_string"}}],"inLanguage":"fr-CA"}]}},"_links":{"self":[{"href":"https:\/\/equestrian.ca\/fr\/wp-json\/wp\/v2\/pages\/26950","targetHints":{"allow":["GET"]}}],"collection":[{"href":"https:\/\/equestrian.ca\/fr\/wp-json\/wp\/v2\/pages"}],"about":[{"href":"https:\/\/equestrian.ca\/fr\/wp-json\/wp\/v2\/types\/page"}],"author":[{"embeddable":true,"href":"https:\/\/equestrian.ca\/fr\/wp-json\/wp\/v2\/users\/8"}],"replies":[{"embeddable":true,"href":"https:\/\/equestrian.ca\/fr\/wp-json\/wp\/v2\/comments?post=26950"}],"version-history":[{"count":11,"href":"https:\/\/equestrian.ca\/fr\/wp-json\/wp\/v2\/pages\/26950\/revisions"}],"predecessor-version":[{"id":36485,"href":"https:\/\/equestrian.ca\/fr\/wp-json\/wp\/v2\/pages\/26950\/revisions\/36485"}],"up":[{"embeddable":true,"href":"https:\/\/equestrian.ca\/fr\/wp-json\/wp\/v2\/pages\/26704"}],"wp:featuredmedia":[{"embeddable":true,"href":"https:\/\/equestrian.ca\/fr\/wp-json\/wp\/v2\/media\/22887"}],"wp:attachment":[{"href":"https:\/\/equestrian.ca\/fr\/wp-json\/wp\/v2\/media?parent=26950"}],"curies":[{"name":"wp","href":"https:\/\/api.w.org\/{rel}","templated":true}]}}