{"id":26944,"date":"2023-08-31T18:32:47","date_gmt":"2023-08-31T18:32:47","guid":{"rendered":"https:\/\/equestrian.ca\/high-performance\/major-games\/"},"modified":"2024-12-18T16:56:50","modified_gmt":"2024-12-18T16:56:50","slug":"major-games","status":"publish","type":"page","link":"https:\/\/equestrian.ca\/fr\/high-performance\/major-games\/","title":{"rendered":"Grands Jeux"},"content":{"rendered":"\n\t<section id=\"\" data-is-jumplink=\"false\" data-title=\"\" class=\"ra-block block-column-text anchor-link-section \">\n\t\t\t\t<div class='row'>\n\t\t\t\t\t\t\t\t\t\t\t\t\t\t<div class='col-12 col-md-12 content-column wysiwyg-content'>\n\t\t\t\t\t\t<p><strong>Jeux olympiques de 2024<\/strong><\/p>\n<p>Les Jeux olympiques de 2024 auront lieu \u00e0 Paris, en France, du 26 juillet au 11 ao\u00fbt 2024. Organis\u00e9s tous les quatre ans, les Jeux olympiques d&rsquo;\u00e9t\u00e9 accueillent 206 nations et des milliers d&rsquo;athl\u00e8tes qui s&rsquo;affrontent dans divers sports d&rsquo;\u00e9t\u00e9.<\/p>\n<p>Ce sera la troisi\u00e8me fois que les Jeux olympiques auront lieu \u00e0 Paris, les deux fois pr\u00e9c\u00e9dentes \u00e9tant en 1900 et en 1924.<\/p>\n<p>Pour en savoir plus sur les certificats de capacit\u00e9, les r\u00e8gles et autres, veuillez cliquer sur le lien ci-dessous qui vous redirigera vers le site Internet de la FEI (en angla9s) :\u00a0<a href=\"https:\/\/inside.fei.org\/fei\/games\/olympic\/paris-2024\" target=\"_blank\" rel=\"noopener\">https:\/\/inside.fei.org\/fei\/games\/olympic\/paris-2024<\/a><\/p>\n<p><strong>Jeux paralympiques de 2024<\/strong><\/p>\n<p>Les Jeux Paralympiques de 2024 se d\u00e9rouleront \u00e0 Paris, en France, du 28 ao\u00fbt au 8 septembre 2024. Organis\u00e9e tous les quatre ans, la XVIIe \u00e9dition des Jeux paralympiques accueille 184 comit\u00e9s nationaux paralympiques et plus de 4 000 athl\u00e8tes participant \u00e0 549 \u00e9preuves dans divers sports d&rsquo;\u00e9t\u00e9.<\/p>\n<p>Ce sera la premi\u00e8re fois que les Jeux paralympiques se d\u00e9rouleront \u00e0 Paris, en France.<\/p>\n<p><img loading=\"lazy\" decoding=\"async\" class=\"wp-image-16969 size-full aligncenter\" src=\"https:\/\/equestrian.ca\/wp-content\/uploads\/2024\/02\/Paris.jpg\" alt=\"\" width=\"600\" height=\"400\" srcset=\"https:\/\/equestrian.ca\/wp-content\/uploads\/2024\/02\/Paris.jpg 600w, https:\/\/equestrian.ca\/wp-content\/uploads\/2024\/02\/Paris-300x200.jpg 300w\" sizes=\"auto, (max-width: 639px) 98vw, (max-width: 1199px) 64vw, 600px\" \/><\/p>\n\t\t\t\t\t<\/div>\n\t\t\t\t\t\t\t\t\t\t\t<\/div>\n\t<\/section>\n\n\n\t<section id='block-committee-block_03e29e61195624166792bcd97dbb9f07' class='ra-block block-committee anchor-link-section '>\n\t\t\n\t<section id=\"crit%c3%a8res-pour-les-grands-jeux\" data-is-jumplink=\"false\" data-title=\"Crit\u00e8res pour les grands Jeux\" class=\"forms-and-documents-cta anchor-link-section vert3-p-b\">\n\t\t<div class=\"\">\n\t\t\t<div class='row justify-content-center'>\n\t\t\t\t<div class=\"content-col col-12 col-lg-5\">\n\t\t\t\t\t<h2 class=\"section-title\">Crit\u00e8res pour les grands Jeux<\/h2>\n\n\t\t\t\t\t\n\t\t\t\t\t<form id=\"forms-and-documents-search-form\" action=\"\/news-info\/forms-and-documents\/\" method=\"get\" class=\"d-flex align-items-center\">\n\t\t\t\t\t\t<label class=\"sr-only\" for=\"search-term\">Search:<\/label>\n\t\t\t\t\t\t<input type=\"text\" id=\"search-term\" name=\"search-term\" placeholder=\"Recherche\" class=\"form-control input-group-field\">\n\t\t\t\t\t\t<button type=\"submit\" class=\"secondary-search-btn\"><i class=\"fal fa-search icon\"><\/i><\/button>\n\t\t\t\t\t<\/form>\n\n\t\t\t\t\t\n\t<div class=\"block-quote \">\n\t\t<div class=\"quote\">Crit\u00e8res pour les Jeux olympiques et paralympiques<\/div>\n\t\t<div class=\"actionable-buttons\">\n\t\t\t\t\t\t\t<a href=\"https:\/\/equestrian.ca\/fr\/news-info\/forms-and-documents\/?resource-category=criteria\" target=\"\" class=\"btn\">Afficher tout<\/a>\n\t\t\t\t\t\t\n\t\t\t\t\t<\/div>\n\t<\/div>\n\t\t\t\t<\/div>\n\n\t\t\t\t\t\t\t\t\n\t\t\t\t\n\t\t\t\t\t\t\t\t\t\t\t<div class=\"resources-col col-12 col-lg-7\">\n\t\t\t\t\t\t\t<div class='row category-grid row-cols-1 row-cols-sm-2'>\n\t\t\t\t\t\t\t\t\n\t\t\t\t\t\t\t\t\t\t\t\t\t\t\t\t\t\n\t\t\t\t\t\t\t\t\t\t\t\t\t\t\t\t\t\n\t\t\t\t\t\t\t\t\t\t\t\t\t\t\t\t\t\n\t\t\t\t\t\t\t\t\t\t\t\t\t\t\t\t\t\t\t\t\t\t\t\t<\/div>\n\t\t\t\t\t\t<\/div>\n\n\t\t\t\t\t\n\t\t\t\t\t\t\t<\/div>\n\t\t<\/div>\n\t<\/section>\n\t<\/section>\n","protected":false},"excerpt":{"rendered":"","protected":false},"author":8,"featured_media":21206,"parent":26670,"menu_order":0,"comment_status":"closed","ping_status":"closed","template":"","meta":{"_acf_changed":false,"footnotes":""},"class_list":["post-26944","page","type-page","status-publish","has-post-thumbnail","hentry"],"acf":[],"yoast_head":"<!-- This site is optimized with the Yoast SEO plugin v27.0 - https:\/\/yoast.com\/product\/yoast-seo-wordpress\/ -->\n<title>Grands Jeux - Equestrian Canada<\/title>\n<meta name=\"robots\" content=\"index, follow, max-snippet:-1, max-image-preview:large, max-video-preview:-1\" \/>\n<link rel=\"canonical\" href=\"https:\/\/equestrian.ca\/fr\/high-performance\/major-games\/\" \/>\n<meta property=\"og:locale\" content=\"fr_CA\" \/>\n<meta property=\"og:type\" content=\"article\" \/>\n<meta property=\"og:title\" content=\"Grands Jeux - Equestrian Canada\" \/>\n<meta property=\"og:url\" content=\"https:\/\/equestrian.ca\/fr\/high-performance\/major-games\/\" \/>\n<meta property=\"og:site_name\" content=\"Equestrian Canada\" \/>\n<meta property=\"article:modified_time\" content=\"2024-12-18T16:56:50+00:00\" \/>\n<meta property=\"og:image\" content=\"https:\/\/equestrian.ca\/wp-content\/uploads\/2023\/11\/BR_0885.jpg\" \/>\n\t<meta property=\"og:image:width\" content=\"1350\" \/>\n\t<meta property=\"og:image:height\" content=\"900\" \/>\n\t<meta property=\"og:image:type\" content=\"image\/jpeg\" \/>\n<meta name=\"twitter:card\" content=\"summary_large_image\" \/>\n<meta name=\"twitter:label1\" content=\"Estimation du temps de lecture\" \/>\n\t<meta name=\"twitter:data1\" content=\"1 minute\" \/>\n<script type=\"application\/ld+json\" class=\"yoast-schema-graph\">{\"@context\":\"https:\/\/schema.org\",\"@graph\":[{\"@type\":\"WebPage\",\"@id\":\"https:\/\/equestrian.ca\/fr\/high-performance\/major-games\/\",\"url\":\"https:\/\/equestrian.ca\/fr\/high-performance\/major-games\/\",\"name\":\"Grands Jeux - Equestrian Canada\",\"isPartOf\":{\"@id\":\"https:\/\/equestrian.ca\/fr\/#website\"},\"primaryImageOfPage\":{\"@id\":\"https:\/\/equestrian.ca\/fr\/high-performance\/major-games\/#primaryimage\"},\"image\":{\"@id\":\"https:\/\/equestrian.ca\/fr\/high-performance\/major-games\/#primaryimage\"},\"thumbnailUrl\":\"https:\/\/equestrian.ca\/wp-content\/uploads\/2023\/11\/BR_0885.jpg\",\"datePublished\":\"2023-08-31T18:32:47+00:00\",\"dateModified\":\"2024-12-18T16:56:50+00:00\",\"breadcrumb\":{\"@id\":\"https:\/\/equestrian.ca\/fr\/high-performance\/major-games\/#breadcrumb\"},\"inLanguage\":\"fr-CA\",\"potentialAction\":[{\"@type\":\"ReadAction\",\"target\":[\"https:\/\/equestrian.ca\/fr\/high-performance\/major-games\/\"]}]},{\"@type\":\"ImageObject\",\"inLanguage\":\"fr-CA\",\"@id\":\"https:\/\/equestrian.ca\/fr\/high-performance\/major-games\/#primaryimage\",\"url\":\"https:\/\/equestrian.ca\/wp-content\/uploads\/2023\/11\/BR_0885.jpg\",\"contentUrl\":\"https:\/\/equestrian.ca\/wp-content\/uploads\/2023\/11\/BR_0885.jpg\",\"width\":1350,\"height\":900},{\"@type\":\"BreadcrumbList\",\"@id\":\"https:\/\/equestrian.ca\/fr\/high-performance\/major-games\/#breadcrumb\",\"itemListElement\":[{\"@type\":\"ListItem\",\"position\":1,\"name\":\"Home\",\"item\":\"https:\/\/equestrian.ca\/fr\/\"},{\"@type\":\"ListItem\",\"position\":2,\"name\":\"Sport de haut niveau\",\"item\":\"https:\/\/equestrian.ca\/fr\/high-performance\/\"},{\"@type\":\"ListItem\",\"position\":3,\"name\":\"Grands Jeux\"}]},{\"@type\":\"WebSite\",\"@id\":\"https:\/\/equestrian.ca\/fr\/#website\",\"url\":\"https:\/\/equestrian.ca\/fr\/\",\"name\":\"Equestrian Canada\",\"description\":\"For the love of horses and sport for life.\",\"potentialAction\":[{\"@type\":\"SearchAction\",\"target\":{\"@type\":\"EntryPoint\",\"urlTemplate\":\"https:\/\/equestrian.ca\/fr\/?s={search_term_string}\"},\"query-input\":{\"@type\":\"PropertyValueSpecification\",\"valueRequired\":true,\"valueName\":\"search_term_string\"}}],\"inLanguage\":\"fr-CA\"}]}<\/script>\n<!-- \/ Yoast SEO plugin. -->","yoast_head_json":{"title":"Grands Jeux - Equestrian Canada","robots":{"index":"index","follow":"follow","max-snippet":"max-snippet:-1","max-image-preview":"max-image-preview:large","max-video-preview":"max-video-preview:-1"},"canonical":"https:\/\/equestrian.ca\/fr\/high-performance\/major-games\/","og_locale":"fr_CA","og_type":"article","og_title":"Grands Jeux - Equestrian Canada","og_url":"https:\/\/equestrian.ca\/fr\/high-performance\/major-games\/","og_site_name":"Equestrian Canada","article_modified_time":"2024-12-18T16:56:50+00:00","og_image":[{"width":1350,"height":900,"url":"https:\/\/equestrian.ca\/wp-content\/uploads\/2023\/11\/BR_0885.jpg","type":"image\/jpeg"}],"twitter_card":"summary_large_image","twitter_misc":{"Estimation du temps de lecture":"1 minute"},"schema":{"@context":"https:\/\/schema.org","@graph":[{"@type":"WebPage","@id":"https:\/\/equestrian.ca\/fr\/high-performance\/major-games\/","url":"https:\/\/equestrian.ca\/fr\/high-performance\/major-games\/","name":"Grands Jeux - Equestrian Canada","isPartOf":{"@id":"https:\/\/equestrian.ca\/fr\/#website"},"primaryImageOfPage":{"@id":"https:\/\/equestrian.ca\/fr\/high-performance\/major-games\/#primaryimage"},"image":{"@id":"https:\/\/equestrian.ca\/fr\/high-performance\/major-games\/#primaryimage"},"thumbnailUrl":"https:\/\/equestrian.ca\/wp-content\/uploads\/2023\/11\/BR_0885.jpg","datePublished":"2023-08-31T18:32:47+00:00","dateModified":"2024-12-18T16:56:50+00:00","breadcrumb":{"@id":"https:\/\/equestrian.ca\/fr\/high-performance\/major-games\/#breadcrumb"},"inLanguage":"fr-CA","potentialAction":[{"@type":"ReadAction","target":["https:\/\/equestrian.ca\/fr\/high-performance\/major-games\/"]}]},{"@type":"ImageObject","inLanguage":"fr-CA","@id":"https:\/\/equestrian.ca\/fr\/high-performance\/major-games\/#primaryimage","url":"https:\/\/equestrian.ca\/wp-content\/uploads\/2023\/11\/BR_0885.jpg","contentUrl":"https:\/\/equestrian.ca\/wp-content\/uploads\/2023\/11\/BR_0885.jpg","width":1350,"height":900},{"@type":"BreadcrumbList","@id":"https:\/\/equestrian.ca\/fr\/high-performance\/major-games\/#breadcrumb","itemListElement":[{"@type":"ListItem","position":1,"name":"Home","item":"https:\/\/equestrian.ca\/fr\/"},{"@type":"ListItem","position":2,"name":"Sport de haut niveau","item":"https:\/\/equestrian.ca\/fr\/high-performance\/"},{"@type":"ListItem","position":3,"name":"Grands Jeux"}]},{"@type":"WebSite","@id":"https:\/\/equestrian.ca\/fr\/#website","url":"https:\/\/equestrian.ca\/fr\/","name":"Equestrian Canada","description":"For the love of horses and sport for life.","potentialAction":[{"@type":"SearchAction","target":{"@type":"EntryPoint","urlTemplate":"https:\/\/equestrian.ca\/fr\/?s={search_term_string}"},"query-input":{"@type":"PropertyValueSpecification","valueRequired":true,"valueName":"search_term_string"}}],"inLanguage":"fr-CA"}]}},"_links":{"self":[{"href":"https:\/\/equestrian.ca\/fr\/wp-json\/wp\/v2\/pages\/26944","targetHints":{"allow":["GET"]}}],"collection":[{"href":"https:\/\/equestrian.ca\/fr\/wp-json\/wp\/v2\/pages"}],"about":[{"href":"https:\/\/equestrian.ca\/fr\/wp-json\/wp\/v2\/types\/page"}],"author":[{"embeddable":true,"href":"https:\/\/equestrian.ca\/fr\/wp-json\/wp\/v2\/users\/8"}],"replies":[{"embeddable":true,"href":"https:\/\/equestrian.ca\/fr\/wp-json\/wp\/v2\/comments?post=26944"}],"version-history":[{"count":2,"href":"https:\/\/equestrian.ca\/fr\/wp-json\/wp\/v2\/pages\/26944\/revisions"}],"predecessor-version":[{"id":31520,"href":"https:\/\/equestrian.ca\/fr\/wp-json\/wp\/v2\/pages\/26944\/revisions\/31520"}],"up":[{"embeddable":true,"href":"https:\/\/equestrian.ca\/fr\/wp-json\/wp\/v2\/pages\/26670"}],"wp:featuredmedia":[{"embeddable":true,"href":"https:\/\/equestrian.ca\/fr\/wp-json\/wp\/v2\/media\/21206"}],"wp:attachment":[{"href":"https:\/\/equestrian.ca\/fr\/wp-json\/wp\/v2\/media?parent=26944"}],"curies":[{"name":"wp","href":"https:\/\/api.w.org\/{rel}","templated":true}]}}