{"id":26931,"date":"2023-08-31T17:56:12","date_gmt":"2023-08-31T17:56:12","guid":{"rendered":"https:\/\/equestrian.ca\/high-performance\/national-team-program\/integrated-support-teams\/"},"modified":"2024-04-09T14:09:14","modified_gmt":"2024-04-09T14:09:14","slug":"integrated-support-teams","status":"publish","type":"page","link":"https:\/\/equestrian.ca\/fr\/high-performance\/national-team-program\/integrated-support-teams\/","title":{"rendered":"\u00c9quipes de soutien int\u00e9gr\u00e9"},"content":{"rendered":"\n\t<section id=\"\" data-is-jumplink=\"false\" data-title=\"\" class=\"ra-block block-column-text anchor-link-section \">\n\t\t\t\t<div class='row'>\n\t\t\t\t\t\t\t\t\t\t\t\t\t\t<div class='col-12 col-md-12 content-column wysiwyg-content'>\n\t\t\t\t\t\t<p>Les \u00e9quipes de soutien int\u00e9gr\u00e9 (ESI) sont les professionnelles et professionnels des sciences du sport, de la m\u00e9decine sportive et de la gestion d&rsquo;\u00e9quipe qui soutiennent les entra\u00eeneures et entra\u00eeneurs, les athl\u00e8tes et les \u00e9quipes.<\/p>\n<p>Les ESI peuvent comprendre une ou un physiologiste, une ou un psychologue du sport, une ou un sp\u00e9cialiste en biom\u00e9canique, une ou un nutritionniste, une ou un kin\u00e9sith\u00e9rapeute\/th\u00e9rapeute athl\u00e9tique et une ou un m\u00e9decin.<\/p>\n\t\t\t\t\t<\/div>\n\t\t\t\t\t\t\t\t\t\t\t<\/div>\n\t<\/section>\n\n\n\n\t<section id=\"\" data-is-jumplink=\"false\" data-title=\"\" class=\"ra-block block-media-and-text anchor-link-section \">\n\t\t<div class='row'>\n\t\t\t\t\t\t\t<div class='col-12 col-md-6 content-col order-1 order-md-2'>\n\t\t\t\t\t\t\t\t\t\t\t<a href=\"https:\/\/www.ownthepodium.org\/en-CA\/\" class=\"title-link\" target=\"_blank\">\n\t\t\t\t\t\t\n\t\t\t\t\t\t\t\t\t\t\t<h3 class='title show-as-h4'>\u00c0 nous le podium<\/h3>\n\t\t\t\t\t\t\n\t\t\t\t\t\t\t\t\t\t\t<\/a>\n\t\t\t\t\t\t\t\t\t\t\n\t\t\t\t\t\t\t\t\t\t\t<div class='content wysiwyg-content'>\n\t\t\t\t\t\t\t<p>\u00c0 nous le podium apporte un soutien financier aux ESI par l&rsquo;interm\u00e9diaire des ONS et du r\u00e9seau des centres sportifs canadiens.<\/p>\n\t\t\t\t\t\t<\/div>\n\t\t\t\t\t\t\t\t\t<\/div>\n\t\t\t\n\t\t\t<div class='col-12 col-md-6 picture-col order-2 order-md-1'>\n\t\t\t\t\t\t\t\t\t\t\t\t\t\t\t<a class=\"image-link\" href=\"https:\/\/www.ownthepodium.org\/en-CA\/\" target=\"_blank\">\n\t\t\t\t\t\n\t\t\t\t\t\n\t\t\t\n\t\t<picture class=\"contain\">\n\t\t\t<source srcset=\"https:\/\/equestrian.ca\/wp-content\/uploads\/2024\/02\/OTP.jpg\" media=\"(min-width: 1280px)\">\n\t\t\t<source srcset=\"https:\/\/equestrian.ca\/wp-content\/uploads\/2024\/02\/OTP.jpg\" media=\"(min-width: 1024px)\">\n\t\t\t<source srcset=\"https:\/\/equestrian.ca\/wp-content\/uploads\/2024\/02\/OTP.jpg\" media=\"(min-width: 768px)\">\n\t\t\t<img decoding=\"async\" loading=\"lazy\" src=\"https:\/\/equestrian.ca\/wp-content\/uploads\/2024\/02\/OTP.jpg\" alt=\"\">\n\t\t<\/picture>\n\n\t\t\t\n\t\t\t\t\t\t\t\t\t\t\t<\/a>\n\t\t\t\t\t\t\t\t\t\t\t\t<\/div>\n\t\t<\/div>\n\t<\/section>\n","protected":false},"excerpt":{"rendered":"","protected":false},"author":8,"featured_media":21743,"parent":26671,"menu_order":0,"comment_status":"closed","ping_status":"closed","template":"","meta":{"_acf_changed":false,"footnotes":""},"class_list":["post-26931","page","type-page","status-publish","has-post-thumbnail","hentry"],"acf":[],"yoast_head":"<!-- This site is optimized with the Yoast SEO plugin v27.0 - https:\/\/yoast.com\/product\/yoast-seo-wordpress\/ -->\n<title>\u00c9quipes de soutien int\u00e9gr\u00e9 - Equestrian Canada<\/title>\n<meta name=\"robots\" content=\"index, follow, max-snippet:-1, max-image-preview:large, max-video-preview:-1\" \/>\n<link rel=\"canonical\" href=\"https:\/\/equestrian.ca\/fr\/high-performance\/national-team-program\/integrated-support-teams\/\" \/>\n<meta property=\"og:locale\" content=\"fr_CA\" \/>\n<meta property=\"og:type\" content=\"article\" \/>\n<meta property=\"og:title\" content=\"\u00c9quipes de soutien int\u00e9gr\u00e9 - Equestrian Canada\" \/>\n<meta property=\"og:url\" content=\"https:\/\/equestrian.ca\/fr\/high-performance\/national-team-program\/integrated-support-teams\/\" \/>\n<meta property=\"og:site_name\" content=\"Equestrian Canada\" \/>\n<meta property=\"article:modified_time\" content=\"2024-04-09T14:09:14+00:00\" \/>\n<meta property=\"og:image\" content=\"https:\/\/equestrian.ca\/wp-content\/uploads\/2024\/01\/News-Bits-Pieces-Young-Riders-Endurance-Team-Challenge-Team-Photo-by-Becky-Pearman.jpg\" \/>\n\t<meta property=\"og:image:width\" content=\"800\" \/>\n\t<meta property=\"og:image:height\" content=\"534\" \/>\n\t<meta property=\"og:image:type\" content=\"image\/jpeg\" \/>\n<meta name=\"twitter:card\" content=\"summary_large_image\" \/>\n<meta name=\"twitter:label1\" content=\"Estimation du temps de lecture\" \/>\n\t<meta name=\"twitter:data1\" content=\"1 minute\" \/>\n<script type=\"application\/ld+json\" class=\"yoast-schema-graph\">{\"@context\":\"https:\/\/schema.org\",\"@graph\":[{\"@type\":\"WebPage\",\"@id\":\"https:\/\/equestrian.ca\/fr\/high-performance\/national-team-program\/integrated-support-teams\/\",\"url\":\"https:\/\/equestrian.ca\/fr\/high-performance\/national-team-program\/integrated-support-teams\/\",\"name\":\"\u00c9quipes de soutien int\u00e9gr\u00e9 - Equestrian Canada\",\"isPartOf\":{\"@id\":\"https:\/\/equestrian.ca\/fr\/#website\"},\"primaryImageOfPage\":{\"@id\":\"https:\/\/equestrian.ca\/fr\/high-performance\/national-team-program\/integrated-support-teams\/#primaryimage\"},\"image\":{\"@id\":\"https:\/\/equestrian.ca\/fr\/high-performance\/national-team-program\/integrated-support-teams\/#primaryimage\"},\"thumbnailUrl\":\"https:\/\/equestrian.ca\/wp-content\/uploads\/2024\/01\/News-Bits-Pieces-Young-Riders-Endurance-Team-Challenge-Team-Photo-by-Becky-Pearman.jpg\",\"datePublished\":\"2023-08-31T17:56:12+00:00\",\"dateModified\":\"2024-04-09T14:09:14+00:00\",\"breadcrumb\":{\"@id\":\"https:\/\/equestrian.ca\/fr\/high-performance\/national-team-program\/integrated-support-teams\/#breadcrumb\"},\"inLanguage\":\"fr-CA\",\"potentialAction\":[{\"@type\":\"ReadAction\",\"target\":[\"https:\/\/equestrian.ca\/fr\/high-performance\/national-team-program\/integrated-support-teams\/\"]}]},{\"@type\":\"ImageObject\",\"inLanguage\":\"fr-CA\",\"@id\":\"https:\/\/equestrian.ca\/fr\/high-performance\/national-team-program\/integrated-support-teams\/#primaryimage\",\"url\":\"https:\/\/equestrian.ca\/wp-content\/uploads\/2024\/01\/News-Bits-Pieces-Young-Riders-Endurance-Team-Challenge-Team-Photo-by-Becky-Pearman.jpg\",\"contentUrl\":\"https:\/\/equestrian.ca\/wp-content\/uploads\/2024\/01\/News-Bits-Pieces-Young-Riders-Endurance-Team-Challenge-Team-Photo-by-Becky-Pearman.jpg\",\"width\":800,\"height\":534},{\"@type\":\"BreadcrumbList\",\"@id\":\"https:\/\/equestrian.ca\/fr\/high-performance\/national-team-program\/integrated-support-teams\/#breadcrumb\",\"itemListElement\":[{\"@type\":\"ListItem\",\"position\":1,\"name\":\"Home\",\"item\":\"https:\/\/equestrian.ca\/fr\/\"},{\"@type\":\"ListItem\",\"position\":2,\"name\":\"Sport de haut niveau\",\"item\":\"https:\/\/equestrian.ca\/fr\/high-performance\/\"},{\"@type\":\"ListItem\",\"position\":3,\"name\":\"Programme de l&#8217;\u00e9quipe nationale\",\"item\":\"https:\/\/equestrian.ca\/fr\/high-performance\/national-team-program\/\"},{\"@type\":\"ListItem\",\"position\":4,\"name\":\"\u00c9quipes de soutien int\u00e9gr\u00e9\"}]},{\"@type\":\"WebSite\",\"@id\":\"https:\/\/equestrian.ca\/fr\/#website\",\"url\":\"https:\/\/equestrian.ca\/fr\/\",\"name\":\"Equestrian Canada\",\"description\":\"For the love of horses and sport for life.\",\"potentialAction\":[{\"@type\":\"SearchAction\",\"target\":{\"@type\":\"EntryPoint\",\"urlTemplate\":\"https:\/\/equestrian.ca\/fr\/?s={search_term_string}\"},\"query-input\":{\"@type\":\"PropertyValueSpecification\",\"valueRequired\":true,\"valueName\":\"search_term_string\"}}],\"inLanguage\":\"fr-CA\"}]}<\/script>\n<!-- \/ Yoast SEO plugin. -->","yoast_head_json":{"title":"\u00c9quipes de soutien int\u00e9gr\u00e9 - Equestrian Canada","robots":{"index":"index","follow":"follow","max-snippet":"max-snippet:-1","max-image-preview":"max-image-preview:large","max-video-preview":"max-video-preview:-1"},"canonical":"https:\/\/equestrian.ca\/fr\/high-performance\/national-team-program\/integrated-support-teams\/","og_locale":"fr_CA","og_type":"article","og_title":"\u00c9quipes de soutien int\u00e9gr\u00e9 - Equestrian Canada","og_url":"https:\/\/equestrian.ca\/fr\/high-performance\/national-team-program\/integrated-support-teams\/","og_site_name":"Equestrian Canada","article_modified_time":"2024-04-09T14:09:14+00:00","og_image":[{"width":800,"height":534,"url":"https:\/\/equestrian.ca\/wp-content\/uploads\/2024\/01\/News-Bits-Pieces-Young-Riders-Endurance-Team-Challenge-Team-Photo-by-Becky-Pearman.jpg","type":"image\/jpeg"}],"twitter_card":"summary_large_image","twitter_misc":{"Estimation du temps de lecture":"1 minute"},"schema":{"@context":"https:\/\/schema.org","@graph":[{"@type":"WebPage","@id":"https:\/\/equestrian.ca\/fr\/high-performance\/national-team-program\/integrated-support-teams\/","url":"https:\/\/equestrian.ca\/fr\/high-performance\/national-team-program\/integrated-support-teams\/","name":"\u00c9quipes de soutien int\u00e9gr\u00e9 - Equestrian Canada","isPartOf":{"@id":"https:\/\/equestrian.ca\/fr\/#website"},"primaryImageOfPage":{"@id":"https:\/\/equestrian.ca\/fr\/high-performance\/national-team-program\/integrated-support-teams\/#primaryimage"},"image":{"@id":"https:\/\/equestrian.ca\/fr\/high-performance\/national-team-program\/integrated-support-teams\/#primaryimage"},"thumbnailUrl":"https:\/\/equestrian.ca\/wp-content\/uploads\/2024\/01\/News-Bits-Pieces-Young-Riders-Endurance-Team-Challenge-Team-Photo-by-Becky-Pearman.jpg","datePublished":"2023-08-31T17:56:12+00:00","dateModified":"2024-04-09T14:09:14+00:00","breadcrumb":{"@id":"https:\/\/equestrian.ca\/fr\/high-performance\/national-team-program\/integrated-support-teams\/#breadcrumb"},"inLanguage":"fr-CA","potentialAction":[{"@type":"ReadAction","target":["https:\/\/equestrian.ca\/fr\/high-performance\/national-team-program\/integrated-support-teams\/"]}]},{"@type":"ImageObject","inLanguage":"fr-CA","@id":"https:\/\/equestrian.ca\/fr\/high-performance\/national-team-program\/integrated-support-teams\/#primaryimage","url":"https:\/\/equestrian.ca\/wp-content\/uploads\/2024\/01\/News-Bits-Pieces-Young-Riders-Endurance-Team-Challenge-Team-Photo-by-Becky-Pearman.jpg","contentUrl":"https:\/\/equestrian.ca\/wp-content\/uploads\/2024\/01\/News-Bits-Pieces-Young-Riders-Endurance-Team-Challenge-Team-Photo-by-Becky-Pearman.jpg","width":800,"height":534},{"@type":"BreadcrumbList","@id":"https:\/\/equestrian.ca\/fr\/high-performance\/national-team-program\/integrated-support-teams\/#breadcrumb","itemListElement":[{"@type":"ListItem","position":1,"name":"Home","item":"https:\/\/equestrian.ca\/fr\/"},{"@type":"ListItem","position":2,"name":"Sport de haut niveau","item":"https:\/\/equestrian.ca\/fr\/high-performance\/"},{"@type":"ListItem","position":3,"name":"Programme de l&#8217;\u00e9quipe nationale","item":"https:\/\/equestrian.ca\/fr\/high-performance\/national-team-program\/"},{"@type":"ListItem","position":4,"name":"\u00c9quipes de soutien int\u00e9gr\u00e9"}]},{"@type":"WebSite","@id":"https:\/\/equestrian.ca\/fr\/#website","url":"https:\/\/equestrian.ca\/fr\/","name":"Equestrian Canada","description":"For the love of horses and sport for life.","potentialAction":[{"@type":"SearchAction","target":{"@type":"EntryPoint","urlTemplate":"https:\/\/equestrian.ca\/fr\/?s={search_term_string}"},"query-input":{"@type":"PropertyValueSpecification","valueRequired":true,"valueName":"search_term_string"}}],"inLanguage":"fr-CA"}]}},"_links":{"self":[{"href":"https:\/\/equestrian.ca\/fr\/wp-json\/wp\/v2\/pages\/26931","targetHints":{"allow":["GET"]}}],"collection":[{"href":"https:\/\/equestrian.ca\/fr\/wp-json\/wp\/v2\/pages"}],"about":[{"href":"https:\/\/equestrian.ca\/fr\/wp-json\/wp\/v2\/types\/page"}],"author":[{"embeddable":true,"href":"https:\/\/equestrian.ca\/fr\/wp-json\/wp\/v2\/users\/8"}],"replies":[{"embeddable":true,"href":"https:\/\/equestrian.ca\/fr\/wp-json\/wp\/v2\/comments?post=26931"}],"version-history":[{"count":1,"href":"https:\/\/equestrian.ca\/fr\/wp-json\/wp\/v2\/pages\/26931\/revisions"}],"predecessor-version":[{"id":26941,"href":"https:\/\/equestrian.ca\/fr\/wp-json\/wp\/v2\/pages\/26931\/revisions\/26941"}],"up":[{"embeddable":true,"href":"https:\/\/equestrian.ca\/fr\/wp-json\/wp\/v2\/pages\/26671"}],"wp:featuredmedia":[{"embeddable":true,"href":"https:\/\/equestrian.ca\/fr\/wp-json\/wp\/v2\/media\/21743"}],"wp:attachment":[{"href":"https:\/\/equestrian.ca\/fr\/wp-json\/wp\/v2\/media?parent=26931"}],"curies":[{"name":"wp","href":"https:\/\/api.w.org\/{rel}","templated":true}]}}