{"id":26930,"date":"2023-08-31T17:55:09","date_gmt":"2023-08-31T17:55:09","guid":{"rendered":"https:\/\/equestrian.ca\/high-performance\/national-team-program\/athletes\/"},"modified":"2025-02-20T19:29:56","modified_gmt":"2025-02-20T19:29:56","slug":"athletes","status":"publish","type":"page","link":"https:\/\/equestrian.ca\/fr\/high-performance\/national-team-program\/athletes\/","title":{"rendered":"Athl\u00e8tes"},"content":{"rendered":"\n\t<section id=\"\" data-is-jumplink=\"false\" data-title=\"\" class=\"ra-block block-column-text anchor-link-section \">\n\t\t\t\t\t<h2 class='title'>Inscription des athl\u00e8tes humains et \u00e9quins aupr\u00e8s de la FEI<\/h2>\n\t\t\t\t<div class='row'>\n\t\t\t\t\t\t\t\t\t\t\t\t\t\t<div class='col-12 col-md-12 content-column wysiwyg-content'>\n\t\t\t\t\t\t<p>Tous les athl\u00e8tes humains et \u00e9quins qui participent aux concours de la FEI doivent \u00eatre inscrits chaque ann\u00e9e aupr\u00e8s de la FEI.<\/p>\n<ul>\n<li>Les chevaux et cavaliers canadiens peuvent obtenir l&rsquo;enregistrement aupr\u00e8s de la FEI par l&rsquo;interm\u00e9diaire du portail d&rsquo;enregistrement de la FEI de CE.<\/li>\n<li>Tous les chevaux inscrits pour la premi\u00e8re fois doivent \u00eatre dot\u00e9s d&rsquo;une puce \u00e9lectronique compatible avec les normes ISO 11784 et ISO 11785.<\/li>\n<\/ul>\n<p>Les questions relatives aux autorisations et inscriptions de la FEI peuvent \u00eatre adress\u00e9es aux responsables de la discipline concern\u00e9e.<\/p>\n\t\t\t\t\t<\/div>\n\t\t\t\t\t\t\t\t\t\t\t<\/div>\n\t<\/section>\n\n\n\n\t<section id=\"\" data-is-jumplink=\"false\" data-title=\"\" class=\"ra-block block-call-to-action anchor-link-section \">\n\t\t\n\t\t<a href=\"https:\/\/licence.equestrian.ca\/feireg\/login.aspx\" target=\"\" class=\"call-to-action-col no-background-image\">\t\t\t\n\t\t\t\t<div class='cta-wrapper'>\n\t\t\t\t\t\t\t\t\t<h2 class='title'>Inscription des athl\u00e8tes humains et \u00e9quins aupr\u00e8s de la FEI<\/h2>\n\t\t\t\t\t\t\t\t\t\t\t\t\t<p class='content'>Portail d&rsquo;inscription \u00e0 la FEI de CE<\/p>\n\t\t\t\t\t\t\t\t\t\t\t\t\t<div class=\"btn\">Se connecter<\/div>\n\t\t\t\t\t\t\t<\/div>\n\t\t<\/a>\t<\/section>\n\n\n\n\t<section id=\"\" data-is-jumplink=\"false\" data-title=\"\" class=\"ra-block block-column-text anchor-link-section \">\n\t\t\t\t\t<h2 class='title'>Autorisation de la FEI<\/h2>\n\t\t\t\t<div class='row'>\n\t\t\t\t\t\t\t\t\t\t\t\t\t\t<div class='col-12 col-md-12 content-column wysiwyg-content'>\n\t\t\t\t\t\t<p>Pour participer aux comp\u00e9titions sanctionn\u00e9es par la FEI, les athl\u00e8tes doivent remplir et soumettre une demande d&rsquo;autorisation de concourir \u00e0 CE\u00a0<b>au moins trois (3) semaines avant la date limite d&rsquo;inscription \u00e0 la comp\u00e9tition<\/b>.<\/p>\n<p>Veuillez contacter\u00a0<a href=\"mailto:feiservices@equestrian.ca\" target=\"_blank\" rel=\"noopener\">feiservices@equestrian.ca<\/a>\u00a0si vous avez des questions.<\/p>\n\t\t\t\t\t<\/div>\n\t\t\t\t\t\t\t\t\t\t\t<\/div>\n\t<\/section>\n\n\n\n\t<section id=\"\" data-is-jumplink=\"false\" data-title=\"\" class=\"ra-block block-media-and-text anchor-link-section \">\n\t\t<div class='row'>\n\t\t\t\t\t\t\t<div class='col-12 col-md-6 content-col order-1 order-md-2'>\n\t\t\t\t\t\t\n\t\t\t\t\t\t\n\t\t\t\t\t\t\t\t\t\t\n\t\t\t\t\t\t\t\t\t\t\t<div class='content wysiwyg-content'>\n\t\t\t\t\t\t\t<p>&nbsp;<\/p>\n<p>&nbsp;<\/p>\n<p><a href=\"https:\/\/licence.equestrian.ca\/caifei\/login\" target=\"_blank\" rel=\"noopener\">Portail de demande d&rsquo;autorisation de participation aux concours d&rsquo;attelage de la FEI<\/a><\/p>\n\t\t\t\t\t\t<\/div>\n\t\t\t\t\t\t\t\t\t<\/div>\n\t\t\t\n\t\t\t<div class='col-12 col-md-6 picture-col order-2 order-md-1'>\n\t\t\t\t\t\t\t\t\t\n\t\t\t\t\t\n\t\t\t\n\t\t<picture class=\"contain\">\n\t\t\t<source srcset=\"https:\/\/equestrian.ca\/wp-content\/uploads\/2024\/02\/Kelly-Houtappels-Bruder-and-Flip-by-Solene-Bailly-Photos1.jpg\" media=\"(min-width: 1280px)\">\n\t\t\t<source srcset=\"https:\/\/equestrian.ca\/wp-content\/uploads\/2024\/02\/Kelly-Houtappels-Bruder-and-Flip-by-Solene-Bailly-Photos1.jpg\" media=\"(min-width: 1024px)\">\n\t\t\t<source srcset=\"https:\/\/equestrian.ca\/wp-content\/uploads\/2024\/02\/Kelly-Houtappels-Bruder-and-Flip-by-Solene-Bailly-Photos1.jpg\" media=\"(min-width: 768px)\">\n\t\t\t<img decoding=\"async\" loading=\"lazy\" src=\"https:\/\/equestrian.ca\/wp-content\/uploads\/2024\/02\/Kelly-Houtappels-Bruder-and-Flip-by-Solene-Bailly-Photos1-640x427.jpg\" alt=\"\">\n\t\t<\/picture>\n\n\t\t\t\n\t\t\t\t\t\t\t\t\t\t\t\t<\/div>\n\t\t<\/div>\n\t<\/section>\n\n\n\n\t<section id=\"\" data-is-jumplink=\"false\" data-title=\"\" class=\"ra-block block-media-and-text anchor-link-section \">\n\t\t<div class='row'>\n\t\t\t\t\t\t\t<div class='col-12 col-md-6 content-col order-1 order-md-2'>\n\t\t\t\t\t\t\n\t\t\t\t\t\t\n\t\t\t\t\t\t\t\t\t\t\n\t\t\t\t\t\t\t\t\t\t\t<div class='content wysiwyg-content'>\n\t\t\t\t\t\t\t<p>&nbsp;<\/p>\n<p>&nbsp;<\/p>\n<p>&nbsp;<\/p>\n<p><a href=\"https:\/\/licence.equestrian.ca\/ceifei\/login\" target=\"_blank\" rel=\"noopener\">Portail de demande d&rsquo;autorisation de participation aux concours d&rsquo;endurance de la FEI<\/a><\/p>\n\t\t\t\t\t\t<\/div>\n\t\t\t\t\t\t\t\t\t<\/div>\n\t\t\t\n\t\t\t<div class='col-12 col-md-6 picture-col order-2 order-md-1'>\n\t\t\t\t\t\t\t\t\t\n\t\t\t\t\t\n\t\t\t\n\t\t<picture class=\"contain\">\n\t\t\t<source srcset=\"https:\/\/equestrian.ca\/wp-content\/uploads\/2024\/02\/Shannon-Thorndyke1-1.jpg\" media=\"(min-width: 1280px)\">\n\t\t\t<source srcset=\"https:\/\/equestrian.ca\/wp-content\/uploads\/2024\/02\/Shannon-Thorndyke1-1-1200x801.jpg\" media=\"(min-width: 1024px)\">\n\t\t\t<source srcset=\"https:\/\/equestrian.ca\/wp-content\/uploads\/2024\/02\/Shannon-Thorndyke1-1-1024x683.jpg\" media=\"(min-width: 768px)\">\n\t\t\t<img decoding=\"async\" loading=\"lazy\" src=\"https:\/\/equestrian.ca\/wp-content\/uploads\/2024\/02\/Shannon-Thorndyke1-1-640x427.jpg\" alt=\"\">\n\t\t<\/picture>\n\n\t\t\t\n\t\t\t\t\t\t\t\t\t\t\t\t<\/div>\n\t\t<\/div>\n\t<\/section>\n\n\n\n\t<section id=\"\" data-is-jumplink=\"false\" data-title=\"\" class=\"ra-block block-media-and-text anchor-link-section \">\n\t\t<div class='row'>\n\t\t\t\t\t\t\t<div class='col-12 col-md-6 content-col order-1 order-md-2'>\n\t\t\t\t\t\t\n\t\t\t\t\t\t\n\t\t\t\t\t\t\t\t\t\t\n\t\t\t\t\t\t\t\t\t\t\t<div class='content wysiwyg-content'>\n\t\t\t\t\t\t\t<p>&nbsp;<\/p>\n<p>&nbsp;<\/p>\n<p>&nbsp;<\/p>\n<p><a href=\"https:\/\/licence.equestrian.ca\/cvifei\/login\" target=\"_blank\" rel=\"noopener\">Portail de demande d&rsquo;autorisation de participation aux concours de voltige de la FEI<\/a><\/p>\n\t\t\t\t\t\t<\/div>\n\t\t\t\t\t\t\t\t\t<\/div>\n\t\t\t\n\t\t\t<div class='col-12 col-md-6 picture-col order-2 order-md-1'>\n\t\t\t\t\t\t\t\t\t\n\t\t\t\t\t\n\t\t\t\n\t\t<picture class=\"contain\">\n\t\t\t<source srcset=\"https:\/\/equestrian.ca\/wp-content\/uploads\/2024\/01\/2018-WEG-Vaulting-Day-4-Jaydee-Fluet-Alisa-Schmidt-Kate-Thomas-Charles-by-Cealy-Tetley.jpg\" media=\"(min-width: 1280px)\">\n\t\t\t<source srcset=\"https:\/\/equestrian.ca\/wp-content\/uploads\/2024\/01\/2018-WEG-Vaulting-Day-4-Jaydee-Fluet-Alisa-Schmidt-Kate-Thomas-Charles-by-Cealy-Tetley.jpg\" media=\"(min-width: 1024px)\">\n\t\t\t<source srcset=\"https:\/\/equestrian.ca\/wp-content\/uploads\/2024\/01\/2018-WEG-Vaulting-Day-4-Jaydee-Fluet-Alisa-Schmidt-Kate-Thomas-Charles-by-Cealy-Tetley.jpg\" media=\"(min-width: 768px)\">\n\t\t\t<img decoding=\"async\" loading=\"lazy\" src=\"https:\/\/equestrian.ca\/wp-content\/uploads\/2024\/01\/2018-WEG-Vaulting-Day-4-Jaydee-Fluet-Alisa-Schmidt-Kate-Thomas-Charles-by-Cealy-Tetley-640x569.jpg\" alt=\"\">\n\t\t<\/picture>\n\n\t\t\t\n\t\t\t\t\t\t\t\t\t\t\t\t<\/div>\n\t\t<\/div>\n\t<\/section>\n\n\n\t<section id='block-committee-block_ed2043bec582f1b660679b1aba166ba5' class='ra-block block-committee anchor-link-section '>\n\t\t\n\t<section id=\"crit%c3%a8res\" data-is-jumplink=\"false\" data-title=\"Crit\u00e8res\" class=\"forms-and-documents-cta anchor-link-section vert3-p-b\">\n\t\t<div class=\"\">\n\t\t\t<div class='row justify-content-center'>\n\t\t\t\t<div class=\"content-col col-12 col-lg-5\">\n\t\t\t\t\t<h2 class=\"section-title\">Crit\u00e8res<\/h2>\n\n\t\t\t\t\t\n\t\t\t\t\t<form id=\"forms-and-documents-search-form\" action=\"\/news-info\/forms-and-documents\/\" method=\"get\" class=\"d-flex align-items-center\">\n\t\t\t\t\t\t<label class=\"sr-only\" for=\"search-term\">Search:<\/label>\n\t\t\t\t\t\t<input type=\"text\" id=\"search-term\" name=\"search-term\" placeholder=\"Recherche\" class=\"form-control input-group-field\">\n\t\t\t\t\t\t<button type=\"submit\" class=\"secondary-search-btn\"><i class=\"fal fa-search icon\"><\/i><\/button>\n\t\t\t\t\t<\/form>\n\n\t\t\t\t\t\n\t<div class=\"block-quote \">\n\t\t<div class=\"quote\">Les crit\u00e8res g\u00e9n\u00e9raux sont \u00e9labor\u00e9s et mis en \u0153uvre par Sport Canada. Les crit\u00e8res sp\u00e9cifiques aux disciplines \u00e9questres sont \u00e9tablis par le d\u00e9partement du sport de haut niveau de CE.<\/div>\n\t\t<div class=\"actionable-buttons\">\n\t\t\t\t\t\t\t<a href=\"https:\/\/equestrian.ca\/news-info\/forms-and-documents\/?resource-category=criteria\" target=\"_blank\" class=\"btn\">Afficher tout<\/a>\n\t\t\t\t\t\t\n\t\t\t\t\t<\/div>\n\t<\/div>\n\t\t\t\t<\/div>\n\n\t\t\t\t\t\t\t\t\n\t\t\t\t\n\t\t\t\t\t\t\t\t\t\t\t<div class=\"resources-col col-12 col-lg-7\">\n\t\t\t\t\t\t\t<div class='row category-grid row-cols-1 row-cols-sm-2'>\n\t\t\t\t\t\t\t\t\n\t\t\t\t\t\t\t\t\t\t\t\t\t\t\t\t\t\t\t<div class='col'>\n\t\t\t\t\t\t\t\t\t\t\t<a href=\"https:\/\/equestrian.ca\/wp-content\/uploads\/2026-NTP-Criteria-Para-Dressage-November-2025-FR.pdf\" class='category-tile-link animate-bottom-line-on-hover' target=\"_blank\">\n\t\t\t\t\t\t\t\t\t\t\t\t\n\t\t\t\t\t\t\t\t\t\t\t\t<div class=\"title-wrapper\">\n\t\t\t\t\t\t\t\t\t\t\t\t\t<div class=\"title\">\n\t\t\t\t\t\t\t\t\t\t\t\t\t\tProgramme de l\u2019\u00e9quipe nationale\t\t\t\t\t\t\t\t\t\t\t\t\t<\/div>\n\t\t\t\t\t\t\t\t\t\t\t\t\t\n\t\t\t\t\t\t\t\t\t\t\t\t\t\n\t\t\t\t\t\t\t\t\t\t\t\t\t\t\t\t\t\t\t\t\t\t\t\t\t\t\t<div class=\"subheadings\">\n\t\t\t\t\t\t\t\t\t\t\t\t\t\t\t\t\t\t\t\t\t\t\t\t\t\t\t\t\t\t\t<h6 class=\"subheading wg-no-translate\">Paradressage<\/h6>\n\t\t\t\t\t\t\t\t\t\t\t\t\t\t\t\t\t\t\t\t\t\t\t\t\t\t\t\t\t\t\t<h6 class=\"subheading wg-no-translate\">Programme de l\u2019\u00e9quipe nationale <\/h6>\n\t\t\t\t\t\t\t\t\t\t\t\t\t\t\t\t\t\t\t\t\t\t\t\t\t\t\t\t\t\t\t<h6 class=\"subheading wg-no-translate\">2026<\/h6>\n\t\t\t\t\t\t\t\t\t\t\t\t\t\t\t\t\t\t\t\t\t\t\t\t\t\t\t\t\t<\/div>\n\t\t\t\t\t\t\t\t\t\t\t\t\t\t\t\t\t\t\t\t\t\t\t\t\t<\/div>\n\n\t\t\t\t\t\t\t\t\t\t\t\t<i class=\"icon fa-light fa-files\"><\/i>\n\t\t\t\t\t\t\t\t\t\t\t<\/a>\n\t\t\t\t\t\t\t\t\t\t<\/div>\n\t\t\t\t\t\t\t\t\t\t\t\t\t\t\t\t\t\n\t\t\t\t\t\t\t\t\t\t\t\t\t\t\t\t\t\t\t<div class='col'>\n\t\t\t\t\t\t\t\t\t\t\t<a href=\"https:\/\/equestrian.ca\/wp-content\/uploads\/2024\/02\/Canadian-Driving-Team-Selection-Criteria.pdf\" class='category-tile-link animate-bottom-line-on-hover' target=\"_blank\">\n\t\t\t\t\t\t\t\t\t\t\t\t\n\t\t\t\t\t\t\t\t\t\t\t\t<div class=\"title-wrapper\">\n\t\t\t\t\t\t\t\t\t\t\t\t\t<div class=\"title\">\n\t\t\t\t\t\t\t\t\t\t\t\t\t\tDRIVING TEAM SELECTION\t\t\t\t\t\t\t\t\t\t\t\t\t<\/div>\n\t\t\t\t\t\t\t\t\t\t\t\t\t\n\t\t\t\t\t\t\t\t\t\t\t\t\t\n\t\t\t\t\t\t\t\t\t\t\t\t\t\t\t\t\t\t\t\t\t\t\t\t\t<\/div>\n\n\t\t\t\t\t\t\t\t\t\t\t\t<i class=\"icon fa-light fa-files\"><\/i>\n\t\t\t\t\t\t\t\t\t\t\t<\/a>\n\t\t\t\t\t\t\t\t\t\t<\/div>\n\t\t\t\t\t\t\t\t\t\t\t\t\t\t\t\t\t\n\t\t\t\t\t\t\t\t\t\t\t\t\t\t\t\t\t\t\t<div class='col'>\n\t\t\t\t\t\t\t\t\t\t\t<a href=\"https:\/\/equestrian.ca\/wp-content\/uploads\/2024\/02\/Canadian-Driving-Team-Selection-Checklist.pdf\" class='category-tile-link animate-bottom-line-on-hover' target=\"_blank\">\n\t\t\t\t\t\t\t\t\t\t\t\t\n\t\t\t\t\t\t\t\t\t\t\t\t<div class=\"title-wrapper\">\n\t\t\t\t\t\t\t\t\t\t\t\t\t<div class=\"title\">\n\t\t\t\t\t\t\t\t\t\t\t\t\t\tDRIVING TEAM SELECTION\t\t\t\t\t\t\t\t\t\t\t\t\t<\/div>\n\t\t\t\t\t\t\t\t\t\t\t\t\t\n\t\t\t\t\t\t\t\t\t\t\t\t\t\n\t\t\t\t\t\t\t\t\t\t\t\t\t\t\t\t\t\t\t\t\t\t\t\t\t<\/div>\n\n\t\t\t\t\t\t\t\t\t\t\t\t<i class=\"icon fa-light fa-files\"><\/i>\n\t\t\t\t\t\t\t\t\t\t\t<\/a>\n\t\t\t\t\t\t\t\t\t\t<\/div>\n\t\t\t\t\t\t\t\t\t\t\t\t\t\t\t\t\t\n\t\t\t\t\t\t\t\t\t\t\t\t\t\t\t\t\t\t\t<div class='col'>\n\t\t\t\t\t\t\t\t\t\t\t<a href=\"https:\/\/equestrian.ca\/wp-content\/uploads\/2026-National-Team-Program-Jumping-Criteria-FRE.pdf\" class='category-tile-link animate-bottom-line-on-hover' target=\"_blank\">\n\t\t\t\t\t\t\t\t\t\t\t\t\n\t\t\t\t\t\t\t\t\t\t\t\t<div class=\"title-wrapper\">\n\t\t\t\t\t\t\t\t\t\t\t\t\t<div class=\"title\">\n\t\t\t\t\t\t\t\t\t\t\t\t\t\tCrit\u00e8res du Programme de l\u2019\u00e9quipe nationale de Canada\u00c9questre \u2013 Saut d\u2019obstacles\t\t\t\t\t\t\t\t\t\t\t\t\t<\/div>\n\t\t\t\t\t\t\t\t\t\t\t\t\t\n\t\t\t\t\t\t\t\t\t\t\t\t\t\n\t\t\t\t\t\t\t\t\t\t\t\t\t\t\t\t\t\t\t\t\t\t\t\t\t\t\t<div class=\"subheadings\">\n\t\t\t\t\t\t\t\t\t\t\t\t\t\t\t\t\t\t\t\t\t\t\t\t\t\t\t\t\t\t\t<h6 class=\"subheading wg-no-translate\">2026<\/h6>\n\t\t\t\t\t\t\t\t\t\t\t\t\t\t\t\t\t\t\t\t\t\t\t\t\t\t\t\t\t<\/div>\n\t\t\t\t\t\t\t\t\t\t\t\t\t\t\t\t\t\t\t\t\t\t\t\t\t<\/div>\n\n\t\t\t\t\t\t\t\t\t\t\t\t<i class=\"icon fa-light fa-files\"><\/i>\n\t\t\t\t\t\t\t\t\t\t\t<\/a>\n\t\t\t\t\t\t\t\t\t\t<\/div>\n\t\t\t\t\t\t\t\t\t\t\t\t\t\t\t\t\t\n\t\t\t\t\t\t\t\t\t\t\t\t\t\t\t\t\t\t\t<div class='col'>\n\t\t\t\t\t\t\t\t\t\t\t<a href=\"https:\/\/equestrian.ca\/wp-content\/uploads\/2027-NTP-Eventing-High-Performance-Squad-Criteria_FR.pdf\" class='category-tile-link animate-bottom-line-on-hover' target=\"_blank\">\n\t\t\t\t\t\t\t\t\t\t\t\t\n\t\t\t\t\t\t\t\t\t\t\t\t<div class=\"title-wrapper\">\n\t\t\t\t\t\t\t\t\t\t\t\t\t<div class=\"title\">\n\t\t\t\t\t\t\t\t\t\t\t\t\t\tCrit\u00e8res de s\u00e9lectionpour l\u2019\u00e9quipe de concours complet dehaut niveau\t\t\t\t\t\t\t\t\t\t\t\t\t<\/div>\n\t\t\t\t\t\t\t\t\t\t\t\t\t\n\t\t\t\t\t\t\t\t\t\t\t\t\t\n\t\t\t\t\t\t\t\t\t\t\t\t\t\t\t\t\t\t\t\t\t\t\t\t\t\t\t<div class=\"subheadings\">\n\t\t\t\t\t\t\t\t\t\t\t\t\t\t\t\t\t\t\t\t\t\t\t\t\t\t\t\t\t\t\t<h6 class=\"subheading wg-no-translate\">2027<\/h6>\n\t\t\t\t\t\t\t\t\t\t\t\t\t\t\t\t\t\t\t\t\t\t\t\t\t\t\t\t\t<\/div>\n\t\t\t\t\t\t\t\t\t\t\t\t\t\t\t\t\t\t\t\t\t\t\t\t\t<\/div>\n\n\t\t\t\t\t\t\t\t\t\t\t\t<i class=\"icon fa-light fa-files\"><\/i>\n\t\t\t\t\t\t\t\t\t\t\t<\/a>\n\t\t\t\t\t\t\t\t\t\t<\/div>\n\t\t\t\t\t\t\t\t\t\t\t\t\t\t\t\t\t\n\t\t\t\t\t\t\t\t\t\t\t\t\t\t\t\t\t\t\t<div class='col'>\n\t\t\t\t\t\t\t\t\t\t\t<a href=\"https:\/\/equestrian.ca\/wp-content\/uploads\/2026-NTP-Criteria-Dressage-FRE.pdf\" class='category-tile-link animate-bottom-line-on-hover' target=\"_blank\">\n\t\t\t\t\t\t\t\t\t\t\t\t\n\t\t\t\t\t\t\t\t\t\t\t\t<div class=\"title-wrapper\">\n\t\t\t\t\t\t\t\t\t\t\t\t\t<div class=\"title\">\n\t\t\t\t\t\t\t\t\t\t\t\t\t\tProgramme de l\u2019\u00e9quipe nationale &#8211; Dressage\t\t\t\t\t\t\t\t\t\t\t\t\t<\/div>\n\t\t\t\t\t\t\t\t\t\t\t\t\t\n\t\t\t\t\t\t\t\t\t\t\t\t\t\n\t\t\t\t\t\t\t\t\t\t\t\t\t\t\t\t\t\t\t\t\t\t\t\t\t\t\t<div class=\"subheadings\">\n\t\t\t\t\t\t\t\t\t\t\t\t\t\t\t\t\t\t\t\t\t\t\t\t\t\t\t\t\t\t\t<h6 class=\"subheading wg-no-translate\">2026<\/h6>\n\t\t\t\t\t\t\t\t\t\t\t\t\t\t\t\t\t\t\t\t\t\t\t\t\t\t\t\t\t<\/div>\n\t\t\t\t\t\t\t\t\t\t\t\t\t\t\t\t\t\t\t\t\t\t\t\t\t<\/div>\n\n\t\t\t\t\t\t\t\t\t\t\t\t<i class=\"icon fa-light fa-files\"><\/i>\n\t\t\t\t\t\t\t\t\t\t\t<\/a>\n\t\t\t\t\t\t\t\t\t\t<\/div>\n\t\t\t\t\t\t\t\t\t\t\t\t\t\t\t\t\t\n\t\t\t\t\t\t\t\t\t\t\t\t\t\t\t\t\t\t\t<div class='col'>\n\t\t\t\t\t\t\t\t\t\t\t<a href=\"https:\/\/equestrian.ca\/wp-content\/uploads\/FEI-Authorization-to-Compete-Guide-for-all-Disciplines-updated-05.09.2025_FR.pdf\" class='category-tile-link animate-bottom-line-on-hover' target=\"_blank\">\n\t\t\t\t\t\t\t\t\t\t\t\t\n\t\t\t\t\t\t\t\t\t\t\t\t<div class=\"title-wrapper\">\n\t\t\t\t\t\t\t\t\t\t\t\t\t<div class=\"title\">\n\t\t\t\t\t\t\t\t\t\t\t\t\t\tGuide sur les demandes d\u2019autorisation de participation aux \u00e9preuves FEI pour toutes les disciplines\t\t\t\t\t\t\t\t\t\t\t\t\t<\/div>\n\t\t\t\t\t\t\t\t\t\t\t\t\t\n\t\t\t\t\t\t\t\t\t\t\t\t\t\n\t\t\t\t\t\t\t\t\t\t\t\t\t\t\t\t\t\t\t\t\t\t\t\t\t<\/div>\n\n\t\t\t\t\t\t\t\t\t\t\t\t<i class=\"icon fa-light fa-files\"><\/i>\n\t\t\t\t\t\t\t\t\t\t\t<\/a>\n\t\t\t\t\t\t\t\t\t\t<\/div>\n\t\t\t\t\t\t\t\t\t\t\t\t\t\t\t\t\t\t\t\t\t\t\t\t<\/div>\n\t\t\t\t\t\t<\/div>\n\n\t\t\t\t\t\n\t\t\t\t\t\t\t<\/div>\n\t\t<\/div>\n\t<\/section>\n\t<\/section>\n","protected":false},"excerpt":{"rendered":"","protected":false},"author":8,"featured_media":22526,"parent":26671,"menu_order":0,"comment_status":"closed","ping_status":"closed","template":"","meta":{"_acf_changed":false,"footnotes":""},"class_list":["post-26930","page","type-page","status-publish","has-post-thumbnail","hentry"],"acf":[],"yoast_head":"<!-- This site is optimized with the Yoast SEO plugin v27.0 - https:\/\/yoast.com\/product\/yoast-seo-wordpress\/ -->\n<title>Athl\u00e8tes - Equestrian Canada<\/title>\n<meta name=\"robots\" content=\"index, follow, max-snippet:-1, max-image-preview:large, max-video-preview:-1\" \/>\n<link rel=\"canonical\" href=\"https:\/\/equestrian.ca\/fr\/high-performance\/national-team-program\/athletes\/\" \/>\n<meta property=\"og:locale\" content=\"fr_CA\" \/>\n<meta property=\"og:type\" content=\"article\" \/>\n<meta property=\"og:title\" content=\"Athl\u00e8tes - Equestrian Canada\" \/>\n<meta property=\"og:url\" content=\"https:\/\/equestrian.ca\/fr\/high-performance\/national-team-program\/athletes\/\" \/>\n<meta property=\"og:site_name\" content=\"Equestrian Canada\" \/>\n<meta property=\"article:modified_time\" content=\"2025-02-20T19:29:56+00:00\" \/>\n<meta property=\"og:image\" content=\"https:\/\/equestrian.ca\/wp-content\/uploads\/2024\/02\/dk_2023-07-29_FLYINGE_059423-Copy.jpg\" \/>\n\t<meta property=\"og:image:width\" content=\"1500\" \/>\n\t<meta property=\"og:image:height\" content=\"1000\" \/>\n\t<meta property=\"og:image:type\" content=\"image\/jpeg\" \/>\n<meta name=\"twitter:card\" content=\"summary_large_image\" \/>\n<meta name=\"twitter:label1\" content=\"Estimation du temps de lecture\" \/>\n\t<meta name=\"twitter:data1\" content=\"1 minute\" \/>\n<script type=\"application\/ld+json\" class=\"yoast-schema-graph\">{\"@context\":\"https:\/\/schema.org\",\"@graph\":[{\"@type\":\"WebPage\",\"@id\":\"https:\/\/equestrian.ca\/fr\/high-performance\/national-team-program\/athletes\/\",\"url\":\"https:\/\/equestrian.ca\/fr\/high-performance\/national-team-program\/athletes\/\",\"name\":\"Athl\u00e8tes - Equestrian Canada\",\"isPartOf\":{\"@id\":\"https:\/\/equestrian.ca\/fr\/#website\"},\"primaryImageOfPage\":{\"@id\":\"https:\/\/equestrian.ca\/fr\/high-performance\/national-team-program\/athletes\/#primaryimage\"},\"image\":{\"@id\":\"https:\/\/equestrian.ca\/fr\/high-performance\/national-team-program\/athletes\/#primaryimage\"},\"thumbnailUrl\":\"https:\/\/equestrian.ca\/wp-content\/uploads\/2024\/02\/dk_2023-07-29_FLYINGE_059423-Copy.jpg\",\"datePublished\":\"2023-08-31T17:55:09+00:00\",\"dateModified\":\"2025-02-20T19:29:56+00:00\",\"breadcrumb\":{\"@id\":\"https:\/\/equestrian.ca\/fr\/high-performance\/national-team-program\/athletes\/#breadcrumb\"},\"inLanguage\":\"fr-CA\",\"potentialAction\":[{\"@type\":\"ReadAction\",\"target\":[\"https:\/\/equestrian.ca\/fr\/high-performance\/national-team-program\/athletes\/\"]}]},{\"@type\":\"ImageObject\",\"inLanguage\":\"fr-CA\",\"@id\":\"https:\/\/equestrian.ca\/fr\/high-performance\/national-team-program\/athletes\/#primaryimage\",\"url\":\"https:\/\/equestrian.ca\/wp-content\/uploads\/2024\/02\/dk_2023-07-29_FLYINGE_059423-Copy.jpg\",\"contentUrl\":\"https:\/\/equestrian.ca\/wp-content\/uploads\/2024\/02\/dk_2023-07-29_FLYINGE_059423-Copy.jpg\",\"width\":1500,\"height\":1000},{\"@type\":\"BreadcrumbList\",\"@id\":\"https:\/\/equestrian.ca\/fr\/high-performance\/national-team-program\/athletes\/#breadcrumb\",\"itemListElement\":[{\"@type\":\"ListItem\",\"position\":1,\"name\":\"Home\",\"item\":\"https:\/\/equestrian.ca\/fr\/\"},{\"@type\":\"ListItem\",\"position\":2,\"name\":\"Sport de haut niveau\",\"item\":\"https:\/\/equestrian.ca\/fr\/high-performance\/\"},{\"@type\":\"ListItem\",\"position\":3,\"name\":\"Programme de l&#8217;\u00e9quipe nationale\",\"item\":\"https:\/\/equestrian.ca\/fr\/high-performance\/national-team-program\/\"},{\"@type\":\"ListItem\",\"position\":4,\"name\":\"Athl\u00e8tes\"}]},{\"@type\":\"WebSite\",\"@id\":\"https:\/\/equestrian.ca\/fr\/#website\",\"url\":\"https:\/\/equestrian.ca\/fr\/\",\"name\":\"Equestrian Canada\",\"description\":\"For the love of horses and sport for life.\",\"potentialAction\":[{\"@type\":\"SearchAction\",\"target\":{\"@type\":\"EntryPoint\",\"urlTemplate\":\"https:\/\/equestrian.ca\/fr\/?s={search_term_string}\"},\"query-input\":{\"@type\":\"PropertyValueSpecification\",\"valueRequired\":true,\"valueName\":\"search_term_string\"}}],\"inLanguage\":\"fr-CA\"}]}<\/script>\n<!-- \/ Yoast SEO plugin. -->","yoast_head_json":{"title":"Athl\u00e8tes - Equestrian Canada","robots":{"index":"index","follow":"follow","max-snippet":"max-snippet:-1","max-image-preview":"max-image-preview:large","max-video-preview":"max-video-preview:-1"},"canonical":"https:\/\/equestrian.ca\/fr\/high-performance\/national-team-program\/athletes\/","og_locale":"fr_CA","og_type":"article","og_title":"Athl\u00e8tes - Equestrian Canada","og_url":"https:\/\/equestrian.ca\/fr\/high-performance\/national-team-program\/athletes\/","og_site_name":"Equestrian Canada","article_modified_time":"2025-02-20T19:29:56+00:00","og_image":[{"width":1500,"height":1000,"url":"https:\/\/equestrian.ca\/wp-content\/uploads\/2024\/02\/dk_2023-07-29_FLYINGE_059423-Copy.jpg","type":"image\/jpeg"}],"twitter_card":"summary_large_image","twitter_misc":{"Estimation du temps de lecture":"1 minute"},"schema":{"@context":"https:\/\/schema.org","@graph":[{"@type":"WebPage","@id":"https:\/\/equestrian.ca\/fr\/high-performance\/national-team-program\/athletes\/","url":"https:\/\/equestrian.ca\/fr\/high-performance\/national-team-program\/athletes\/","name":"Athl\u00e8tes - Equestrian Canada","isPartOf":{"@id":"https:\/\/equestrian.ca\/fr\/#website"},"primaryImageOfPage":{"@id":"https:\/\/equestrian.ca\/fr\/high-performance\/national-team-program\/athletes\/#primaryimage"},"image":{"@id":"https:\/\/equestrian.ca\/fr\/high-performance\/national-team-program\/athletes\/#primaryimage"},"thumbnailUrl":"https:\/\/equestrian.ca\/wp-content\/uploads\/2024\/02\/dk_2023-07-29_FLYINGE_059423-Copy.jpg","datePublished":"2023-08-31T17:55:09+00:00","dateModified":"2025-02-20T19:29:56+00:00","breadcrumb":{"@id":"https:\/\/equestrian.ca\/fr\/high-performance\/national-team-program\/athletes\/#breadcrumb"},"inLanguage":"fr-CA","potentialAction":[{"@type":"ReadAction","target":["https:\/\/equestrian.ca\/fr\/high-performance\/national-team-program\/athletes\/"]}]},{"@type":"ImageObject","inLanguage":"fr-CA","@id":"https:\/\/equestrian.ca\/fr\/high-performance\/national-team-program\/athletes\/#primaryimage","url":"https:\/\/equestrian.ca\/wp-content\/uploads\/2024\/02\/dk_2023-07-29_FLYINGE_059423-Copy.jpg","contentUrl":"https:\/\/equestrian.ca\/wp-content\/uploads\/2024\/02\/dk_2023-07-29_FLYINGE_059423-Copy.jpg","width":1500,"height":1000},{"@type":"BreadcrumbList","@id":"https:\/\/equestrian.ca\/fr\/high-performance\/national-team-program\/athletes\/#breadcrumb","itemListElement":[{"@type":"ListItem","position":1,"name":"Home","item":"https:\/\/equestrian.ca\/fr\/"},{"@type":"ListItem","position":2,"name":"Sport de haut niveau","item":"https:\/\/equestrian.ca\/fr\/high-performance\/"},{"@type":"ListItem","position":3,"name":"Programme de l&#8217;\u00e9quipe nationale","item":"https:\/\/equestrian.ca\/fr\/high-performance\/national-team-program\/"},{"@type":"ListItem","position":4,"name":"Athl\u00e8tes"}]},{"@type":"WebSite","@id":"https:\/\/equestrian.ca\/fr\/#website","url":"https:\/\/equestrian.ca\/fr\/","name":"Equestrian Canada","description":"For the love of horses and sport for life.","potentialAction":[{"@type":"SearchAction","target":{"@type":"EntryPoint","urlTemplate":"https:\/\/equestrian.ca\/fr\/?s={search_term_string}"},"query-input":{"@type":"PropertyValueSpecification","valueRequired":true,"valueName":"search_term_string"}}],"inLanguage":"fr-CA"}]}},"_links":{"self":[{"href":"https:\/\/equestrian.ca\/fr\/wp-json\/wp\/v2\/pages\/26930","targetHints":{"allow":["GET"]}}],"collection":[{"href":"https:\/\/equestrian.ca\/fr\/wp-json\/wp\/v2\/pages"}],"about":[{"href":"https:\/\/equestrian.ca\/fr\/wp-json\/wp\/v2\/types\/page"}],"author":[{"embeddable":true,"href":"https:\/\/equestrian.ca\/fr\/wp-json\/wp\/v2\/users\/8"}],"replies":[{"embeddable":true,"href":"https:\/\/equestrian.ca\/fr\/wp-json\/wp\/v2\/comments?post=26930"}],"version-history":[{"count":6,"href":"https:\/\/equestrian.ca\/fr\/wp-json\/wp\/v2\/pages\/26930\/revisions"}],"predecessor-version":[{"id":32690,"href":"https:\/\/equestrian.ca\/fr\/wp-json\/wp\/v2\/pages\/26930\/revisions\/32690"}],"up":[{"embeddable":true,"href":"https:\/\/equestrian.ca\/fr\/wp-json\/wp\/v2\/pages\/26671"}],"wp:featuredmedia":[{"embeddable":true,"href":"https:\/\/equestrian.ca\/fr\/wp-json\/wp\/v2\/media\/22526"}],"wp:attachment":[{"href":"https:\/\/equestrian.ca\/fr\/wp-json\/wp\/v2\/media?parent=26930"}],"curies":[{"name":"wp","href":"https:\/\/api.w.org\/{rel}","templated":true}]}}