{"id":26903,"date":"2023-08-23T18:12:00","date_gmt":"2023-08-23T18:12:00","guid":{"rendered":"https:\/\/equestrian.ca\/coaches-officials\/coaches\/find-a-coach\/"},"modified":"2024-04-30T18:21:29","modified_gmt":"2024-04-30T18:21:29","slug":"find-a-coach","status":"publish","type":"page","link":"https:\/\/equestrian.ca\/fr\/coaches-officials\/coaches\/find-a-coach\/","title":{"rendered":"Trouver un(e) entra\u00eeneur(e)"},"content":{"rendered":"\n\t<section id=\"\" data-is-jumplink=\"false\" data-title=\"\" class=\"ra-block block-column-text anchor-link-section \">\n\t\t\t\t<div class='row'>\n\t\t\t\t\t\t\t\t\t\t\t\t\t\t<div class='col-12 col-md-12 content-column wysiwyg-content'>\n\t\t\t\t\t\t<p>Les entra\u00eeneures et entra\u00eeneurs enregistr\u00e9s ou titulaires d\u2019une licence offrent aux athl\u00e8tes, aux parents d&rsquo;athl\u00e8tes et aux propri\u00e9taires d&rsquo;installations une plus grande paix d\u2019esprit en leur garantissant que des normes essentielles en mati\u00e8re de s\u00e9curit\u00e9 et de v\u00e9rification ont \u00e9t\u00e9 respect\u00e9es. Pour en savoir plus, veuillez consulter la page du\u00a0<a href=\"https:\/\/equestrian.ca\/fr\/coaches\/coach-status-program\/\" target=\"_blank\" rel=\"noopener\">Programme de statut d\u2019entra\u00eeneur(e)<\/a>.<\/p>\n\t\t\t\t\t<\/div>\n\t\t\t\t\t\t\t\t\t\t\t<\/div>\n\t<\/section>\n","protected":false},"excerpt":{"rendered":"","protected":false},"author":8,"featured_media":22415,"parent":26656,"menu_order":0,"comment_status":"closed","ping_status":"closed","template":"","meta":{"_acf_changed":false,"footnotes":""},"class_list":["post-26903","page","type-page","status-publish","has-post-thumbnail","hentry"],"acf":[],"yoast_head":"<!-- This site is optimized with the Yoast SEO plugin v27.0 - https:\/\/yoast.com\/product\/yoast-seo-wordpress\/ -->\n<title>Trouver un(e) entra\u00eeneur(e) - Equestrian Canada<\/title>\n<meta name=\"robots\" content=\"index, follow, max-snippet:-1, max-image-preview:large, max-video-preview:-1\" \/>\n<link rel=\"canonical\" href=\"https:\/\/equestrian.ca\/fr\/coaches-officials\/coaches\/find-a-coach\/\" \/>\n<meta property=\"og:locale\" content=\"fr_CA\" \/>\n<meta property=\"og:type\" content=\"article\" \/>\n<meta property=\"og:title\" content=\"Trouver un(e) entra\u00eeneur(e) - Equestrian Canada\" \/>\n<meta property=\"og:url\" content=\"https:\/\/equestrian.ca\/fr\/coaches-officials\/coaches\/find-a-coach\/\" \/>\n<meta property=\"og:site_name\" content=\"Equestrian Canada\" \/>\n<meta property=\"article:modified_time\" content=\"2024-04-30T18:21:29+00:00\" \/>\n<meta property=\"og:image\" content=\"https:\/\/equestrian.ca\/wp-content\/uploads\/2024\/02\/web-shelleypaulson_2016_1235.jpg\" \/>\n\t<meta property=\"og:image:width\" content=\"1600\" \/>\n\t<meta property=\"og:image:height\" content=\"1066\" \/>\n\t<meta property=\"og:image:type\" content=\"image\/jpeg\" \/>\n<meta name=\"twitter:card\" content=\"summary_large_image\" \/>\n<meta name=\"twitter:label1\" content=\"Estimation du temps de lecture\" \/>\n\t<meta name=\"twitter:data1\" content=\"1 minute\" \/>\n<script type=\"application\/ld+json\" class=\"yoast-schema-graph\">{\"@context\":\"https:\/\/schema.org\",\"@graph\":[{\"@type\":\"WebPage\",\"@id\":\"https:\/\/equestrian.ca\/fr\/coaches-officials\/coaches\/find-a-coach\/\",\"url\":\"https:\/\/equestrian.ca\/fr\/coaches-officials\/coaches\/find-a-coach\/\",\"name\":\"Trouver un(e) entra\u00eeneur(e) - Equestrian Canada\",\"isPartOf\":{\"@id\":\"https:\/\/equestrian.ca\/fr\/#website\"},\"primaryImageOfPage\":{\"@id\":\"https:\/\/equestrian.ca\/fr\/coaches-officials\/coaches\/find-a-coach\/#primaryimage\"},\"image\":{\"@id\":\"https:\/\/equestrian.ca\/fr\/coaches-officials\/coaches\/find-a-coach\/#primaryimage\"},\"thumbnailUrl\":\"https:\/\/equestrian.ca\/wp-content\/uploads\/2024\/02\/web-shelleypaulson_2016_1235.jpg\",\"datePublished\":\"2023-08-23T18:12:00+00:00\",\"dateModified\":\"2024-04-30T18:21:29+00:00\",\"breadcrumb\":{\"@id\":\"https:\/\/equestrian.ca\/fr\/coaches-officials\/coaches\/find-a-coach\/#breadcrumb\"},\"inLanguage\":\"fr-CA\",\"potentialAction\":[{\"@type\":\"ReadAction\",\"target\":[\"https:\/\/equestrian.ca\/fr\/coaches-officials\/coaches\/find-a-coach\/\"]}]},{\"@type\":\"ImageObject\",\"inLanguage\":\"fr-CA\",\"@id\":\"https:\/\/equestrian.ca\/fr\/coaches-officials\/coaches\/find-a-coach\/#primaryimage\",\"url\":\"https:\/\/equestrian.ca\/wp-content\/uploads\/2024\/02\/web-shelleypaulson_2016_1235.jpg\",\"contentUrl\":\"https:\/\/equestrian.ca\/wp-content\/uploads\/2024\/02\/web-shelleypaulson_2016_1235.jpg\",\"width\":1600,\"height\":1066},{\"@type\":\"BreadcrumbList\",\"@id\":\"https:\/\/equestrian.ca\/fr\/coaches-officials\/coaches\/find-a-coach\/#breadcrumb\",\"itemListElement\":[{\"@type\":\"ListItem\",\"position\":1,\"name\":\"Home\",\"item\":\"https:\/\/equestrian.ca\/fr\/\"},{\"@type\":\"ListItem\",\"position\":2,\"name\":\"Entra\u00eeneur(e)s et officiel(le)s\",\"item\":\"https:\/\/equestrian.ca\/fr\/coaches-officials\/\"},{\"@type\":\"ListItem\",\"position\":3,\"name\":\"Les entra\u00eeneures et entra\u00eeneurs\",\"item\":\"https:\/\/equestrian.ca\/fr\/coaches-officials\/coaches\/\"},{\"@type\":\"ListItem\",\"position\":4,\"name\":\"Trouver un(e) entra\u00eeneur(e)\"}]},{\"@type\":\"WebSite\",\"@id\":\"https:\/\/equestrian.ca\/fr\/#website\",\"url\":\"https:\/\/equestrian.ca\/fr\/\",\"name\":\"Equestrian Canada\",\"description\":\"For the love of horses and sport for life.\",\"potentialAction\":[{\"@type\":\"SearchAction\",\"target\":{\"@type\":\"EntryPoint\",\"urlTemplate\":\"https:\/\/equestrian.ca\/fr\/?s={search_term_string}\"},\"query-input\":{\"@type\":\"PropertyValueSpecification\",\"valueRequired\":true,\"valueName\":\"search_term_string\"}}],\"inLanguage\":\"fr-CA\"}]}<\/script>\n<!-- \/ Yoast SEO plugin. -->","yoast_head_json":{"title":"Trouver un(e) entra\u00eeneur(e) - Equestrian Canada","robots":{"index":"index","follow":"follow","max-snippet":"max-snippet:-1","max-image-preview":"max-image-preview:large","max-video-preview":"max-video-preview:-1"},"canonical":"https:\/\/equestrian.ca\/fr\/coaches-officials\/coaches\/find-a-coach\/","og_locale":"fr_CA","og_type":"article","og_title":"Trouver un(e) entra\u00eeneur(e) - Equestrian Canada","og_url":"https:\/\/equestrian.ca\/fr\/coaches-officials\/coaches\/find-a-coach\/","og_site_name":"Equestrian Canada","article_modified_time":"2024-04-30T18:21:29+00:00","og_image":[{"width":1600,"height":1066,"url":"https:\/\/equestrian.ca\/wp-content\/uploads\/2024\/02\/web-shelleypaulson_2016_1235.jpg","type":"image\/jpeg"}],"twitter_card":"summary_large_image","twitter_misc":{"Estimation du temps de lecture":"1 minute"},"schema":{"@context":"https:\/\/schema.org","@graph":[{"@type":"WebPage","@id":"https:\/\/equestrian.ca\/fr\/coaches-officials\/coaches\/find-a-coach\/","url":"https:\/\/equestrian.ca\/fr\/coaches-officials\/coaches\/find-a-coach\/","name":"Trouver un(e) entra\u00eeneur(e) - Equestrian Canada","isPartOf":{"@id":"https:\/\/equestrian.ca\/fr\/#website"},"primaryImageOfPage":{"@id":"https:\/\/equestrian.ca\/fr\/coaches-officials\/coaches\/find-a-coach\/#primaryimage"},"image":{"@id":"https:\/\/equestrian.ca\/fr\/coaches-officials\/coaches\/find-a-coach\/#primaryimage"},"thumbnailUrl":"https:\/\/equestrian.ca\/wp-content\/uploads\/2024\/02\/web-shelleypaulson_2016_1235.jpg","datePublished":"2023-08-23T18:12:00+00:00","dateModified":"2024-04-30T18:21:29+00:00","breadcrumb":{"@id":"https:\/\/equestrian.ca\/fr\/coaches-officials\/coaches\/find-a-coach\/#breadcrumb"},"inLanguage":"fr-CA","potentialAction":[{"@type":"ReadAction","target":["https:\/\/equestrian.ca\/fr\/coaches-officials\/coaches\/find-a-coach\/"]}]},{"@type":"ImageObject","inLanguage":"fr-CA","@id":"https:\/\/equestrian.ca\/fr\/coaches-officials\/coaches\/find-a-coach\/#primaryimage","url":"https:\/\/equestrian.ca\/wp-content\/uploads\/2024\/02\/web-shelleypaulson_2016_1235.jpg","contentUrl":"https:\/\/equestrian.ca\/wp-content\/uploads\/2024\/02\/web-shelleypaulson_2016_1235.jpg","width":1600,"height":1066},{"@type":"BreadcrumbList","@id":"https:\/\/equestrian.ca\/fr\/coaches-officials\/coaches\/find-a-coach\/#breadcrumb","itemListElement":[{"@type":"ListItem","position":1,"name":"Home","item":"https:\/\/equestrian.ca\/fr\/"},{"@type":"ListItem","position":2,"name":"Entra\u00eeneur(e)s et officiel(le)s","item":"https:\/\/equestrian.ca\/fr\/coaches-officials\/"},{"@type":"ListItem","position":3,"name":"Les entra\u00eeneures et entra\u00eeneurs","item":"https:\/\/equestrian.ca\/fr\/coaches-officials\/coaches\/"},{"@type":"ListItem","position":4,"name":"Trouver un(e) entra\u00eeneur(e)"}]},{"@type":"WebSite","@id":"https:\/\/equestrian.ca\/fr\/#website","url":"https:\/\/equestrian.ca\/fr\/","name":"Equestrian Canada","description":"For the love of horses and sport for life.","potentialAction":[{"@type":"SearchAction","target":{"@type":"EntryPoint","urlTemplate":"https:\/\/equestrian.ca\/fr\/?s={search_term_string}"},"query-input":{"@type":"PropertyValueSpecification","valueRequired":true,"valueName":"search_term_string"}}],"inLanguage":"fr-CA"}]}},"_links":{"self":[{"href":"https:\/\/equestrian.ca\/fr\/wp-json\/wp\/v2\/pages\/26903","targetHints":{"allow":["GET"]}}],"collection":[{"href":"https:\/\/equestrian.ca\/fr\/wp-json\/wp\/v2\/pages"}],"about":[{"href":"https:\/\/equestrian.ca\/fr\/wp-json\/wp\/v2\/types\/page"}],"author":[{"embeddable":true,"href":"https:\/\/equestrian.ca\/fr\/wp-json\/wp\/v2\/users\/8"}],"replies":[{"embeddable":true,"href":"https:\/\/equestrian.ca\/fr\/wp-json\/wp\/v2\/comments?post=26903"}],"version-history":[{"count":3,"href":"https:\/\/equestrian.ca\/fr\/wp-json\/wp\/v2\/pages\/26903\/revisions"}],"predecessor-version":[{"id":28780,"href":"https:\/\/equestrian.ca\/fr\/wp-json\/wp\/v2\/pages\/26903\/revisions\/28780"}],"up":[{"embeddable":true,"href":"https:\/\/equestrian.ca\/fr\/wp-json\/wp\/v2\/pages\/26656"}],"wp:featuredmedia":[{"embeddable":true,"href":"https:\/\/equestrian.ca\/fr\/wp-json\/wp\/v2\/media\/22415"}],"wp:attachment":[{"href":"https:\/\/equestrian.ca\/fr\/wp-json\/wp\/v2\/media?parent=26903"}],"curies":[{"name":"wp","href":"https:\/\/api.w.org\/{rel}","templated":true}]}}