{"id":26899,"date":"2024-02-14T22:28:11","date_gmt":"2024-02-14T22:28:11","guid":{"rendered":"https:\/\/equestrian.ca\/coaches-officials\/coaches\/coaching-in-competition\/"},"modified":"2026-01-23T18:54:20","modified_gmt":"2026-01-23T18:54:20","slug":"coaching-in-competition","status":"publish","type":"page","link":"https:\/\/equestrian.ca\/fr\/coaches-officials\/coaches\/coaching-in-competition\/","title":{"rendered":"Entra\u00eenement lors des concours"},"content":{"rendered":"\n<p><\/p>\n\n\n\n<p><\/p>\n\n\n\n\t<section id=\"\" data-is-jumplink=\"false\" data-title=\"\" class=\"ra-block block-column-text anchor-link-section \">\n\t\t\t\t\t<h2 class='title'>Exigences relatives au statut d\u2019entra\u00eeneur(e) lors des concours<\/h2>\n\t\t\t\t<div class='row'>\n\t\t\t\t\t\t\t\t\t\t\t\t\t\t<div class='col-12 col-md-12 content-column wysiwyg-content'>\n\t\t\t\t\t\t<p>Le <strong>statut d\u2019entra\u00eeneur titulaire d\u2019une licence<\/strong> est requis pour entra\u00eener lors de tous les \u00e9v\u00e9nements sanctionn\u00e9s par EC.<\/p>\n<p>Les entra\u00eeneurs (es) Enregistr\u00e9s peuvent demander une mise \u00e0 niveau au statut d\u2019entra\u00eeneur pour un seul \u00e9v\u00e9nement au co\u00fbt de 55$ par \u00e9v\u00e9nement, \u00e0 titre temporaire, pendant qu\u2019ils compl\u00e8tent les exigences menant au statut d\u2019entra\u00eeneur titulaire d\u2019une licence.<\/p>\n<p><strong>Les personnes n&rsquo;ayant pas un statut d&rsquo;entra\u00eeneur(e) valide<\/strong> ne peuvent pas occuper leurs fonctions \u00e0 des concours sanctionn\u00e9s par CE.<br \/>\n<strong>Entra\u00eeneur(e)s enregistr\u00e9(e)s<\/strong> : ce statut doit \u00eatre en r\u00e8gle (les statuts \u00a0\u00bbEn attente\u00a0\u00bb ne sont pas en r\u00e8gle).<br \/>\n<strong>Infraction \u00e0 cette r\u00e8gle<\/strong> : Voir la section <em>R\u00e8gles sur les entra\u00eeneur(e)s <\/em>dans le <a href=\"https:\/\/equestrian.ca\/fr\/resource\/bareme-des-amendes-et-des-penalites-2025\/\" target=\"_blank\" rel=\"noopener\"><em>Bar\u00e8me des amendes et des p\u00e9nalit\u00e9s<\/em><\/a>.<\/p>\n\t\t\t\t\t<\/div>\n\t\t\t\t\t\t\t\t\t\t\t<\/div>\n\t<\/section>\n\n\n\n\t<section id=\"\" data-is-jumplink=\"false\" data-title=\"\" class=\"ra-block block-column-text anchor-link-section \">\n\t\t\t\t\t<h2 class='title'>Surclassement d\u2019un statut d\u2019entra\u00eeneur(e) pour un seul concours<\/h2>\n\t\t\t\t<div class='row'>\n\t\t\t\t\t\t\t\t\t\t\t\t\t\t<div class='col-12 col-md-12 content-column wysiwyg-content'>\n\t\t\t\t\t\t<p>Uniquement pour les entra\u00eeneur(e)s enregistr\u00e9(e)s de CE. Surclassement temporaire du statut d\u2019entra\u00eeneur(e) enregistr\u00e9(e) au statut d\u2019entra\u00eeneur(e) titulaire d\u2019une licence.<\/p>\n<p><img loading=\"lazy\" decoding=\"async\" class=\"alignnone wp-image-36531 size-full\" src=\"https:\/\/equestrian.ca\/wp-content\/uploads\/2026-Coach-Status-Fees-FRE-v04.jpg\" alt=\"\" width=\"1501\" height=\"683\" srcset=\"https:\/\/equestrian.ca\/wp-content\/uploads\/2026-Coach-Status-Fees-FRE-v04.jpg 1501w, https:\/\/equestrian.ca\/wp-content\/uploads\/2026-Coach-Status-Fees-FRE-v04-300x137.jpg 300w, https:\/\/equestrian.ca\/wp-content\/uploads\/2026-Coach-Status-Fees-FRE-v04-1024x466.jpg 1024w, https:\/\/equestrian.ca\/wp-content\/uploads\/2026-Coach-Status-Fees-FRE-v04-768x349.jpg 768w, https:\/\/equestrian.ca\/wp-content\/uploads\/2026-Coach-Status-Fees-FRE-v04-640x291.jpg 640w, https:\/\/equestrian.ca\/wp-content\/uploads\/2026-Coach-Status-Fees-FRE-v04-1200x546.jpg 1200w, https:\/\/equestrian.ca\/wp-content\/uploads\/2026-Coach-Status-Fees-FRE-v04-1440x655.jpg 1440w\" sizes=\"auto, (max-width: 639px) 98vw, (max-width: 1199px) 64vw, 770px\" \/><\/p>\n<section id=\"\" class=\"ra-block block-column-text anchor-link-section\" data-is-jumplink=\"false\" data-title=\"\">\n<div class=\"row\">\n<div class=\"col-12 col-md-12 content-column wysiwyg-content\">\n<p>55 $ par concours pour les entra\u00eeneur(e)s enregistr\u00e9(e)s souhaitant participer \u00e0 un concours n\u00e9cessitant le statut d\u2019entra\u00eeneur(e) titulaire d\u2019une licence.<\/p>\n<p>Tous les achats d&rsquo;un surclassement d\u2019un statut d\u2019entra\u00eeneur(e) doivent \u00eatre effectu\u00e9s en ligne avant le concours au moyen d\u2019un compte <a href=\"https:\/\/licence.equestrian.ca\/myec\/login?lang=en\">Mon-CE<\/a>.<\/p>\n<\/div>\n<\/div>\n<\/section>\n\t\t\t\t\t<\/div>\n\t\t\t\t\t\t\t\t\t\t\t<\/div>\n\t<\/section>\n\n\n\n\t<section id=\"\" data-is-jumplink=\"false\" data-title=\"\" class=\"ra-block block-testimonial anchor-link-section \">\n\t\t<div class=\"quote-icon\">\n\t\t\t<svg height=\"81\" viewBox=\"0 0 88 81\" width=\"88\" xmlns=\"http:\/\/www.w3.org\/2000\/svg\"><path d=\"m33.4647887 81v-37.0180995l-8.9239436-3.2986426 5.5774648-38.48416288-11.8985916-2.19909502-18.2197183 46.1809955v34.8190045zm54.5352113 0v-37.0180995l-8.9239437-3.2986426 5.5774648-38.48416288-11.8985915-2.19909502-18.2197183 46.1809955v34.8190045z\" fill=\"#D4373A\" fill-rule=\"evenodd\"\/><\/svg>\n\t\t<\/div>\n\t\t<div class='row g-0 justify-content-center testimonial-row'>\n\t\t\t<div class='col-12 testimonial-col'>\n\t\t\t\t\t\t\t\t\t<p class='testimonial'><b>Tous les frais de statut d\u2019entra\u00eeneur(e) temporaire per\u00e7us sont destin\u00e9s en totalit\u00e9 au financement des programmes de formation des entra\u00eeneures et entra\u00eeneurs.<\/p>\n\t\t\t\t\t\t\t\t\t\t\t\t\t\t\t<\/div>\n\t\t<\/div>\n\t<\/section>\n\n\n\n\t<section id=\"\" data-is-jumplink=\"false\" data-title=\"\" class=\"ra-block block-call-to-action anchor-link-section \">\n\t\t\n\t\t<a href=\"https:\/\/licence.equestrian.ca\/myec\/login?lang=en\" target=\"\" class=\"call-to-action-col has-background-image\">\t\t\t\n\t\t\t\n\t\t<picture class=\"background-image cover\">\n\t\t\t<source srcset=\"https:\/\/equestrian.ca\/wp-content\/uploads\/2024\/02\/171-BRR03095-1440x960.jpg\" media=\"(min-width: 1280px)\">\n\t\t\t<source srcset=\"https:\/\/equestrian.ca\/wp-content\/uploads\/2024\/02\/171-BRR03095-1200x800.jpg\" media=\"(min-width: 1024px)\">\n\t\t\t<source srcset=\"https:\/\/equestrian.ca\/wp-content\/uploads\/2024\/02\/171-BRR03095-1024x683.jpg\" media=\"(min-width: 768px)\">\n\t\t\t<img decoding=\"async\" loading=\"lazy\" src=\"https:\/\/equestrian.ca\/wp-content\/uploads\/2024\/02\/171-BRR03095-640x427.jpg\" alt=\"\">\n\t\t<\/picture>\n\n\t\t\t\t\t\t<div class='cta-wrapper'>\n\t\t\t\t\t\t\t\t\t<h2 class='title'>Besoin de surclassement d\u2019un statut d\u2019entra\u00eeneur(e) pour un seul concours?<\/h2>\n\t\t\t\t\t\t\t\t\t\t\t\t\t\t\t\t\t<div class=\"btn\">Se connecter \u00e0 Mon-CE<\/div>\n\t\t\t\t\t\t\t<\/div>\n\t\t<\/a>\t<\/section>\n\n\n\n\t<section id=\"\" data-is-jumplink=\"false\" data-title=\"\" class=\"ra-block block-column-text anchor-link-section \">\n\t\t\t\t\t<h2 class='title'>VALIDATION DU STATUT D\u2019ENTRA\u00ceNEUR(E)<\/h2>\n\t\t\t\t<div class='row'>\n\t\t\t\t\t\t\t\t\t\t\t\t\t\t<div class='col-12 col-md-12 content-column wysiwyg-content'>\n\t\t\t\t\t\t<p>Les organisateurs de comp\u00e9titions doivent s\u2019assurer que tous les entra\u00eeneurs (es) aux comp\u00e9titions sanctionn\u00e9es par EC poss\u00e8dent le statut d\u2019entra\u00eeneur Titulaire d\u2019une Licence ou, pour les entra\u00eeneurs (es) enregistr\u00e9s (es), qu\u2019ils ont achet\u00e9 une mise \u00e0 niveau pour un seul \u00e9v\u00e9nement. La v\u00e9rification se fait via un acc\u00e8s prot\u00e9g\u00e9 par mot de passe \u00e0 la liste des entra\u00eeneurs (es) sur le portail des organisateurs de comp\u00e9titions EC.<\/p>\n<p>Bien que les commissaires aient \u00e9galement la capacit\u00e9 de v\u00e9rifier le statut d\u2019entra\u00eeneur(e) et de le valider, elles et ils ne sont pas tenus de le faire, car leur r\u00f4le et leur priorit\u00e9 sont de maintenir la s\u00e9curit\u00e9, la sant\u00e9 et le bien-\u00eatre des participantes et participants \u00e0 l\u2019int\u00e9rieur de la carri\u00e8re et autour de celle-ci.<\/p>\n<p>&nbsp;<\/p>\n<blockquote>\n<h4>R\u00e9ponses \u00e0 vos questions :<\/h4>\n<\/blockquote>\n<p>De nombreuses questions ont \u00e9t\u00e9 soulev\u00e9es depuis le d\u00e9but du programme en 2021 et leur nombre a augment\u00e9 avec l\u2019application du statut confirm\u00e9 d\u2019entra\u00eeneur(e) titulaire d\u2019une licence lors de concours autoris\u00e9s. Voici les r\u00e9ponses \u00e0 certaines questions les plus fr\u00e9quemment pos\u00e9es :<\/p>\n\t\t\t\t\t<\/div>\n\t\t\t\t\t\t\t\t\t\t\t<\/div>\n\t<\/section>\n\n\n\n\t<section id=\"\" data-is-jumplink=\"false\" data-title=\"\" class=\"ra-block block-accordion anchor-link-section \">\n\t\t\t\t\t<h2 class='title'>FAQ SUR L\u2019ENTRA\u00ceNEMENT LORS DES CONCOURS<\/h2>\n\t\t\t\t\n\t<div class=\"accordion\" id=\"ra-accordion\">\n\t\t\t\t\t<div class=\"card animate-bottom-line-on-hover\">\n\t\t\t\t\t\t\t\t\t<div class=\"card-header\" id=\"heading-accordion-11\">\n\t\t\t\t\t\t<h3 class=\"mb-0\">\n\t\t\t\t\t\t\t<button class=\"accordion-link\" type=\"button\" data-bs-toggle=\"collapse\" data-bs-target=\"#collapse-accordion-11\" aria-expanded=\"false\" aria-controls=\"collapse-accordion-11\">\n\t\t\t\t\t\t\t\tJe m\u2019entra\u00eene de fa\u00e7on autonome. Dois-je avoir le statut d\u2019entra\u00eeneur(e)?\t\t\t\t\t\t\t<\/button>\n\t\t\t\t\t\t<\/h3>\n\t\t\t\t\t<\/div>\n\t\t\t\t\t\t\t\t\t\t\t\t\t<div id=\"collapse-accordion-11\" class=\"accordion-collapse collapse\" aria-labelledby=\"heading-accordion-11\" data-bs-parent=\"#ra-accordion\">\n\t\t\t\t\t\t<div class=\"card-body wysiwyg-content\">\n\t\t\t\t\t\t\t<p>Non, ce n\u2019est pas n\u00e9cessaire.<\/p>\n<p>Vous vous entra\u00eenez de fa\u00e7on autonome lors d\u2019un concours si vous n\u2019\u00eates pas accompagn\u00e9 d\u2019une entra\u00eeneure ou d\u2019un entra\u00eeneur. Toutes et tous les athl\u00e8tes, quel que soit leur \u00e2ge, leur type de licence sportive ou leur niveau de concours, ont le droit de s\u2019entra\u00eener de fa\u00e7on autonome.<\/p>\n<p>Il suffit d\u2019indiquer \u00ab autonome \u00bb dans le champ \u00ab entra\u00eeneur(e) \u00bb de la fiche d\u2019inscription. L\u2019entra\u00eenement autonome n\u2019exige pas que les athl\u00e8tes d\u00e9tiennent le statut d\u2019entra\u00eeneur(e) ni qu&rsquo;elles ou ils se procurent le statut d\u2019entra\u00eeneur(e) temporaire et n\u2019affecte en rien le statut d\u2019amateur.<\/p>\n\t\t\t\t\t\t<\/div>\n\t\t\t\t\t<\/div>\n\t\t\t\t\t\t\t<\/div>\n\t\t\t\t\t<div class=\"card animate-bottom-line-on-hover\">\n\t\t\t\t\t\t\t\t\t<div class=\"card-header\" id=\"heading-accordion-12\">\n\t\t\t\t\t\t<h3 class=\"mb-0\">\n\t\t\t\t\t\t\t<button class=\"accordion-link\" type=\"button\" data-bs-toggle=\"collapse\" data-bs-target=\"#collapse-accordion-12\" aria-expanded=\"false\" aria-controls=\"collapse-accordion-12\">\n\t\t\t\t\t\t\t\tJe suis parent ou tuteur\/tutrice et j\u2019assiste mon enfant lors de concours. Dois-je avoir le statut d\u2019entra\u00eeneur(e) ou me procurer un statut temporaire?\t\t\t\t\t\t\t<\/button>\n\t\t\t\t\t\t<\/h3>\n\t\t\t\t\t<\/div>\n\t\t\t\t\t\t\t\t\t\t\t\t\t<div id=\"collapse-accordion-12\" class=\"accordion-collapse collapse\" aria-labelledby=\"heading-accordion-12\" data-bs-parent=\"#ra-accordion\">\n\t\t\t\t\t\t<div class=\"card-body wysiwyg-content\">\n\t\t\t\t\t\t\t<p>Une ou un proche (parent, membre de la famille, ami) n\u2019est consid\u00e9r\u00e9 comme entra\u00eeneur(e) que si la d\u00e9finition \u00e9nonc\u00e9e dans le Programme de statut d\u2019entra\u00eeneur(e) s\u2019applique \u00e0 la relation.<\/p>\n<p>Dans le cadre du programme, le terme \u00ab entra\u00eeneur(e) \u00bb d\u00e9signe une personne qui donne des instructions ou des services d&rsquo;entra\u00eenement ou d&rsquo;enseignement aux participantes et participants humains dans le but de leur apprendre les sports \u00e9questres.<\/p>\n<p>Une personne qui aide une ou un athl\u00e8te dans un r\u00f4le autre que celui d\u2019entra\u00eeneur(e), par exemple, en pla\u00e7ant des barri\u00e8res dans une piste d\u2019\u00e9chauffement uniquement selon les instructions de l\u2019athl\u00e8te, en pansant des chevaux ou en offrant un soutien \u00e9motionnel, n\u2019est pas consid\u00e9r\u00e9e comme une entra\u00eeneure ou un entra\u00eeneur et n\u2019est pas soumise aux exigences relatives au statut d\u2019entra\u00eeneur(e) de CE.<\/p>\n\t\t\t\t\t\t<\/div>\n\t\t\t\t\t<\/div>\n\t\t\t\t\t\t\t<\/div>\n\t\t\t\t\t<div class=\"card animate-bottom-line-on-hover\">\n\t\t\t\t\t\t\t\t\t<div class=\"card-header\" id=\"heading-accordion-13\">\n\t\t\t\t\t\t<h3 class=\"mb-0\">\n\t\t\t\t\t\t\t<button class=\"accordion-link\" type=\"button\" data-bs-toggle=\"collapse\" data-bs-target=\"#collapse-accordion-13\" aria-expanded=\"false\" aria-controls=\"collapse-accordion-13\">\n\t\t\t\t\t\t\t\tJe suis parent ou tuteur\/tutrice et j\u2019assiste mon enfant lors de concours. Dois-je avoir le statut d\u2019entra\u00eeneur(e) ou me procurer un statut temporaire?\t\t\t\t\t\t\t<\/button>\n\t\t\t\t\t\t<\/h3>\n\t\t\t\t\t<\/div>\n\t\t\t\t\t\t\t\t\t\t\t\t\t<div id=\"collapse-accordion-13\" class=\"accordion-collapse collapse\" aria-labelledby=\"heading-accordion-13\" data-bs-parent=\"#ra-accordion\">\n\t\t\t\t\t\t<div class=\"card-body wysiwyg-content\">\n\t\t\t\t\t\t\t<p>La validation du statut des entra\u00eeneurs (es) n\u2019est pas encore num\u00e9rique. Lors des \u00e9v\u00e9nements sanctionn\u00e9s par EC, le statut des entra\u00eeneurs (ES) est v\u00e9rifi\u00e9 manuellement. Si un athl\u00e8te inscrit un entra\u00eeneur \u20ac ne poss\u00e9dant pas le statut requis (Titulaire d\u2019une Licence ou une mise \u00e0 niveau temporaire pour les entra\u00eeneur (es) Enregistr\u00e9s, cet entra\u00eeneur \u20ac ne sera pas conforme aux r\u00e8gles d\u2019EC. Des sanctions pourront \u00eatre appliqu\u00e9es \u00e0 l\u2019entra\u00eeneur \u20ac et au cavalier, y compris<\/p>\n\t\t\t\t\t\t<\/div>\n\t\t\t\t\t<\/div>\n\t\t\t\t\t\t\t<\/div>\n\t\t\t\t\t<div class=\"card animate-bottom-line-on-hover\">\n\t\t\t\t\t\t\t\t\t<div class=\"card-header\" id=\"heading-accordion-14\">\n\t\t\t\t\t\t<h3 class=\"mb-0\">\n\t\t\t\t\t\t\t<button class=\"accordion-link\" type=\"button\" data-bs-toggle=\"collapse\" data-bs-target=\"#collapse-accordion-14\" aria-expanded=\"false\" aria-controls=\"collapse-accordion-14\">\n\t\t\t\t\t\t\t\tQue se passe-t-il si quelqu\u2019un inscrit le nom d\u2019une entra\u00eeneure ou d\u2019un entra\u00eeneur sur son formulaire d\u2019inscription, mais que cette personne n\u2019est pas son entra\u00eeneure ou son entra\u00eeneur?\t\t\t\t\t\t\t<\/button>\n\t\t\t\t\t\t<\/h3>\n\t\t\t\t\t<\/div>\n\t\t\t\t\t\t\t\t\t\t\t\t\t<div id=\"collapse-accordion-14\" class=\"accordion-collapse collapse\" aria-labelledby=\"heading-accordion-14\" data-bs-parent=\"#ra-accordion\">\n\t\t\t\t\t\t<div class=\"card-body wysiwyg-content\">\n\t\t\t\t\t\t\t<p>S\u2019il s\u2019av\u00e8re qu\u2019une personne a fourni de fausses informations sur son formulaire d\u2019inscription, ses points pour le concours en question peuvent \u00eatre invalid\u00e9s. Par exemple, si une ou un athl\u00e8te indique sur son formulaire d\u2019inscription qu\u2019elle ou il s\u2019entra\u00eene de fa\u00e7on autonome, alors qu\u2019elle ou il est en fait entra\u00een\u00e9 par une personne qui ne poss\u00e8de pas les qualifications requises pour le concours.<\/p>\n\t\t\t\t\t\t<\/div>\n\t\t\t\t\t<\/div>\n\t\t\t\t\t\t\t<\/div>\n\t\t\t<\/div>\n\t<\/section>\n\n\n\n\t<section id=\"\" data-is-jumplink=\"false\" data-title=\"\" class=\"ra-block block-call-to-action anchor-link-section \">\n\t\t\n\t\t<a href=\"mailto:coaching@equestrian.ca\" target=\"\" class=\"call-to-action-col has-background-image\">\t\t\t\n\t\t\t\n\t\t<picture class=\"background-image cover\">\n\t\t\t<source srcset=\"https:\/\/equestrian.ca\/wp-content\/uploads\/2024\/02\/146-BR901490-1440x960.jpg\" media=\"(min-width: 1280px)\">\n\t\t\t<source srcset=\"https:\/\/equestrian.ca\/wp-content\/uploads\/2024\/02\/146-BR901490-1200x800.jpg\" media=\"(min-width: 1024px)\">\n\t\t\t<source srcset=\"https:\/\/equestrian.ca\/wp-content\/uploads\/2024\/02\/146-BR901490-1024x683.jpg\" media=\"(min-width: 768px)\">\n\t\t\t<img decoding=\"async\" loading=\"lazy\" src=\"https:\/\/equestrian.ca\/wp-content\/uploads\/2024\/02\/146-BR901490-640x427.jpg\" alt=\"\">\n\t\t<\/picture>\n\n\t\t\t\t\t\t<div class='cta-wrapper'>\n\t\t\t\t\t\t\t\t\t<h2 class='title'>Des questions sur l&rsquo;entra\u00eenement \u00e0 des concours autoris\u00e9s par CE?<\/h2>\n\t\t\t\t\t\t\t\t\t\t\t\t\t\t\t\t\t<div class=\"btn\">Nous joindre<\/div>\n\t\t\t\t\t\t\t<\/div>\n\t\t<\/a>\t<\/section>\n","protected":false},"excerpt":{"rendered":"","protected":false},"author":13,"featured_media":22850,"parent":26656,"menu_order":0,"comment_status":"closed","ping_status":"closed","template":"","meta":{"_acf_changed":false,"footnotes":""},"class_list":["post-26899","page","type-page","status-publish","has-post-thumbnail","hentry"],"acf":[],"yoast_head":"<!-- This site is optimized with the Yoast SEO plugin v27.0 - https:\/\/yoast.com\/product\/yoast-seo-wordpress\/ -->\n<title>Entra\u00eenement lors des concours - Equestrian Canada<\/title>\n<meta name=\"robots\" content=\"index, follow, max-snippet:-1, max-image-preview:large, max-video-preview:-1\" \/>\n<link rel=\"canonical\" href=\"https:\/\/equestrian.ca\/fr\/coaches-officials\/coaches\/coaching-in-competition\/\" \/>\n<meta property=\"og:locale\" content=\"fr_CA\" \/>\n<meta property=\"og:type\" content=\"article\" \/>\n<meta property=\"og:title\" content=\"Entra\u00eenement lors des concours - Equestrian Canada\" \/>\n<meta property=\"og:url\" content=\"https:\/\/equestrian.ca\/fr\/coaches-officials\/coaches\/coaching-in-competition\/\" \/>\n<meta property=\"og:site_name\" content=\"Equestrian Canada\" \/>\n<meta property=\"article:modified_time\" content=\"2026-01-23T18:54:20+00:00\" \/>\n<meta property=\"og:image\" content=\"https:\/\/equestrian.ca\/wp-content\/uploads\/2024\/02\/CoachCompetition-crop.jpg\" \/>\n\t<meta property=\"og:image:width\" content=\"1066\" \/>\n\t<meta property=\"og:image:height\" content=\"1332\" \/>\n\t<meta property=\"og:image:type\" content=\"image\/jpeg\" \/>\n<meta name=\"twitter:card\" content=\"summary_large_image\" \/>\n<meta name=\"twitter:label1\" content=\"Estimation du temps de lecture\" \/>\n\t<meta name=\"twitter:data1\" content=\"1 minute\" \/>\n<script type=\"application\/ld+json\" class=\"yoast-schema-graph\">{\"@context\":\"https:\/\/schema.org\",\"@graph\":[{\"@type\":\"WebPage\",\"@id\":\"https:\/\/equestrian.ca\/fr\/coaches-officials\/coaches\/coaching-in-competition\/\",\"url\":\"https:\/\/equestrian.ca\/fr\/coaches-officials\/coaches\/coaching-in-competition\/\",\"name\":\"Entra\u00eenement lors des concours - Equestrian Canada\",\"isPartOf\":{\"@id\":\"https:\/\/equestrian.ca\/fr\/#website\"},\"primaryImageOfPage\":{\"@id\":\"https:\/\/equestrian.ca\/fr\/coaches-officials\/coaches\/coaching-in-competition\/#primaryimage\"},\"image\":{\"@id\":\"https:\/\/equestrian.ca\/fr\/coaches-officials\/coaches\/coaching-in-competition\/#primaryimage\"},\"thumbnailUrl\":\"https:\/\/equestrian.ca\/wp-content\/uploads\/2024\/02\/CoachCompetition-crop.jpg\",\"datePublished\":\"2024-02-14T22:28:11+00:00\",\"dateModified\":\"2026-01-23T18:54:20+00:00\",\"breadcrumb\":{\"@id\":\"https:\/\/equestrian.ca\/fr\/coaches-officials\/coaches\/coaching-in-competition\/#breadcrumb\"},\"inLanguage\":\"fr-CA\",\"potentialAction\":[{\"@type\":\"ReadAction\",\"target\":[\"https:\/\/equestrian.ca\/fr\/coaches-officials\/coaches\/coaching-in-competition\/\"]}]},{\"@type\":\"ImageObject\",\"inLanguage\":\"fr-CA\",\"@id\":\"https:\/\/equestrian.ca\/fr\/coaches-officials\/coaches\/coaching-in-competition\/#primaryimage\",\"url\":\"https:\/\/equestrian.ca\/wp-content\/uploads\/2024\/02\/CoachCompetition-crop.jpg\",\"contentUrl\":\"https:\/\/equestrian.ca\/wp-content\/uploads\/2024\/02\/CoachCompetition-crop.jpg\",\"width\":1066,\"height\":1332},{\"@type\":\"BreadcrumbList\",\"@id\":\"https:\/\/equestrian.ca\/fr\/coaches-officials\/coaches\/coaching-in-competition\/#breadcrumb\",\"itemListElement\":[{\"@type\":\"ListItem\",\"position\":1,\"name\":\"Home\",\"item\":\"https:\/\/equestrian.ca\/fr\/\"},{\"@type\":\"ListItem\",\"position\":2,\"name\":\"Entra\u00eeneur(e)s et officiel(le)s\",\"item\":\"https:\/\/equestrian.ca\/fr\/coaches-officials\/\"},{\"@type\":\"ListItem\",\"position\":3,\"name\":\"Les entra\u00eeneures et entra\u00eeneurs\",\"item\":\"https:\/\/equestrian.ca\/fr\/coaches-officials\/coaches\/\"},{\"@type\":\"ListItem\",\"position\":4,\"name\":\"Entra\u00eenement lors des concours\"}]},{\"@type\":\"WebSite\",\"@id\":\"https:\/\/equestrian.ca\/fr\/#website\",\"url\":\"https:\/\/equestrian.ca\/fr\/\",\"name\":\"Equestrian Canada\",\"description\":\"For the love of horses and sport for life.\",\"potentialAction\":[{\"@type\":\"SearchAction\",\"target\":{\"@type\":\"EntryPoint\",\"urlTemplate\":\"https:\/\/equestrian.ca\/fr\/?s={search_term_string}\"},\"query-input\":{\"@type\":\"PropertyValueSpecification\",\"valueRequired\":true,\"valueName\":\"search_term_string\"}}],\"inLanguage\":\"fr-CA\"}]}<\/script>\n<!-- \/ Yoast SEO plugin. -->","yoast_head_json":{"title":"Entra\u00eenement lors des concours - Equestrian Canada","robots":{"index":"index","follow":"follow","max-snippet":"max-snippet:-1","max-image-preview":"max-image-preview:large","max-video-preview":"max-video-preview:-1"},"canonical":"https:\/\/equestrian.ca\/fr\/coaches-officials\/coaches\/coaching-in-competition\/","og_locale":"fr_CA","og_type":"article","og_title":"Entra\u00eenement lors des concours - Equestrian Canada","og_url":"https:\/\/equestrian.ca\/fr\/coaches-officials\/coaches\/coaching-in-competition\/","og_site_name":"Equestrian Canada","article_modified_time":"2026-01-23T18:54:20+00:00","og_image":[{"width":1066,"height":1332,"url":"https:\/\/equestrian.ca\/wp-content\/uploads\/2024\/02\/CoachCompetition-crop.jpg","type":"image\/jpeg"}],"twitter_card":"summary_large_image","twitter_misc":{"Estimation du temps de lecture":"1 minute"},"schema":{"@context":"https:\/\/schema.org","@graph":[{"@type":"WebPage","@id":"https:\/\/equestrian.ca\/fr\/coaches-officials\/coaches\/coaching-in-competition\/","url":"https:\/\/equestrian.ca\/fr\/coaches-officials\/coaches\/coaching-in-competition\/","name":"Entra\u00eenement lors des concours - Equestrian Canada","isPartOf":{"@id":"https:\/\/equestrian.ca\/fr\/#website"},"primaryImageOfPage":{"@id":"https:\/\/equestrian.ca\/fr\/coaches-officials\/coaches\/coaching-in-competition\/#primaryimage"},"image":{"@id":"https:\/\/equestrian.ca\/fr\/coaches-officials\/coaches\/coaching-in-competition\/#primaryimage"},"thumbnailUrl":"https:\/\/equestrian.ca\/wp-content\/uploads\/2024\/02\/CoachCompetition-crop.jpg","datePublished":"2024-02-14T22:28:11+00:00","dateModified":"2026-01-23T18:54:20+00:00","breadcrumb":{"@id":"https:\/\/equestrian.ca\/fr\/coaches-officials\/coaches\/coaching-in-competition\/#breadcrumb"},"inLanguage":"fr-CA","potentialAction":[{"@type":"ReadAction","target":["https:\/\/equestrian.ca\/fr\/coaches-officials\/coaches\/coaching-in-competition\/"]}]},{"@type":"ImageObject","inLanguage":"fr-CA","@id":"https:\/\/equestrian.ca\/fr\/coaches-officials\/coaches\/coaching-in-competition\/#primaryimage","url":"https:\/\/equestrian.ca\/wp-content\/uploads\/2024\/02\/CoachCompetition-crop.jpg","contentUrl":"https:\/\/equestrian.ca\/wp-content\/uploads\/2024\/02\/CoachCompetition-crop.jpg","width":1066,"height":1332},{"@type":"BreadcrumbList","@id":"https:\/\/equestrian.ca\/fr\/coaches-officials\/coaches\/coaching-in-competition\/#breadcrumb","itemListElement":[{"@type":"ListItem","position":1,"name":"Home","item":"https:\/\/equestrian.ca\/fr\/"},{"@type":"ListItem","position":2,"name":"Entra\u00eeneur(e)s et officiel(le)s","item":"https:\/\/equestrian.ca\/fr\/coaches-officials\/"},{"@type":"ListItem","position":3,"name":"Les entra\u00eeneures et entra\u00eeneurs","item":"https:\/\/equestrian.ca\/fr\/coaches-officials\/coaches\/"},{"@type":"ListItem","position":4,"name":"Entra\u00eenement lors des concours"}]},{"@type":"WebSite","@id":"https:\/\/equestrian.ca\/fr\/#website","url":"https:\/\/equestrian.ca\/fr\/","name":"Equestrian Canada","description":"For the love of horses and sport for life.","potentialAction":[{"@type":"SearchAction","target":{"@type":"EntryPoint","urlTemplate":"https:\/\/equestrian.ca\/fr\/?s={search_term_string}"},"query-input":{"@type":"PropertyValueSpecification","valueRequired":true,"valueName":"search_term_string"}}],"inLanguage":"fr-CA"}]}},"_links":{"self":[{"href":"https:\/\/equestrian.ca\/fr\/wp-json\/wp\/v2\/pages\/26899","targetHints":{"allow":["GET"]}}],"collection":[{"href":"https:\/\/equestrian.ca\/fr\/wp-json\/wp\/v2\/pages"}],"about":[{"href":"https:\/\/equestrian.ca\/fr\/wp-json\/wp\/v2\/types\/page"}],"author":[{"embeddable":true,"href":"https:\/\/equestrian.ca\/fr\/wp-json\/wp\/v2\/users\/13"}],"replies":[{"embeddable":true,"href":"https:\/\/equestrian.ca\/fr\/wp-json\/wp\/v2\/comments?post=26899"}],"version-history":[{"count":21,"href":"https:\/\/equestrian.ca\/fr\/wp-json\/wp\/v2\/pages\/26899\/revisions"}],"predecessor-version":[{"id":36533,"href":"https:\/\/equestrian.ca\/fr\/wp-json\/wp\/v2\/pages\/26899\/revisions\/36533"}],"up":[{"embeddable":true,"href":"https:\/\/equestrian.ca\/fr\/wp-json\/wp\/v2\/pages\/26656"}],"wp:featuredmedia":[{"embeddable":true,"href":"https:\/\/equestrian.ca\/fr\/wp-json\/wp\/v2\/media\/22850"}],"wp:attachment":[{"href":"https:\/\/equestrian.ca\/fr\/wp-json\/wp\/v2\/media?parent=26899"}],"curies":[{"name":"wp","href":"https:\/\/api.w.org\/{rel}","templated":true}]}}