{"id":26869,"date":"2024-04-08T15:17:35","date_gmt":"2024-04-08T15:17:35","guid":{"rendered":"https:\/\/equestrian.ca\/?page_id=26869"},"modified":"2024-04-08T15:51:49","modified_gmt":"2024-04-08T15:51:49","slug":"accidents-et-regles-de-retour-au-sport","status":"publish","type":"page","link":"https:\/\/equestrian.ca\/fr\/compete\/athlete-resources\/accidents-et-regles-de-retour-au-sport\/","title":{"rendered":"Accidents et r\u00e8gles de retour au sport"},"content":{"rendered":"\n\t<section id=\"\" data-is-jumplink=\"false\" data-title=\"\" class=\"ra-block block-column-text anchor-link-section \">\n\t\t\t\t<div class='row'>\n\t\t\t\t\t\t\t\t\t\t\t\t\t\t<div class='col-12 col-md-12 content-column wysiwyg-content'>\n\t\t\t\t\t\t<p>Tous les concurrents et concurrentes qui ont fait une chute pendant l&rsquo;entra\u00eenement ou l&rsquo;\u00e9chauffement sur le site ou l&rsquo;ar\u00e8ne du concours doivent \u00eatre \u00e9valu\u00e9s par un personnel m\u00e9dical qualifi\u00e9 sur place avant de participer \u00e0 une autre \u00e9preuve ou \u00e0 une autre comp\u00e9tition. Les athl\u00e8tes ne doivent pas remonter \u00e0 cheval tant que cette \u00e9valuation n&rsquo;a pas \u00e9t\u00e9 effectu\u00e9e. Les concurrentes et concurrents concern\u00e9s sont les seuls responsables de la r\u00e9alisation de l&rsquo;\u00e9valuation m\u00e9dicale par le personnel m\u00e9dical qualifi\u00e9 sur place.<\/p>\n<p>En cas de chute ou d&rsquo;accident o\u00f9 l&rsquo;on peut raisonnablement suspecter une commotion c\u00e9r\u00e9brale (non limit\u00e9e \u00e0 un coup direct \u00e0 la t\u00eate ou \u00e0 une perte de conscience), la concurrente ou le concurrent doit recevoir une autorisation m\u00e9dicale du personnel m\u00e9dical qualifi\u00e9 sur place, au moyen du formulaire de rapport de d&rsquo;accident de CE, avant de continuer. La concurrente ou le concurrent concern\u00e9 est responsable de l&rsquo;\u00e9valuation m\u00e9dicale par le personnel m\u00e9dical qualifi\u00e9 sur place. Si elle ou il refuse d&rsquo;\u00eatre \u00e9valu\u00e9, elle ou il sera disqualifi\u00e9 de l&rsquo;\u00e9preuve.<\/p>\n<p>Toutes les r\u00e8gles se trouvent dans<a href=\"https:\/\/equestrian.ca\/resource\/section-a-general-regulations-changes-visible-digital-version\/\" target=\"_blank\" rel=\"noopener\">l&rsquo;article 101 de la Section A : R\u00e8glements g\u00e9n\u00e9raux des R\u00e8glements de CE<\/a>.<\/p>\n\t\t\t\t\t<\/div>\n\t\t\t\t\t\t\t\t\t\t\t<\/div>\n\t<\/section>\n\n\n\n\t<section id=\"\" data-is-jumplink=\"false\" data-title=\"\" class=\"ra-block block-media-and-text anchor-link-section \">\n\t\t<div class='row'>\n\t\t\t\t\t\t\t<div class='col-12 col-md-6 content-col order-1 order-md-2'>\n\t\t\t\t\t\t\t\t\t\t\t<a href=\"https:\/\/parachute.ca\/fr\/\" class=\"title-link\" target=\"\">\n\t\t\t\t\t\t\n\t\t\t\t\t\t\t\t\t\t\t<h3 class='title show-as-h4'>Parachute Canada<\/h3>\n\t\t\t\t\t\t\n\t\t\t\t\t\t\t\t\t\t\t<\/a>\n\t\t\t\t\t\t\t\t\t\t\n\t\t\t\t\t\t\t\t\t\t\t<div class='content wysiwyg-content'>\n\t\t\t\t\t\t\t<p>Parachute Canada cr\u00e9e un Canada plus s\u00fbr en pr\u00e9venant les blessures graves et mortelles gr\u00e2ce \u00e0 des solutions fond\u00e9es sur des donn\u00e9es probantes ax\u00e9es sur la d\u00e9fense des int\u00e9r\u00eats et la sensibilisation.<\/p>\n\t\t\t\t\t\t<\/div>\n\t\t\t\t\t\t\t\t\t<\/div>\n\t\t\t\n\t\t\t<div class='col-12 col-md-6 picture-col order-2 order-md-1'>\n\t\t\t\t\t\t\t\t\t\t\t\t\t\t\t<a class=\"image-link\" href=\"https:\/\/parachute.ca\/fr\/\" target=\"\">\n\t\t\t\t\t\n\t\t\t\t\t\n\t\t\t\n\t\t<picture class=\"contain\">\n\t\t\t<source srcset=\"https:\/\/equestrian.ca\/wp-content\/uploads\/2024\/01\/Parachute.jpg\" media=\"(min-width: 1280px)\">\n\t\t\t<source srcset=\"https:\/\/equestrian.ca\/wp-content\/uploads\/2024\/01\/Parachute.jpg\" media=\"(min-width: 1024px)\">\n\t\t\t<source srcset=\"https:\/\/equestrian.ca\/wp-content\/uploads\/2024\/01\/Parachute.jpg\" media=\"(min-width: 768px)\">\n\t\t\t<img decoding=\"async\" loading=\"lazy\" src=\"https:\/\/equestrian.ca\/wp-content\/uploads\/2024\/01\/Parachute.jpg\" alt=\"\">\n\t\t<\/picture>\n\n\t\t\t\n\t\t\t\t\t\t\t\t\t\t\t<\/a>\n\t\t\t\t\t\t\t\t\t\t\t\t<\/div>\n\t\t<\/div>\n\t<\/section>\n\n\n\n\t<section id=\"\" data-is-jumplink=\"false\" data-title=\"\" class=\"ra-block block-media-and-text anchor-link-section \">\n\t\t<div class='row'>\n\t\t\t\t\t\t\t<div class='col-12 col-md-6 content-col order-1 order-md-2'>\n\t\t\t\t\t\t\t\t\t\t\t<a href=\"https:\/\/www.cdc.gov\/headsup\/youthsports\/training\/\" class=\"title-link\" target=\"\">\n\t\t\t\t\t\t\n\t\t\t\t\t\t\t\t\t\t\t<h3 class='title show-as-h4'>CDC\u2019s HEADS UP<\/h3>\n\t\t\t\t\t\t\n\t\t\t\t\t\t\t\t\t\t\t<\/a>\n\t\t\t\t\t\t\t\t\t\t\n\t\t\t\t\t\t\t\t\t\t\t<div class='content wysiwyg-content'>\n\t\t\t\t\t\t\t<p>Le programme HEADS UP to Youth Sports du\u00b7Centers for Disease Control and Prevention est une formation en ligne sur les commotions c\u00e9r\u00e9brales \u00e0 l&rsquo;intention des entra\u00eeneures et entra\u00eeneurs. Elle pr\u00e9sente les derniers conseils en mati\u00e8re de s\u00e9curit\u00e9 et de pr\u00e9vention des commotions c\u00e9r\u00e9brale et fournit des informations essentielles pour aider les entra\u00eeneures et entra\u00eeneurs \u00e0 rep\u00e9rer les signes et les sympt\u00f4mes de possibles commotions c\u00e9r\u00e9brales et \u00e0 prendre les mesures \u00e0 prendre en cas de commotion.<\/p>\n\t\t\t\t\t\t<\/div>\n\t\t\t\t\t\t\t\t\t<\/div>\n\t\t\t\n\t\t\t<div class='col-12 col-md-6 picture-col order-2 order-md-1'>\n\t\t\t\t\t\t\t\t\t\t\t\t\t\t\t<a class=\"image-link\" href=\"https:\/\/www.cdc.gov\/headsup\/youthsports\/training\/\" target=\"\">\n\t\t\t\t\t\n\t\t\t\t\t\n\t\t\t\n\t\t<picture class=\"contain\">\n\t\t\t<source srcset=\"https:\/\/equestrian.ca\/wp-content\/uploads\/2024\/01\/CDC-heads-up-logo.png\" media=\"(min-width: 1280px)\">\n\t\t\t<source srcset=\"https:\/\/equestrian.ca\/wp-content\/uploads\/2024\/01\/CDC-heads-up-logo.png\" media=\"(min-width: 1024px)\">\n\t\t\t<source srcset=\"https:\/\/equestrian.ca\/wp-content\/uploads\/2024\/01\/CDC-heads-up-logo.png\" media=\"(min-width: 768px)\">\n\t\t\t<img decoding=\"async\" loading=\"lazy\" src=\"https:\/\/equestrian.ca\/wp-content\/uploads\/2024\/01\/CDC-heads-up-logo.png\" alt=\"\">\n\t\t<\/picture>\n\n\t\t\t\n\t\t\t\t\t\t\t\t\t\t\t<\/a>\n\t\t\t\t\t\t\t\t\t\t\t\t<\/div>\n\t\t<\/div>\n\t<\/section>\n\n\n\n\t<section id=\"\" data-is-jumplink=\"false\" data-title=\"\" class=\"ra-block block-media-and-text anchor-link-section \">\n\t\t<div class='row'>\n\t\t\t\t\t\t\t<div class='col-12 col-md-6 content-col order-1 order-md-2'>\n\t\t\t\t\t\t\t\t\t\t\t<a href=\"https:\/\/www.cdc.gov\/headsup\/basics\/concussion_symptoms.html\" class=\"title-link\" target=\"\">\n\t\t\t\t\t\t\n\t\t\t\t\t\t\t\t\t\t\t<h3 class='title show-as-h4'>Signes et sympt\u00f4mes des commotions c\u00e9r\u00e9brales<\/h3>\n\t\t\t\t\t\t\n\t\t\t\t\t\t\t\t\t\t\t<\/a>\n\t\t\t\t\t\t\t\t\t\t\n\t\t\t\t\t\t\t\t\t\t\t<div class='content wysiwyg-content'>\n\t\t\t\t\t\t\t<p>Les signes et les sympt\u00f4mes apparaissent g\u00e9n\u00e9ralement peu de temps apr\u00e8s la blessure. Toutefois, il se peut que vous ne connaissiez pas la gravit\u00e9 de la blessure au d\u00e9but et que certains sympt\u00f4mes ne se manifestent pas avant plusieurs heures ou plusieurs jours.<\/p>\n\t\t\t\t\t\t<\/div>\n\t\t\t\t\t\t\t\t\t<\/div>\n\t\t\t\n\t\t\t<div class='col-12 col-md-6 picture-col order-2 order-md-1'>\n\t\t\t\t\t\t\t\t\t\t\t\t\t\t\t<a class=\"image-link\" href=\"https:\/\/www.cdc.gov\/headsup\/basics\/concussion_symptoms.html\" target=\"\">\n\t\t\t\t\t\n\t\t\t\t\t\n\t\t\t\n\t\t<picture class=\"contain\">\n\t\t\t<source srcset=\"https:\/\/equestrian.ca\/wp-content\/uploads\/2024\/01\/CDC.png\" media=\"(min-width: 1280px)\">\n\t\t\t<source srcset=\"https:\/\/equestrian.ca\/wp-content\/uploads\/2024\/01\/CDC.png\" media=\"(min-width: 1024px)\">\n\t\t\t<source srcset=\"https:\/\/equestrian.ca\/wp-content\/uploads\/2024\/01\/CDC.png\" media=\"(min-width: 768px)\">\n\t\t\t<img decoding=\"async\" loading=\"lazy\" src=\"https:\/\/equestrian.ca\/wp-content\/uploads\/2024\/01\/CDC.png\" alt=\"\">\n\t\t<\/picture>\n\n\t\t\t\n\t\t\t\t\t\t\t\t\t\t\t<\/a>\n\t\t\t\t\t\t\t\t\t\t\t\t<\/div>\n\t\t<\/div>\n\t<\/section>\n\n\n\t<section id='block-committee-block_fd576e0908597300f7cfcb7f5d38f22e' class='ra-block block-committee anchor-link-section '>\n\t\t\n\t<section id=\"ressources-sur-les-commotions-c%c3%a9r%c3%a9brales\" data-is-jumplink=\"false\" data-title=\"Ressources sur les commotions c\u00e9r\u00e9brales\" class=\"forms-and-documents-cta anchor-link-section vert3-p-b\">\n\t\t<div class=\"\">\n\t\t\t<div class='row justify-content-center'>\n\t\t\t\t<div class=\"content-col col-12 col-lg-5\">\n\t\t\t\t\t<h2 class=\"section-title\">Ressources sur les commotions c\u00e9r\u00e9brales<\/h2>\n\n\t\t\t\t\t\n\t\t\t\t\t<form id=\"forms-and-documents-search-form\" action=\"\/news-info\/forms-and-documents\/\" method=\"get\" class=\"d-flex align-items-center\">\n\t\t\t\t\t\t<label class=\"sr-only\" for=\"search-term\">Search:<\/label>\n\t\t\t\t\t\t<input type=\"text\" id=\"search-term\" name=\"search-term\" placeholder=\"Recherche\" class=\"form-control input-group-field\">\n\t\t\t\t\t\t<button type=\"submit\" class=\"secondary-search-btn\"><i class=\"fal fa-search icon\"><\/i><\/button>\n\t\t\t\t\t<\/form>\n\n\t\t\t\t\t\n\t\t\t\t<\/div>\n\n\t\t\t\t\t\t\t\t\n\t\t\t\t\n\t\t\t\t\t\n\t\t\t\t\t\t\t<\/div>\n\t\t<\/div>\n\t<\/section>\n\t<\/section>\n","protected":false},"excerpt":{"rendered":"","protected":false},"author":13,"featured_media":22875,"parent":26640,"menu_order":0,"comment_status":"closed","ping_status":"closed","template":"","meta":{"_acf_changed":false,"footnotes":""},"class_list":["post-26869","page","type-page","status-publish","has-post-thumbnail","hentry"],"acf":[],"yoast_head":"<!-- This site is optimized with the Yoast SEO plugin v27.0 - https:\/\/yoast.com\/product\/yoast-seo-wordpress\/ -->\n<title>Accidents et r\u00e8gles de retour au sport - Equestrian Canada<\/title>\n<meta name=\"robots\" content=\"index, follow, max-snippet:-1, max-image-preview:large, max-video-preview:-1\" \/>\n<link rel=\"canonical\" href=\"https:\/\/equestrian.ca\/fr\/compete\/athlete-resources\/accidents-et-regles-de-retour-au-sport\/\" \/>\n<meta property=\"og:locale\" content=\"fr_CA\" \/>\n<meta property=\"og:type\" content=\"article\" \/>\n<meta property=\"og:title\" content=\"Accidents et r\u00e8gles de retour au sport - Equestrian Canada\" \/>\n<meta property=\"og:url\" content=\"https:\/\/equestrian.ca\/fr\/compete\/athlete-resources\/accidents-et-regles-de-retour-au-sport\/\" \/>\n<meta property=\"og:site_name\" content=\"Equestrian Canada\" \/>\n<meta property=\"article:modified_time\" content=\"2024-04-08T15:51:49+00:00\" \/>\n<meta property=\"og:image\" content=\"https:\/\/equestrian.ca\/wp-content\/uploads\/2024\/02\/iStock-859855968.jpg\" \/>\n\t<meta property=\"og:image:width\" content=\"1936\" \/>\n\t<meta property=\"og:image:height\" content=\"1549\" \/>\n\t<meta property=\"og:image:type\" content=\"image\/jpeg\" \/>\n<meta name=\"twitter:card\" content=\"summary_large_image\" \/>\n<meta name=\"twitter:label1\" content=\"Estimation du temps de lecture\" \/>\n\t<meta name=\"twitter:data1\" content=\"1 minute\" \/>\n<script type=\"application\/ld+json\" class=\"yoast-schema-graph\">{\"@context\":\"https:\/\/schema.org\",\"@graph\":[{\"@type\":\"WebPage\",\"@id\":\"https:\/\/equestrian.ca\/fr\/compete\/athlete-resources\/accidents-et-regles-de-retour-au-sport\/\",\"url\":\"https:\/\/equestrian.ca\/fr\/compete\/athlete-resources\/accidents-et-regles-de-retour-au-sport\/\",\"name\":\"Accidents et r\u00e8gles de retour au sport - Equestrian Canada\",\"isPartOf\":{\"@id\":\"https:\/\/equestrian.ca\/fr\/#website\"},\"primaryImageOfPage\":{\"@id\":\"https:\/\/equestrian.ca\/fr\/compete\/athlete-resources\/accidents-et-regles-de-retour-au-sport\/#primaryimage\"},\"image\":{\"@id\":\"https:\/\/equestrian.ca\/fr\/compete\/athlete-resources\/accidents-et-regles-de-retour-au-sport\/#primaryimage\"},\"thumbnailUrl\":\"https:\/\/equestrian.ca\/wp-content\/uploads\/2024\/02\/iStock-859855968.jpg\",\"datePublished\":\"2024-04-08T15:17:35+00:00\",\"dateModified\":\"2024-04-08T15:51:49+00:00\",\"breadcrumb\":{\"@id\":\"https:\/\/equestrian.ca\/fr\/compete\/athlete-resources\/accidents-et-regles-de-retour-au-sport\/#breadcrumb\"},\"inLanguage\":\"fr-CA\",\"potentialAction\":[{\"@type\":\"ReadAction\",\"target\":[\"https:\/\/equestrian.ca\/fr\/compete\/athlete-resources\/accidents-et-regles-de-retour-au-sport\/\"]}]},{\"@type\":\"ImageObject\",\"inLanguage\":\"fr-CA\",\"@id\":\"https:\/\/equestrian.ca\/fr\/compete\/athlete-resources\/accidents-et-regles-de-retour-au-sport\/#primaryimage\",\"url\":\"https:\/\/equestrian.ca\/wp-content\/uploads\/2024\/02\/iStock-859855968.jpg\",\"contentUrl\":\"https:\/\/equestrian.ca\/wp-content\/uploads\/2024\/02\/iStock-859855968.jpg\",\"width\":1936,\"height\":1549,\"caption\":\"Young rider woman on bay horse performing advanced test on dressage competition. Rear view image of equestrian event background with copy space\"},{\"@type\":\"BreadcrumbList\",\"@id\":\"https:\/\/equestrian.ca\/fr\/compete\/athlete-resources\/accidents-et-regles-de-retour-au-sport\/#breadcrumb\",\"itemListElement\":[{\"@type\":\"ListItem\",\"position\":1,\"name\":\"Home\",\"item\":\"https:\/\/equestrian.ca\/fr\/\"},{\"@type\":\"ListItem\",\"position\":2,\"name\":\"Concours\",\"item\":\"https:\/\/equestrian.ca\/fr\/compete\/\"},{\"@type\":\"ListItem\",\"position\":3,\"name\":\"Ressources pour les athl\u00e8tes\",\"item\":\"https:\/\/equestrian.ca\/fr\/compete\/athlete-resources\/\"},{\"@type\":\"ListItem\",\"position\":4,\"name\":\"Accidents et r\u00e8gles de retour au sport\"}]},{\"@type\":\"WebSite\",\"@id\":\"https:\/\/equestrian.ca\/fr\/#website\",\"url\":\"https:\/\/equestrian.ca\/fr\/\",\"name\":\"Equestrian Canada\",\"description\":\"For the love of horses and sport for life.\",\"potentialAction\":[{\"@type\":\"SearchAction\",\"target\":{\"@type\":\"EntryPoint\",\"urlTemplate\":\"https:\/\/equestrian.ca\/fr\/?s={search_term_string}\"},\"query-input\":{\"@type\":\"PropertyValueSpecification\",\"valueRequired\":true,\"valueName\":\"search_term_string\"}}],\"inLanguage\":\"fr-CA\"}]}<\/script>\n<!-- \/ Yoast SEO plugin. -->","yoast_head_json":{"title":"Accidents et r\u00e8gles de retour au sport - Equestrian Canada","robots":{"index":"index","follow":"follow","max-snippet":"max-snippet:-1","max-image-preview":"max-image-preview:large","max-video-preview":"max-video-preview:-1"},"canonical":"https:\/\/equestrian.ca\/fr\/compete\/athlete-resources\/accidents-et-regles-de-retour-au-sport\/","og_locale":"fr_CA","og_type":"article","og_title":"Accidents et r\u00e8gles de retour au sport - Equestrian Canada","og_url":"https:\/\/equestrian.ca\/fr\/compete\/athlete-resources\/accidents-et-regles-de-retour-au-sport\/","og_site_name":"Equestrian Canada","article_modified_time":"2024-04-08T15:51:49+00:00","og_image":[{"width":1936,"height":1549,"url":"https:\/\/equestrian.ca\/wp-content\/uploads\/2024\/02\/iStock-859855968.jpg","type":"image\/jpeg"}],"twitter_card":"summary_large_image","twitter_misc":{"Estimation du temps de lecture":"1 minute"},"schema":{"@context":"https:\/\/schema.org","@graph":[{"@type":"WebPage","@id":"https:\/\/equestrian.ca\/fr\/compete\/athlete-resources\/accidents-et-regles-de-retour-au-sport\/","url":"https:\/\/equestrian.ca\/fr\/compete\/athlete-resources\/accidents-et-regles-de-retour-au-sport\/","name":"Accidents et r\u00e8gles de retour au sport - Equestrian Canada","isPartOf":{"@id":"https:\/\/equestrian.ca\/fr\/#website"},"primaryImageOfPage":{"@id":"https:\/\/equestrian.ca\/fr\/compete\/athlete-resources\/accidents-et-regles-de-retour-au-sport\/#primaryimage"},"image":{"@id":"https:\/\/equestrian.ca\/fr\/compete\/athlete-resources\/accidents-et-regles-de-retour-au-sport\/#primaryimage"},"thumbnailUrl":"https:\/\/equestrian.ca\/wp-content\/uploads\/2024\/02\/iStock-859855968.jpg","datePublished":"2024-04-08T15:17:35+00:00","dateModified":"2024-04-08T15:51:49+00:00","breadcrumb":{"@id":"https:\/\/equestrian.ca\/fr\/compete\/athlete-resources\/accidents-et-regles-de-retour-au-sport\/#breadcrumb"},"inLanguage":"fr-CA","potentialAction":[{"@type":"ReadAction","target":["https:\/\/equestrian.ca\/fr\/compete\/athlete-resources\/accidents-et-regles-de-retour-au-sport\/"]}]},{"@type":"ImageObject","inLanguage":"fr-CA","@id":"https:\/\/equestrian.ca\/fr\/compete\/athlete-resources\/accidents-et-regles-de-retour-au-sport\/#primaryimage","url":"https:\/\/equestrian.ca\/wp-content\/uploads\/2024\/02\/iStock-859855968.jpg","contentUrl":"https:\/\/equestrian.ca\/wp-content\/uploads\/2024\/02\/iStock-859855968.jpg","width":1936,"height":1549,"caption":"Young rider woman on bay horse performing advanced test on dressage competition. Rear view image of equestrian event background with copy space"},{"@type":"BreadcrumbList","@id":"https:\/\/equestrian.ca\/fr\/compete\/athlete-resources\/accidents-et-regles-de-retour-au-sport\/#breadcrumb","itemListElement":[{"@type":"ListItem","position":1,"name":"Home","item":"https:\/\/equestrian.ca\/fr\/"},{"@type":"ListItem","position":2,"name":"Concours","item":"https:\/\/equestrian.ca\/fr\/compete\/"},{"@type":"ListItem","position":3,"name":"Ressources pour les athl\u00e8tes","item":"https:\/\/equestrian.ca\/fr\/compete\/athlete-resources\/"},{"@type":"ListItem","position":4,"name":"Accidents et r\u00e8gles de retour au sport"}]},{"@type":"WebSite","@id":"https:\/\/equestrian.ca\/fr\/#website","url":"https:\/\/equestrian.ca\/fr\/","name":"Equestrian Canada","description":"For the love of horses and sport for life.","potentialAction":[{"@type":"SearchAction","target":{"@type":"EntryPoint","urlTemplate":"https:\/\/equestrian.ca\/fr\/?s={search_term_string}"},"query-input":{"@type":"PropertyValueSpecification","valueRequired":true,"valueName":"search_term_string"}}],"inLanguage":"fr-CA"}]}},"_links":{"self":[{"href":"https:\/\/equestrian.ca\/fr\/wp-json\/wp\/v2\/pages\/26869","targetHints":{"allow":["GET"]}}],"collection":[{"href":"https:\/\/equestrian.ca\/fr\/wp-json\/wp\/v2\/pages"}],"about":[{"href":"https:\/\/equestrian.ca\/fr\/wp-json\/wp\/v2\/types\/page"}],"author":[{"embeddable":true,"href":"https:\/\/equestrian.ca\/fr\/wp-json\/wp\/v2\/users\/13"}],"replies":[{"embeddable":true,"href":"https:\/\/equestrian.ca\/fr\/wp-json\/wp\/v2\/comments?post=26869"}],"version-history":[{"count":1,"href":"https:\/\/equestrian.ca\/fr\/wp-json\/wp\/v2\/pages\/26869\/revisions"}],"predecessor-version":[{"id":26873,"href":"https:\/\/equestrian.ca\/fr\/wp-json\/wp\/v2\/pages\/26869\/revisions\/26873"}],"up":[{"embeddable":true,"href":"https:\/\/equestrian.ca\/fr\/wp-json\/wp\/v2\/pages\/26640"}],"wp:featuredmedia":[{"embeddable":true,"href":"https:\/\/equestrian.ca\/fr\/wp-json\/wp\/v2\/media\/22875"}],"wp:attachment":[{"href":"https:\/\/equestrian.ca\/fr\/wp-json\/wp\/v2\/media?parent=26869"}],"curies":[{"name":"wp","href":"https:\/\/api.w.org\/{rel}","templated":true}]}}