{"id":26857,"date":"2023-08-29T19:17:47","date_gmt":"2023-08-29T19:17:47","guid":{"rendered":"https:\/\/equestrian.ca\/compete\/athlete-resources\/ec-policies\/"},"modified":"2025-01-16T21:04:16","modified_gmt":"2025-01-16T21:04:16","slug":"ec-policies","status":"publish","type":"page","link":"https:\/\/equestrian.ca\/fr\/compete\/athlete-resources\/ec-policies\/","title":{"rendered":"Politiques de CE"},"content":{"rendered":"\t<section id='block-committee-block_02782cdc656b63d049a2b5713b748dbc' class='ra-block block-committee anchor-link-section '>\n\t\t\n\t<section id=\"politiques\" data-is-jumplink=\"false\" data-title=\"Politiques\" class=\"forms-and-documents-cta anchor-link-section vert3-p-b\">\n\t\t<div class=\"\">\n\t\t\t<div class='row justify-content-center'>\n\t\t\t\t<div class=\"content-col col-12 col-lg-5\">\n\t\t\t\t\t<h2 class=\"section-title\">Politiques<\/h2>\n\n\t\t\t\t\t\n\t\t\t\t\t<form id=\"forms-and-documents-search-form\" action=\"\/news-info\/forms-and-documents\/\" method=\"get\" class=\"d-flex align-items-center\">\n\t\t\t\t\t\t<label class=\"sr-only\" for=\"search-term\">Search:<\/label>\n\t\t\t\t\t\t<input type=\"text\" id=\"search-term\" name=\"search-term\" placeholder=\"Recherche\" class=\"form-control input-group-field\">\n\t\t\t\t\t\t<button type=\"submit\" class=\"secondary-search-btn\"><i class=\"fal fa-search icon\"><\/i><\/button>\n\t\t\t\t\t<\/form>\n\n\t\t\t\t\t\n\t<div class=\"block-quote \">\n\t\t<div class=\"quote\">Veuillez cliquer ici pour acc\u00e9der et rechercher toutes les politiques et proc\u00e9dures de CE.<\/div>\n\t\t<div class=\"actionable-buttons\">\n\t\t\t\t\t\t\t<a href=\"https:\/\/equestrian.ca\/fr\/news-info\/forms-and-documents\/?resource-category=policies&#038;page-number=1\" target=\"_blank\" class=\"btn\">Afficher tout<\/a>\n\t\t\t\t\t\t\n\t\t\t\t\t<\/div>\n\t<\/div>\n\t\t\t\t<\/div>\n\n\t\t\t\t\t\t\t\t\n\t\t\t\t\n\t\t\t\t\t\t\t\t\t\t\t<div class=\"resources-col col-12 col-lg-7\">\n\t\t\t\t\t\t\t<div class='row category-grid row-cols-1 row-cols-sm-2'>\n\t\t\t\t\t\t\t\t\n\t\t\t\t\t\t\t\t\t\t\t\t\t\t\t\t\t\t\t<div class='col'>\n\t\t\t\t\t\t\t\t\t\t\t<a href=\"https:\/\/equestrian.ca\/wp-content\/uploads\/2024\/02\/Abuse-Policy-Individual.FR.pdf\" class='category-tile-link animate-bottom-line-on-hover' target=\"_blank\">\n\t\t\t\t\t\t\t\t\t\t\t\t\n\t\t\t\t\t\t\t\t\t\t\t\t<div class=\"title-wrapper\">\n\t\t\t\t\t\t\t\t\t\t\t\t\t<div class=\"title\">\n\t\t\t\t\t\t\t\t\t\t\t\t\t\tPolitique sur les abus (individus)\t\t\t\t\t\t\t\t\t\t\t\t\t<\/div>\n\t\t\t\t\t\t\t\t\t\t\t\t\t\n\t\t\t\t\t\t\t\t\t\t\t\t\t\n\t\t\t\t\t\t\t\t\t\t\t\t\t\t\t\t\t\t\t\t\t\t\t\t\t\t\t<div class=\"subheadings\">\n\t\t\t\t\t\t\t\t\t\t\t\t\t\t\t\t\t\t\t\t\t\t\t\t\t\t\t\t\t\t\t<h6 class=\"subheading wg-no-translate\"><\/h6>\n\t\t\t\t\t\t\t\t\t\t\t\t\t\t\t\t\t\t\t\t\t\t\t\t\t\t\t\t\t<\/div>\n\t\t\t\t\t\t\t\t\t\t\t\t\t\t\t\t\t\t\t\t\t\t\t\t\t<\/div>\n\n\t\t\t\t\t\t\t\t\t\t\t\t<i class=\"icon fa-light fa-files\"><\/i>\n\t\t\t\t\t\t\t\t\t\t\t<\/a>\n\t\t\t\t\t\t\t\t\t\t<\/div>\n\t\t\t\t\t\t\t\t\t\t\t\t\t\t\t\t\t\n\t\t\t\t\t\t\t\t\t\t\t\t\t\t\t\t\t\t\t<div class='col'>\n\t\t\t\t\t\t\t\t\t\t\t<a href=\"https:\/\/equestrian.ca\/wp-content\/uploads\/2024\/02\/Cancellation-and-Refund-Policy.FR.pdf\" class='category-tile-link animate-bottom-line-on-hover' target=\"_blank\">\n\t\t\t\t\t\t\t\t\t\t\t\t\n\t\t\t\t\t\t\t\t\t\t\t\t<div class=\"title-wrapper\">\n\t\t\t\t\t\t\t\t\t\t\t\t\t<div class=\"title\">\n\t\t\t\t\t\t\t\t\t\t\t\t\t\tPOLITIQUE D\u2019ANNULATION ET DE REMBOURSEMENT DECANADA \u00c9QUESTRE\t\t\t\t\t\t\t\t\t\t\t\t\t<\/div>\n\t\t\t\t\t\t\t\t\t\t\t\t\t\n\t\t\t\t\t\t\t\t\t\t\t\t\t\n\t\t\t\t\t\t\t\t\t\t\t\t\t\t\t\t\t\t\t\t\t\t\t\t\t<\/div>\n\n\t\t\t\t\t\t\t\t\t\t\t\t<i class=\"icon fa-light fa-files\"><\/i>\n\t\t\t\t\t\t\t\t\t\t\t<\/a>\n\t\t\t\t\t\t\t\t\t\t<\/div>\n\t\t\t\t\t\t\t\t\t\t\t\t\t\t\t\t\t\n\t\t\t\t\t\t\t\t\t\t\t\t\t\t\t\t\t\t\t<div class='col'>\n\t\t\t\t\t\t\t\t\t\t\t<a href=\"https:\/\/equestrian.ca\/wp-content\/uploads\/2024\/02\/Code-of-Conduct-and-Ethics.FR.pdf\" class='category-tile-link animate-bottom-line-on-hover' target=\"_blank\">\n\t\t\t\t\t\t\t\t\t\t\t\t\n\t\t\t\t\t\t\t\t\t\t\t\t<div class=\"title-wrapper\">\n\t\t\t\t\t\t\t\t\t\t\t\t\t<div class=\"title\">\n\t\t\t\t\t\t\t\t\t\t\t\t\t\tCODE DE CONDUITE ET D\u2019\u00c9THIQUE\t\t\t\t\t\t\t\t\t\t\t\t\t<\/div>\n\t\t\t\t\t\t\t\t\t\t\t\t\t\n\t\t\t\t\t\t\t\t\t\t\t\t\t\n\t\t\t\t\t\t\t\t\t\t\t\t\t\t\t\t\t\t\t\t\t\t\t\t\t\t\t<div class=\"subheadings\">\n\t\t\t\t\t\t\t\t\t\t\t\t\t\t\t\t\t\t\t\t\t\t\t\t\t\t\t\t\t\t\t<h6 class=\"subheading wg-no-translate\"><\/h6>\n\t\t\t\t\t\t\t\t\t\t\t\t\t\t\t\t\t\t\t\t\t\t\t\t\t\t\t\t\t<\/div>\n\t\t\t\t\t\t\t\t\t\t\t\t\t\t\t\t\t\t\t\t\t\t\t\t\t<\/div>\n\n\t\t\t\t\t\t\t\t\t\t\t\t<i class=\"icon fa-light fa-files\"><\/i>\n\t\t\t\t\t\t\t\t\t\t\t<\/a>\n\t\t\t\t\t\t\t\t\t\t<\/div>\n\t\t\t\t\t\t\t\t\t\t\t\t\t\t\t\t\t\n\t\t\t\t\t\t\t\t\t\t\t\t\t\t\t\t\t\t\t<div class='col'>\n\t\t\t\t\t\t\t\t\t\t\t<a href=\"https:\/\/equestrian.ca\/wp-content\/uploads\/2026-CAP-FINAL_FR.pdf\" class='category-tile-link animate-bottom-line-on-hover' target=\"_blank\">\n\t\t\t\t\t\t\t\t\t\t\t\t\n\t\t\t\t\t\t\t\t\t\t\t\t<div class=\"title-wrapper\">\n\t\t\t\t\t\t\t\t\t\t\t\t\t<div class=\"title\">\n\t\t\t\t\t\t\t\t\t\t\t\t\t\tPolitique d\u2019administration des concours de Canada \u00c9questre\t\t\t\t\t\t\t\t\t\t\t\t\t<\/div>\n\t\t\t\t\t\t\t\t\t\t\t\t\t\n\t\t\t\t\t\t\t\t\t\t\t\t\t\n\t\t\t\t\t\t\t\t\t\t\t\t\t\t\t\t\t\t\t\t\t\t\t\t\t\t\t<div class=\"subheadings\">\n\t\t\t\t\t\t\t\t\t\t\t\t\t\t\t\t\t\t\t\t\t\t\t\t\t\t\t\t\t\t\t<h6 class=\"subheading wg-no-translate\">\u00e9dition finale<\/h6>\n\t\t\t\t\t\t\t\t\t\t\t\t\t\t\t\t\t\t\t\t\t\t\t\t\t\t\t\t\t\t\t<h6 class=\"subheading wg-no-translate\">2026<\/h6>\n\t\t\t\t\t\t\t\t\t\t\t\t\t\t\t\t\t\t\t\t\t\t\t\t\t\t\t\t\t<\/div>\n\t\t\t\t\t\t\t\t\t\t\t\t\t\t\t\t\t\t\t\t\t\t\t\t\t<\/div>\n\n\t\t\t\t\t\t\t\t\t\t\t\t<i class=\"icon fa-light fa-files\"><\/i>\n\t\t\t\t\t\t\t\t\t\t\t<\/a>\n\t\t\t\t\t\t\t\t\t\t<\/div>\n\t\t\t\t\t\t\t\t\t\t\t\t\t\t\t\t\t\n\t\t\t\t\t\t\t\t\t\t\t\t\t\t\t\t\t\t\t<div class='col'>\n\t\t\t\t\t\t\t\t\t\t\t<a href=\"https:\/\/equestrian.ca\/wp-content\/uploads\/GEC-EC-Discipline-Complaints-and-Appeals-Policy-REVISIONS-March-2025-Board-Approved-April-14-2025-FR.pdf\" class='category-tile-link animate-bottom-line-on-hover' target=\"_blank\">\n\t\t\t\t\t\t\t\t\t\t\t\t\n\t\t\t\t\t\t\t\t\t\t\t\t<div class=\"title-wrapper\">\n\t\t\t\t\t\t\t\t\t\t\t\t\t<div class=\"title\">\n\t\t\t\t\t\t\t\t\t\t\t\t\t\tPolitique en mati\u00e8re de mesures disciplinaires, de plaintes et d\u2019appels\t\t\t\t\t\t\t\t\t\t\t\t\t<\/div>\n\t\t\t\t\t\t\t\t\t\t\t\t\t\n\t\t\t\t\t\t\t\t\t\t\t\t\t\n\t\t\t\t\t\t\t\t\t\t\t\t\t\t\t\t\t\t\t\t\t\t\t\t\t\t\t<div class=\"subheadings\">\n\t\t\t\t\t\t\t\t\t\t\t\t\t\t\t\t\t\t\t\t\t\t\t\t\t\t\t\t\t\t\t<h6 class=\"subheading wg-no-translate\">Modifi\u00e9 le 26 mai 2025<\/h6>\n\t\t\t\t\t\t\t\t\t\t\t\t\t\t\t\t\t\t\t\t\t\t\t\t\t\t\t\t\t<\/div>\n\t\t\t\t\t\t\t\t\t\t\t\t\t\t\t\t\t\t\t\t\t\t\t\t\t<\/div>\n\n\t\t\t\t\t\t\t\t\t\t\t\t<i class=\"icon fa-light fa-files\"><\/i>\n\t\t\t\t\t\t\t\t\t\t\t<\/a>\n\t\t\t\t\t\t\t\t\t\t<\/div>\n\t\t\t\t\t\t\t\t\t\t\t\t\t\t\t\t\t\n\t\t\t\t\t\t\t\t\t\t\t\t\t\t\t\t\t\t\t<div class='col'>\n\t\t\t\t\t\t\t\t\t\t\t<a href=\"https:\/\/equestrian.ca\/wp-content\/uploads\/Horse-Welfare-Code-of-Conduct-2022-05-09-Revised-FINAL-August-2025-FR.pdf\" class='category-tile-link animate-bottom-line-on-hover' target=\"_blank\">\n\t\t\t\t\t\t\t\t\t\t\t\t\n\t\t\t\t\t\t\t\t\t\t\t\t<div class=\"title-wrapper\">\n\t\t\t\t\t\t\t\t\t\t\t\t\t<div class=\"title\">\n\t\t\t\t\t\t\t\t\t\t\t\t\t\tCode de conduite sur le bien-\u00eatre des chevaux\t\t\t\t\t\t\t\t\t\t\t\t\t<\/div>\n\t\t\t\t\t\t\t\t\t\t\t\t\t\n\t\t\t\t\t\t\t\t\t\t\t\t\t\n\t\t\t\t\t\t\t\t\t\t\t\t\t\t\t\t\t\t\t\t\t\t\t\t\t\t\t<div class=\"subheadings\">\n\t\t\t\t\t\t\t\t\t\t\t\t\t\t\t\t\t\t\t\t\t\t\t\t\t\t\t\t\t\t\t<h6 class=\"subheading wg-no-translate\">Modifi\u00e9 le 30 mai 2025<\/h6>\n\t\t\t\t\t\t\t\t\t\t\t\t\t\t\t\t\t\t\t\t\t\t\t\t\t\t\t\t\t<\/div>\n\t\t\t\t\t\t\t\t\t\t\t\t\t\t\t\t\t\t\t\t\t\t\t\t\t<\/div>\n\n\t\t\t\t\t\t\t\t\t\t\t\t<i class=\"icon fa-light fa-files\"><\/i>\n\t\t\t\t\t\t\t\t\t\t\t<\/a>\n\t\t\t\t\t\t\t\t\t\t<\/div>\n\t\t\t\t\t\t\t\t\t\t\t\t\t\t\t\t\t\n\t\t\t\t\t\t\t\t\t\t\t\t\t\t\t\t\t\t\t<div class='col'>\n\t\t\t\t\t\t\t\t\t\t\t<a href=\"https:\/\/equestrian.ca\/wp-content\/uploads\/2024\/02\/Universal-Code-of-Conduct-to-Prevent-and-Address-Maltreatment-in-Sport.FR.pdf\" class='category-tile-link animate-bottom-line-on-hover' target=\"_blank\">\n\t\t\t\t\t\t\t\t\t\t\t\t\n\t\t\t\t\t\t\t\t\t\t\t\t<div class=\"title-wrapper\">\n\t\t\t\t\t\t\t\t\t\t\t\t\t<div class=\"title\">\n\t\t\t\t\t\t\t\t\t\t\t\t\t\tCODE DE CONDUITE UNIVERSEL POUR PR\u00c9VENIR ET CONTRER LA MALTRAITANCE DANS LE SPORT\t\t\t\t\t\t\t\t\t\t\t\t\t<\/div>\n\t\t\t\t\t\t\t\t\t\t\t\t\t\n\t\t\t\t\t\t\t\t\t\t\t\t\t\n\t\t\t\t\t\t\t\t\t\t\t\t\t\t\t\t\t\t\t\t\t\t\t\t\t\t\t<div class=\"subheadings\">\n\t\t\t\t\t\t\t\t\t\t\t\t\t\t\t\t\t\t\t\t\t\t\t\t\t\t\t\t\t\t\t<h6 class=\"subheading wg-no-translate\"><\/h6>\n\t\t\t\t\t\t\t\t\t\t\t\t\t\t\t\t\t\t\t\t\t\t\t\t\t\t\t\t\t<\/div>\n\t\t\t\t\t\t\t\t\t\t\t\t\t\t\t\t\t\t\t\t\t\t\t\t\t<\/div>\n\n\t\t\t\t\t\t\t\t\t\t\t\t<i class=\"icon fa-light fa-files\"><\/i>\n\t\t\t\t\t\t\t\t\t\t\t<\/a>\n\t\t\t\t\t\t\t\t\t\t<\/div>\n\t\t\t\t\t\t\t\t\t\t\t\t\t\t\t\t\t\n\t\t\t\t\t\t\t\t\t\t\t\t\t\t\t\t\t\t\t<div class='col'>\n\t\t\t\t\t\t\t\t\t\t\t<a href=\"https:\/\/equestrian.ca\/wp-content\/uploads\/2024\/02\/Alternative-Dispute-Resolution-Policy.FR_.pdf\" class='category-tile-link animate-bottom-line-on-hover' target=\"_blank\">\n\t\t\t\t\t\t\t\t\t\t\t\t\n\t\t\t\t\t\t\t\t\t\t\t\t<div class=\"title-wrapper\">\n\t\t\t\t\t\t\t\t\t\t\t\t\t<div class=\"title\">\n\t\t\t\t\t\t\t\t\t\t\t\t\t\tPOLITIQUE DE MODE ALTERNATIF DE R\u00c9SOLUTION DES CONFLITS (MARC)\t\t\t\t\t\t\t\t\t\t\t\t\t<\/div>\n\t\t\t\t\t\t\t\t\t\t\t\t\t\n\t\t\t\t\t\t\t\t\t\t\t\t\t\n\t\t\t\t\t\t\t\t\t\t\t\t\t\t\t\t\t\t\t\t\t\t\t\t\t<\/div>\n\n\t\t\t\t\t\t\t\t\t\t\t\t<i class=\"icon fa-light fa-files\"><\/i>\n\t\t\t\t\t\t\t\t\t\t\t<\/a>\n\t\t\t\t\t\t\t\t\t\t<\/div>\n\t\t\t\t\t\t\t\t\t\t\t\t\t\t\t\t\t\n\t\t\t\t\t\t\t\t\t\t\t\t\t\t\t\t\t\t\t<div class='col'>\n\t\t\t\t\t\t\t\t\t\t\t<a href=\"https:\/\/equestrian.ca\/wp-content\/uploads\/2024\/02\/Social-Media-Policy.FR.pdf\" class='category-tile-link animate-bottom-line-on-hover' target=\"_blank\">\n\t\t\t\t\t\t\t\t\t\t\t\t\n\t\t\t\t\t\t\t\t\t\t\t\t<div class=\"title-wrapper\">\n\t\t\t\t\t\t\t\t\t\t\t\t\t<div class=\"title\">\n\t\t\t\t\t\t\t\t\t\t\t\t\t\tPOLITIQUE DES M\u00c9DIAS SOCIAUX\t\t\t\t\t\t\t\t\t\t\t\t\t<\/div>\n\t\t\t\t\t\t\t\t\t\t\t\t\t\n\t\t\t\t\t\t\t\t\t\t\t\t\t\n\t\t\t\t\t\t\t\t\t\t\t\t\t\t\t\t\t\t\t\t\t\t\t\t\t\t\t<div class=\"subheadings\">\n\t\t\t\t\t\t\t\t\t\t\t\t\t\t\t\t\t\t\t\t\t\t\t\t\t\t\t\t\t\t\t<h6 class=\"subheading wg-no-translate\"><\/h6>\n\t\t\t\t\t\t\t\t\t\t\t\t\t\t\t\t\t\t\t\t\t\t\t\t\t\t\t\t\t<\/div>\n\t\t\t\t\t\t\t\t\t\t\t\t\t\t\t\t\t\t\t\t\t\t\t\t\t<\/div>\n\n\t\t\t\t\t\t\t\t\t\t\t\t<i class=\"icon fa-light fa-files\"><\/i>\n\t\t\t\t\t\t\t\t\t\t\t<\/a>\n\t\t\t\t\t\t\t\t\t\t<\/div>\n\t\t\t\t\t\t\t\t\t\t\t\t\t\t\t\t\t\n\t\t\t\t\t\t\t\t\t\t\t\t\t\t\t\t\t\t\t<div class='col'>\n\t\t\t\t\t\t\t\t\t\t\t<a href=\"https:\/\/equestrian.ca\/wp-content\/uploads\/2024\/02\/Voting-Member-not-in-good-standing.FR.pdf\" class='category-tile-link animate-bottom-line-on-hover' target=\"_blank\">\n\t\t\t\t\t\t\t\t\t\t\t\t\n\t\t\t\t\t\t\t\t\t\t\t\t<div class=\"title-wrapper\">\n\t\t\t\t\t\t\t\t\t\t\t\t\t<div class=\"title\">\n\t\t\t\t\t\t\t\t\t\t\t\t\t\tPOLITIQUE RELATIVE AUX MEMBRES VOTANTS QUI NE SONT PAS EN R\u00c8GLE\t\t\t\t\t\t\t\t\t\t\t\t\t<\/div>\n\t\t\t\t\t\t\t\t\t\t\t\t\t\n\t\t\t\t\t\t\t\t\t\t\t\t\t\n\t\t\t\t\t\t\t\t\t\t\t\t\t\t\t\t\t\t\t\t\t\t\t\t\t\t\t<div class=\"subheadings\">\n\t\t\t\t\t\t\t\t\t\t\t\t\t\t\t\t\t\t\t\t\t\t\t\t\t\t\t\t\t\t\t<h6 class=\"subheading wg-no-translate\"><\/h6>\n\t\t\t\t\t\t\t\t\t\t\t\t\t\t\t\t\t\t\t\t\t\t\t\t\t\t\t\t\t<\/div>\n\t\t\t\t\t\t\t\t\t\t\t\t\t\t\t\t\t\t\t\t\t\t\t\t\t<\/div>\n\n\t\t\t\t\t\t\t\t\t\t\t\t<i class=\"icon fa-light fa-files\"><\/i>\n\t\t\t\t\t\t\t\t\t\t\t<\/a>\n\t\t\t\t\t\t\t\t\t\t<\/div>\n\t\t\t\t\t\t\t\t\t\t\t\t\t\t\t\t\t\n\t\t\t\t\t\t\t\t\t\t\t\t\t\t\t\t\t\t\t<div class='col'>\n\t\t\t\t\t\t\t\t\t\t\t<a href=\"https:\/\/equestrian.ca\/wp-content\/uploads\/2024\/04\/Results-Review-Policy_FR.pdf\" class='category-tile-link animate-bottom-line-on-hover' target=\"_blank\">\n\t\t\t\t\t\t\t\t\t\t\t\t\n\t\t\t\t\t\t\t\t\t\t\t\t<div class=\"title-wrapper\">\n\t\t\t\t\t\t\t\t\t\t\t\t\t<div class=\"title\">\n\t\t\t\t\t\t\t\t\t\t\t\t\t\tPolitique de r\u00e9vision des r\u00e9sultats\t\t\t\t\t\t\t\t\t\t\t\t\t<\/div>\n\t\t\t\t\t\t\t\t\t\t\t\t\t\n\t\t\t\t\t\t\t\t\t\t\t\t\t\n\t\t\t\t\t\t\t\t\t\t\t\t\t\t\t\t\t\t\t\t\t\t\t\t\t\t\t<div class=\"subheadings\">\n\t\t\t\t\t\t\t\t\t\t\t\t\t\t\t\t\t\t\t\t\t\t\t\t\t\t\t\t\t\t\t<h6 class=\"subheading wg-no-translate\">2024<\/h6>\n\t\t\t\t\t\t\t\t\t\t\t\t\t\t\t\t\t\t\t\t\t\t\t\t\t\t\t\t\t<\/div>\n\t\t\t\t\t\t\t\t\t\t\t\t\t\t\t\t\t\t\t\t\t\t\t\t\t<\/div>\n\n\t\t\t\t\t\t\t\t\t\t\t\t<i class=\"icon fa-light fa-files\"><\/i>\n\t\t\t\t\t\t\t\t\t\t\t<\/a>\n\t\t\t\t\t\t\t\t\t\t<\/div>\n\t\t\t\t\t\t\t\t\t\t\t\t\t\t\t\t\t\t\t\t\t\t\t\t<\/div>\n\t\t\t\t\t\t<\/div>\n\n\t\t\t\t\t\n\t\t\t\t\t\t\t<\/div>\n\t\t<\/div>\n\t<\/section>\n\t<\/section>\n\n\n\t<section id='block-committee-block_b84ce92ab84da1cc5099d51fe89261c7' class='ra-block block-committee anchor-link-section '>\n\t\t\n\t<section id=\"frais-amendes-et-p%c3%a9nalit%c3%a9s\" data-is-jumplink=\"false\" data-title=\"FRAIS, AMENDES ET P\u00c9NALIT\u00c9S\" class=\"forms-and-documents-cta anchor-link-section vert3-p-b\">\n\t\t<div class=\"\">\n\t\t\t<div class='row justify-content-center'>\n\t\t\t\t<div class=\"content-col col-12 col-lg-5\">\n\t\t\t\t\t<h2 class=\"section-title\">FRAIS, AMENDES ET P\u00c9NALIT\u00c9S<\/h2>\n\n\t\t\t\t\t\n\t\t\t\t\t<form id=\"forms-and-documents-search-form\" action=\"\/news-info\/forms-and-documents\/\" method=\"get\" class=\"d-flex align-items-center\">\n\t\t\t\t\t\t<label class=\"sr-only\" for=\"search-term\">Search:<\/label>\n\t\t\t\t\t\t<input type=\"text\" id=\"search-term\" name=\"search-term\" placeholder=\"Recherche\" class=\"form-control input-group-field\">\n\t\t\t\t\t\t<button type=\"submit\" class=\"secondary-search-btn\"><i class=\"fal fa-search icon\"><\/i><\/button>\n\t\t\t\t\t<\/form>\n\n\t\t\t\t\t\n\t<div class=\"block-quote \">\n\t\t<div class=\"quote\">Les bar\u00e8mes des frais, des amendes et des p\u00e9nalit\u00e9s sont approuv\u00e9s par le conseil d&rsquo;administration et publi\u00e9s une fois par an.<\/div>\n\t\t<div class=\"actionable-buttons\">\n\t\t\t\t\t\t\n\t\t\t\t\t<\/div>\n\t<\/div>\n\t\t\t\t<\/div>\n\n\t\t\t\t\t\t\t\t\n\t\t\t\t\n\t\t\t\t\t\t\t\t\t\t\t<div class=\"resources-col col-12 col-lg-7\">\n\t\t\t\t\t\t\t<div class='row category-grid row-cols-1 row-cols-sm-2'>\n\t\t\t\t\t\t\t\t\n\t\t\t\t\t\t\t\t\t\t\t\t\t\t\t\t\t\t\t<div class='col'>\n\t\t\t\t\t\t\t\t\t\t\t<a href=\"https:\/\/equestrian.ca\/wp-content\/uploads\/2026-Schedule-of-Fines-and-Penalities-FR-.pdf\" class='category-tile-link animate-bottom-line-on-hover' target=\"_blank\">\n\t\t\t\t\t\t\t\t\t\t\t\t\n\t\t\t\t\t\t\t\t\t\t\t\t<div class=\"title-wrapper\">\n\t\t\t\t\t\t\t\t\t\t\t\t\t<div class=\"title\">\n\t\t\t\t\t\t\t\t\t\t\t\t\t\tBar\u00e8me des amendes et des p\u00e9nalit\u00e9s\t\t\t\t\t\t\t\t\t\t\t\t\t<\/div>\n\t\t\t\t\t\t\t\t\t\t\t\t\t\n\t\t\t\t\t\t\t\t\t\t\t\t\t\n\t\t\t\t\t\t\t\t\t\t\t\t\t\t\t\t\t\t\t\t\t\t\t\t\t\t\t<div class=\"subheadings\">\n\t\t\t\t\t\t\t\t\t\t\t\t\t\t\t\t\t\t\t\t\t\t\t\t\t\t\t\t\t\t\t<h6 class=\"subheading wg-no-translate\">2026<\/h6>\n\t\t\t\t\t\t\t\t\t\t\t\t\t\t\t\t\t\t\t\t\t\t\t\t\t\t\t\t\t\t\t<h6 class=\"subheading wg-no-translate\">En vigueur \u00e0 compter du 1er janvier 2026<\/h6>\n\t\t\t\t\t\t\t\t\t\t\t\t\t\t\t\t\t\t\t\t\t\t\t\t\t\t\t\t\t<\/div>\n\t\t\t\t\t\t\t\t\t\t\t\t\t\t\t\t\t\t\t\t\t\t\t\t\t<\/div>\n\n\t\t\t\t\t\t\t\t\t\t\t\t<i class=\"icon fa-light fa-files\"><\/i>\n\t\t\t\t\t\t\t\t\t\t\t<\/a>\n\t\t\t\t\t\t\t\t\t\t<\/div>\n\t\t\t\t\t\t\t\t\t\t\t\t\t\t\t\t\t\n\t\t\t\t\t\t\t\t\t\t\t\t\t\t\t\t\t\t\t<div class='col'>\n\t\t\t\t\t\t\t\t\t\t\t<a href=\"https:\/\/equestrian.ca\/wp-content\/uploads\/2026-Schedule-of-Fees-FRE.pdf\" class='category-tile-link animate-bottom-line-on-hover' target=\"_blank\">\n\t\t\t\t\t\t\t\t\t\t\t\t\n\t\t\t\t\t\t\t\t\t\t\t\t<div class=\"title-wrapper\">\n\t\t\t\t\t\t\t\t\t\t\t\t\t<div class=\"title\">\n\t\t\t\t\t\t\t\t\t\t\t\t\t\tBar\u00e8me des frais\t\t\t\t\t\t\t\t\t\t\t\t\t<\/div>\n\t\t\t\t\t\t\t\t\t\t\t\t\t\n\t\t\t\t\t\t\t\t\t\t\t\t\t\n\t\t\t\t\t\t\t\t\t\t\t\t\t\t\t\t\t\t\t\t\t\t\t\t\t\t\t<div class=\"subheadings\">\n\t\t\t\t\t\t\t\t\t\t\t\t\t\t\t\t\t\t\t\t\t\t\t\t\t\t\t\t\t\t\t<h6 class=\"subheading wg-no-translate\">2026<\/h6>\n\t\t\t\t\t\t\t\t\t\t\t\t\t\t\t\t\t\t\t\t\t\t\t\t\t\t\t\t\t\t\t<h6 class=\"subheading wg-no-translate\">En vigueur \u00e0 compter du 1er janvier 2026<\/h6>\n\t\t\t\t\t\t\t\t\t\t\t\t\t\t\t\t\t\t\t\t\t\t\t\t\t\t\t\t\t<\/div>\n\t\t\t\t\t\t\t\t\t\t\t\t\t\t\t\t\t\t\t\t\t\t\t\t\t<\/div>\n\n\t\t\t\t\t\t\t\t\t\t\t\t<i class=\"icon fa-light fa-files\"><\/i>\n\t\t\t\t\t\t\t\t\t\t\t<\/a>\n\t\t\t\t\t\t\t\t\t\t<\/div>\n\t\t\t\t\t\t\t\t\t\t\t\t\t\t\t\t\t\t\t\t\t\t\t\t<\/div>\n\t\t\t\t\t\t<\/div>\n\n\t\t\t\t\t\n\t\t\t\t\t\t\t<\/div>\n\t\t<\/div>\n\t<\/section>\n\t<\/section>\n","protected":false},"excerpt":{"rendered":"","protected":false},"author":8,"featured_media":22455,"parent":26640,"menu_order":0,"comment_status":"closed","ping_status":"closed","template":"","meta":{"_acf_changed":false,"footnotes":""},"class_list":["post-26857","page","type-page","status-publish","has-post-thumbnail","hentry"],"acf":[],"yoast_head":"<!-- This site is optimized with the Yoast SEO plugin v27.0 - https:\/\/yoast.com\/product\/yoast-seo-wordpress\/ -->\n<title>Politiques de CE - Equestrian Canada<\/title>\n<meta name=\"robots\" content=\"index, follow, max-snippet:-1, max-image-preview:large, max-video-preview:-1\" \/>\n<link rel=\"canonical\" href=\"https:\/\/equestrian.ca\/fr\/compete\/athlete-resources\/ec-policies\/\" \/>\n<meta property=\"og:locale\" content=\"fr_CA\" \/>\n<meta property=\"og:type\" content=\"article\" \/>\n<meta property=\"og:title\" content=\"Politiques de CE - Equestrian Canada\" \/>\n<meta property=\"og:url\" content=\"https:\/\/equestrian.ca\/fr\/compete\/athlete-resources\/ec-policies\/\" \/>\n<meta property=\"og:site_name\" content=\"Equestrian Canada\" \/>\n<meta property=\"article:modified_time\" content=\"2025-01-16T21:04:16+00:00\" \/>\n<meta property=\"og:image\" content=\"https:\/\/equestrian.ca\/wp-content\/uploads\/2024\/02\/web-shelleypaulson_2023_14255.jpg\" \/>\n\t<meta property=\"og:image:width\" content=\"1600\" \/>\n\t<meta property=\"og:image:height\" content=\"1066\" \/>\n\t<meta property=\"og:image:type\" content=\"image\/jpeg\" \/>\n<meta name=\"twitter:card\" content=\"summary_large_image\" \/>\n<meta name=\"twitter:label1\" content=\"Estimation du temps de lecture\" \/>\n\t<meta name=\"twitter:data1\" content=\"1 minute\" \/>\n<script type=\"application\/ld+json\" class=\"yoast-schema-graph\">{\"@context\":\"https:\/\/schema.org\",\"@graph\":[{\"@type\":\"WebPage\",\"@id\":\"https:\/\/equestrian.ca\/fr\/compete\/athlete-resources\/ec-policies\/\",\"url\":\"https:\/\/equestrian.ca\/fr\/compete\/athlete-resources\/ec-policies\/\",\"name\":\"Politiques de CE - Equestrian Canada\",\"isPartOf\":{\"@id\":\"https:\/\/equestrian.ca\/fr\/#website\"},\"primaryImageOfPage\":{\"@id\":\"https:\/\/equestrian.ca\/fr\/compete\/athlete-resources\/ec-policies\/#primaryimage\"},\"image\":{\"@id\":\"https:\/\/equestrian.ca\/fr\/compete\/athlete-resources\/ec-policies\/#primaryimage\"},\"thumbnailUrl\":\"https:\/\/equestrian.ca\/wp-content\/uploads\/2024\/02\/web-shelleypaulson_2023_14255.jpg\",\"datePublished\":\"2023-08-29T19:17:47+00:00\",\"dateModified\":\"2025-01-16T21:04:16+00:00\",\"breadcrumb\":{\"@id\":\"https:\/\/equestrian.ca\/fr\/compete\/athlete-resources\/ec-policies\/#breadcrumb\"},\"inLanguage\":\"fr-CA\",\"potentialAction\":[{\"@type\":\"ReadAction\",\"target\":[\"https:\/\/equestrian.ca\/fr\/compete\/athlete-resources\/ec-policies\/\"]}]},{\"@type\":\"ImageObject\",\"inLanguage\":\"fr-CA\",\"@id\":\"https:\/\/equestrian.ca\/fr\/compete\/athlete-resources\/ec-policies\/#primaryimage\",\"url\":\"https:\/\/equestrian.ca\/wp-content\/uploads\/2024\/02\/web-shelleypaulson_2023_14255.jpg\",\"contentUrl\":\"https:\/\/equestrian.ca\/wp-content\/uploads\/2024\/02\/web-shelleypaulson_2023_14255.jpg\",\"width\":1600,\"height\":1066,\"caption\":\"Horses &amp; People, Winter, Youth\"},{\"@type\":\"BreadcrumbList\",\"@id\":\"https:\/\/equestrian.ca\/fr\/compete\/athlete-resources\/ec-policies\/#breadcrumb\",\"itemListElement\":[{\"@type\":\"ListItem\",\"position\":1,\"name\":\"Home\",\"item\":\"https:\/\/equestrian.ca\/fr\/\"},{\"@type\":\"ListItem\",\"position\":2,\"name\":\"Concours\",\"item\":\"https:\/\/equestrian.ca\/fr\/compete\/\"},{\"@type\":\"ListItem\",\"position\":3,\"name\":\"Ressources pour les athl\u00e8tes\",\"item\":\"https:\/\/equestrian.ca\/fr\/compete\/athlete-resources\/\"},{\"@type\":\"ListItem\",\"position\":4,\"name\":\"Politiques de CE\"}]},{\"@type\":\"WebSite\",\"@id\":\"https:\/\/equestrian.ca\/fr\/#website\",\"url\":\"https:\/\/equestrian.ca\/fr\/\",\"name\":\"Equestrian Canada\",\"description\":\"For the love of horses and sport for life.\",\"potentialAction\":[{\"@type\":\"SearchAction\",\"target\":{\"@type\":\"EntryPoint\",\"urlTemplate\":\"https:\/\/equestrian.ca\/fr\/?s={search_term_string}\"},\"query-input\":{\"@type\":\"PropertyValueSpecification\",\"valueRequired\":true,\"valueName\":\"search_term_string\"}}],\"inLanguage\":\"fr-CA\"}]}<\/script>\n<!-- \/ Yoast SEO plugin. -->","yoast_head_json":{"title":"Politiques de CE - Equestrian Canada","robots":{"index":"index","follow":"follow","max-snippet":"max-snippet:-1","max-image-preview":"max-image-preview:large","max-video-preview":"max-video-preview:-1"},"canonical":"https:\/\/equestrian.ca\/fr\/compete\/athlete-resources\/ec-policies\/","og_locale":"fr_CA","og_type":"article","og_title":"Politiques de CE - Equestrian Canada","og_url":"https:\/\/equestrian.ca\/fr\/compete\/athlete-resources\/ec-policies\/","og_site_name":"Equestrian Canada","article_modified_time":"2025-01-16T21:04:16+00:00","og_image":[{"width":1600,"height":1066,"url":"https:\/\/equestrian.ca\/wp-content\/uploads\/2024\/02\/web-shelleypaulson_2023_14255.jpg","type":"image\/jpeg"}],"twitter_card":"summary_large_image","twitter_misc":{"Estimation du temps de lecture":"1 minute"},"schema":{"@context":"https:\/\/schema.org","@graph":[{"@type":"WebPage","@id":"https:\/\/equestrian.ca\/fr\/compete\/athlete-resources\/ec-policies\/","url":"https:\/\/equestrian.ca\/fr\/compete\/athlete-resources\/ec-policies\/","name":"Politiques de CE - Equestrian Canada","isPartOf":{"@id":"https:\/\/equestrian.ca\/fr\/#website"},"primaryImageOfPage":{"@id":"https:\/\/equestrian.ca\/fr\/compete\/athlete-resources\/ec-policies\/#primaryimage"},"image":{"@id":"https:\/\/equestrian.ca\/fr\/compete\/athlete-resources\/ec-policies\/#primaryimage"},"thumbnailUrl":"https:\/\/equestrian.ca\/wp-content\/uploads\/2024\/02\/web-shelleypaulson_2023_14255.jpg","datePublished":"2023-08-29T19:17:47+00:00","dateModified":"2025-01-16T21:04:16+00:00","breadcrumb":{"@id":"https:\/\/equestrian.ca\/fr\/compete\/athlete-resources\/ec-policies\/#breadcrumb"},"inLanguage":"fr-CA","potentialAction":[{"@type":"ReadAction","target":["https:\/\/equestrian.ca\/fr\/compete\/athlete-resources\/ec-policies\/"]}]},{"@type":"ImageObject","inLanguage":"fr-CA","@id":"https:\/\/equestrian.ca\/fr\/compete\/athlete-resources\/ec-policies\/#primaryimage","url":"https:\/\/equestrian.ca\/wp-content\/uploads\/2024\/02\/web-shelleypaulson_2023_14255.jpg","contentUrl":"https:\/\/equestrian.ca\/wp-content\/uploads\/2024\/02\/web-shelleypaulson_2023_14255.jpg","width":1600,"height":1066,"caption":"Horses &amp; People, Winter, Youth"},{"@type":"BreadcrumbList","@id":"https:\/\/equestrian.ca\/fr\/compete\/athlete-resources\/ec-policies\/#breadcrumb","itemListElement":[{"@type":"ListItem","position":1,"name":"Home","item":"https:\/\/equestrian.ca\/fr\/"},{"@type":"ListItem","position":2,"name":"Concours","item":"https:\/\/equestrian.ca\/fr\/compete\/"},{"@type":"ListItem","position":3,"name":"Ressources pour les athl\u00e8tes","item":"https:\/\/equestrian.ca\/fr\/compete\/athlete-resources\/"},{"@type":"ListItem","position":4,"name":"Politiques de CE"}]},{"@type":"WebSite","@id":"https:\/\/equestrian.ca\/fr\/#website","url":"https:\/\/equestrian.ca\/fr\/","name":"Equestrian Canada","description":"For the love of horses and sport for life.","potentialAction":[{"@type":"SearchAction","target":{"@type":"EntryPoint","urlTemplate":"https:\/\/equestrian.ca\/fr\/?s={search_term_string}"},"query-input":{"@type":"PropertyValueSpecification","valueRequired":true,"valueName":"search_term_string"}}],"inLanguage":"fr-CA"}]}},"_links":{"self":[{"href":"https:\/\/equestrian.ca\/fr\/wp-json\/wp\/v2\/pages\/26857","targetHints":{"allow":["GET"]}}],"collection":[{"href":"https:\/\/equestrian.ca\/fr\/wp-json\/wp\/v2\/pages"}],"about":[{"href":"https:\/\/equestrian.ca\/fr\/wp-json\/wp\/v2\/types\/page"}],"author":[{"embeddable":true,"href":"https:\/\/equestrian.ca\/fr\/wp-json\/wp\/v2\/users\/8"}],"replies":[{"embeddable":true,"href":"https:\/\/equestrian.ca\/fr\/wp-json\/wp\/v2\/comments?post=26857"}],"version-history":[{"count":4,"href":"https:\/\/equestrian.ca\/fr\/wp-json\/wp\/v2\/pages\/26857\/revisions"}],"predecessor-version":[{"id":32010,"href":"https:\/\/equestrian.ca\/fr\/wp-json\/wp\/v2\/pages\/26857\/revisions\/32010"}],"up":[{"embeddable":true,"href":"https:\/\/equestrian.ca\/fr\/wp-json\/wp\/v2\/pages\/26640"}],"wp:featuredmedia":[{"embeddable":true,"href":"https:\/\/equestrian.ca\/fr\/wp-json\/wp\/v2\/media\/22455"}],"wp:attachment":[{"href":"https:\/\/equestrian.ca\/fr\/wp-json\/wp\/v2\/media?parent=26857"}],"curies":[{"name":"wp","href":"https:\/\/api.w.org\/{rel}","templated":true}]}}