{"id":26841,"date":"2023-08-30T15:28:44","date_gmt":"2023-08-30T15:28:44","guid":{"rendered":"https:\/\/equestrian.ca\/compete\/athlete-services\/join-renew\/"},"modified":"2025-01-22T17:08:51","modified_gmt":"2025-01-22T17:08:51","slug":"join-renew","status":"publish","type":"page","link":"https:\/\/equestrian.ca\/fr\/compete\/athlete-services\/join-renew\/","title":{"rendered":"Adh\u00e9sions et renouvellements"},"content":{"rendered":"\n\t<section id=\"\" data-is-jumplink=\"false\" data-title=\"\" class=\"ra-block block-wysiwig anchor-link-section \">\n\t\t\t\t\t<div class='content wysiwyg-content'>\n\t\t\t\t<section id=\"\" class=\"ra-block block-wysiwig anchor-link-section\" data-is-jumplink=\"false\" data-title=\"\">\n<div class=\"content wysiwyg-content\">\n<h2>\u00catre membre de CE, \u00e7a veut dire quoi?<\/h2>\n<p>Vous avez besoin d\u2019une licence sportive pour participer \u00e0 des concours autoris\u00e9s par CE au Canada. Il existe quatre niveaux de licence : Bronze, Argent, Or ou Platine, selon le type de comp\u00e9tition que vous visez.<\/p>\n<p>Il est \u00e9galement possible d\u2019acheter un surclassement de licence pour un seul concours si vous d\u00e9sirez faire l\u2019exp\u00e9rience d\u2019un niveau sup\u00e9rieur.<\/p>\n<p>Avec une licence sportive de CE, vous pourrez aussi profiter des avantages suivants :<\/p>\n<ul>\n<li>Des rabais exclusifs aux membres chez nos commanditaires officiels.<\/li>\n<li>Des formations en ligne gratuites sur la s\u00e9curit\u00e9 dans le sport et les commotions c\u00e9r\u00e9brales.<\/li>\n<li>Un cours en ligne gratuit sur le nouveau Programme de soins aux \u00e9quid\u00e9s et le bien-\u00eatre \u00e9quin.<\/li>\n<li>La possibilit\u00e9 d\u2019\u00eatre membre b\u00e9n\u00e9vole d\u2019un comit\u00e9 des op\u00e9rations ou d\u2019un groupe de travail.<\/li>\n<li>La possibilit\u00e9 de faire des suggestions de modifications aux r\u00e8glements.<\/li>\n<li>Un acc\u00e8s \u00e0 l\u2019infolettre trimestrielle En direct de CE.<\/li>\n<li>Un acc\u00e8s aux classements et aux r\u00e9sultats de comp\u00e9titions, ainsi qu\u2019au calendrier des concours.<\/li>\n<li>L\u2019autorisation de participer aux concours autoris\u00e9s par CE.<\/li>\n<li>La possibilit\u00e9 de cumuler des points pour les classements nationaux et les prix de fin d\u2019ann\u00e9e.<\/li>\n<li>L\u2019acc\u00e8s aux demandes de bourses et de subventions nationales.<\/li>\n<li>La possibilit\u00e9 de demander un statut d\u2019entra\u00eeneur(e) ou d\u2019officiel(le)<\/li>\n<\/ul>\n<p>L&rsquo;obtention d&rsquo;une licence sportive de CE est rapide et pratique et se fait enti\u00e8rement en ligne via le portail\u00a0<a href=\"https:\/\/licence.equestrian.ca\/myec\/login?lang=fr\">portail Mon-CE<\/a>.<\/p>\n<p><strong>Mais chaque chose en son temps* &#8211;\u00a0<\/strong>Avant d&rsquo;acheter votre licence sportive de CE, vous devez d&rsquo;abord adh\u00e9rer \u00e0 votre\u00a0<a href=\"https:\/\/equestrian.ca\/fr\/communaut%C3%A9\/get-involved\/provincial-territorial-partners\/\">organisme provincial ou territorial de sport (OPTS)<\/a> ou renouveler votre adh\u00e9sion. Vous aurez besoin de votre num\u00e9ro d&rsquo;OPTS valide pour proc\u00e9der \u00e0 l&rsquo;achat de votre licence sportive. (*\u00c0 l&rsquo;exception des personnes de l\u2019\u00e9tranger.)<picture class=\"background-image cover\"><\/picture>\n<\/div>\n<\/section>\n\t\t\t<\/div>\n\t\t\t<\/section>\n\n\n\n\t<section id=\"\" data-is-jumplink=\"false\" data-title=\"\" class=\"ra-block block-call-to-action anchor-link-section \">\n\t\t\n\t\t<a href=\"https:\/\/licence.equestrian.ca\/myec\/login?lang=fr\" target=\"_blank\" class=\"call-to-action-col has-background-image\">\t\t\t\n\t\t\t\n\t\t<picture class=\"background-image cover\">\n\t\t\t<source srcset=\"https:\/\/equestrian.ca\/wp-content\/uploads\/2024\/02\/web-shelleypaulson_2016_1086-1440x959.jpg\" media=\"(min-width: 1280px)\">\n\t\t\t<source srcset=\"https:\/\/equestrian.ca\/wp-content\/uploads\/2024\/02\/web-shelleypaulson_2016_1086-1200x800.jpg\" media=\"(min-width: 1024px)\">\n\t\t\t<source srcset=\"https:\/\/equestrian.ca\/wp-content\/uploads\/2024\/02\/web-shelleypaulson_2016_1086-1024x682.jpg\" media=\"(min-width: 768px)\">\n\t\t\t<img decoding=\"async\" loading=\"lazy\" src=\"https:\/\/equestrian.ca\/wp-content\/uploads\/2024\/02\/web-shelleypaulson_2016_1086-640x426.jpg\" alt=\"\">\n\t\t<\/picture>\n\n\t\t\t\t\t\t<div class='cta-wrapper'>\n\t\t\t\t\t\t\t\t\t<h2 class='title'>Des concours en vue?<\/h2>\n\t\t\t\t\t\t\t\t\t\t\t\t\t<p class='content'>N\u2019oubliez pas votre licence sportive de CE!<\/p>\n\t\t\t\t\t\t\t\t\t\t\t\t\t<div class=\"btn\">Par o\u00f9 commencer?<\/div>\n\t\t\t\t\t\t\t<\/div>\n\t\t<\/a>\t<\/section>\n\n\n\n\t<section id=\"\" data-is-jumplink=\"false\" data-title=\"\" class=\"ra-block block-wysiwig anchor-link-section \">\n\t\t\t\t\t<div class='content wysiwyg-content'>\n\t\t\t\t<p>Qu&rsquo;est-ce qui vous am\u00e8ne ici ?<\/p>\n<p class=\"p1\"><strong>Je participe \u00e0 mon premier concours<\/strong>\u00a0: Les licences sportives sont d\u00e9livr\u00e9es sur le\u00a0<a href=\"https:\/\/licence.equestrian.ca\/myec\/login?lang=fr\" target=\"_blank\" rel=\"noopener\"><span class=\"s1\">portail Mon-CE<\/span><\/a>. Veuillez suivre les instructions sur le portail pour cr\u00e9er un compte et acheter une licence sportive de CE.<\/p>\n<p class=\"p1\"><strong>Je suis le parent d&rsquo;une personne qui participe \u00e0 son premier concours\u00a0 :\u00a0<\/strong>Lorsque vous cr\u00e9ez un compte pour votre enfant, veuillez utiliser son nom et ses renseignements. Chaque concurrente et concurrent doit avoir son propre compte.<\/p>\n<p class=\"p1\"><strong>Je suis de l&rsquo;\u00e9tranger\u00a0 :<\/strong>\u00a0Il n&rsquo;est pas n\u00e9cessaire d&rsquo;adh\u00e9rer \u00e0 un organisme provincial ou territorial de sport avant d&rsquo;acheter une licence sportive de CE. Une adresse \u00e9trang\u00e8re valide sera exig\u00e9e.<\/p>\n<p class=\"p1\"><strong>Consortium :<\/strong>\u00a0Une licence sportive peut \u00eatre obtenue au nom d\u2019une soci\u00e9t\u00e9 ou d\u2019un consortium (plusieurs personnes). Veuillez contacter notre\u00a0<a href=\"mailto:sportlicences@equestrian.ca\">Sport \u00e9quipe responsable des licences sportives<\/a>\u00a0pour plus d&rsquo;information.<\/p>\n<p>Pour en savoir plus sur les diff\u00e9rentes licences sportives offertes, veuillez consulter notre page sur les\u00a0<a href=\"https:\/\/equestrian.ca\/fr\/compete\/athlete-services\/sport-licences\/\">licences sportives<\/a>.<\/p>\n\t\t\t<\/div>\n\t\t\t<\/section>\n\n\n\n<p><\/p>\n","protected":false},"excerpt":{"rendered":"","protected":false},"author":8,"featured_media":22449,"parent":26632,"menu_order":0,"comment_status":"closed","ping_status":"closed","template":"","meta":{"_acf_changed":false,"footnotes":""},"class_list":["post-26841","page","type-page","status-publish","has-post-thumbnail","hentry"],"acf":[],"yoast_head":"<!-- This site is optimized with the Yoast SEO plugin v27.0 - https:\/\/yoast.com\/product\/yoast-seo-wordpress\/ -->\n<title>Adh\u00e9sions et renouvellements - Equestrian Canada<\/title>\n<meta name=\"robots\" content=\"index, follow, max-snippet:-1, max-image-preview:large, max-video-preview:-1\" \/>\n<link rel=\"canonical\" href=\"https:\/\/equestrian.ca\/fr\/compete\/athlete-services\/join-renew\/\" \/>\n<meta property=\"og:locale\" content=\"fr_CA\" \/>\n<meta property=\"og:type\" content=\"article\" \/>\n<meta property=\"og:title\" content=\"Adh\u00e9sions et renouvellements - Equestrian Canada\" \/>\n<meta property=\"og:url\" content=\"https:\/\/equestrian.ca\/fr\/compete\/athlete-services\/join-renew\/\" \/>\n<meta property=\"og:site_name\" content=\"Equestrian Canada\" \/>\n<meta property=\"article:modified_time\" content=\"2025-01-22T17:08:51+00:00\" \/>\n<meta property=\"og:image\" content=\"https:\/\/equestrian.ca\/wp-content\/uploads\/2024\/02\/web-shelleypaulson_2023_14967.jpg\" \/>\n\t<meta property=\"og:image:width\" content=\"1600\" \/>\n\t<meta property=\"og:image:height\" content=\"1066\" \/>\n\t<meta property=\"og:image:type\" content=\"image\/jpeg\" \/>\n<meta name=\"twitter:card\" content=\"summary_large_image\" \/>\n<meta name=\"twitter:label1\" content=\"Estimation du temps de lecture\" \/>\n\t<meta name=\"twitter:data1\" content=\"1 minute\" \/>\n<script type=\"application\/ld+json\" class=\"yoast-schema-graph\">{\"@context\":\"https:\/\/schema.org\",\"@graph\":[{\"@type\":\"WebPage\",\"@id\":\"https:\/\/equestrian.ca\/fr\/compete\/athlete-services\/join-renew\/\",\"url\":\"https:\/\/equestrian.ca\/fr\/compete\/athlete-services\/join-renew\/\",\"name\":\"Adh\u00e9sions et renouvellements - Equestrian Canada\",\"isPartOf\":{\"@id\":\"https:\/\/equestrian.ca\/fr\/#website\"},\"primaryImageOfPage\":{\"@id\":\"https:\/\/equestrian.ca\/fr\/compete\/athlete-services\/join-renew\/#primaryimage\"},\"image\":{\"@id\":\"https:\/\/equestrian.ca\/fr\/compete\/athlete-services\/join-renew\/#primaryimage\"},\"thumbnailUrl\":\"https:\/\/equestrian.ca\/wp-content\/uploads\/2024\/02\/web-shelleypaulson_2023_14967.jpg\",\"datePublished\":\"2023-08-30T15:28:44+00:00\",\"dateModified\":\"2025-01-22T17:08:51+00:00\",\"breadcrumb\":{\"@id\":\"https:\/\/equestrian.ca\/fr\/compete\/athlete-services\/join-renew\/#breadcrumb\"},\"inLanguage\":\"fr-CA\",\"potentialAction\":[{\"@type\":\"ReadAction\",\"target\":[\"https:\/\/equestrian.ca\/fr\/compete\/athlete-services\/join-renew\/\"]}]},{\"@type\":\"ImageObject\",\"inLanguage\":\"fr-CA\",\"@id\":\"https:\/\/equestrian.ca\/fr\/compete\/athlete-services\/join-renew\/#primaryimage\",\"url\":\"https:\/\/equestrian.ca\/wp-content\/uploads\/2024\/02\/web-shelleypaulson_2023_14967.jpg\",\"contentUrl\":\"https:\/\/equestrian.ca\/wp-content\/uploads\/2024\/02\/web-shelleypaulson_2023_14967.jpg\",\"width\":1600,\"height\":1066,\"caption\":\"Around the Barn\"},{\"@type\":\"BreadcrumbList\",\"@id\":\"https:\/\/equestrian.ca\/fr\/compete\/athlete-services\/join-renew\/#breadcrumb\",\"itemListElement\":[{\"@type\":\"ListItem\",\"position\":1,\"name\":\"Home\",\"item\":\"https:\/\/equestrian.ca\/fr\/\"},{\"@type\":\"ListItem\",\"position\":2,\"name\":\"Concours\",\"item\":\"https:\/\/equestrian.ca\/fr\/compete\/\"},{\"@type\":\"ListItem\",\"position\":3,\"name\":\"Services aux athl\u00e8tes\",\"item\":\"https:\/\/equestrian.ca\/fr\/compete\/athlete-services\/\"},{\"@type\":\"ListItem\",\"position\":4,\"name\":\"Adh\u00e9sions et renouvellements\"}]},{\"@type\":\"WebSite\",\"@id\":\"https:\/\/equestrian.ca\/fr\/#website\",\"url\":\"https:\/\/equestrian.ca\/fr\/\",\"name\":\"Equestrian Canada\",\"description\":\"For the love of horses and sport for life.\",\"potentialAction\":[{\"@type\":\"SearchAction\",\"target\":{\"@type\":\"EntryPoint\",\"urlTemplate\":\"https:\/\/equestrian.ca\/fr\/?s={search_term_string}\"},\"query-input\":{\"@type\":\"PropertyValueSpecification\",\"valueRequired\":true,\"valueName\":\"search_term_string\"}}],\"inLanguage\":\"fr-CA\"}]}<\/script>\n<!-- \/ Yoast SEO plugin. -->","yoast_head_json":{"title":"Adh\u00e9sions et renouvellements - Equestrian Canada","robots":{"index":"index","follow":"follow","max-snippet":"max-snippet:-1","max-image-preview":"max-image-preview:large","max-video-preview":"max-video-preview:-1"},"canonical":"https:\/\/equestrian.ca\/fr\/compete\/athlete-services\/join-renew\/","og_locale":"fr_CA","og_type":"article","og_title":"Adh\u00e9sions et renouvellements - Equestrian Canada","og_url":"https:\/\/equestrian.ca\/fr\/compete\/athlete-services\/join-renew\/","og_site_name":"Equestrian Canada","article_modified_time":"2025-01-22T17:08:51+00:00","og_image":[{"width":1600,"height":1066,"url":"https:\/\/equestrian.ca\/wp-content\/uploads\/2024\/02\/web-shelleypaulson_2023_14967.jpg","type":"image\/jpeg"}],"twitter_card":"summary_large_image","twitter_misc":{"Estimation du temps de lecture":"1 minute"},"schema":{"@context":"https:\/\/schema.org","@graph":[{"@type":"WebPage","@id":"https:\/\/equestrian.ca\/fr\/compete\/athlete-services\/join-renew\/","url":"https:\/\/equestrian.ca\/fr\/compete\/athlete-services\/join-renew\/","name":"Adh\u00e9sions et renouvellements - Equestrian Canada","isPartOf":{"@id":"https:\/\/equestrian.ca\/fr\/#website"},"primaryImageOfPage":{"@id":"https:\/\/equestrian.ca\/fr\/compete\/athlete-services\/join-renew\/#primaryimage"},"image":{"@id":"https:\/\/equestrian.ca\/fr\/compete\/athlete-services\/join-renew\/#primaryimage"},"thumbnailUrl":"https:\/\/equestrian.ca\/wp-content\/uploads\/2024\/02\/web-shelleypaulson_2023_14967.jpg","datePublished":"2023-08-30T15:28:44+00:00","dateModified":"2025-01-22T17:08:51+00:00","breadcrumb":{"@id":"https:\/\/equestrian.ca\/fr\/compete\/athlete-services\/join-renew\/#breadcrumb"},"inLanguage":"fr-CA","potentialAction":[{"@type":"ReadAction","target":["https:\/\/equestrian.ca\/fr\/compete\/athlete-services\/join-renew\/"]}]},{"@type":"ImageObject","inLanguage":"fr-CA","@id":"https:\/\/equestrian.ca\/fr\/compete\/athlete-services\/join-renew\/#primaryimage","url":"https:\/\/equestrian.ca\/wp-content\/uploads\/2024\/02\/web-shelleypaulson_2023_14967.jpg","contentUrl":"https:\/\/equestrian.ca\/wp-content\/uploads\/2024\/02\/web-shelleypaulson_2023_14967.jpg","width":1600,"height":1066,"caption":"Around the Barn"},{"@type":"BreadcrumbList","@id":"https:\/\/equestrian.ca\/fr\/compete\/athlete-services\/join-renew\/#breadcrumb","itemListElement":[{"@type":"ListItem","position":1,"name":"Home","item":"https:\/\/equestrian.ca\/fr\/"},{"@type":"ListItem","position":2,"name":"Concours","item":"https:\/\/equestrian.ca\/fr\/compete\/"},{"@type":"ListItem","position":3,"name":"Services aux athl\u00e8tes","item":"https:\/\/equestrian.ca\/fr\/compete\/athlete-services\/"},{"@type":"ListItem","position":4,"name":"Adh\u00e9sions et renouvellements"}]},{"@type":"WebSite","@id":"https:\/\/equestrian.ca\/fr\/#website","url":"https:\/\/equestrian.ca\/fr\/","name":"Equestrian Canada","description":"For the love of horses and sport for life.","potentialAction":[{"@type":"SearchAction","target":{"@type":"EntryPoint","urlTemplate":"https:\/\/equestrian.ca\/fr\/?s={search_term_string}"},"query-input":{"@type":"PropertyValueSpecification","valueRequired":true,"valueName":"search_term_string"}}],"inLanguage":"fr-CA"}]}},"_links":{"self":[{"href":"https:\/\/equestrian.ca\/fr\/wp-json\/wp\/v2\/pages\/26841","targetHints":{"allow":["GET"]}}],"collection":[{"href":"https:\/\/equestrian.ca\/fr\/wp-json\/wp\/v2\/pages"}],"about":[{"href":"https:\/\/equestrian.ca\/fr\/wp-json\/wp\/v2\/types\/page"}],"author":[{"embeddable":true,"href":"https:\/\/equestrian.ca\/fr\/wp-json\/wp\/v2\/users\/8"}],"replies":[{"embeddable":true,"href":"https:\/\/equestrian.ca\/fr\/wp-json\/wp\/v2\/comments?post=26841"}],"version-history":[{"count":4,"href":"https:\/\/equestrian.ca\/fr\/wp-json\/wp\/v2\/pages\/26841\/revisions"}],"predecessor-version":[{"id":32028,"href":"https:\/\/equestrian.ca\/fr\/wp-json\/wp\/v2\/pages\/26841\/revisions\/32028"}],"up":[{"embeddable":true,"href":"https:\/\/equestrian.ca\/fr\/wp-json\/wp\/v2\/pages\/26632"}],"wp:featuredmedia":[{"embeddable":true,"href":"https:\/\/equestrian.ca\/fr\/wp-json\/wp\/v2\/media\/22449"}],"wp:attachment":[{"href":"https:\/\/equestrian.ca\/fr\/wp-json\/wp\/v2\/media?parent=26841"}],"curies":[{"name":"wp","href":"https:\/\/api.w.org\/{rel}","templated":true}]}}