{"id":26840,"date":"2023-08-30T15:41:49","date_gmt":"2023-08-30T15:41:49","guid":{"rendered":"https:\/\/equestrian.ca\/compete\/athlete-services\/fei-athletes\/"},"modified":"2024-04-08T13:58:53","modified_gmt":"2024-04-08T13:58:53","slug":"fei-athletes","status":"publish","type":"page","link":"https:\/\/equestrian.ca\/fr\/compete\/athlete-services\/fei-athletes\/","title":{"rendered":"Athl\u00e8tes de niveau FEI"},"content":{"rendered":"\n\t<section id=\"\" data-is-jumplink=\"false\" data-title=\"\" class=\"ra-block block-media-and-text anchor-link-section \">\n\t\t<div class='row'>\n\t\t\t\t\t\t\t<div class='col-12 col-md-6 content-col order-1 order-md-2'>\n\t\t\t\t\t\t\t\t\t\t\t<a href=\"https:\/\/inside.fei.org\/\" class=\"title-link\" target=\"_blank\">\n\t\t\t\t\t\t\n\t\t\t\t\t\t\t\t\t\t\t<h3 class='title show-as-h4'>F\u00e9d\u00e9ration Equestre internationale<\/h3>\n\t\t\t\t\t\t\n\t\t\t\t\t\t\t\t\t\t\t<\/a>\n\t\t\t\t\t\t\t\t\t\t\n\t\t\t\t\t\t\t\t\t\t\t<div class='content wysiwyg-content'>\n\t\t\t\t\t\t\t<p>Fond\u00e9e en 1921, la F\u00e9d\u00e9ration Equestre Internationale (FEI) est l&rsquo;organe directeur mondial pour le saut d&rsquo;obstacles, le dressage, le para-dressage, le concours complet, l&rsquo;attelage, le para-attelage, l&rsquo;endurance et la voltige.<\/p>\n<p>La FEI \u00e9tablit les r\u00e8glements et approuve les calendriers \u00e9questres pour les championnats, les jeux continentaux et r\u00e9gionaux ainsi que les Jeux olympiques et paralympiques.<\/p>\n\t\t\t\t\t\t<\/div>\n\t\t\t\t\t\t\t\t\t<\/div>\n\t\t\t\n\t\t\t<div class='col-12 col-md-6 picture-col order-2 order-md-1'>\n\t\t\t\t\t\t\t\t\t\t\t\t\t\t\t<a class=\"image-link\" href=\"https:\/\/inside.fei.org\/\" target=\"_blank\">\n\t\t\t\t\t\n\t\t\t\t\t\n\t\t\t\n\t\t<picture class=\"contain\">\n\t\t\t<source srcset=\"https:\/\/equestrian.ca\/wp-content\/uploads\/2024\/02\/download.png\" media=\"(min-width: 1280px)\">\n\t\t\t<source srcset=\"https:\/\/equestrian.ca\/wp-content\/uploads\/2024\/02\/download.png\" media=\"(min-width: 1024px)\">\n\t\t\t<source srcset=\"https:\/\/equestrian.ca\/wp-content\/uploads\/2024\/02\/download.png\" media=\"(min-width: 768px)\">\n\t\t\t<img decoding=\"async\" loading=\"lazy\" src=\"https:\/\/equestrian.ca\/wp-content\/uploads\/2024\/02\/download.png\" alt=\"\">\n\t\t<\/picture>\n\n\t\t\t\n\t\t\t\t\t\t\t\t\t\t\t<\/a>\n\t\t\t\t\t\t\t\t\t\t\t\t<\/div>\n\t\t<\/div>\n\t<\/section>\n\n\n\n\t<section id=\"\" data-is-jumplink=\"false\" data-title=\"\" class=\"ra-block block-column-text anchor-link-section \">\n\t\t\t\t\t<h2 class='title'>Inscription des athl\u00e8tes humains et \u00e9quins aupr\u00e8s de la FEI<\/h2>\n\t\t\t\t<div class='row'>\n\t\t\t\t\t\t\t\t\t\t\t\t\t\t<div class='col-12 col-md-12 content-column wysiwyg-content'>\n\t\t\t\t\t\t<p>Tous les athl\u00e8tes humains et \u00e9quins qui participent aux concours de la FEI doivent \u00eatre inscrits chaque ann\u00e9e aupr\u00e8s de la FEI.<\/p>\n<ul>\n<li>Les chevaux et les cavali\u00e8res et cavaliers canadiens peuvent s&rsquo;inscrire aupr\u00e8s de la FEI par le biais du portail d&rsquo;inscription de la FEI de CE (lien ci-dessous).<\/li>\n<li>Tous les chevaux inscrits pour la premi\u00e8re fois doivent \u00eatre dot\u00e9s d&rsquo;une puce \u00e9lectronique compatible avec les normes ISO 11784 et ISO 11785.<\/li>\n<\/ul>\n<p>Les questions relatives aux autorisations et inscriptions de la FEI peuvent \u00eatre adress\u00e9es aux responsables de la discipline concern\u00e9e.<\/p>\n\t\t\t\t\t<\/div>\n\t\t\t\t\t\t\t\t\t\t\t<\/div>\n\t<\/section>\n\n\n\n\t<section id=\"\" data-is-jumplink=\"false\" data-title=\"\" class=\"ra-block block-call-to-action anchor-link-section \">\n\t\t\n\t\t<a href=\"https:\/\/licence.equestrian.ca\/feireg\/login.aspx\" target=\"_blank\" class=\"call-to-action-col has-background-image\">\t\t\t\n\t\t\t\n\t\t<picture class=\"background-image cover\">\n\t\t\t<source srcset=\"https:\/\/equestrian.ca\/wp-content\/uploads\/2024\/02\/dk_2023-07-27_FLYINGE_032888-scaled-e1707703308377-1440x673.jpg\" media=\"(min-width: 1280px)\">\n\t\t\t<source srcset=\"https:\/\/equestrian.ca\/wp-content\/uploads\/2024\/02\/dk_2023-07-27_FLYINGE_032888-scaled-e1707703308377-1200x561.jpg\" media=\"(min-width: 1024px)\">\n\t\t\t<source srcset=\"https:\/\/equestrian.ca\/wp-content\/uploads\/2024\/02\/dk_2023-07-27_FLYINGE_032888-scaled-e1707703308377-1024x478.jpg\" media=\"(min-width: 768px)\">\n\t\t\t<img decoding=\"async\" loading=\"lazy\" src=\"https:\/\/equestrian.ca\/wp-content\/uploads\/2024\/02\/dk_2023-07-27_FLYINGE_032888-scaled-e1707703308377-640x299.jpg\" alt=\"\">\n\t\t<\/picture>\n\n\t\t\t\t\t\t<div class='cta-wrapper'>\n\t\t\t\t\t\t\t\t\t<h2 class='title'>Inscription des athl\u00e8tes humains et \u00e9quins aupr\u00e8s de la FEI<\/h2>\n\t\t\t\t\t\t\t\t\t\t\t\t\t<p class='content'>Portail d&rsquo;inscription \u00e0 la FEI de CE<\/p>\n\t\t\t\t\t\t\t\t\t\t\t\t\t<div class=\"btn\">Se connecter<\/div>\n\t\t\t\t\t\t\t<\/div>\n\t\t<\/a>\t<\/section>\n\n\n\n\t<section id=\"\" data-is-jumplink=\"false\" data-title=\"\" class=\"ra-block block-column-text anchor-link-section \">\n\t\t\t\t<div class='row'>\n\t\t\t\t\t\t\t\t\t\t\t\t\t\t<div class='col-12 col-md-12 content-column wysiwyg-content'>\n\t\t\t\t\t\t<p>En tant que Canadienne ou Canadien de niveau FEI, vous avez acc\u00e8s \u00e0 des outils, des ressources, des subventions et bien plus.<\/p>\n<ul>\n<li><a href=\"https:\/\/equestrian.ca\/fr\/haute-performance\/national-team-program\/resources\/\"><strong>Ressources :\u00a0<\/strong><\/a>Pour le bien-\u00eatre physique, mental, \u00e9motionnel et social pour toutes les personnes et pour tous les chevaux.<\/li>\n<li><strong><a href=\"https:\/\/equestrian.ca\/fr\/haute-performance\/national-team-program\/athletes\/\">Athl\u00e8tes :<\/a><\/strong>\u00a0De l&rsquo;information sur les autorisations et les inscriptions de la FEI pour les humains et les chevaux.<\/li>\n<li><a href=\"https:\/\/equestrian.ca\/fr\/haute-performance\/national-team-program\/clean-sport\/\"><strong>Sport sain:<\/strong><\/a>\u00a0Les r\u00e8gles antidopage de la FEI pour les athl\u00e8tes humains et \u00e9quins.<\/li>\n<li><strong><a href=\"https:\/\/equestrian.ca\/fr\/haute-performance\/national-team-program\/abuse-free-sport\/\">Sport sans abus :<\/a><\/strong>\u00a0Pr\u00e9venir les mauvais traitements par l&rsquo;\u00e9ducation, la formation et la recherche.<\/li>\n<li><strong><a href=\"https:\/\/equestrian.ca\/fr\/haute-performance\/national-team-program\/youth-programs\/\">Programmes jeunesse :<\/a><\/strong>\u00a0Ressources et crit\u00e8res pour les athl\u00e8tes Juniors et Jeunes dans les disciplines de la FEI.<\/li>\n<li><strong><a href=\"https:\/\/equestrian.ca\/fr\/communaut%C3%A9\/get-connected\/apply-for-grants\/\">Demande de subventions :\u00a0<\/a><\/strong>Demandes de subventions internes et externes pour les athl\u00e8tes.<\/li>\n<\/ul>\n\t\t\t\t\t<\/div>\n\t\t\t\t\t\t\t\t\t\t\t<\/div>\n\t<\/section>\n","protected":false},"excerpt":{"rendered":"","protected":false},"author":8,"featured_media":21404,"parent":26632,"menu_order":0,"comment_status":"closed","ping_status":"closed","template":"","meta":{"_acf_changed":false,"footnotes":""},"class_list":["post-26840","page","type-page","status-publish","has-post-thumbnail","hentry"],"acf":[],"yoast_head":"<!-- This site is optimized with the Yoast SEO plugin v27.0 - https:\/\/yoast.com\/product\/yoast-seo-wordpress\/ -->\n<title>Athl\u00e8tes de niveau FEI - Equestrian Canada<\/title>\n<meta name=\"robots\" content=\"index, follow, max-snippet:-1, max-image-preview:large, max-video-preview:-1\" \/>\n<link rel=\"canonical\" href=\"https:\/\/equestrian.ca\/fr\/compete\/athlete-services\/fei-athletes\/\" \/>\n<meta property=\"og:locale\" content=\"fr_CA\" \/>\n<meta property=\"og:type\" content=\"article\" \/>\n<meta property=\"og:title\" content=\"Athl\u00e8tes de niveau FEI - Equestrian Canada\" \/>\n<meta property=\"og:url\" content=\"https:\/\/equestrian.ca\/fr\/compete\/athlete-services\/fei-athletes\/\" \/>\n<meta property=\"og:site_name\" content=\"Equestrian Canada\" \/>\n<meta property=\"article:modified_time\" content=\"2024-04-08T13:58:53+00:00\" \/>\n<meta property=\"og:image\" content=\"https:\/\/equestrian.ca\/wp-content\/uploads\/2024\/01\/2020-Driving-World-Championship-Singles-Pau-Kelly-Houtappels-Bruder-Flip-Marathon-by-\u00a9S.-Bailly-Centaure-Production-e1707702969570.jpg\" \/>\n\t<meta property=\"og:image:width\" content=\"1500\" \/>\n\t<meta property=\"og:image:height\" content=\"925\" \/>\n\t<meta property=\"og:image:type\" content=\"image\/jpeg\" \/>\n<meta name=\"twitter:card\" content=\"summary_large_image\" \/>\n<meta name=\"twitter:label1\" content=\"Estimation du temps de lecture\" \/>\n\t<meta name=\"twitter:data1\" content=\"1 minute\" \/>\n<script type=\"application\/ld+json\" class=\"yoast-schema-graph\">{\"@context\":\"https:\/\/schema.org\",\"@graph\":[{\"@type\":\"WebPage\",\"@id\":\"https:\/\/equestrian.ca\/fr\/compete\/athlete-services\/fei-athletes\/\",\"url\":\"https:\/\/equestrian.ca\/fr\/compete\/athlete-services\/fei-athletes\/\",\"name\":\"Athl\u00e8tes de niveau FEI - Equestrian Canada\",\"isPartOf\":{\"@id\":\"https:\/\/equestrian.ca\/fr\/#website\"},\"primaryImageOfPage\":{\"@id\":\"https:\/\/equestrian.ca\/fr\/compete\/athlete-services\/fei-athletes\/#primaryimage\"},\"image\":{\"@id\":\"https:\/\/equestrian.ca\/fr\/compete\/athlete-services\/fei-athletes\/#primaryimage\"},\"thumbnailUrl\":\"https:\/\/equestrian.ca\/wp-content\/uploads\/2024\/01\/2020-Driving-World-Championship-Singles-Pau-Kelly-Houtappels-Bruder-Flip-Marathon-by-\u00a9S.-Bailly-Centaure-Production-e1707702969570.jpg\",\"datePublished\":\"2023-08-30T15:41:49+00:00\",\"dateModified\":\"2024-04-08T13:58:53+00:00\",\"breadcrumb\":{\"@id\":\"https:\/\/equestrian.ca\/fr\/compete\/athlete-services\/fei-athletes\/#breadcrumb\"},\"inLanguage\":\"fr-CA\",\"potentialAction\":[{\"@type\":\"ReadAction\",\"target\":[\"https:\/\/equestrian.ca\/fr\/compete\/athlete-services\/fei-athletes\/\"]}]},{\"@type\":\"ImageObject\",\"inLanguage\":\"fr-CA\",\"@id\":\"https:\/\/equestrian.ca\/fr\/compete\/athlete-services\/fei-athletes\/#primaryimage\",\"url\":\"https:\/\/equestrian.ca\/wp-content\/uploads\/2024\/01\/2020-Driving-World-Championship-Singles-Pau-Kelly-Houtappels-Bruder-Flip-Marathon-by-\u00a9S.-Bailly-Centaure-Production-e1707702969570.jpg\",\"contentUrl\":\"https:\/\/equestrian.ca\/wp-content\/uploads\/2024\/01\/2020-Driving-World-Championship-Singles-Pau-Kelly-Houtappels-Bruder-Flip-Marathon-by-\u00a9S.-Bailly-Centaure-Production-e1707702969570.jpg\",\"width\":1500,\"height\":925},{\"@type\":\"BreadcrumbList\",\"@id\":\"https:\/\/equestrian.ca\/fr\/compete\/athlete-services\/fei-athletes\/#breadcrumb\",\"itemListElement\":[{\"@type\":\"ListItem\",\"position\":1,\"name\":\"Home\",\"item\":\"https:\/\/equestrian.ca\/fr\/\"},{\"@type\":\"ListItem\",\"position\":2,\"name\":\"Concours\",\"item\":\"https:\/\/equestrian.ca\/fr\/compete\/\"},{\"@type\":\"ListItem\",\"position\":3,\"name\":\"Services aux athl\u00e8tes\",\"item\":\"https:\/\/equestrian.ca\/fr\/compete\/athlete-services\/\"},{\"@type\":\"ListItem\",\"position\":4,\"name\":\"Athl\u00e8tes de niveau FEI\"}]},{\"@type\":\"WebSite\",\"@id\":\"https:\/\/equestrian.ca\/fr\/#website\",\"url\":\"https:\/\/equestrian.ca\/fr\/\",\"name\":\"Equestrian Canada\",\"description\":\"For the love of horses and sport for life.\",\"potentialAction\":[{\"@type\":\"SearchAction\",\"target\":{\"@type\":\"EntryPoint\",\"urlTemplate\":\"https:\/\/equestrian.ca\/fr\/?s={search_term_string}\"},\"query-input\":{\"@type\":\"PropertyValueSpecification\",\"valueRequired\":true,\"valueName\":\"search_term_string\"}}],\"inLanguage\":\"fr-CA\"}]}<\/script>\n<!-- \/ Yoast SEO plugin. -->","yoast_head_json":{"title":"Athl\u00e8tes de niveau FEI - Equestrian Canada","robots":{"index":"index","follow":"follow","max-snippet":"max-snippet:-1","max-image-preview":"max-image-preview:large","max-video-preview":"max-video-preview:-1"},"canonical":"https:\/\/equestrian.ca\/fr\/compete\/athlete-services\/fei-athletes\/","og_locale":"fr_CA","og_type":"article","og_title":"Athl\u00e8tes de niveau FEI - Equestrian Canada","og_url":"https:\/\/equestrian.ca\/fr\/compete\/athlete-services\/fei-athletes\/","og_site_name":"Equestrian Canada","article_modified_time":"2024-04-08T13:58:53+00:00","og_image":[{"width":1500,"height":925,"url":"https:\/\/equestrian.ca\/wp-content\/uploads\/2024\/01\/2020-Driving-World-Championship-Singles-Pau-Kelly-Houtappels-Bruder-Flip-Marathon-by-\u00a9S.-Bailly-Centaure-Production-e1707702969570.jpg","type":"image\/jpeg"}],"twitter_card":"summary_large_image","twitter_misc":{"Estimation du temps de lecture":"1 minute"},"schema":{"@context":"https:\/\/schema.org","@graph":[{"@type":"WebPage","@id":"https:\/\/equestrian.ca\/fr\/compete\/athlete-services\/fei-athletes\/","url":"https:\/\/equestrian.ca\/fr\/compete\/athlete-services\/fei-athletes\/","name":"Athl\u00e8tes de niveau FEI - Equestrian Canada","isPartOf":{"@id":"https:\/\/equestrian.ca\/fr\/#website"},"primaryImageOfPage":{"@id":"https:\/\/equestrian.ca\/fr\/compete\/athlete-services\/fei-athletes\/#primaryimage"},"image":{"@id":"https:\/\/equestrian.ca\/fr\/compete\/athlete-services\/fei-athletes\/#primaryimage"},"thumbnailUrl":"https:\/\/equestrian.ca\/wp-content\/uploads\/2024\/01\/2020-Driving-World-Championship-Singles-Pau-Kelly-Houtappels-Bruder-Flip-Marathon-by-\u00a9S.-Bailly-Centaure-Production-e1707702969570.jpg","datePublished":"2023-08-30T15:41:49+00:00","dateModified":"2024-04-08T13:58:53+00:00","breadcrumb":{"@id":"https:\/\/equestrian.ca\/fr\/compete\/athlete-services\/fei-athletes\/#breadcrumb"},"inLanguage":"fr-CA","potentialAction":[{"@type":"ReadAction","target":["https:\/\/equestrian.ca\/fr\/compete\/athlete-services\/fei-athletes\/"]}]},{"@type":"ImageObject","inLanguage":"fr-CA","@id":"https:\/\/equestrian.ca\/fr\/compete\/athlete-services\/fei-athletes\/#primaryimage","url":"https:\/\/equestrian.ca\/wp-content\/uploads\/2024\/01\/2020-Driving-World-Championship-Singles-Pau-Kelly-Houtappels-Bruder-Flip-Marathon-by-\u00a9S.-Bailly-Centaure-Production-e1707702969570.jpg","contentUrl":"https:\/\/equestrian.ca\/wp-content\/uploads\/2024\/01\/2020-Driving-World-Championship-Singles-Pau-Kelly-Houtappels-Bruder-Flip-Marathon-by-\u00a9S.-Bailly-Centaure-Production-e1707702969570.jpg","width":1500,"height":925},{"@type":"BreadcrumbList","@id":"https:\/\/equestrian.ca\/fr\/compete\/athlete-services\/fei-athletes\/#breadcrumb","itemListElement":[{"@type":"ListItem","position":1,"name":"Home","item":"https:\/\/equestrian.ca\/fr\/"},{"@type":"ListItem","position":2,"name":"Concours","item":"https:\/\/equestrian.ca\/fr\/compete\/"},{"@type":"ListItem","position":3,"name":"Services aux athl\u00e8tes","item":"https:\/\/equestrian.ca\/fr\/compete\/athlete-services\/"},{"@type":"ListItem","position":4,"name":"Athl\u00e8tes de niveau FEI"}]},{"@type":"WebSite","@id":"https:\/\/equestrian.ca\/fr\/#website","url":"https:\/\/equestrian.ca\/fr\/","name":"Equestrian Canada","description":"For the love of horses and sport for life.","potentialAction":[{"@type":"SearchAction","target":{"@type":"EntryPoint","urlTemplate":"https:\/\/equestrian.ca\/fr\/?s={search_term_string}"},"query-input":{"@type":"PropertyValueSpecification","valueRequired":true,"valueName":"search_term_string"}}],"inLanguage":"fr-CA"}]}},"_links":{"self":[{"href":"https:\/\/equestrian.ca\/fr\/wp-json\/wp\/v2\/pages\/26840","targetHints":{"allow":["GET"]}}],"collection":[{"href":"https:\/\/equestrian.ca\/fr\/wp-json\/wp\/v2\/pages"}],"about":[{"href":"https:\/\/equestrian.ca\/fr\/wp-json\/wp\/v2\/types\/page"}],"author":[{"embeddable":true,"href":"https:\/\/equestrian.ca\/fr\/wp-json\/wp\/v2\/users\/8"}],"replies":[{"embeddable":true,"href":"https:\/\/equestrian.ca\/fr\/wp-json\/wp\/v2\/comments?post=26840"}],"version-history":[{"count":1,"href":"https:\/\/equestrian.ca\/fr\/wp-json\/wp\/v2\/pages\/26840\/revisions"}],"predecessor-version":[{"id":26852,"href":"https:\/\/equestrian.ca\/fr\/wp-json\/wp\/v2\/pages\/26840\/revisions\/26852"}],"up":[{"embeddable":true,"href":"https:\/\/equestrian.ca\/fr\/wp-json\/wp\/v2\/pages\/26632"}],"wp:featuredmedia":[{"embeddable":true,"href":"https:\/\/equestrian.ca\/fr\/wp-json\/wp\/v2\/media\/21404"}],"wp:attachment":[{"href":"https:\/\/equestrian.ca\/fr\/wp-json\/wp\/v2\/media?parent=26840"}],"curies":[{"name":"wp","href":"https:\/\/api.w.org\/{rel}","templated":true}]}}