{"id":26823,"date":"2023-08-30T17:34:25","date_gmt":"2023-08-30T17:34:25","guid":{"rendered":"https:\/\/equestrian.ca\/disciplines-breeds\/breeds\/road-horse\/"},"modified":"2025-11-21T21:15:06","modified_gmt":"2025-11-21T21:15:06","slug":"road-horse","status":"publish","type":"page","link":"https:\/\/equestrian.ca\/fr\/disciplines-breeds\/breeds\/road-horse\/","title":{"rendered":"Cheval routier"},"content":{"rendered":"\n\t<section id=\"\" data-is-jumplink=\"false\" data-title=\"\" class=\"ra-block block-column-text anchor-link-section \">\n\t\t\t\t<div class='row'>\n\t\t\t\t\t\t\t\t\t\t\t\t\t\t<div class='col-12 col-md-12 content-column wysiwyg-content'>\n\t\t\t\t\t\t<p>Les chevaux routiers, \u00e9galement connus sous le nom de Le cheval routier, \u00e9galement connu sous le nom de \u00abRoadsters \u00bb, sont des chevaux de race Standardbred appr\u00e9ci\u00e9s pour leur vitesse sur la piste de course. D&rsquo;une taille d&rsquo;environ 15,2 mains, ils captivent le public par leur vitesse impressionnante et leur grand talent, ainsi que par leur pr\u00e9sence, leur attitude et leur style distinctifs. On les pr\u00e9sente habituellement dans des \u00e9preuves \u00e0 trois allures de trot (jogging, road gait et trot at speed) avant de les pr\u00e9senter dans l&rsquo;ar\u00e8ne principale pour le jugement final de la conformation et des mani\u00e8res.<\/p>\n\t\t\t\t\t<\/div>\n\t\t\t\t\t\t\t\t\t\t\t<\/div>\n\t<\/section>\n\n\n\n\t<section id=\"\" data-is-jumplink=\"false\" data-title=\"\" class=\"ra-block block-media-and-text anchor-link-section \">\n\t\t<div class='row'>\n\t\t\t\t\t\t\t<div class='col-12 col-md-6 content-col order-1 order-md-2'>\n\t\t\t\t\t\t\t\t\t\t\t<a href=\"https:\/\/www.roadhorse.ca\/\" class=\"title-link\" target=\"_blank\">\n\t\t\t\t\t\t\n\t\t\t\t\t\t\t\t\t\t\t<h3 class='title show-as-h4'>Association canadienne du cheval de route<\/h3>\n\t\t\t\t\t\t\n\t\t\t\t\t\t\t\t\t\t\t<\/a>\n\t\t\t\t\t\t\t\t\t\t\n\t\t\t\t\t\t\t\t\t\t\t<div class='content wysiwyg-content'>\n\t\t\t\t\t\t\t<p>La Canadian Road Horse Association est une organisation \u00e0 but non lucratif qui promeut les concours de trotteurs standardbred enregistr\u00e9s.<\/p>\n\t\t\t\t\t\t<\/div>\n\t\t\t\t\t\t\t\t\t<\/div>\n\t\t\t\n\t\t\t<div class='col-12 col-md-6 picture-col order-2 order-md-1'>\n\t\t\t\t\t\t\t\t\t\t\t\t\t\t\t<a class=\"image-link\" href=\"https:\/\/www.roadhorse.ca\/\" target=\"_blank\">\n\t\t\t\t\t\n\t\t\t\t\t\n\t\t\t\n\t\t<picture class=\"contain\">\n\t\t\t<source srcset=\"https:\/\/equestrian.ca\/wp-content\/uploads\/2024\/02\/CRHA-Logo-5-150x150-1.jpg\" media=\"(min-width: 1280px)\">\n\t\t\t<source srcset=\"https:\/\/equestrian.ca\/wp-content\/uploads\/2024\/02\/CRHA-Logo-5-150x150-1.jpg\" media=\"(min-width: 1024px)\">\n\t\t\t<source srcset=\"https:\/\/equestrian.ca\/wp-content\/uploads\/2024\/02\/CRHA-Logo-5-150x150-1.jpg\" media=\"(min-width: 768px)\">\n\t\t\t<img decoding=\"async\" loading=\"lazy\" src=\"https:\/\/equestrian.ca\/wp-content\/uploads\/2024\/02\/CRHA-Logo-5-150x150-1.jpg\" alt=\"\">\n\t\t<\/picture>\n\n\t\t\t\n\t\t\t\t\t\t\t\t\t\t\t<\/a>\n\t\t\t\t\t\t\t\t\t\t\t\t<\/div>\n\t\t<\/div>\n\t<\/section>\n\n\n\n\t<section id=\"\" data-is-jumplink=\"false\" data-title=\"\" class=\"ra-block block-call-to-action anchor-link-section \">\n\t\t\n\t\t<a href=\"https:\/\/equestrian.ca\/resource\/section-b-breeds-clean-digital-version\/\" target=\"_blank\" class=\"call-to-action-col no-background-image\">\t\t\t\n\t\t\t\t<div class='cta-wrapper'>\n\t\t\t\t\t\t\t\t\t<h2 class='title'>R\u00e8gles sur les races<\/h2>\n\t\t\t\t\t\t\t\t\t\t\t\t\t<p class='content'>R\u00e8glements de Canada \u00c9questre 2024<\/p>\n\t\t\t\t\t\t\t\t\t\t\t\t\t<div class=\"btn\">Section B<\/div>\n\t\t\t\t\t\t\t<\/div>\n\t\t<\/a>\t<\/section>\n\n\n\n\t<section id=\"\" data-is-jumplink=\"false\" data-title=\"\" class=\"ra-block block-committee anchor-link-section \">\n\t\t\n<div class=\"committee-section\">\n\t\t\t<h2 class='title'>Comit\u00e9 national des sports de race de Canada \u00c9questre<\/h2>\n\t\n\t\t\t<div class='content wysiwyg-content'><p>Le Comit\u00e9 national des sports de races de CE dirige la strat\u00e9gie relative aux programmes et services de d\u00e9veloppement des sports de races au Canada.<\/p>\n<\/div>\n\t\n\t\t\t\t\t\t<div class=\"committee-group\">\n\t\t\t\t\n\t\t\t\t<div class='row row-cols-1 row-cols-sm-2 row-cols-lg-3'>\n\t\t\t\t\t\t\t\t\t\t\t\t\t\t\t\t\t\t\t\t\t\t\t\t\t\t\t\t\t\t<div class=\"col group-col\">\n\t\t\t\t\t\t\t\t<div class=\"group-tile\">\n\t\t\t\t\t\t\t\t\t<h3 class=\"member-name\">Ashley Cook Fletcher<\/h3>\n\n\t\t\t\t\t\t\t\t\t<div class=\"role-and-location\">\n\t\t\t\t\t\t\t\t\t\t\t\t\t\t\t\t\t\t\t\t\t<span class=\"role\">(American Saddlebred) <\/span>\n\t\t\t\t\t\t\t\t\t\t\n\t\t\t\t\t\t\t\t\t\t\t\t\t\t\t\t\t\t\t\t\t<span class='separator'>&vert;<\/span>\n\t\t\t\t\t\t\t\t\t\t\n\t\t\t\t\t\t\t\t\t\t\t\t\t\t\t\t\t\t\t\t\t<span class=\"location-name\">ON<\/span>\n\t\t\t\t\t\t\t\t\t\t\t\t\t\t\t\t\t\t\t<\/div>\n\n\t\t\t\t\t\t\t\t\t\t\t\t\t\t\t\t\t<\/div>\n\t\t\t\t\t\t\t<\/div>\n\t\t\t\t\t\t\t\t\t\t\t\t\t\t\t\t\t\t\t\t<div class=\"col group-col\">\n\t\t\t\t\t\t\t\t<div class=\"group-tile\">\n\t\t\t\t\t\t\t\t\t<h3 class=\"member-name\">Donna Kavanagh<\/h3>\n\n\t\t\t\t\t\t\t\t\t<div class=\"role-and-location\">\n\t\t\t\t\t\t\t\t\t\t\t\t\t\t\t\t\t\t\t\t\t<span class=\"role\">(Arabians)<\/span>\n\t\t\t\t\t\t\t\t\t\t\n\t\t\t\t\t\t\t\t\t\t\t\t\t\t\t\t\t\t\t\t\t<span class='separator'>&vert;<\/span>\n\t\t\t\t\t\t\t\t\t\t\n\t\t\t\t\t\t\t\t\t\t\t\t\t\t\t\t\t\t\t\t\t<span class=\"location-name\">AB<\/span>\n\t\t\t\t\t\t\t\t\t\t\t\t\t\t\t\t\t\t\t<\/div>\n\n\t\t\t\t\t\t\t\t\t\t\t<a href='' class='link' target=''>\n\t\t\t\t\t<\/a>\n\t\t\t\t\t\t\t\t\t\t<\/div>\n\t\t\t\t\t\t\t<\/div>\n\t\t\t\t\t\t\t\t\t\t\t\t\t\t\t\t\t\t\t\t<div class=\"col group-col\">\n\t\t\t\t\t\t\t\t<div class=\"group-tile\">\n\t\t\t\t\t\t\t\t\t<h3 class=\"member-name\">Faith Kent Robillard<\/h3>\n\n\t\t\t\t\t\t\t\t\t<div class=\"role-and-location\">\n\t\t\t\t\t\t\t\t\t\t\t\t\t\t\t\t\t\t\t\t\t<span class=\"role\">(Hackney)\u00a0<\/span>\n\t\t\t\t\t\t\t\t\t\t\n\t\t\t\t\t\t\t\t\t\t\t\t\t\t\t\t\t\t\t\t\t<span class='separator'>&vert;<\/span>\n\t\t\t\t\t\t\t\t\t\t\n\t\t\t\t\t\t\t\t\t\t\t\t\t\t\t\t\t\t\t\t\t<span class=\"location-name\">ON<\/span>\n\t\t\t\t\t\t\t\t\t\t\t\t\t\t\t\t\t\t\t<\/div>\n\n\t\t\t\t\t\t\t\t\t\t\t\t\t\t\t\t\t<\/div>\n\t\t\t\t\t\t\t<\/div>\n\t\t\t\t\t\t\t\t\t\t\t\t\t\t\t\t\t\t\t\t<div class=\"col group-col\">\n\t\t\t\t\t\t\t\t<div class=\"group-tile\">\n\t\t\t\t\t\t\t\t\t<h3 class=\"member-name\">Lisa Ross<\/h3>\n\n\t\t\t\t\t\t\t\t\t<div class=\"role-and-location\">\n\t\t\t\t\t\t\t\t\t\t\t\t\t\t\t\t\t\t\t\t\t<span class=\"role\">(Morgan)<\/span>\n\t\t\t\t\t\t\t\t\t\t\n\t\t\t\t\t\t\t\t\t\t\t\t\t\t\t\t\t\t\t\t\t<span class='separator'>&vert;<\/span>\n\t\t\t\t\t\t\t\t\t\t\n\t\t\t\t\t\t\t\t\t\t\t\t\t\t\t\t\t\t\t\t\t<span class=\"location-name\">ON<\/span>\n\t\t\t\t\t\t\t\t\t\t\t\t\t\t\t\t\t\t\t<\/div>\n\n\t\t\t\t\t\t\t\t\t\t\t<a href='' class='link' target=''>\n\t\t\t\t\t<\/a>\n\t\t\t\t\t\t\t\t\t\t<\/div>\n\t\t\t\t\t\t\t<\/div>\n\t\t\t\t\t\t\t\t\t\t\t\t\t\t\t\t\t\t\t\t<div class=\"col group-col\">\n\t\t\t\t\t\t\t\t<div class=\"group-tile\">\n\t\t\t\t\t\t\t\t\t<h3 class=\"member-name\">Penny McKee<\/h3>\n\n\t\t\t\t\t\t\t\t\t<div class=\"role-and-location\">\n\t\t\t\t\t\t\t\t\t\t\t\t\t\t\t\t\t\t\t\t\t<span class=\"role\">(Canadian Road Horse Association)<\/span>\n\t\t\t\t\t\t\t\t\t\t\n\t\t\t\t\t\t\t\t\t\t\t\t\t\t\t\t\t\t\t\t\t<span class='separator'>&vert;<\/span>\n\t\t\t\t\t\t\t\t\t\t\n\t\t\t\t\t\t\t\t\t\t\t\t\t\t\t\t\t\t\t\t\t<span class=\"location-name\">QC<\/span>\n\t\t\t\t\t\t\t\t\t\t\t\t\t\t\t\t\t\t\t<\/div>\n\n\t\t\t\t\t\t\t\t\t\t\t<a href='' class='link' target=''>\n\t\t\t\t\t<\/a>\n\t\t\t\t\t\t\t\t\t\t<\/div>\n\t\t\t\t\t\t\t<\/div>\n\t\t\t\t\t\t\t\t\t\t\t\t\t\t\t\t\t\t\t\t<div class=\"col group-col\">\n\t\t\t\t\t\t\t\t<div class=\"group-tile\">\n\t\t\t\t\t\t\t\t\t<h3 class=\"member-name\">Raylene McWade<\/h3>\n\n\t\t\t\t\t\t\t\t\t<div class=\"role-and-location\">\n\t\t\t\t\t\t\t\t\t\t\t\t\t\t\t\t\t\t\t\t\t<span class=\"role\">(Saddleseat Canada)\u00a0<\/span>\n\t\t\t\t\t\t\t\t\t\t\n\t\t\t\t\t\t\t\t\t\t\t\t\t\t\t\t\t\t\t\t\t<span class='separator'>&vert;<\/span>\n\t\t\t\t\t\t\t\t\t\t\n\t\t\t\t\t\t\t\t\t\t\t\t\t\t\t\t\t\t\t\t\t<span class=\"location-name\">AB<\/span>\n\t\t\t\t\t\t\t\t\t\t\t\t\t\t\t\t\t\t\t<\/div>\n\n\t\t\t\t\t\t\t\t\t\t\t<a href='' class='link' target=''>\n\t\t\t\t\t<\/a>\n\t\t\t\t\t\t\t\t\t\t<\/div>\n\t\t\t\t\t\t\t<\/div>\n\t\t\t\t\t\t\t\t\t\t\t\t\t\t\t\t\t\t\t\t<div class=\"col group-col\">\n\t\t\t\t\t\t\t\t<div class=\"group-tile\">\n\t\t\t\t\t\t\t\t\t<h3 class=\"member-name\">Samantha Eidsness<\/h3>\n\n\t\t\t\t\t\t\t\t\t<div class=\"role-and-location\">\n\t\t\t\t\t\t\t\t\t\t\t\t\t\t\t\t\t\t\t\t\t<span class=\"role\">Welsh Pony &#038; Cob<\/span>\n\t\t\t\t\t\t\t\t\t\t\n\t\t\t\t\t\t\t\t\t\t\t\t\t\t\t\t\t\t\t\t\t<span class='separator'>&vert;<\/span>\n\t\t\t\t\t\t\t\t\t\t\n\t\t\t\t\t\t\t\t\t\t\t\t\t\t\t\t\t\t\t\t\t<span class=\"location-name\">BC<\/span>\n\t\t\t\t\t\t\t\t\t\t\t\t\t\t\t\t\t\t\t<\/div>\n\n\t\t\t\t\t\t\t\t\t\t\t\t\t\t\t\t\t<\/div>\n\t\t\t\t\t\t\t<\/div>\n\t\t\t\t\t\t\t\t\t\t\t\t\t\t\t\t\t\t\t\t<div class=\"col group-col\">\n\t\t\t\t\t\t\t\t<div class=\"group-tile\">\n\t\t\t\t\t\t\t\t\t<h3 class=\"member-name\">Jean Klosowicz<\/h3>\n\n\t\t\t\t\t\t\t\t\t<div class=\"role-and-location\">\n\t\t\t\t\t\t\t\t\t\t\t\t\t\t\t\t\t\t\t\t\t<span class=\"role\">Membre du personnel de CE  <\/span>\n\t\t\t\t\t\t\t\t\t\t\n\t\t\t\t\t\t\t\t\t\t\t\t\t\t\t\t\t\t\t\t\t<span class='separator'>&vert;<\/span>\n\t\t\t\t\t\t\t\t\t\t\n\t\t\t\t\t\t\t\t\t\t\t\t\t\t\t\t\t\t\t\t\t<span class=\"location-name\">BC<\/span>\n\t\t\t\t\t\t\t\t\t\t\t\t\t\t\t\t\t\t\t<\/div>\n\n\t\t\t\t\t\t\t\t\t\t\t\t\t\t\t\t\t<\/div>\n\t\t\t\t\t\t\t<\/div>\n\t\t\t\t\t\t\t\t\t\t\t\t\t\t\t<\/div>\n\t\t\t<\/div>\n\t\t\t<\/div>\t<\/section>\n","protected":false},"excerpt":{"rendered":"","protected":false},"author":8,"featured_media":22772,"parent":26746,"menu_order":0,"comment_status":"closed","ping_status":"closed","template":"","meta":{"_acf_changed":false,"footnotes":""},"class_list":["post-26823","page","type-page","status-publish","has-post-thumbnail","hentry"],"acf":[],"yoast_head":"<!-- This site is optimized with the Yoast SEO plugin v27.0 - https:\/\/yoast.com\/product\/yoast-seo-wordpress\/ -->\n<title>Cheval routier - Equestrian Canada<\/title>\n<meta name=\"robots\" content=\"index, follow, max-snippet:-1, max-image-preview:large, max-video-preview:-1\" \/>\n<link rel=\"canonical\" href=\"https:\/\/equestrian.ca\/fr\/disciplines-breeds\/breeds\/road-horse\/\" \/>\n<meta property=\"og:locale\" content=\"fr_CA\" \/>\n<meta property=\"og:type\" content=\"article\" \/>\n<meta property=\"og:title\" content=\"Cheval routier - Equestrian Canada\" \/>\n<meta property=\"og:url\" content=\"https:\/\/equestrian.ca\/fr\/disciplines-breeds\/breeds\/road-horse\/\" \/>\n<meta property=\"og:site_name\" content=\"Equestrian Canada\" \/>\n<meta property=\"article:modified_time\" content=\"2025-11-21T21:15:06+00:00\" \/>\n<meta property=\"og:image\" content=\"https:\/\/equestrian.ca\/wp-content\/uploads\/2024\/02\/Roadster_RAWF-e1707947103820.jpg\" \/>\n\t<meta property=\"og:image:width\" content=\"624\" \/>\n\t<meta property=\"og:image:height\" content=\"534\" \/>\n\t<meta property=\"og:image:type\" content=\"image\/jpeg\" \/>\n<meta name=\"twitter:card\" content=\"summary_large_image\" \/>\n<meta name=\"twitter:label1\" content=\"Estimation du temps de lecture\" \/>\n\t<meta name=\"twitter:data1\" content=\"1 minute\" \/>\n<script type=\"application\/ld+json\" class=\"yoast-schema-graph\">{\"@context\":\"https:\/\/schema.org\",\"@graph\":[{\"@type\":\"WebPage\",\"@id\":\"https:\/\/equestrian.ca\/fr\/disciplines-breeds\/breeds\/road-horse\/\",\"url\":\"https:\/\/equestrian.ca\/fr\/disciplines-breeds\/breeds\/road-horse\/\",\"name\":\"Cheval routier - Equestrian Canada\",\"isPartOf\":{\"@id\":\"https:\/\/equestrian.ca\/fr\/#website\"},\"primaryImageOfPage\":{\"@id\":\"https:\/\/equestrian.ca\/fr\/disciplines-breeds\/breeds\/road-horse\/#primaryimage\"},\"image\":{\"@id\":\"https:\/\/equestrian.ca\/fr\/disciplines-breeds\/breeds\/road-horse\/#primaryimage\"},\"thumbnailUrl\":\"https:\/\/equestrian.ca\/wp-content\/uploads\/2024\/02\/Roadster_RAWF-e1707947103820.jpg\",\"datePublished\":\"2023-08-30T17:34:25+00:00\",\"dateModified\":\"2025-11-21T21:15:06+00:00\",\"breadcrumb\":{\"@id\":\"https:\/\/equestrian.ca\/fr\/disciplines-breeds\/breeds\/road-horse\/#breadcrumb\"},\"inLanguage\":\"fr-CA\",\"potentialAction\":[{\"@type\":\"ReadAction\",\"target\":[\"https:\/\/equestrian.ca\/fr\/disciplines-breeds\/breeds\/road-horse\/\"]}]},{\"@type\":\"ImageObject\",\"inLanguage\":\"fr-CA\",\"@id\":\"https:\/\/equestrian.ca\/fr\/disciplines-breeds\/breeds\/road-horse\/#primaryimage\",\"url\":\"https:\/\/equestrian.ca\/wp-content\/uploads\/2024\/02\/Roadster_RAWF-e1707947103820.jpg\",\"contentUrl\":\"https:\/\/equestrian.ca\/wp-content\/uploads\/2024\/02\/Roadster_RAWF-e1707947103820.jpg\",\"width\":624,\"height\":534},{\"@type\":\"BreadcrumbList\",\"@id\":\"https:\/\/equestrian.ca\/fr\/disciplines-breeds\/breeds\/road-horse\/#breadcrumb\",\"itemListElement\":[{\"@type\":\"ListItem\",\"position\":1,\"name\":\"Home\",\"item\":\"https:\/\/equestrian.ca\/fr\/\"},{\"@type\":\"ListItem\",\"position\":2,\"name\":\"Disciplines et sports de races\",\"item\":\"https:\/\/equestrian.ca\/fr\/disciplines-breeds\/\"},{\"@type\":\"ListItem\",\"position\":3,\"name\":\"Sports de races\",\"item\":\"https:\/\/equestrian.ca\/fr\/disciplines-breeds\/breeds\/\"},{\"@type\":\"ListItem\",\"position\":4,\"name\":\"Cheval routier\"}]},{\"@type\":\"WebSite\",\"@id\":\"https:\/\/equestrian.ca\/fr\/#website\",\"url\":\"https:\/\/equestrian.ca\/fr\/\",\"name\":\"Equestrian Canada\",\"description\":\"For the love of horses and sport for life.\",\"potentialAction\":[{\"@type\":\"SearchAction\",\"target\":{\"@type\":\"EntryPoint\",\"urlTemplate\":\"https:\/\/equestrian.ca\/fr\/?s={search_term_string}\"},\"query-input\":{\"@type\":\"PropertyValueSpecification\",\"valueRequired\":true,\"valueName\":\"search_term_string\"}}],\"inLanguage\":\"fr-CA\"}]}<\/script>\n<!-- \/ Yoast SEO plugin. -->","yoast_head_json":{"title":"Cheval routier - Equestrian Canada","robots":{"index":"index","follow":"follow","max-snippet":"max-snippet:-1","max-image-preview":"max-image-preview:large","max-video-preview":"max-video-preview:-1"},"canonical":"https:\/\/equestrian.ca\/fr\/disciplines-breeds\/breeds\/road-horse\/","og_locale":"fr_CA","og_type":"article","og_title":"Cheval routier - Equestrian Canada","og_url":"https:\/\/equestrian.ca\/fr\/disciplines-breeds\/breeds\/road-horse\/","og_site_name":"Equestrian Canada","article_modified_time":"2025-11-21T21:15:06+00:00","og_image":[{"width":624,"height":534,"url":"https:\/\/equestrian.ca\/wp-content\/uploads\/2024\/02\/Roadster_RAWF-e1707947103820.jpg","type":"image\/jpeg"}],"twitter_card":"summary_large_image","twitter_misc":{"Estimation du temps de lecture":"1 minute"},"schema":{"@context":"https:\/\/schema.org","@graph":[{"@type":"WebPage","@id":"https:\/\/equestrian.ca\/fr\/disciplines-breeds\/breeds\/road-horse\/","url":"https:\/\/equestrian.ca\/fr\/disciplines-breeds\/breeds\/road-horse\/","name":"Cheval routier - Equestrian Canada","isPartOf":{"@id":"https:\/\/equestrian.ca\/fr\/#website"},"primaryImageOfPage":{"@id":"https:\/\/equestrian.ca\/fr\/disciplines-breeds\/breeds\/road-horse\/#primaryimage"},"image":{"@id":"https:\/\/equestrian.ca\/fr\/disciplines-breeds\/breeds\/road-horse\/#primaryimage"},"thumbnailUrl":"https:\/\/equestrian.ca\/wp-content\/uploads\/2024\/02\/Roadster_RAWF-e1707947103820.jpg","datePublished":"2023-08-30T17:34:25+00:00","dateModified":"2025-11-21T21:15:06+00:00","breadcrumb":{"@id":"https:\/\/equestrian.ca\/fr\/disciplines-breeds\/breeds\/road-horse\/#breadcrumb"},"inLanguage":"fr-CA","potentialAction":[{"@type":"ReadAction","target":["https:\/\/equestrian.ca\/fr\/disciplines-breeds\/breeds\/road-horse\/"]}]},{"@type":"ImageObject","inLanguage":"fr-CA","@id":"https:\/\/equestrian.ca\/fr\/disciplines-breeds\/breeds\/road-horse\/#primaryimage","url":"https:\/\/equestrian.ca\/wp-content\/uploads\/2024\/02\/Roadster_RAWF-e1707947103820.jpg","contentUrl":"https:\/\/equestrian.ca\/wp-content\/uploads\/2024\/02\/Roadster_RAWF-e1707947103820.jpg","width":624,"height":534},{"@type":"BreadcrumbList","@id":"https:\/\/equestrian.ca\/fr\/disciplines-breeds\/breeds\/road-horse\/#breadcrumb","itemListElement":[{"@type":"ListItem","position":1,"name":"Home","item":"https:\/\/equestrian.ca\/fr\/"},{"@type":"ListItem","position":2,"name":"Disciplines et sports de races","item":"https:\/\/equestrian.ca\/fr\/disciplines-breeds\/"},{"@type":"ListItem","position":3,"name":"Sports de races","item":"https:\/\/equestrian.ca\/fr\/disciplines-breeds\/breeds\/"},{"@type":"ListItem","position":4,"name":"Cheval routier"}]},{"@type":"WebSite","@id":"https:\/\/equestrian.ca\/fr\/#website","url":"https:\/\/equestrian.ca\/fr\/","name":"Equestrian Canada","description":"For the love of horses and sport for life.","potentialAction":[{"@type":"SearchAction","target":{"@type":"EntryPoint","urlTemplate":"https:\/\/equestrian.ca\/fr\/?s={search_term_string}"},"query-input":{"@type":"PropertyValueSpecification","valueRequired":true,"valueName":"search_term_string"}}],"inLanguage":"fr-CA"}]}},"_links":{"self":[{"href":"https:\/\/equestrian.ca\/fr\/wp-json\/wp\/v2\/pages\/26823","targetHints":{"allow":["GET"]}}],"collection":[{"href":"https:\/\/equestrian.ca\/fr\/wp-json\/wp\/v2\/pages"}],"about":[{"href":"https:\/\/equestrian.ca\/fr\/wp-json\/wp\/v2\/types\/page"}],"author":[{"embeddable":true,"href":"https:\/\/equestrian.ca\/fr\/wp-json\/wp\/v2\/users\/8"}],"replies":[{"embeddable":true,"href":"https:\/\/equestrian.ca\/fr\/wp-json\/wp\/v2\/comments?post=26823"}],"version-history":[{"count":2,"href":"https:\/\/equestrian.ca\/fr\/wp-json\/wp\/v2\/pages\/26823\/revisions"}],"predecessor-version":[{"id":35595,"href":"https:\/\/equestrian.ca\/fr\/wp-json\/wp\/v2\/pages\/26823\/revisions\/35595"}],"up":[{"embeddable":true,"href":"https:\/\/equestrian.ca\/fr\/wp-json\/wp\/v2\/pages\/26746"}],"wp:featuredmedia":[{"embeddable":true,"href":"https:\/\/equestrian.ca\/fr\/wp-json\/wp\/v2\/media\/22772"}],"wp:attachment":[{"href":"https:\/\/equestrian.ca\/fr\/wp-json\/wp\/v2\/media?parent=26823"}],"curies":[{"name":"wp","href":"https:\/\/api.w.org\/{rel}","templated":true}]}}