{"id":26822,"date":"2023-08-30T17:34:03","date_gmt":"2023-08-30T17:34:03","guid":{"rendered":"https:\/\/equestrian.ca\/disciplines-breeds\/breeds\/morgan\/"},"modified":"2025-11-21T21:12:18","modified_gmt":"2025-11-21T21:12:18","slug":"morgan","status":"publish","type":"page","link":"https:\/\/equestrian.ca\/fr\/disciplines-breeds\/breeds\/morgan\/","title":{"rendered":"Morgan"},"content":{"rendered":"\n\t<section id=\"\" data-is-jumplink=\"false\" data-title=\"\" class=\"ra-block block-column-text anchor-link-section \">\n\t\t\t\t<div class='row'>\n\t\t\t\t\t\t\t\t\t\t\t\t\t\t<div class='col-12 col-md-12 content-column wysiwyg-content'>\n\t\t\t\t\t\t<p>Le cheval Morgan est une race am\u00e9ricaine polyvalente connue pour exceller dans un large \u00e9ventail de disciplines, dont l&rsquo;attelage et l&rsquo;\u00e9quitation classique et western. Ces chevaux robustes et puissants sont couramment utilis\u00e9s dans les concours d&rsquo;attelage et sont de plus en plus utilis\u00e9s dans d&rsquo;autres disciplines telles que le dressage, le saut d&rsquo;obstacles, la plaisance western et l&rsquo;endurance. Ils mesurent g\u00e9n\u00e9ralement de 14 \u00e0 15 mains et d\u00e9tiennent un corps puissant et compact, ainsi que des traits raffin\u00e9s. Ils portent la t\u00eate et la queue hautes et pr\u00e9sentent des allures anim\u00e9es, rassembl\u00e9es et \u00e9quilibr\u00e9es.<\/p>\n\t\t\t\t\t<\/div>\n\t\t\t\t\t\t\t\t\t\t\t<\/div>\n\t<\/section>\n\n\n\n\t<section id=\"\" data-is-jumplink=\"false\" data-title=\"\" class=\"ra-block block-media-and-text anchor-link-section \">\n\t\t<div class='row'>\n\t\t\t\t\t\t\t<div class='col-12 col-md-6 content-col order-1 order-md-2'>\n\t\t\t\t\t\t\t\t\t\t\t<a href=\"https:\/\/www.morganhorse.ca\/\" class=\"title-link\" target=\"_blank\">\n\t\t\t\t\t\t\n\t\t\t\t\t\t\t\t\t\t\t<h3 class='title show-as-h4'>Canadian Morgan Horse Association<\/h3>\n\t\t\t\t\t\t\n\t\t\t\t\t\t\t\t\t\t\t<\/a>\n\t\t\t\t\t\t\t\t\t\t\n\t\t\t\t\t\t\t\t\t\t\t<div class='content wysiwyg-content'>\n\t\t\t\t\t\t\t<p>La principale fonction de l&rsquo;association est d&rsquo;administrer et superviser l&rsquo;enregistrement du cheval Morgan au Canada. La\u00a0<a href=\"https:\/\/clrc.ca\/\" target=\"_blank\" rel=\"noopener\">Soci\u00e9t\u00e9 canadienne d&rsquo;enregistrement des animaux,<\/a>\u00a0situ\u00e9e \u00e0 Ottawa (Ontario), tient les registres de l&rsquo;association, tandis qu&rsquo;un conseil d&rsquo;administration, compos\u00e9 d&rsquo;une directrice ou d&rsquo;un directeur \u00e9lu de chaque zone, g\u00e8re l&rsquo;association.<\/p>\n\t\t\t\t\t\t<\/div>\n\t\t\t\t\t\t\t\t\t<\/div>\n\t\t\t\n\t\t\t<div class='col-12 col-md-6 picture-col order-2 order-md-1'>\n\t\t\t\t\t\t\t\t\t\t\t\t\t\t\t<a class=\"image-link\" href=\"https:\/\/www.morganhorse.ca\/\" target=\"_blank\">\n\t\t\t\t\t\n\t\t\t\t\t\n\t\t\t\n\t\t<picture class=\"contain\">\n\t\t\t<source srcset=\"https:\/\/equestrian.ca\/wp-content\/uploads\/2024\/02\/CMHA-logo.webp\" media=\"(min-width: 1280px)\">\n\t\t\t<source srcset=\"https:\/\/equestrian.ca\/wp-content\/uploads\/2024\/02\/CMHA-logo.webp\" media=\"(min-width: 1024px)\">\n\t\t\t<source srcset=\"https:\/\/equestrian.ca\/wp-content\/uploads\/2024\/02\/CMHA-logo.webp\" media=\"(min-width: 768px)\">\n\t\t\t<img decoding=\"async\" loading=\"lazy\" src=\"https:\/\/equestrian.ca\/wp-content\/uploads\/2024\/02\/CMHA-logo.webp\" alt=\"\">\n\t\t<\/picture>\n\n\t\t\t\n\t\t\t\t\t\t\t\t\t\t\t<\/a>\n\t\t\t\t\t\t\t\t\t\t\t\t<\/div>\n\t\t<\/div>\n\t<\/section>\n\n\n\t<section id='block-committee-block_cb734346cb14fbe4707317bbfedfd257' class='ra-block block-committee anchor-link-section '>\n\t\t\n\t<section id=\"feuilles-d%c3%a9valuation\" data-is-jumplink=\"false\" data-title=\"FEUILLES D'\u00c9VALUATION\" class=\"forms-and-documents-cta anchor-link-section vert3-p-b\">\n\t\t<div class=\"\">\n\t\t\t<div class='row justify-content-center'>\n\t\t\t\t<div class=\"content-col col-12 col-lg-5\">\n\t\t\t\t\t<h2 class=\"section-title\">FEUILLES D&rsquo;\u00c9VALUATION<\/h2>\n\n\t\t\t\t\t\n\t\t\t\t\t<form id=\"forms-and-documents-search-form\" action=\"\/news-info\/forms-and-documents\/\" method=\"get\" class=\"d-flex align-items-center\">\n\t\t\t\t\t\t<label class=\"sr-only\" for=\"search-term\">Search:<\/label>\n\t\t\t\t\t\t<input type=\"text\" id=\"search-term\" name=\"search-term\" placeholder=\"Recherche\" class=\"form-control input-group-field\">\n\t\t\t\t\t\t<button type=\"submit\" class=\"secondary-search-btn\"><i class=\"fal fa-search icon\"><\/i><\/button>\n\t\t\t\t\t<\/form>\n\n\t\t\t\t\t\n\t\t\t\t<\/div>\n\n\t\t\t\t\t\t\t\t\n\t\t\t\t\n\t\t\t\t\t\t\t\t\t\t\t<div class=\"resources-col col-12 col-lg-7\">\n\t\t\t\t\t\t\t<div class='row category-grid row-cols-1 row-cols-sm-2'>\n\t\t\t\t\t\t\t\t\n\t\t\t\t\t\t\t\t\t\t\t\t\t\t\t\t\t\t\t<div class='col'>\n\t\t\t\t\t\t\t\t\t\t\t<a href=\"https:\/\/equestrian.ca\/wp-content\/uploads\/2024\/02\/Morgan-Sport-Horse-In-Hand-Individual-Score-Sheet.pdf\" class='category-tile-link animate-bottom-line-on-hover' target=\"_blank\">\n\t\t\t\t\t\t\t\t\t\t\t\t\n\t\t\t\t\t\t\t\t\t\t\t\t<div class=\"title-wrapper\">\n\t\t\t\t\t\t\t\t\t\t\t\t\t<div class=\"title\">\n\t\t\t\t\t\t\t\t\t\t\t\t\t\tMORGAN TRAIL SCORE SHEET\t\t\t\t\t\t\t\t\t\t\t\t\t<\/div>\n\t\t\t\t\t\t\t\t\t\t\t\t\t\n\t\t\t\t\t\t\t\t\t\t\t\t\t\n\t\t\t\t\t\t\t\t\t\t\t\t\t\t\t\t\t\t\t\t\t\t\t\t\t<\/div>\n\n\t\t\t\t\t\t\t\t\t\t\t\t<i class=\"icon fa-light fa-files\"><\/i>\n\t\t\t\t\t\t\t\t\t\t\t<\/a>\n\t\t\t\t\t\t\t\t\t\t<\/div>\n\t\t\t\t\t\t\t\t\t\t\t\t\t\t\t\t\t\n\t\t\t\t\t\t\t\t\t\t\t\t\t\t\t\t\t\t\t<div class='col'>\n\t\t\t\t\t\t\t\t\t\t\t<a href=\"https:\/\/equestrian.ca\/wp-content\/uploads\/2024\/02\/Morgan-Sport-Horse-In-Hand-Master-Score-Sheet.pdf\" class='category-tile-link animate-bottom-line-on-hover' target=\"_blank\">\n\t\t\t\t\t\t\t\t\t\t\t\t\n\t\t\t\t\t\t\t\t\t\t\t\t<div class=\"title-wrapper\">\n\t\t\t\t\t\t\t\t\t\t\t\t\t<div class=\"title\">\n\t\t\t\t\t\t\t\t\t\t\t\t\t\tMORGAN SPORT HORSE IN-HAND MASTER SCORE SHEET\t\t\t\t\t\t\t\t\t\t\t\t\t<\/div>\n\t\t\t\t\t\t\t\t\t\t\t\t\t\n\t\t\t\t\t\t\t\t\t\t\t\t\t\n\t\t\t\t\t\t\t\t\t\t\t\t\t\t\t\t\t\t\t\t\t\t\t\t\t<\/div>\n\n\t\t\t\t\t\t\t\t\t\t\t\t<i class=\"icon fa-light fa-files\"><\/i>\n\t\t\t\t\t\t\t\t\t\t\t<\/a>\n\t\t\t\t\t\t\t\t\t\t<\/div>\n\t\t\t\t\t\t\t\t\t\t\t\t\t\t\t\t\t\n\t\t\t\t\t\t\t\t\t\t\t\t\t\t\t\t\t\t\t<div class='col'>\n\t\t\t\t\t\t\t\t\t\t\t<a href=\"https:\/\/equestrian.ca\/wp-content\/uploads\/2024\/02\/Morgan-Trail-Score-Sheet.FR.pdf\" class='category-tile-link animate-bottom-line-on-hover' target=\"_blank\">\n\t\t\t\t\t\t\t\t\t\t\t\t\n\t\t\t\t\t\t\t\t\t\t\t\t<div class=\"title-wrapper\">\n\t\t\t\t\t\t\t\t\t\t\t\t\t<div class=\"title\">\n\t\t\t\t\t\t\t\t\t\t\t\t\t\tFEUILLE D\u2019\u00c9VALUATION DES\u00c9PREUVES D\u2019OBSTACLES WESTERN (MORGAN)\t\t\t\t\t\t\t\t\t\t\t\t\t<\/div>\n\t\t\t\t\t\t\t\t\t\t\t\t\t\n\t\t\t\t\t\t\t\t\t\t\t\t\t\n\t\t\t\t\t\t\t\t\t\t\t\t\t\t\t\t\t\t\t\t\t\t\t\t\t<\/div>\n\n\t\t\t\t\t\t\t\t\t\t\t\t<i class=\"icon fa-light fa-files\"><\/i>\n\t\t\t\t\t\t\t\t\t\t\t<\/a>\n\t\t\t\t\t\t\t\t\t\t<\/div>\n\t\t\t\t\t\t\t\t\t\t\t\t\t\t\t\t\t\t\t\t\t\t\t\t<\/div>\n\t\t\t\t\t\t<\/div>\n\n\t\t\t\t\t\n\t\t\t\t\t\t\t<\/div>\n\t\t<\/div>\n\t<\/section>\n\t<\/section>\n\n\n\n\t<section id=\"\" data-is-jumplink=\"false\" data-title=\"\" class=\"ra-block block-call-to-action anchor-link-section \">\n\t\t\n\t\t<a href=\"https:\/\/equestrian.ca\/resource\/section-b-breeds-clean-digital-version\/\" target=\"\" class=\"call-to-action-col no-background-image\">\t\t\t\n\t\t\t\t<div class='cta-wrapper'>\n\t\t\t\t\t\t\t\t\t<h2 class='title'>R\u00e8gles sur les races<\/h2>\n\t\t\t\t\t\t\t\t\t\t\t\t\t<p class='content'>R\u00e8glements de Canada \u00c9questre 2024<\/p>\n\t\t\t\t\t\t\t\t\t\t\t\t\t<div class=\"btn\">Section B<\/div>\n\t\t\t\t\t\t\t<\/div>\n\t\t<\/a>\t<\/section>\n\n\n\n\t<section id=\"\" data-is-jumplink=\"false\" data-title=\"\" class=\"ra-block block-committee anchor-link-section \">\n\t\t\n<div class=\"committee-section\">\n\t\t\t<h2 class='title'>Comit\u00e9 national des sports de race de Canada \u00c9questre<\/h2>\n\t\n\t\t\t<div class='content wysiwyg-content'><p>Le Comit\u00e9 national des sports de races de CE dirige la strat\u00e9gie relative aux programmes et services de d\u00e9veloppement des sports de races au Canada.<\/p>\n<\/div>\n\t\n\t\t\t\t\t\t<div class=\"committee-group\">\n\t\t\t\t\n\t\t\t\t<div class='row row-cols-1 row-cols-sm-2 row-cols-lg-3'>\n\t\t\t\t\t\t\t\t\t\t\t\t\t\t\t\t\t\t\t\t\t\t\t\t\t\t\t\t\t\t<div class=\"col group-col\">\n\t\t\t\t\t\t\t\t<div class=\"group-tile\">\n\t\t\t\t\t\t\t\t\t<h3 class=\"member-name\">Ashley Cook Fletcher<\/h3>\n\n\t\t\t\t\t\t\t\t\t<div class=\"role-and-location\">\n\t\t\t\t\t\t\t\t\t\t\t\t\t\t\t\t\t\t\t\t\t<span class=\"role\">(American Saddlebred) <\/span>\n\t\t\t\t\t\t\t\t\t\t\n\t\t\t\t\t\t\t\t\t\t\t\t\t\t\t\t\t\t\t\t\t<span class='separator'>&vert;<\/span>\n\t\t\t\t\t\t\t\t\t\t\n\t\t\t\t\t\t\t\t\t\t\t\t\t\t\t\t\t\t\t\t\t<span class=\"location-name\">ON<\/span>\n\t\t\t\t\t\t\t\t\t\t\t\t\t\t\t\t\t\t\t<\/div>\n\n\t\t\t\t\t\t\t\t\t\t\t\t\t\t\t\t\t<\/div>\n\t\t\t\t\t\t\t<\/div>\n\t\t\t\t\t\t\t\t\t\t\t\t\t\t\t\t\t\t\t\t<div class=\"col group-col\">\n\t\t\t\t\t\t\t\t<div class=\"group-tile\">\n\t\t\t\t\t\t\t\t\t<h3 class=\"member-name\">Donna Kavanagh<\/h3>\n\n\t\t\t\t\t\t\t\t\t<div class=\"role-and-location\">\n\t\t\t\t\t\t\t\t\t\t\t\t\t\t\t\t\t\t\t\t\t<span class=\"role\">(Arabians)<\/span>\n\t\t\t\t\t\t\t\t\t\t\n\t\t\t\t\t\t\t\t\t\t\t\t\t\t\t\t\t\t\t\t\t<span class='separator'>&vert;<\/span>\n\t\t\t\t\t\t\t\t\t\t\n\t\t\t\t\t\t\t\t\t\t\t\t\t\t\t\t\t\t\t\t\t<span class=\"location-name\">AB<\/span>\n\t\t\t\t\t\t\t\t\t\t\t\t\t\t\t\t\t\t\t<\/div>\n\n\t\t\t\t\t\t\t\t\t\t\t<a href='' class='link' target=''>\n\t\t\t\t\t<\/a>\n\t\t\t\t\t\t\t\t\t\t<\/div>\n\t\t\t\t\t\t\t<\/div>\n\t\t\t\t\t\t\t\t\t\t\t\t\t\t\t\t\t\t\t\t<div class=\"col group-col\">\n\t\t\t\t\t\t\t\t<div class=\"group-tile\">\n\t\t\t\t\t\t\t\t\t<h3 class=\"member-name\">Faith Kent Robillard<\/h3>\n\n\t\t\t\t\t\t\t\t\t<div class=\"role-and-location\">\n\t\t\t\t\t\t\t\t\t\t\t\t\t\t\t\t\t\t\t\t\t<span class=\"role\">(Hackney)\u00a0<\/span>\n\t\t\t\t\t\t\t\t\t\t\n\t\t\t\t\t\t\t\t\t\t\t\t\t\t\t\t\t\t\t\t\t<span class='separator'>&vert;<\/span>\n\t\t\t\t\t\t\t\t\t\t\n\t\t\t\t\t\t\t\t\t\t\t\t\t\t\t\t\t\t\t\t\t<span class=\"location-name\">ON<\/span>\n\t\t\t\t\t\t\t\t\t\t\t\t\t\t\t\t\t\t\t<\/div>\n\n\t\t\t\t\t\t\t\t\t\t\t\t\t\t\t\t\t<\/div>\n\t\t\t\t\t\t\t<\/div>\n\t\t\t\t\t\t\t\t\t\t\t\t\t\t\t\t\t\t\t\t<div class=\"col group-col\">\n\t\t\t\t\t\t\t\t<div class=\"group-tile\">\n\t\t\t\t\t\t\t\t\t<h3 class=\"member-name\">Lisa Ross<\/h3>\n\n\t\t\t\t\t\t\t\t\t<div class=\"role-and-location\">\n\t\t\t\t\t\t\t\t\t\t\t\t\t\t\t\t\t\t\t\t\t<span class=\"role\">(Morgan)<\/span>\n\t\t\t\t\t\t\t\t\t\t\n\t\t\t\t\t\t\t\t\t\t\t\t\t\t\t\t\t\t\t\t\t<span class='separator'>&vert;<\/span>\n\t\t\t\t\t\t\t\t\t\t\n\t\t\t\t\t\t\t\t\t\t\t\t\t\t\t\t\t\t\t\t\t<span class=\"location-name\">ON<\/span>\n\t\t\t\t\t\t\t\t\t\t\t\t\t\t\t\t\t\t\t<\/div>\n\n\t\t\t\t\t\t\t\t\t\t\t<a href='' class='link' target=''>\n\t\t\t\t\t<\/a>\n\t\t\t\t\t\t\t\t\t\t<\/div>\n\t\t\t\t\t\t\t<\/div>\n\t\t\t\t\t\t\t\t\t\t\t\t\t\t\t\t\t\t\t\t<div class=\"col group-col\">\n\t\t\t\t\t\t\t\t<div class=\"group-tile\">\n\t\t\t\t\t\t\t\t\t<h3 class=\"member-name\">Penny McKee<\/h3>\n\n\t\t\t\t\t\t\t\t\t<div class=\"role-and-location\">\n\t\t\t\t\t\t\t\t\t\t\t\t\t\t\t\t\t\t\t\t\t<span class=\"role\">(Canadian Road Horse Association)<\/span>\n\t\t\t\t\t\t\t\t\t\t\n\t\t\t\t\t\t\t\t\t\t\t\t\t\t\t\t\t\t\t\t\t<span class='separator'>&vert;<\/span>\n\t\t\t\t\t\t\t\t\t\t\n\t\t\t\t\t\t\t\t\t\t\t\t\t\t\t\t\t\t\t\t\t<span class=\"location-name\">QC<\/span>\n\t\t\t\t\t\t\t\t\t\t\t\t\t\t\t\t\t\t\t<\/div>\n\n\t\t\t\t\t\t\t\t\t\t\t<a href='' class='link' target=''>\n\t\t\t\t\t<\/a>\n\t\t\t\t\t\t\t\t\t\t<\/div>\n\t\t\t\t\t\t\t<\/div>\n\t\t\t\t\t\t\t\t\t\t\t\t\t\t\t\t\t\t\t\t<div class=\"col group-col\">\n\t\t\t\t\t\t\t\t<div class=\"group-tile\">\n\t\t\t\t\t\t\t\t\t<h3 class=\"member-name\">Raylene McWade<\/h3>\n\n\t\t\t\t\t\t\t\t\t<div class=\"role-and-location\">\n\t\t\t\t\t\t\t\t\t\t\t\t\t\t\t\t\t\t\t\t\t<span class=\"role\">(Saddleseat Canada)\u00a0<\/span>\n\t\t\t\t\t\t\t\t\t\t\n\t\t\t\t\t\t\t\t\t\t\t\t\t\t\t\t\t\t\t\t\t<span class='separator'>&vert;<\/span>\n\t\t\t\t\t\t\t\t\t\t\n\t\t\t\t\t\t\t\t\t\t\t\t\t\t\t\t\t\t\t\t\t<span class=\"location-name\">AB<\/span>\n\t\t\t\t\t\t\t\t\t\t\t\t\t\t\t\t\t\t\t<\/div>\n\n\t\t\t\t\t\t\t\t\t\t\t<a href='' class='link' target=''>\n\t\t\t\t\t<\/a>\n\t\t\t\t\t\t\t\t\t\t<\/div>\n\t\t\t\t\t\t\t<\/div>\n\t\t\t\t\t\t\t\t\t\t\t\t\t\t\t\t\t\t\t\t<div class=\"col group-col\">\n\t\t\t\t\t\t\t\t<div class=\"group-tile\">\n\t\t\t\t\t\t\t\t\t<h3 class=\"member-name\">Samantha Eidsness<\/h3>\n\n\t\t\t\t\t\t\t\t\t<div class=\"role-and-location\">\n\t\t\t\t\t\t\t\t\t\t\t\t\t\t\t\t\t\t\t\t\t<span class=\"role\">Welsh Pony &#038; Cob<\/span>\n\t\t\t\t\t\t\t\t\t\t\n\t\t\t\t\t\t\t\t\t\t\t\t\t\t\t\t\t\t\t\t\t<span class='separator'>&vert;<\/span>\n\t\t\t\t\t\t\t\t\t\t\n\t\t\t\t\t\t\t\t\t\t\t\t\t\t\t\t\t\t\t\t\t<span class=\"location-name\">BC<\/span>\n\t\t\t\t\t\t\t\t\t\t\t\t\t\t\t\t\t\t\t<\/div>\n\n\t\t\t\t\t\t\t\t\t\t\t\t\t\t\t\t\t<\/div>\n\t\t\t\t\t\t\t<\/div>\n\t\t\t\t\t\t\t\t\t\t\t\t\t\t\t\t\t\t\t\t<div class=\"col group-col\">\n\t\t\t\t\t\t\t\t<div class=\"group-tile\">\n\t\t\t\t\t\t\t\t\t<h3 class=\"member-name\">Jean Klosowicz<\/h3>\n\n\t\t\t\t\t\t\t\t\t<div class=\"role-and-location\">\n\t\t\t\t\t\t\t\t\t\t\t\t\t\t\t\t\t\t\t\t\t<span class=\"role\">Membre du personnel de CE  <\/span>\n\t\t\t\t\t\t\t\t\t\t\n\t\t\t\t\t\t\t\t\t\t\t\t\t\t\t\t\t\t\t\t\t<span class='separator'>&vert;<\/span>\n\t\t\t\t\t\t\t\t\t\t\n\t\t\t\t\t\t\t\t\t\t\t\t\t\t\t\t\t\t\t\t\t<span class=\"location-name\">BC<\/span>\n\t\t\t\t\t\t\t\t\t\t\t\t\t\t\t\t\t\t\t<\/div>\n\n\t\t\t\t\t\t\t\t\t\t\t\t\t\t\t\t\t<\/div>\n\t\t\t\t\t\t\t<\/div>\n\t\t\t\t\t\t\t\t\t\t\t\t\t\t\t<\/div>\n\t\t\t<\/div>\n\t\t\t<\/div>\t<\/section>\n","protected":false},"excerpt":{"rendered":"","protected":false},"author":8,"featured_media":22743,"parent":26746,"menu_order":0,"comment_status":"closed","ping_status":"closed","template":"","meta":{"_acf_changed":false,"footnotes":""},"class_list":["post-26822","page","type-page","status-publish","has-post-thumbnail","hentry"],"acf":[],"yoast_head":"<!-- This site is optimized with the Yoast SEO plugin v27.0 - https:\/\/yoast.com\/product\/yoast-seo-wordpress\/ -->\n<title>Morgan - Equestrian Canada<\/title>\n<meta name=\"robots\" content=\"index, follow, max-snippet:-1, max-image-preview:large, max-video-preview:-1\" \/>\n<link rel=\"canonical\" href=\"https:\/\/equestrian.ca\/fr\/disciplines-breeds\/breeds\/morgan\/\" \/>\n<meta property=\"og:locale\" content=\"fr_CA\" \/>\n<meta property=\"og:type\" content=\"article\" \/>\n<meta property=\"og:title\" content=\"Morgan - Equestrian Canada\" \/>\n<meta property=\"og:url\" content=\"https:\/\/equestrian.ca\/fr\/disciplines-breeds\/breeds\/morgan\/\" \/>\n<meta property=\"og:site_name\" content=\"Equestrian Canada\" \/>\n<meta property=\"article:modified_time\" content=\"2025-11-21T21:12:18+00:00\" \/>\n<meta property=\"og:image\" content=\"https:\/\/equestrian.ca\/wp-content\/uploads\/2024\/02\/Morgan_AutomnaleBromont.jpg\" \/>\n\t<meta property=\"og:image:width\" content=\"1226\" \/>\n\t<meta property=\"og:image:height\" content=\"817\" \/>\n\t<meta property=\"og:image:type\" content=\"image\/jpeg\" \/>\n<meta name=\"twitter:card\" content=\"summary_large_image\" \/>\n<meta name=\"twitter:label1\" content=\"Estimation du temps de lecture\" \/>\n\t<meta name=\"twitter:data1\" content=\"1 minute\" \/>\n<script type=\"application\/ld+json\" class=\"yoast-schema-graph\">{\"@context\":\"https:\/\/schema.org\",\"@graph\":[{\"@type\":\"WebPage\",\"@id\":\"https:\/\/equestrian.ca\/fr\/disciplines-breeds\/breeds\/morgan\/\",\"url\":\"https:\/\/equestrian.ca\/fr\/disciplines-breeds\/breeds\/morgan\/\",\"name\":\"Morgan - Equestrian Canada\",\"isPartOf\":{\"@id\":\"https:\/\/equestrian.ca\/fr\/#website\"},\"primaryImageOfPage\":{\"@id\":\"https:\/\/equestrian.ca\/fr\/disciplines-breeds\/breeds\/morgan\/#primaryimage\"},\"image\":{\"@id\":\"https:\/\/equestrian.ca\/fr\/disciplines-breeds\/breeds\/morgan\/#primaryimage\"},\"thumbnailUrl\":\"https:\/\/equestrian.ca\/wp-content\/uploads\/2024\/02\/Morgan_AutomnaleBromont.jpg\",\"datePublished\":\"2023-08-30T17:34:03+00:00\",\"dateModified\":\"2025-11-21T21:12:18+00:00\",\"breadcrumb\":{\"@id\":\"https:\/\/equestrian.ca\/fr\/disciplines-breeds\/breeds\/morgan\/#breadcrumb\"},\"inLanguage\":\"fr-CA\",\"potentialAction\":[{\"@type\":\"ReadAction\",\"target\":[\"https:\/\/equestrian.ca\/fr\/disciplines-breeds\/breeds\/morgan\/\"]}]},{\"@type\":\"ImageObject\",\"inLanguage\":\"fr-CA\",\"@id\":\"https:\/\/equestrian.ca\/fr\/disciplines-breeds\/breeds\/morgan\/#primaryimage\",\"url\":\"https:\/\/equestrian.ca\/wp-content\/uploads\/2024\/02\/Morgan_AutomnaleBromont.jpg\",\"contentUrl\":\"https:\/\/equestrian.ca\/wp-content\/uploads\/2024\/02\/Morgan_AutomnaleBromont.jpg\",\"width\":1226,\"height\":817},{\"@type\":\"BreadcrumbList\",\"@id\":\"https:\/\/equestrian.ca\/fr\/disciplines-breeds\/breeds\/morgan\/#breadcrumb\",\"itemListElement\":[{\"@type\":\"ListItem\",\"position\":1,\"name\":\"Home\",\"item\":\"https:\/\/equestrian.ca\/fr\/\"},{\"@type\":\"ListItem\",\"position\":2,\"name\":\"Disciplines et sports de races\",\"item\":\"https:\/\/equestrian.ca\/fr\/disciplines-breeds\/\"},{\"@type\":\"ListItem\",\"position\":3,\"name\":\"Sports de races\",\"item\":\"https:\/\/equestrian.ca\/fr\/disciplines-breeds\/breeds\/\"},{\"@type\":\"ListItem\",\"position\":4,\"name\":\"Morgan\"}]},{\"@type\":\"WebSite\",\"@id\":\"https:\/\/equestrian.ca\/fr\/#website\",\"url\":\"https:\/\/equestrian.ca\/fr\/\",\"name\":\"Equestrian Canada\",\"description\":\"For the love of horses and sport for life.\",\"potentialAction\":[{\"@type\":\"SearchAction\",\"target\":{\"@type\":\"EntryPoint\",\"urlTemplate\":\"https:\/\/equestrian.ca\/fr\/?s={search_term_string}\"},\"query-input\":{\"@type\":\"PropertyValueSpecification\",\"valueRequired\":true,\"valueName\":\"search_term_string\"}}],\"inLanguage\":\"fr-CA\"}]}<\/script>\n<!-- \/ Yoast SEO plugin. -->","yoast_head_json":{"title":"Morgan - Equestrian Canada","robots":{"index":"index","follow":"follow","max-snippet":"max-snippet:-1","max-image-preview":"max-image-preview:large","max-video-preview":"max-video-preview:-1"},"canonical":"https:\/\/equestrian.ca\/fr\/disciplines-breeds\/breeds\/morgan\/","og_locale":"fr_CA","og_type":"article","og_title":"Morgan - Equestrian Canada","og_url":"https:\/\/equestrian.ca\/fr\/disciplines-breeds\/breeds\/morgan\/","og_site_name":"Equestrian Canada","article_modified_time":"2025-11-21T21:12:18+00:00","og_image":[{"width":1226,"height":817,"url":"https:\/\/equestrian.ca\/wp-content\/uploads\/2024\/02\/Morgan_AutomnaleBromont.jpg","type":"image\/jpeg"}],"twitter_card":"summary_large_image","twitter_misc":{"Estimation du temps de lecture":"1 minute"},"schema":{"@context":"https:\/\/schema.org","@graph":[{"@type":"WebPage","@id":"https:\/\/equestrian.ca\/fr\/disciplines-breeds\/breeds\/morgan\/","url":"https:\/\/equestrian.ca\/fr\/disciplines-breeds\/breeds\/morgan\/","name":"Morgan - Equestrian Canada","isPartOf":{"@id":"https:\/\/equestrian.ca\/fr\/#website"},"primaryImageOfPage":{"@id":"https:\/\/equestrian.ca\/fr\/disciplines-breeds\/breeds\/morgan\/#primaryimage"},"image":{"@id":"https:\/\/equestrian.ca\/fr\/disciplines-breeds\/breeds\/morgan\/#primaryimage"},"thumbnailUrl":"https:\/\/equestrian.ca\/wp-content\/uploads\/2024\/02\/Morgan_AutomnaleBromont.jpg","datePublished":"2023-08-30T17:34:03+00:00","dateModified":"2025-11-21T21:12:18+00:00","breadcrumb":{"@id":"https:\/\/equestrian.ca\/fr\/disciplines-breeds\/breeds\/morgan\/#breadcrumb"},"inLanguage":"fr-CA","potentialAction":[{"@type":"ReadAction","target":["https:\/\/equestrian.ca\/fr\/disciplines-breeds\/breeds\/morgan\/"]}]},{"@type":"ImageObject","inLanguage":"fr-CA","@id":"https:\/\/equestrian.ca\/fr\/disciplines-breeds\/breeds\/morgan\/#primaryimage","url":"https:\/\/equestrian.ca\/wp-content\/uploads\/2024\/02\/Morgan_AutomnaleBromont.jpg","contentUrl":"https:\/\/equestrian.ca\/wp-content\/uploads\/2024\/02\/Morgan_AutomnaleBromont.jpg","width":1226,"height":817},{"@type":"BreadcrumbList","@id":"https:\/\/equestrian.ca\/fr\/disciplines-breeds\/breeds\/morgan\/#breadcrumb","itemListElement":[{"@type":"ListItem","position":1,"name":"Home","item":"https:\/\/equestrian.ca\/fr\/"},{"@type":"ListItem","position":2,"name":"Disciplines et sports de races","item":"https:\/\/equestrian.ca\/fr\/disciplines-breeds\/"},{"@type":"ListItem","position":3,"name":"Sports de races","item":"https:\/\/equestrian.ca\/fr\/disciplines-breeds\/breeds\/"},{"@type":"ListItem","position":4,"name":"Morgan"}]},{"@type":"WebSite","@id":"https:\/\/equestrian.ca\/fr\/#website","url":"https:\/\/equestrian.ca\/fr\/","name":"Equestrian Canada","description":"For the love of horses and sport for life.","potentialAction":[{"@type":"SearchAction","target":{"@type":"EntryPoint","urlTemplate":"https:\/\/equestrian.ca\/fr\/?s={search_term_string}"},"query-input":{"@type":"PropertyValueSpecification","valueRequired":true,"valueName":"search_term_string"}}],"inLanguage":"fr-CA"}]}},"_links":{"self":[{"href":"https:\/\/equestrian.ca\/fr\/wp-json\/wp\/v2\/pages\/26822","targetHints":{"allow":["GET"]}}],"collection":[{"href":"https:\/\/equestrian.ca\/fr\/wp-json\/wp\/v2\/pages"}],"about":[{"href":"https:\/\/equestrian.ca\/fr\/wp-json\/wp\/v2\/types\/page"}],"author":[{"embeddable":true,"href":"https:\/\/equestrian.ca\/fr\/wp-json\/wp\/v2\/users\/8"}],"replies":[{"embeddable":true,"href":"https:\/\/equestrian.ca\/fr\/wp-json\/wp\/v2\/comments?post=26822"}],"version-history":[{"count":2,"href":"https:\/\/equestrian.ca\/fr\/wp-json\/wp\/v2\/pages\/26822\/revisions"}],"predecessor-version":[{"id":35593,"href":"https:\/\/equestrian.ca\/fr\/wp-json\/wp\/v2\/pages\/26822\/revisions\/35593"}],"up":[{"embeddable":true,"href":"https:\/\/equestrian.ca\/fr\/wp-json\/wp\/v2\/pages\/26746"}],"wp:featuredmedia":[{"embeddable":true,"href":"https:\/\/equestrian.ca\/fr\/wp-json\/wp\/v2\/media\/22743"}],"wp:attachment":[{"href":"https:\/\/equestrian.ca\/fr\/wp-json\/wp\/v2\/media?parent=26822"}],"curies":[{"name":"wp","href":"https:\/\/api.w.org\/{rel}","templated":true}]}}