{"id":26820,"date":"2023-08-30T17:33:13","date_gmt":"2023-08-30T17:33:13","guid":{"rendered":"https:\/\/equestrian.ca\/disciplines-breeds\/breeds\/arabian\/"},"modified":"2025-11-24T15:21:50","modified_gmt":"2025-11-24T15:21:50","slug":"arabian","status":"publish","type":"page","link":"https:\/\/equestrian.ca\/fr\/disciplines-breeds\/breeds\/arabian\/","title":{"rendered":"Arabe"},"content":{"rendered":"\n\t<section id=\"\" data-is-jumplink=\"false\" data-title=\"\" class=\"ra-block block-column-text anchor-link-section \">\n\t\t\t\t<div class='row'>\n\t\t\t\t\t\t\t\t\t\t\t\t\t\t<div class='col-12 col-md-12 content-column wysiwyg-content'>\n\t\t\t\t\t\t<p>Les chevaux arabes sont facilement reconnaissables \u00e0 la forme distinctive de leur t\u00eate et \u00e0 leur queue haute. Ils ont une t\u00eate raffin\u00e9e et cisel\u00e9e avec un profil bomb\u00e9, de grandes narines, de grands yeux et un long cou arqu\u00e9 avec un dos court et droit. Certains Arabes ont moins de vert\u00e8bres lombaires et de paires de c\u00f4tes que les autres chevaux. Ils ont une poitrine profonde, un port de queue \u00e9lev\u00e9, des jambes fortes et des sabots durs et r\u00e9sistants. Leur taille varie g\u00e9n\u00e9ralement entre 14,1 et 15,2 mains.<\/p>\n<p>Petits et l\u00e9gers, les chevaux arabes sont consid\u00e9r\u00e9s comme des chevaux et non comme des poneys, m\u00eame s&rsquo;ils tombent sous la barre traditionnelle des 14,2 mains.<\/p>\n<p>Bien qu&rsquo;ils continuent d&rsquo;exceller dans les disciplines de l&rsquo;endurance et de la comp\u00e9tition, ces chevaux conviennent aux cavaliers et cavali\u00e8res de loisir dans de nombreuses disciplines. Ils conviennent aussi bien aux courses qu&rsquo;\u00e0 l&rsquo;\u00e9quitation de loisir et font d&rsquo;excellents chevaux d&rsquo;\u00e9cole sur lesquels de nombreux nouveaux cavaliers et cavali\u00e8res apprennent \u00e0 monter.<\/p>\n\t\t\t\t\t<\/div>\n\t\t\t\t\t\t\t\t\t\t\t<\/div>\n\t<\/section>\n\n\n\n\t<section id=\"\" data-is-jumplink=\"false\" data-title=\"\" class=\"ra-block block-media-and-text anchor-link-section \">\n\t\t<div class='row'>\n\t\t\t\t\t\t\t<div class='col-12 col-md-6 content-col order-1 order-md-2'>\n\t\t\t\t\t\t\t\t\t\t\t<a href=\"https:\/\/www.cahr.ca\/\" class=\"title-link\" target=\"_blank\">\n\t\t\t\t\t\t\n\t\t\t\t\t\t\t\t\t\t\t<h3 class='title show-as-h4'>Canadian Arabian Horse Registry<\/h3>\n\t\t\t\t\t\t\n\t\t\t\t\t\t\t\t\t\t\t<\/a>\n\t\t\t\t\t\t\t\t\t\t\n\t\t\t\t\t\t\t\t\t\t\t<div class='content wysiwyg-content'>\n\t\t\t\t\t\t\t<p>L&rsquo;objectif du CAHR est d&rsquo;encourager, de d\u00e9velopper et de r\u00e9pertorier &lsquo;\u00e9levage de chevaux arabes au Canada.<\/p>\n\t\t\t\t\t\t<\/div>\n\t\t\t\t\t\t\t\t\t<\/div>\n\t\t\t\n\t\t\t<div class='col-12 col-md-6 picture-col order-2 order-md-1'>\n\t\t\t\t\t\t\t\t\t\t\t\t\t\t\t<a class=\"image-link\" href=\"https:\/\/www.cahr.ca\/\" target=\"_blank\">\n\t\t\t\t\t\n\t\t\t\t\t\n\t\t\t\n\t\t<picture class=\"contain\">\n\t\t\t<source srcset=\"https:\/\/equestrian.ca\/wp-content\/uploads\/2024\/02\/CND-Arabian-Horse-Registry-Logo.jpg\" media=\"(min-width: 1280px)\">\n\t\t\t<source srcset=\"https:\/\/equestrian.ca\/wp-content\/uploads\/2024\/02\/CND-Arabian-Horse-Registry-Logo.jpg\" media=\"(min-width: 1024px)\">\n\t\t\t<source srcset=\"https:\/\/equestrian.ca\/wp-content\/uploads\/2024\/02\/CND-Arabian-Horse-Registry-Logo.jpg\" media=\"(min-width: 768px)\">\n\t\t\t<img decoding=\"async\" loading=\"lazy\" src=\"https:\/\/equestrian.ca\/wp-content\/uploads\/2024\/02\/CND-Arabian-Horse-Registry-Logo-640x125.jpg\" alt=\"\">\n\t\t<\/picture>\n\n\t\t\t\n\t\t\t\t\t\t\t\t\t\t\t<\/a>\n\t\t\t\t\t\t\t\t\t\t\t\t<\/div>\n\t\t<\/div>\n\t<\/section>\n\n\n\n\t<section id=\"\" data-is-jumplink=\"false\" data-title=\"\" class=\"ra-block block-call-to-action anchor-link-section \">\n\t\t\n\t\t<a href=\"https:\/\/equestrian.ca\/resource\/section-b-breeds-clean-digital-version\/\" target=\"\" class=\"call-to-action-col no-background-image\">\t\t\t\n\t\t\t\t<div class='cta-wrapper'>\n\t\t\t\t\t\t\t\t\t<h2 class='title'>R\u00e8gles sur les races<\/h2>\n\t\t\t\t\t\t\t\t\t\t\t\t\t<p class='content'>R\u00e8glements de Canada \u00c9questre 2024<\/p>\n\t\t\t\t\t\t\t\t\t\t\t\t\t<div class=\"btn\">Section B<\/div>\n\t\t\t\t\t\t\t<\/div>\n\t\t<\/a>\t<\/section>\n\n\n\n\t<section id=\"\" data-is-jumplink=\"false\" data-title=\"\" class=\"ra-block block-committee anchor-link-section \">\n\t\t\n<div class=\"committee-section\">\n\t\t\t<h2 class='title'>Comit\u00e9 national des sports de race de Canada \u00c9questre<\/h2>\n\t\n\t\t\t<div class='content wysiwyg-content'><p>Le Comit\u00e9 national des sports de races de CE dirige la strat\u00e9gie relative aux programmes et services de d\u00e9veloppement des sports de races au Canada.<\/p>\n<\/div>\n\t\n\t\t\t\t\t\t<div class=\"committee-group\">\n\t\t\t\t\n\t\t\t\t<div class='row row-cols-1 row-cols-sm-2 row-cols-lg-3'>\n\t\t\t\t\t\t\t\t\t\t\t\t\t\t\t\t\t\t\t\t\t\t\t\t\t\t\t\t\t\t<div class=\"col group-col\">\n\t\t\t\t\t\t\t\t<div class=\"group-tile\">\n\t\t\t\t\t\t\t\t\t<h3 class=\"member-name\">Ashley Cook Fletcher<\/h3>\n\n\t\t\t\t\t\t\t\t\t<div class=\"role-and-location\">\n\t\t\t\t\t\t\t\t\t\t\t\t\t\t\t\t\t\t\t\t\t<span class=\"role\">(American Saddlebred) <\/span>\n\t\t\t\t\t\t\t\t\t\t\n\t\t\t\t\t\t\t\t\t\t\t\t\t\t\t\t\t\t\t\t\t<span class='separator'>&vert;<\/span>\n\t\t\t\t\t\t\t\t\t\t\n\t\t\t\t\t\t\t\t\t\t\t\t\t\t\t\t\t\t\t\t\t<span class=\"location-name\">ON<\/span>\n\t\t\t\t\t\t\t\t\t\t\t\t\t\t\t\t\t\t\t<\/div>\n\n\t\t\t\t\t\t\t\t\t\t\t\t\t\t\t\t\t<\/div>\n\t\t\t\t\t\t\t<\/div>\n\t\t\t\t\t\t\t\t\t\t\t\t\t\t\t\t\t\t\t\t<div class=\"col group-col\">\n\t\t\t\t\t\t\t\t<div class=\"group-tile\">\n\t\t\t\t\t\t\t\t\t<h3 class=\"member-name\">Donna Kavanagh<\/h3>\n\n\t\t\t\t\t\t\t\t\t<div class=\"role-and-location\">\n\t\t\t\t\t\t\t\t\t\t\t\t\t\t\t\t\t\t\t\t\t<span class=\"role\">(Arabians)<\/span>\n\t\t\t\t\t\t\t\t\t\t\n\t\t\t\t\t\t\t\t\t\t\t\t\t\t\t\t\t\t\t\t\t<span class='separator'>&vert;<\/span>\n\t\t\t\t\t\t\t\t\t\t\n\t\t\t\t\t\t\t\t\t\t\t\t\t\t\t\t\t\t\t\t\t<span class=\"location-name\">AB<\/span>\n\t\t\t\t\t\t\t\t\t\t\t\t\t\t\t\t\t\t\t<\/div>\n\n\t\t\t\t\t\t\t\t\t\t\t<a href='' class='link' target=''>\n\t\t\t\t\t<\/a>\n\t\t\t\t\t\t\t\t\t\t<\/div>\n\t\t\t\t\t\t\t<\/div>\n\t\t\t\t\t\t\t\t\t\t\t\t\t\t\t\t\t\t\t\t<div class=\"col group-col\">\n\t\t\t\t\t\t\t\t<div class=\"group-tile\">\n\t\t\t\t\t\t\t\t\t<h3 class=\"member-name\">Faith Kent Robillard<\/h3>\n\n\t\t\t\t\t\t\t\t\t<div class=\"role-and-location\">\n\t\t\t\t\t\t\t\t\t\t\t\t\t\t\t\t\t\t\t\t\t<span class=\"role\">(Hackney)\u00a0<\/span>\n\t\t\t\t\t\t\t\t\t\t\n\t\t\t\t\t\t\t\t\t\t\t\t\t\t\t\t\t\t\t\t\t<span class='separator'>&vert;<\/span>\n\t\t\t\t\t\t\t\t\t\t\n\t\t\t\t\t\t\t\t\t\t\t\t\t\t\t\t\t\t\t\t\t<span class=\"location-name\">ON<\/span>\n\t\t\t\t\t\t\t\t\t\t\t\t\t\t\t\t\t\t\t<\/div>\n\n\t\t\t\t\t\t\t\t\t\t\t\t\t\t\t\t\t<\/div>\n\t\t\t\t\t\t\t<\/div>\n\t\t\t\t\t\t\t\t\t\t\t\t\t\t\t\t\t\t\t\t<div class=\"col group-col\">\n\t\t\t\t\t\t\t\t<div class=\"group-tile\">\n\t\t\t\t\t\t\t\t\t<h3 class=\"member-name\">Lisa Ross<\/h3>\n\n\t\t\t\t\t\t\t\t\t<div class=\"role-and-location\">\n\t\t\t\t\t\t\t\t\t\t\t\t\t\t\t\t\t\t\t\t\t<span class=\"role\">(Morgan)<\/span>\n\t\t\t\t\t\t\t\t\t\t\n\t\t\t\t\t\t\t\t\t\t\t\t\t\t\t\t\t\t\t\t\t<span class='separator'>&vert;<\/span>\n\t\t\t\t\t\t\t\t\t\t\n\t\t\t\t\t\t\t\t\t\t\t\t\t\t\t\t\t\t\t\t\t<span class=\"location-name\">ON<\/span>\n\t\t\t\t\t\t\t\t\t\t\t\t\t\t\t\t\t\t\t<\/div>\n\n\t\t\t\t\t\t\t\t\t\t\t<a href='' class='link' target=''>\n\t\t\t\t\t<\/a>\n\t\t\t\t\t\t\t\t\t\t<\/div>\n\t\t\t\t\t\t\t<\/div>\n\t\t\t\t\t\t\t\t\t\t\t\t\t\t\t\t\t\t\t\t<div class=\"col group-col\">\n\t\t\t\t\t\t\t\t<div class=\"group-tile\">\n\t\t\t\t\t\t\t\t\t<h3 class=\"member-name\">Penny McKee<\/h3>\n\n\t\t\t\t\t\t\t\t\t<div class=\"role-and-location\">\n\t\t\t\t\t\t\t\t\t\t\t\t\t\t\t\t\t\t\t\t\t<span class=\"role\">(Canadian Road Horse Association)<\/span>\n\t\t\t\t\t\t\t\t\t\t\n\t\t\t\t\t\t\t\t\t\t\t\t\t\t\t\t\t\t\t\t\t<span class='separator'>&vert;<\/span>\n\t\t\t\t\t\t\t\t\t\t\n\t\t\t\t\t\t\t\t\t\t\t\t\t\t\t\t\t\t\t\t\t<span class=\"location-name\">QC<\/span>\n\t\t\t\t\t\t\t\t\t\t\t\t\t\t\t\t\t\t\t<\/div>\n\n\t\t\t\t\t\t\t\t\t\t\t<a href='' class='link' target=''>\n\t\t\t\t\t<\/a>\n\t\t\t\t\t\t\t\t\t\t<\/div>\n\t\t\t\t\t\t\t<\/div>\n\t\t\t\t\t\t\t\t\t\t\t\t\t\t\t\t\t\t\t\t<div class=\"col group-col\">\n\t\t\t\t\t\t\t\t<div class=\"group-tile\">\n\t\t\t\t\t\t\t\t\t<h3 class=\"member-name\">Raylene McWade<\/h3>\n\n\t\t\t\t\t\t\t\t\t<div class=\"role-and-location\">\n\t\t\t\t\t\t\t\t\t\t\t\t\t\t\t\t\t\t\t\t\t<span class=\"role\">(Saddleseat Canada)\u00a0<\/span>\n\t\t\t\t\t\t\t\t\t\t\n\t\t\t\t\t\t\t\t\t\t\t\t\t\t\t\t\t\t\t\t\t<span class='separator'>&vert;<\/span>\n\t\t\t\t\t\t\t\t\t\t\n\t\t\t\t\t\t\t\t\t\t\t\t\t\t\t\t\t\t\t\t\t<span class=\"location-name\">AB<\/span>\n\t\t\t\t\t\t\t\t\t\t\t\t\t\t\t\t\t\t\t<\/div>\n\n\t\t\t\t\t\t\t\t\t\t\t<a href='' class='link' target=''>\n\t\t\t\t\t<\/a>\n\t\t\t\t\t\t\t\t\t\t<\/div>\n\t\t\t\t\t\t\t<\/div>\n\t\t\t\t\t\t\t\t\t\t\t\t\t\t\t\t\t\t\t\t<div class=\"col group-col\">\n\t\t\t\t\t\t\t\t<div class=\"group-tile\">\n\t\t\t\t\t\t\t\t\t<h3 class=\"member-name\">Samantha Eidsness<\/h3>\n\n\t\t\t\t\t\t\t\t\t<div class=\"role-and-location\">\n\t\t\t\t\t\t\t\t\t\t\t\t\t\t\t\t\t\t\t\t\t<span class=\"role\">Welsh Pony &#038; Cob<\/span>\n\t\t\t\t\t\t\t\t\t\t\n\t\t\t\t\t\t\t\t\t\t\t\t\t\t\t\t\t\t\t\t\t<span class='separator'>&vert;<\/span>\n\t\t\t\t\t\t\t\t\t\t\n\t\t\t\t\t\t\t\t\t\t\t\t\t\t\t\t\t\t\t\t\t<span class=\"location-name\">BC<\/span>\n\t\t\t\t\t\t\t\t\t\t\t\t\t\t\t\t\t\t\t<\/div>\n\n\t\t\t\t\t\t\t\t\t\t\t\t\t\t\t\t\t<\/div>\n\t\t\t\t\t\t\t<\/div>\n\t\t\t\t\t\t\t\t\t\t\t\t\t\t\t\t\t\t\t\t<div class=\"col group-col\">\n\t\t\t\t\t\t\t\t<div class=\"group-tile\">\n\t\t\t\t\t\t\t\t\t<h3 class=\"member-name\">Jean Klosowicz<\/h3>\n\n\t\t\t\t\t\t\t\t\t<div class=\"role-and-location\">\n\t\t\t\t\t\t\t\t\t\t\t\t\t\t\t\t\t\t\t\t\t<span class=\"role\">Membre du personnel de CE  <\/span>\n\t\t\t\t\t\t\t\t\t\t\n\t\t\t\t\t\t\t\t\t\t\t\t\t\t\t\t\t\t\t\t\t<span class='separator'>&vert;<\/span>\n\t\t\t\t\t\t\t\t\t\t\n\t\t\t\t\t\t\t\t\t\t\t\t\t\t\t\t\t\t\t\t\t<span class=\"location-name\">BC<\/span>\n\t\t\t\t\t\t\t\t\t\t\t\t\t\t\t\t\t\t\t<\/div>\n\n\t\t\t\t\t\t\t\t\t\t\t\t\t\t\t\t\t<\/div>\n\t\t\t\t\t\t\t<\/div>\n\t\t\t\t\t\t\t\t\t\t\t\t\t\t\t<\/div>\n\t\t\t<\/div>\n\t\t\t<\/div>\t<\/section>\n","protected":false},"excerpt":{"rendered":"","protected":false},"author":8,"featured_media":21070,"parent":26746,"menu_order":0,"comment_status":"closed","ping_status":"closed","template":"","meta":{"_acf_changed":false,"footnotes":""},"class_list":["post-26820","page","type-page","status-publish","has-post-thumbnail","hentry"],"acf":[],"yoast_head":"<!-- This site is optimized with the Yoast SEO plugin v27.0 - https:\/\/yoast.com\/product\/yoast-seo-wordpress\/ -->\n<title>Arabe - Equestrian Canada<\/title>\n<meta name=\"robots\" content=\"index, follow, max-snippet:-1, max-image-preview:large, max-video-preview:-1\" \/>\n<link rel=\"canonical\" href=\"https:\/\/equestrian.ca\/fr\/disciplines-breeds\/breeds\/arabian\/\" \/>\n<meta property=\"og:locale\" content=\"fr_CA\" \/>\n<meta property=\"og:type\" content=\"article\" \/>\n<meta property=\"og:title\" content=\"Arabe - Equestrian Canada\" \/>\n<meta property=\"og:url\" content=\"https:\/\/equestrian.ca\/fr\/disciplines-breeds\/breeds\/arabian\/\" \/>\n<meta property=\"og:site_name\" content=\"Equestrian Canada\" \/>\n<meta property=\"article:modified_time\" content=\"2025-11-24T15:21:50+00:00\" \/>\n<meta property=\"og:image\" content=\"https:\/\/equestrian.ca\/wp-content\/uploads\/2023\/09\/Kassidy-Keith-and-Havana-by-Quinn-Saunders-for-Tbird-1024x683.jpg\" \/>\n\t<meta property=\"og:image:width\" content=\"1024\" \/>\n\t<meta property=\"og:image:height\" content=\"683\" \/>\n\t<meta property=\"og:image:type\" content=\"image\/jpeg\" \/>\n<meta name=\"twitter:card\" content=\"summary_large_image\" \/>\n<meta name=\"twitter:label1\" content=\"Estimation du temps de lecture\" \/>\n\t<meta name=\"twitter:data1\" content=\"1 minute\" \/>\n<script type=\"application\/ld+json\" class=\"yoast-schema-graph\">{\"@context\":\"https:\/\/schema.org\",\"@graph\":[{\"@type\":\"WebPage\",\"@id\":\"https:\/\/equestrian.ca\/fr\/disciplines-breeds\/breeds\/arabian\/\",\"url\":\"https:\/\/equestrian.ca\/fr\/disciplines-breeds\/breeds\/arabian\/\",\"name\":\"Arabe - Equestrian Canada\",\"isPartOf\":{\"@id\":\"https:\/\/equestrian.ca\/fr\/#website\"},\"primaryImageOfPage\":{\"@id\":\"https:\/\/equestrian.ca\/fr\/disciplines-breeds\/breeds\/arabian\/#primaryimage\"},\"image\":{\"@id\":\"https:\/\/equestrian.ca\/fr\/disciplines-breeds\/breeds\/arabian\/#primaryimage\"},\"thumbnailUrl\":\"https:\/\/equestrian.ca\/wp-content\/uploads\/2023\/09\/Kassidy-Keith-and-Havana-by-Quinn-Saunders-for-Tbird.JPG\",\"datePublished\":\"2023-08-30T17:33:13+00:00\",\"dateModified\":\"2025-11-24T15:21:50+00:00\",\"breadcrumb\":{\"@id\":\"https:\/\/equestrian.ca\/fr\/disciplines-breeds\/breeds\/arabian\/#breadcrumb\"},\"inLanguage\":\"fr-CA\",\"potentialAction\":[{\"@type\":\"ReadAction\",\"target\":[\"https:\/\/equestrian.ca\/fr\/disciplines-breeds\/breeds\/arabian\/\"]}]},{\"@type\":\"ImageObject\",\"inLanguage\":\"fr-CA\",\"@id\":\"https:\/\/equestrian.ca\/fr\/disciplines-breeds\/breeds\/arabian\/#primaryimage\",\"url\":\"https:\/\/equestrian.ca\/wp-content\/uploads\/2023\/09\/Kassidy-Keith-and-Havana-by-Quinn-Saunders-for-Tbird.JPG\",\"contentUrl\":\"https:\/\/equestrian.ca\/wp-content\/uploads\/2023\/09\/Kassidy-Keith-and-Havana-by-Quinn-Saunders-for-Tbird.JPG\",\"width\":8192,\"height\":5464},{\"@type\":\"BreadcrumbList\",\"@id\":\"https:\/\/equestrian.ca\/fr\/disciplines-breeds\/breeds\/arabian\/#breadcrumb\",\"itemListElement\":[{\"@type\":\"ListItem\",\"position\":1,\"name\":\"Home\",\"item\":\"https:\/\/equestrian.ca\/fr\/\"},{\"@type\":\"ListItem\",\"position\":2,\"name\":\"Disciplines et sports de races\",\"item\":\"https:\/\/equestrian.ca\/fr\/disciplines-breeds\/\"},{\"@type\":\"ListItem\",\"position\":3,\"name\":\"Sports de races\",\"item\":\"https:\/\/equestrian.ca\/fr\/disciplines-breeds\/breeds\/\"},{\"@type\":\"ListItem\",\"position\":4,\"name\":\"Arabe\"}]},{\"@type\":\"WebSite\",\"@id\":\"https:\/\/equestrian.ca\/fr\/#website\",\"url\":\"https:\/\/equestrian.ca\/fr\/\",\"name\":\"Equestrian Canada\",\"description\":\"For the love of horses and sport for life.\",\"potentialAction\":[{\"@type\":\"SearchAction\",\"target\":{\"@type\":\"EntryPoint\",\"urlTemplate\":\"https:\/\/equestrian.ca\/fr\/?s={search_term_string}\"},\"query-input\":{\"@type\":\"PropertyValueSpecification\",\"valueRequired\":true,\"valueName\":\"search_term_string\"}}],\"inLanguage\":\"fr-CA\"}]}<\/script>\n<!-- \/ Yoast SEO plugin. -->","yoast_head_json":{"title":"Arabe - Equestrian Canada","robots":{"index":"index","follow":"follow","max-snippet":"max-snippet:-1","max-image-preview":"max-image-preview:large","max-video-preview":"max-video-preview:-1"},"canonical":"https:\/\/equestrian.ca\/fr\/disciplines-breeds\/breeds\/arabian\/","og_locale":"fr_CA","og_type":"article","og_title":"Arabe - Equestrian Canada","og_url":"https:\/\/equestrian.ca\/fr\/disciplines-breeds\/breeds\/arabian\/","og_site_name":"Equestrian Canada","article_modified_time":"2025-11-24T15:21:50+00:00","og_image":[{"width":1024,"height":683,"url":"https:\/\/equestrian.ca\/wp-content\/uploads\/2023\/09\/Kassidy-Keith-and-Havana-by-Quinn-Saunders-for-Tbird-1024x683.jpg","type":"image\/jpeg"}],"twitter_card":"summary_large_image","twitter_misc":{"Estimation du temps de lecture":"1 minute"},"schema":{"@context":"https:\/\/schema.org","@graph":[{"@type":"WebPage","@id":"https:\/\/equestrian.ca\/fr\/disciplines-breeds\/breeds\/arabian\/","url":"https:\/\/equestrian.ca\/fr\/disciplines-breeds\/breeds\/arabian\/","name":"Arabe - Equestrian Canada","isPartOf":{"@id":"https:\/\/equestrian.ca\/fr\/#website"},"primaryImageOfPage":{"@id":"https:\/\/equestrian.ca\/fr\/disciplines-breeds\/breeds\/arabian\/#primaryimage"},"image":{"@id":"https:\/\/equestrian.ca\/fr\/disciplines-breeds\/breeds\/arabian\/#primaryimage"},"thumbnailUrl":"https:\/\/equestrian.ca\/wp-content\/uploads\/2023\/09\/Kassidy-Keith-and-Havana-by-Quinn-Saunders-for-Tbird.JPG","datePublished":"2023-08-30T17:33:13+00:00","dateModified":"2025-11-24T15:21:50+00:00","breadcrumb":{"@id":"https:\/\/equestrian.ca\/fr\/disciplines-breeds\/breeds\/arabian\/#breadcrumb"},"inLanguage":"fr-CA","potentialAction":[{"@type":"ReadAction","target":["https:\/\/equestrian.ca\/fr\/disciplines-breeds\/breeds\/arabian\/"]}]},{"@type":"ImageObject","inLanguage":"fr-CA","@id":"https:\/\/equestrian.ca\/fr\/disciplines-breeds\/breeds\/arabian\/#primaryimage","url":"https:\/\/equestrian.ca\/wp-content\/uploads\/2023\/09\/Kassidy-Keith-and-Havana-by-Quinn-Saunders-for-Tbird.JPG","contentUrl":"https:\/\/equestrian.ca\/wp-content\/uploads\/2023\/09\/Kassidy-Keith-and-Havana-by-Quinn-Saunders-for-Tbird.JPG","width":8192,"height":5464},{"@type":"BreadcrumbList","@id":"https:\/\/equestrian.ca\/fr\/disciplines-breeds\/breeds\/arabian\/#breadcrumb","itemListElement":[{"@type":"ListItem","position":1,"name":"Home","item":"https:\/\/equestrian.ca\/fr\/"},{"@type":"ListItem","position":2,"name":"Disciplines et sports de races","item":"https:\/\/equestrian.ca\/fr\/disciplines-breeds\/"},{"@type":"ListItem","position":3,"name":"Sports de races","item":"https:\/\/equestrian.ca\/fr\/disciplines-breeds\/breeds\/"},{"@type":"ListItem","position":4,"name":"Arabe"}]},{"@type":"WebSite","@id":"https:\/\/equestrian.ca\/fr\/#website","url":"https:\/\/equestrian.ca\/fr\/","name":"Equestrian Canada","description":"For the love of horses and sport for life.","potentialAction":[{"@type":"SearchAction","target":{"@type":"EntryPoint","urlTemplate":"https:\/\/equestrian.ca\/fr\/?s={search_term_string}"},"query-input":{"@type":"PropertyValueSpecification","valueRequired":true,"valueName":"search_term_string"}}],"inLanguage":"fr-CA"}]}},"_links":{"self":[{"href":"https:\/\/equestrian.ca\/fr\/wp-json\/wp\/v2\/pages\/26820","targetHints":{"allow":["GET"]}}],"collection":[{"href":"https:\/\/equestrian.ca\/fr\/wp-json\/wp\/v2\/pages"}],"about":[{"href":"https:\/\/equestrian.ca\/fr\/wp-json\/wp\/v2\/types\/page"}],"author":[{"embeddable":true,"href":"https:\/\/equestrian.ca\/fr\/wp-json\/wp\/v2\/users\/8"}],"replies":[{"embeddable":true,"href":"https:\/\/equestrian.ca\/fr\/wp-json\/wp\/v2\/comments?post=26820"}],"version-history":[{"count":2,"href":"https:\/\/equestrian.ca\/fr\/wp-json\/wp\/v2\/pages\/26820\/revisions"}],"predecessor-version":[{"id":35605,"href":"https:\/\/equestrian.ca\/fr\/wp-json\/wp\/v2\/pages\/26820\/revisions\/35605"}],"up":[{"embeddable":true,"href":"https:\/\/equestrian.ca\/fr\/wp-json\/wp\/v2\/pages\/26746"}],"wp:featuredmedia":[{"embeddable":true,"href":"https:\/\/equestrian.ca\/fr\/wp-json\/wp\/v2\/media\/21070"}],"wp:attachment":[{"href":"https:\/\/equestrian.ca\/fr\/wp-json\/wp\/v2\/media?parent=26820"}],"curies":[{"name":"wp","href":"https:\/\/api.w.org\/{rel}","templated":true}]}}