{"id":26819,"date":"2023-08-30T17:32:51","date_gmt":"2023-08-30T17:32:51","guid":{"rendered":"https:\/\/equestrian.ca\/disciplines-breeds\/breeds\/american-saddlebred\/"},"modified":"2025-11-24T15:18:21","modified_gmt":"2025-11-24T15:18:21","slug":"american-saddlebred","status":"publish","type":"page","link":"https:\/\/equestrian.ca\/fr\/disciplines-breeds\/breeds\/american-saddlebred\/","title":{"rendered":"American Saddlebred"},"content":{"rendered":"\n\t<section id=\"\" data-is-jumplink=\"false\" data-title=\"\" class=\"ra-block block-column-text anchor-link-section \">\n\t\t\t\t<div class='row'>\n\t\t\t\t\t\t\t\t\t\t\t\t\t\t<div class='col-12 col-md-12 content-column wysiwyg-content'>\n\t\t\t\t\t\t<p>L&rsquo;American Saddlebred a une allure \u00e9l\u00e9gante et est dot\u00e9 d&rsquo;allures relev\u00e9es et spectaculaires. Cette race, qui toise entre 15 et 17 mains au garrot, se distingue par ses traits distinctifs, ses yeux curieux et brillants, son long cou en arc, son dos muscl\u00e9 et son haut port de queue. Il est habituellement dot\u00e9 de trois allures (pas \u00e9nergique, trot et galop) ou de cinq allures. Ces derni\u00e8res sont compos\u00e9es des trois allures classiques \u00e9num\u00e9r\u00e9es plus haut, ainsi que de deux allures \u00e0 quatre temps (slow gait et rack).<\/p>\n<p>Connu comme un cheval polyvalent, l&rsquo;American Saddlebred est utilis\u00e9 autant pour l&rsquo;\u00e9quitation que pour l&rsquo;attelage. Il est d&rsquo;ailleurs courant de le voir participer \u00e0 de \u00e9preuves de cinq allures, de trois allures, d&rsquo;attelage l\u00e9ger et de plaisance, o\u00f9 il est \u00e9valu\u00e9 sur sa performance, ses mani\u00e8res, sa pr\u00e9sence, ses qualit\u00e9s et sa conformation.<\/p>\n\t\t\t\t\t<\/div>\n\t\t\t\t\t\t\t\t\t\t\t<\/div>\n\t<\/section>\n\n\n\n\t<section id=\"\" data-is-jumplink=\"false\" data-title=\"\" class=\"ra-block block-media-and-text anchor-link-section \">\n\t\t<div class='row'>\n\t\t\t\t\t\t\t<div class='col-12 col-md-6 content-col order-1 order-md-2'>\n\t\t\t\t\t\t\t\t\t\t\t<a href=\"https:\/\/www.saddlebredcanada.com\/\" class=\"title-link\" target=\"_blank\">\n\t\t\t\t\t\t\n\t\t\t\t\t\t\t\t\t\t\t<h3 class='title show-as-h4'>AMERICAN SADDLEBRED HORSE ASSOCIATION OF CANADA<\/h3>\n\t\t\t\t\t\t\n\t\t\t\t\t\t\t\t\t\t\t<\/a>\n\t\t\t\t\t\t\t\t\t\t\n\t\t\t\t\t\t\t\t\t\t\t<div class='content wysiwyg-content'>\n\t\t\t\t\t\t\t<p class=\"font_8 wixui-rich-text__text\"><span class=\"wixui-rich-text__text\">L&rsquo;ASHA du Canada a pour objectif d&rsquo;encourager, de d\u00e9velopper, de promouvoir et de r\u00e9glementer l&rsquo;\u00e9levage des chevaux American Saddlebred au Canada. L&rsquo;ASHA du Canada s&rsquo;efforce \u00e9galement d&rsquo;\u00e9tablir des normes d&rsquo;\u00e9levage, de tenir des registres, et de recueillir, pr\u00e9server et publier tous les documents relatifs \u00e0 la race. Elle met \u00e9galement en \u0153uvre un syst\u00e8me d&rsquo;enregistrement dans le cadre de la\u00a0<a href=\"https:\/\/www.clrc.ca\/\" target=\"_blank\" rel=\"noopener\">Soci\u00e9t\u00e9 canadienne d&rsquo;enregistrement des animaux (SCEA).<\/a><br \/>\n<\/span><\/p>\n<p class=\"font_8 wixui-rich-text__text\"><span class=\"wixGuard wixui-rich-text__text\">\u200b<\/span><\/p>\n<p class=\"font_8 wixui-rich-text__text\"><span class=\"wixui-rich-text__text\"> \u00a0 \u00a0 \u00a0 \u00a0 \u00a0 \u00a0 \u00a0 \u00a0 \u00a0 \u00a0 \u00a0 \u00a0 \u00a0 \u00a0 \u00a0 \u00a0 \u00a0 \u00a0 \u00a0 \u00a0 \u00a0 \u00a0 \u00a0 \u00a0 \u00a0 \u00a0 \u00a0 \u00a0 .<\/span><\/p>\n<p class=\"font_8 wixui-rich-text__text\"><span class=\"wixGuard wixui-rich-text__text\">\u200b<\/span><\/p>\n\t\t\t\t\t\t<\/div>\n\t\t\t\t\t\t\t\t\t<\/div>\n\t\t\t\n\t\t\t<div class='col-12 col-md-6 picture-col order-2 order-md-1'>\n\t\t\t\t\t\t\t\t\t\t\t\t\t\t\t<a class=\"image-link\" href=\"https:\/\/www.saddlebredcanada.com\/\" target=\"_blank\">\n\t\t\t\t\t\n\t\t\t\t\t\n\t\t\t\n\t\t<picture class=\"contain\">\n\t\t\t<source srcset=\"https:\/\/equestrian.ca\/wp-content\/uploads\/2024\/02\/aaca42_8848d5fc16c04240b40bfa7f81e228dfmv2.gif\" media=\"(min-width: 1280px)\">\n\t\t\t<source srcset=\"https:\/\/equestrian.ca\/wp-content\/uploads\/2024\/02\/aaca42_8848d5fc16c04240b40bfa7f81e228dfmv2.gif\" media=\"(min-width: 1024px)\">\n\t\t\t<source srcset=\"https:\/\/equestrian.ca\/wp-content\/uploads\/2024\/02\/aaca42_8848d5fc16c04240b40bfa7f81e228dfmv2.gif\" media=\"(min-width: 768px)\">\n\t\t\t<img decoding=\"async\" loading=\"lazy\" src=\"https:\/\/equestrian.ca\/wp-content\/uploads\/2024\/02\/aaca42_8848d5fc16c04240b40bfa7f81e228dfmv2.gif\" alt=\"\">\n\t\t<\/picture>\n\n\t\t\t\n\t\t\t\t\t\t\t\t\t\t\t<\/a>\n\t\t\t\t\t\t\t\t\t\t\t\t<\/div>\n\t\t<\/div>\n\t<\/section>\n\n\n\n\t<section id=\"\" data-is-jumplink=\"false\" data-title=\"\" class=\"ra-block block-call-to-action anchor-link-section \">\n\t\t\n\t\t<a href=\"https:\/\/equestrian.ca\/resource\/section-b-breeds-clean-digital-version\/\" target=\"\" class=\"call-to-action-col no-background-image\">\t\t\t\n\t\t\t\t<div class='cta-wrapper'>\n\t\t\t\t\t\t\t\t\t<h2 class='title'>R\u00e8gles sur les races<\/h2>\n\t\t\t\t\t\t\t\t\t\t\t\t\t<p class='content'>R\u00e8glements de Canada \u00c9questre 2024<\/p>\n\t\t\t\t\t\t\t\t\t\t\t\t\t<div class=\"btn\">Section B<\/div>\n\t\t\t\t\t\t\t<\/div>\n\t\t<\/a>\t<\/section>\n\n\n\n\t<section id=\"\" data-is-jumplink=\"false\" data-title=\"\" class=\"ra-block block-committee anchor-link-section \">\n\t\t\n<div class=\"committee-section\">\n\t\t\t<h2 class='title'>Comit\u00e9 national des sports de race de Canada \u00c9questre<\/h2>\n\t\n\t\t\t<div class='content wysiwyg-content'><p>Le Comit\u00e9 national des sports de races de CE dirige la strat\u00e9gie relative aux programmes et services de d\u00e9veloppement des sports de races au Canada.<\/p>\n<\/div>\n\t\n\t\t\t\t\t\t<div class=\"committee-group\">\n\t\t\t\t\n\t\t\t\t<div class='row row-cols-1 row-cols-sm-2 row-cols-lg-3'>\n\t\t\t\t\t\t\t\t\t\t\t\t\t\t\t\t\t\t\t\t\t\t\t\t\t\t\t\t\t\t<div class=\"col group-col\">\n\t\t\t\t\t\t\t\t<div class=\"group-tile\">\n\t\t\t\t\t\t\t\t\t<h3 class=\"member-name\">Lisa Ross<\/h3>\n\n\t\t\t\t\t\t\t\t\t<div class=\"role-and-location\">\n\t\t\t\t\t\t\t\t\t\t\t\t\t\t\t\t\t\t\t\t\t<span class=\"role\">(Morgan)<\/span>\n\t\t\t\t\t\t\t\t\t\t\n\t\t\t\t\t\t\t\t\t\t\t\t\t\t\t\t\t\t\t\t\t<span class='separator'>&vert;<\/span>\n\t\t\t\t\t\t\t\t\t\t\n\t\t\t\t\t\t\t\t\t\t\t\t\t\t\t\t\t\t\t\t\t<span class=\"location-name\">ON<\/span>\n\t\t\t\t\t\t\t\t\t\t\t\t\t\t\t\t\t\t\t<\/div>\n\n\t\t\t\t\t\t\t\t\t\t\t<a href='' class='link' target=''>\n\t\t\t\t\t<\/a>\n\t\t\t\t\t\t\t\t\t\t<\/div>\n\t\t\t\t\t\t\t<\/div>\n\t\t\t\t\t\t\t\t\t\t\t\t\t\t\t\t\t\t\t\t<div class=\"col group-col\">\n\t\t\t\t\t\t\t\t<div class=\"group-tile\">\n\t\t\t\t\t\t\t\t\t<h3 class=\"member-name\">Raylene McWade<\/h3>\n\n\t\t\t\t\t\t\t\t\t<div class=\"role-and-location\">\n\t\t\t\t\t\t\t\t\t\t\t\t\t\t\t\t\t\t\t\t\t<span class=\"role\">(Saddleseat Canada)\u00a0<\/span>\n\t\t\t\t\t\t\t\t\t\t\n\t\t\t\t\t\t\t\t\t\t\t\t\t\t\t\t\t\t\t\t\t<span class='separator'>&vert;<\/span>\n\t\t\t\t\t\t\t\t\t\t\n\t\t\t\t\t\t\t\t\t\t\t\t\t\t\t\t\t\t\t\t\t<span class=\"location-name\">AB<\/span>\n\t\t\t\t\t\t\t\t\t\t\t\t\t\t\t\t\t\t\t<\/div>\n\n\t\t\t\t\t\t\t\t\t\t\t<a href='' class='link' target=''>\n\t\t\t\t\t<\/a>\n\t\t\t\t\t\t\t\t\t\t<\/div>\n\t\t\t\t\t\t\t<\/div>\n\t\t\t\t\t\t\t\t\t\t\t\t\t\t\t\t\t\t\t\t<div class=\"col group-col\">\n\t\t\t\t\t\t\t\t<div class=\"group-tile\">\n\t\t\t\t\t\t\t\t\t<h3 class=\"member-name\">Penny McKee<\/h3>\n\n\t\t\t\t\t\t\t\t\t<div class=\"role-and-location\">\n\t\t\t\t\t\t\t\t\t\t\t\t\t\t\t\t\t\t\t\t\t<span class=\"role\">(Canadian Road Horse Association)<\/span>\n\t\t\t\t\t\t\t\t\t\t\n\t\t\t\t\t\t\t\t\t\t\t\t\t\t\t\t\t\t\t\t\t<span class='separator'>&vert;<\/span>\n\t\t\t\t\t\t\t\t\t\t\n\t\t\t\t\t\t\t\t\t\t\t\t\t\t\t\t\t\t\t\t\t<span class=\"location-name\">QC<\/span>\n\t\t\t\t\t\t\t\t\t\t\t\t\t\t\t\t\t\t\t<\/div>\n\n\t\t\t\t\t\t\t\t\t\t\t<a href='' class='link' target=''>\n\t\t\t\t\t<\/a>\n\t\t\t\t\t\t\t\t\t\t<\/div>\n\t\t\t\t\t\t\t<\/div>\n\t\t\t\t\t\t\t\t\t\t\t\t\t\t\t\t\t\t\t\t<div class=\"col group-col\">\n\t\t\t\t\t\t\t\t<div class=\"group-tile\">\n\t\t\t\t\t\t\t\t\t<h3 class=\"member-name\">Faith Kent Robillard<\/h3>\n\n\t\t\t\t\t\t\t\t\t<div class=\"role-and-location\">\n\t\t\t\t\t\t\t\t\t\t\t\t\t\t\t\t\t\t\t\t\t<span class=\"role\">(Hackney)\u00a0<\/span>\n\t\t\t\t\t\t\t\t\t\t\n\t\t\t\t\t\t\t\t\t\t\t\t\t\t\t\t\t\t\t\t\t<span class='separator'>&vert;<\/span>\n\t\t\t\t\t\t\t\t\t\t\n\t\t\t\t\t\t\t\t\t\t\t\t\t\t\t\t\t\t\t\t\t<span class=\"location-name\">ON<\/span>\n\t\t\t\t\t\t\t\t\t\t\t\t\t\t\t\t\t\t\t<\/div>\n\n\t\t\t\t\t\t\t\t\t\t\t\t\t\t\t\t\t<\/div>\n\t\t\t\t\t\t\t<\/div>\n\t\t\t\t\t\t\t\t\t\t\t\t\t\t\t\t\t\t\t\t<div class=\"col group-col\">\n\t\t\t\t\t\t\t\t<div class=\"group-tile\">\n\t\t\t\t\t\t\t\t\t<h3 class=\"member-name\">Richard Mackenzie\u00a0<\/h3>\n\n\t\t\t\t\t\t\t\t\t<div class=\"role-and-location\">\n\t\t\t\t\t\t\t\t\t\t\t\t\t\t\t\t\t\t\t\t\t<span class=\"role\">(American Saddlebred)<\/span>\n\t\t\t\t\t\t\t\t\t\t\n\t\t\t\t\t\t\t\t\t\t\t\t\t\t\t\t\t\t\t\t\t<span class='separator'>&vert;<\/span>\n\t\t\t\t\t\t\t\t\t\t\n\t\t\t\t\t\t\t\t\t\t\t\t\t\t\t\t\t\t\t\t\t<span class=\"location-name\">ON<\/span>\n\t\t\t\t\t\t\t\t\t\t\t\t\t\t\t\t\t\t\t<\/div>\n\n\t\t\t\t\t\t\t\t\t\t\t<a href='' class='link' target=''>\n\t\t\t\t\t<\/a>\n\t\t\t\t\t\t\t\t\t\t<\/div>\n\t\t\t\t\t\t\t<\/div>\n\t\t\t\t\t\t\t\t\t\t\t\t\t\t\t\t\t\t\t\t<div class=\"col group-col\">\n\t\t\t\t\t\t\t\t<div class=\"group-tile\">\n\t\t\t\t\t\t\t\t\t<h3 class=\"member-name\">Mary Cork<\/h3>\n\n\t\t\t\t\t\t\t\t\t<div class=\"role-and-location\">\n\t\t\t\t\t\t\t\t\t\t\t\t\t\t\t\t\t\t\t\t\t<span class=\"role\">(Welsh)<\/span>\n\t\t\t\t\t\t\t\t\t\t\n\t\t\t\t\t\t\t\t\t\t\t\t\t\t\t\t\t\t\t\t\t<span class='separator'>&vert;<\/span>\n\t\t\t\t\t\t\t\t\t\t\n\t\t\t\t\t\t\t\t\t\t\t\t\t\t\t\t\t\t\t\t\t<span class=\"location-name\">ON<\/span>\n\t\t\t\t\t\t\t\t\t\t\t\t\t\t\t\t\t\t\t<\/div>\n\n\t\t\t\t\t\t\t\t\t\t\t<a href='' class='link' target=''>\n\t\t\t\t\t<\/a>\n\t\t\t\t\t\t\t\t\t\t<\/div>\n\t\t\t\t\t\t\t<\/div>\n\t\t\t\t\t\t\t\t\t\t\t\t\t\t\t\t\t\t\t\t<div class=\"col group-col\">\n\t\t\t\t\t\t\t\t<div class=\"group-tile\">\n\t\t\t\t\t\t\t\t\t<h3 class=\"member-name\">Donna Kavanagh<\/h3>\n\n\t\t\t\t\t\t\t\t\t<div class=\"role-and-location\">\n\t\t\t\t\t\t\t\t\t\t\t\t\t\t\t\t\t\t\t\t\t<span class=\"role\">(Arabians)<\/span>\n\t\t\t\t\t\t\t\t\t\t\n\t\t\t\t\t\t\t\t\t\t\t\t\t\t\t\t\t\t\t\t\t<span class='separator'>&vert;<\/span>\n\t\t\t\t\t\t\t\t\t\t\n\t\t\t\t\t\t\t\t\t\t\t\t\t\t\t\t\t\t\t\t\t<span class=\"location-name\">AB<\/span>\n\t\t\t\t\t\t\t\t\t\t\t\t\t\t\t\t\t\t\t<\/div>\n\n\t\t\t\t\t\t\t\t\t\t\t<a href='' class='link' target=''>\n\t\t\t\t\t<\/a>\n\t\t\t\t\t\t\t\t\t\t<\/div>\n\t\t\t\t\t\t\t<\/div>\n\t\t\t\t\t\t\t\t\t\t\t\t\t\t\t\t\t\t\t\t<div class=\"col group-col\">\n\t\t\t\t\t\t\t\t<div class=\"group-tile\">\n\t\t\t\t\t\t\t\t\t<h3 class=\"member-name\">Jean Klosowicz<\/h3>\n\n\t\t\t\t\t\t\t\t\t<div class=\"role-and-location\">\n\t\t\t\t\t\t\t\t\t\t\t\t\t\t\t\t\t\t\t\t\t<span class=\"role\">Membre du personnel de CE  <\/span>\n\t\t\t\t\t\t\t\t\t\t\n\t\t\t\t\t\t\t\t\t\t\t\t\t\t\t\t\t\t\t\t\t<span class='separator'>&vert;<\/span>\n\t\t\t\t\t\t\t\t\t\t\n\t\t\t\t\t\t\t\t\t\t\t\t\t\t\t\t\t\t\t\t\t<span class=\"location-name\">AB<\/span>\n\t\t\t\t\t\t\t\t\t\t\t\t\t\t\t\t\t\t\t<\/div>\n\n\t\t\t\t\t\t\t\t\t\t\t\t\t\t\t\t\t<\/div>\n\t\t\t\t\t\t\t<\/div>\n\t\t\t\t\t\t\t\t\t\t\t\t\t\t\t<\/div>\n\t\t\t<\/div>\n\t\t\t<\/div>\t<\/section>\n\n\n\n\t<section id=\"\" data-is-jumplink=\"false\" data-title=\"\" class=\"ra-block block-committee anchor-link-section \">\n\t\t\n<div class=\"committee-section\">\n\t\t\t<h2 class='title'>Comit\u00e9 national des sports de race de Canada \u00c9questre<\/h2>\n\t\n\t\t\t<div class='content wysiwyg-content'><p>Le Comit\u00e9 national des sports de races de CE dirige la strat\u00e9gie relative aux programmes et services de d\u00e9veloppement des sports de races au Canada.<\/p>\n<\/div>\n\t\n\t\t\t\t\t\t<div class=\"committee-group\">\n\t\t\t\t\n\t\t\t\t<div class='row row-cols-1 row-cols-sm-2 row-cols-lg-3'>\n\t\t\t\t\t\t\t\t\t\t\t\t\t\t\t\t\t\t\t\t\t\t\t\t\t\t\t\t\t\t<div class=\"col group-col\">\n\t\t\t\t\t\t\t\t<div class=\"group-tile\">\n\t\t\t\t\t\t\t\t\t<h3 class=\"member-name\">Ashley Cook Fletcher<\/h3>\n\n\t\t\t\t\t\t\t\t\t<div class=\"role-and-location\">\n\t\t\t\t\t\t\t\t\t\t\t\t\t\t\t\t\t\t\t\t\t<span class=\"role\">(American Saddlebred) <\/span>\n\t\t\t\t\t\t\t\t\t\t\n\t\t\t\t\t\t\t\t\t\t\t\t\t\t\t\t\t\t\t\t\t<span class='separator'>&vert;<\/span>\n\t\t\t\t\t\t\t\t\t\t\n\t\t\t\t\t\t\t\t\t\t\t\t\t\t\t\t\t\t\t\t\t<span class=\"location-name\">ON<\/span>\n\t\t\t\t\t\t\t\t\t\t\t\t\t\t\t\t\t\t\t<\/div>\n\n\t\t\t\t\t\t\t\t\t\t\t\t\t\t\t\t\t<\/div>\n\t\t\t\t\t\t\t<\/div>\n\t\t\t\t\t\t\t\t\t\t\t\t\t\t\t\t\t\t\t\t<div class=\"col group-col\">\n\t\t\t\t\t\t\t\t<div class=\"group-tile\">\n\t\t\t\t\t\t\t\t\t<h3 class=\"member-name\">Donna Kavanagh<\/h3>\n\n\t\t\t\t\t\t\t\t\t<div class=\"role-and-location\">\n\t\t\t\t\t\t\t\t\t\t\t\t\t\t\t\t\t\t\t\t\t<span class=\"role\">(Arabians)<\/span>\n\t\t\t\t\t\t\t\t\t\t\n\t\t\t\t\t\t\t\t\t\t\t\t\t\t\t\t\t\t\t\t\t<span class='separator'>&vert;<\/span>\n\t\t\t\t\t\t\t\t\t\t\n\t\t\t\t\t\t\t\t\t\t\t\t\t\t\t\t\t\t\t\t\t<span class=\"location-name\">AB<\/span>\n\t\t\t\t\t\t\t\t\t\t\t\t\t\t\t\t\t\t\t<\/div>\n\n\t\t\t\t\t\t\t\t\t\t\t<a href='' class='link' target=''>\n\t\t\t\t\t<\/a>\n\t\t\t\t\t\t\t\t\t\t<\/div>\n\t\t\t\t\t\t\t<\/div>\n\t\t\t\t\t\t\t\t\t\t\t\t\t\t\t\t\t\t\t\t<div class=\"col group-col\">\n\t\t\t\t\t\t\t\t<div class=\"group-tile\">\n\t\t\t\t\t\t\t\t\t<h3 class=\"member-name\">Faith Kent Robillard<\/h3>\n\n\t\t\t\t\t\t\t\t\t<div class=\"role-and-location\">\n\t\t\t\t\t\t\t\t\t\t\t\t\t\t\t\t\t\t\t\t\t<span class=\"role\">(Hackney)\u00a0<\/span>\n\t\t\t\t\t\t\t\t\t\t\n\t\t\t\t\t\t\t\t\t\t\t\t\t\t\t\t\t\t\t\t\t<span class='separator'>&vert;<\/span>\n\t\t\t\t\t\t\t\t\t\t\n\t\t\t\t\t\t\t\t\t\t\t\t\t\t\t\t\t\t\t\t\t<span class=\"location-name\">ON<\/span>\n\t\t\t\t\t\t\t\t\t\t\t\t\t\t\t\t\t\t\t<\/div>\n\n\t\t\t\t\t\t\t\t\t\t\t\t\t\t\t\t\t<\/div>\n\t\t\t\t\t\t\t<\/div>\n\t\t\t\t\t\t\t\t\t\t\t\t\t\t\t\t\t\t\t\t<div class=\"col group-col\">\n\t\t\t\t\t\t\t\t<div class=\"group-tile\">\n\t\t\t\t\t\t\t\t\t<h3 class=\"member-name\">Lisa Ross<\/h3>\n\n\t\t\t\t\t\t\t\t\t<div class=\"role-and-location\">\n\t\t\t\t\t\t\t\t\t\t\t\t\t\t\t\t\t\t\t\t\t<span class=\"role\">(Morgan)<\/span>\n\t\t\t\t\t\t\t\t\t\t\n\t\t\t\t\t\t\t\t\t\t\t\t\t\t\t\t\t\t\t\t\t<span class='separator'>&vert;<\/span>\n\t\t\t\t\t\t\t\t\t\t\n\t\t\t\t\t\t\t\t\t\t\t\t\t\t\t\t\t\t\t\t\t<span class=\"location-name\">ON<\/span>\n\t\t\t\t\t\t\t\t\t\t\t\t\t\t\t\t\t\t\t<\/div>\n\n\t\t\t\t\t\t\t\t\t\t\t<a href='' class='link' target=''>\n\t\t\t\t\t<\/a>\n\t\t\t\t\t\t\t\t\t\t<\/div>\n\t\t\t\t\t\t\t<\/div>\n\t\t\t\t\t\t\t\t\t\t\t\t\t\t\t\t\t\t\t\t<div class=\"col group-col\">\n\t\t\t\t\t\t\t\t<div class=\"group-tile\">\n\t\t\t\t\t\t\t\t\t<h3 class=\"member-name\">Penny McKee<\/h3>\n\n\t\t\t\t\t\t\t\t\t<div class=\"role-and-location\">\n\t\t\t\t\t\t\t\t\t\t\t\t\t\t\t\t\t\t\t\t\t<span class=\"role\">(Canadian Road Horse Association)<\/span>\n\t\t\t\t\t\t\t\t\t\t\n\t\t\t\t\t\t\t\t\t\t\t\t\t\t\t\t\t\t\t\t\t<span class='separator'>&vert;<\/span>\n\t\t\t\t\t\t\t\t\t\t\n\t\t\t\t\t\t\t\t\t\t\t\t\t\t\t\t\t\t\t\t\t<span class=\"location-name\">QC<\/span>\n\t\t\t\t\t\t\t\t\t\t\t\t\t\t\t\t\t\t\t<\/div>\n\n\t\t\t\t\t\t\t\t\t\t\t<a href='' class='link' target=''>\n\t\t\t\t\t<\/a>\n\t\t\t\t\t\t\t\t\t\t<\/div>\n\t\t\t\t\t\t\t<\/div>\n\t\t\t\t\t\t\t\t\t\t\t\t\t\t\t\t\t\t\t\t<div class=\"col group-col\">\n\t\t\t\t\t\t\t\t<div class=\"group-tile\">\n\t\t\t\t\t\t\t\t\t<h3 class=\"member-name\">Raylene McWade<\/h3>\n\n\t\t\t\t\t\t\t\t\t<div class=\"role-and-location\">\n\t\t\t\t\t\t\t\t\t\t\t\t\t\t\t\t\t\t\t\t\t<span class=\"role\">(Saddleseat Canada)\u00a0<\/span>\n\t\t\t\t\t\t\t\t\t\t\n\t\t\t\t\t\t\t\t\t\t\t\t\t\t\t\t\t\t\t\t\t<span class='separator'>&vert;<\/span>\n\t\t\t\t\t\t\t\t\t\t\n\t\t\t\t\t\t\t\t\t\t\t\t\t\t\t\t\t\t\t\t\t<span class=\"location-name\">AB<\/span>\n\t\t\t\t\t\t\t\t\t\t\t\t\t\t\t\t\t\t\t<\/div>\n\n\t\t\t\t\t\t\t\t\t\t\t<a href='' class='link' target=''>\n\t\t\t\t\t<\/a>\n\t\t\t\t\t\t\t\t\t\t<\/div>\n\t\t\t\t\t\t\t<\/div>\n\t\t\t\t\t\t\t\t\t\t\t\t\t\t\t\t\t\t\t\t<div class=\"col group-col\">\n\t\t\t\t\t\t\t\t<div class=\"group-tile\">\n\t\t\t\t\t\t\t\t\t<h3 class=\"member-name\">Samantha Eidsness<\/h3>\n\n\t\t\t\t\t\t\t\t\t<div class=\"role-and-location\">\n\t\t\t\t\t\t\t\t\t\t\t\t\t\t\t\t\t\t\t\t\t<span class=\"role\">Welsh Pony &#038; Cob<\/span>\n\t\t\t\t\t\t\t\t\t\t\n\t\t\t\t\t\t\t\t\t\t\t\t\t\t\t\t\t\t\t\t\t<span class='separator'>&vert;<\/span>\n\t\t\t\t\t\t\t\t\t\t\n\t\t\t\t\t\t\t\t\t\t\t\t\t\t\t\t\t\t\t\t\t<span class=\"location-name\">BC<\/span>\n\t\t\t\t\t\t\t\t\t\t\t\t\t\t\t\t\t\t\t<\/div>\n\n\t\t\t\t\t\t\t\t\t\t\t\t\t\t\t\t\t<\/div>\n\t\t\t\t\t\t\t<\/div>\n\t\t\t\t\t\t\t\t\t\t\t\t\t\t\t\t\t\t\t\t<div class=\"col group-col\">\n\t\t\t\t\t\t\t\t<div class=\"group-tile\">\n\t\t\t\t\t\t\t\t\t<h3 class=\"member-name\">Jean Klosowicz<\/h3>\n\n\t\t\t\t\t\t\t\t\t<div class=\"role-and-location\">\n\t\t\t\t\t\t\t\t\t\t\t\t\t\t\t\t\t\t\t\t\t<span class=\"role\">Membre du personnel de CE  <\/span>\n\t\t\t\t\t\t\t\t\t\t\n\t\t\t\t\t\t\t\t\t\t\t\t\t\t\t\t\t\t\t\t\t<span class='separator'>&vert;<\/span>\n\t\t\t\t\t\t\t\t\t\t\n\t\t\t\t\t\t\t\t\t\t\t\t\t\t\t\t\t\t\t\t\t<span class=\"location-name\">BC<\/span>\n\t\t\t\t\t\t\t\t\t\t\t\t\t\t\t\t\t\t\t<\/div>\n\n\t\t\t\t\t\t\t\t\t\t\t\t\t\t\t\t\t<\/div>\n\t\t\t\t\t\t\t<\/div>\n\t\t\t\t\t\t\t\t\t\t\t\t\t\t\t<\/div>\n\t\t\t<\/div>\n\t\t\t<\/div>\t<\/section>\n","protected":false},"excerpt":{"rendered":"","protected":false},"author":8,"featured_media":22459,"parent":26746,"menu_order":0,"comment_status":"closed","ping_status":"closed","template":"","meta":{"_acf_changed":false,"footnotes":""},"class_list":["post-26819","page","type-page","status-publish","has-post-thumbnail","hentry"],"acf":[],"yoast_head":"<!-- This site is optimized with the Yoast SEO plugin v27.0 - https:\/\/yoast.com\/product\/yoast-seo-wordpress\/ -->\n<title>American Saddlebred - Equestrian Canada<\/title>\n<meta name=\"robots\" content=\"index, follow, max-snippet:-1, max-image-preview:large, max-video-preview:-1\" \/>\n<link rel=\"canonical\" href=\"https:\/\/equestrian.ca\/fr\/disciplines-breeds\/breeds\/american-saddlebred\/\" \/>\n<meta property=\"og:locale\" content=\"fr_CA\" \/>\n<meta property=\"og:type\" content=\"article\" \/>\n<meta property=\"og:title\" content=\"American Saddlebred - Equestrian Canada\" \/>\n<meta property=\"og:url\" content=\"https:\/\/equestrian.ca\/fr\/disciplines-breeds\/breeds\/american-saddlebred\/\" \/>\n<meta property=\"og:site_name\" content=\"Equestrian Canada\" \/>\n<meta property=\"article:modified_time\" content=\"2025-11-24T15:18:21+00:00\" \/>\n<meta property=\"og:image\" content=\"https:\/\/equestrian.ca\/wp-content\/uploads\/2024\/02\/web-shelleypaulson_2018_4470.jpg\" \/>\n\t<meta property=\"og:image:width\" content=\"1600\" \/>\n\t<meta property=\"og:image:height\" content=\"1066\" \/>\n\t<meta property=\"og:image:type\" content=\"image\/jpeg\" \/>\n<meta name=\"twitter:card\" content=\"summary_large_image\" \/>\n<meta name=\"twitter:label1\" content=\"Estimation du temps de lecture\" \/>\n\t<meta name=\"twitter:data1\" content=\"1 minute\" \/>\n<script type=\"application\/ld+json\" class=\"yoast-schema-graph\">{\"@context\":\"https:\/\/schema.org\",\"@graph\":[{\"@type\":\"WebPage\",\"@id\":\"https:\/\/equestrian.ca\/fr\/disciplines-breeds\/breeds\/american-saddlebred\/\",\"url\":\"https:\/\/equestrian.ca\/fr\/disciplines-breeds\/breeds\/american-saddlebred\/\",\"name\":\"American Saddlebred - Equestrian Canada\",\"isPartOf\":{\"@id\":\"https:\/\/equestrian.ca\/fr\/#website\"},\"primaryImageOfPage\":{\"@id\":\"https:\/\/equestrian.ca\/fr\/disciplines-breeds\/breeds\/american-saddlebred\/#primaryimage\"},\"image\":{\"@id\":\"https:\/\/equestrian.ca\/fr\/disciplines-breeds\/breeds\/american-saddlebred\/#primaryimage\"},\"thumbnailUrl\":\"https:\/\/equestrian.ca\/wp-content\/uploads\/2024\/02\/web-shelleypaulson_2018_4470.jpg\",\"datePublished\":\"2023-08-30T17:32:51+00:00\",\"dateModified\":\"2025-11-24T15:18:21+00:00\",\"breadcrumb\":{\"@id\":\"https:\/\/equestrian.ca\/fr\/disciplines-breeds\/breeds\/american-saddlebred\/#breadcrumb\"},\"inLanguage\":\"fr-CA\",\"potentialAction\":[{\"@type\":\"ReadAction\",\"target\":[\"https:\/\/equestrian.ca\/fr\/disciplines-breeds\/breeds\/american-saddlebred\/\"]}]},{\"@type\":\"ImageObject\",\"inLanguage\":\"fr-CA\",\"@id\":\"https:\/\/equestrian.ca\/fr\/disciplines-breeds\/breeds\/american-saddlebred\/#primaryimage\",\"url\":\"https:\/\/equestrian.ca\/wp-content\/uploads\/2024\/02\/web-shelleypaulson_2018_4470.jpg\",\"contentUrl\":\"https:\/\/equestrian.ca\/wp-content\/uploads\/2024\/02\/web-shelleypaulson_2018_4470.jpg\",\"width\":1600,\"height\":1066},{\"@type\":\"BreadcrumbList\",\"@id\":\"https:\/\/equestrian.ca\/fr\/disciplines-breeds\/breeds\/american-saddlebred\/#breadcrumb\",\"itemListElement\":[{\"@type\":\"ListItem\",\"position\":1,\"name\":\"Home\",\"item\":\"https:\/\/equestrian.ca\/fr\/\"},{\"@type\":\"ListItem\",\"position\":2,\"name\":\"Disciplines et sports de races\",\"item\":\"https:\/\/equestrian.ca\/fr\/disciplines-breeds\/\"},{\"@type\":\"ListItem\",\"position\":3,\"name\":\"Sports de races\",\"item\":\"https:\/\/equestrian.ca\/fr\/disciplines-breeds\/breeds\/\"},{\"@type\":\"ListItem\",\"position\":4,\"name\":\"American Saddlebred\"}]},{\"@type\":\"WebSite\",\"@id\":\"https:\/\/equestrian.ca\/fr\/#website\",\"url\":\"https:\/\/equestrian.ca\/fr\/\",\"name\":\"Equestrian Canada\",\"description\":\"For the love of horses and sport for life.\",\"potentialAction\":[{\"@type\":\"SearchAction\",\"target\":{\"@type\":\"EntryPoint\",\"urlTemplate\":\"https:\/\/equestrian.ca\/fr\/?s={search_term_string}\"},\"query-input\":{\"@type\":\"PropertyValueSpecification\",\"valueRequired\":true,\"valueName\":\"search_term_string\"}}],\"inLanguage\":\"fr-CA\"}]}<\/script>\n<!-- \/ Yoast SEO plugin. -->","yoast_head_json":{"title":"American Saddlebred - Equestrian Canada","robots":{"index":"index","follow":"follow","max-snippet":"max-snippet:-1","max-image-preview":"max-image-preview:large","max-video-preview":"max-video-preview:-1"},"canonical":"https:\/\/equestrian.ca\/fr\/disciplines-breeds\/breeds\/american-saddlebred\/","og_locale":"fr_CA","og_type":"article","og_title":"American Saddlebred - Equestrian Canada","og_url":"https:\/\/equestrian.ca\/fr\/disciplines-breeds\/breeds\/american-saddlebred\/","og_site_name":"Equestrian Canada","article_modified_time":"2025-11-24T15:18:21+00:00","og_image":[{"width":1600,"height":1066,"url":"https:\/\/equestrian.ca\/wp-content\/uploads\/2024\/02\/web-shelleypaulson_2018_4470.jpg","type":"image\/jpeg"}],"twitter_card":"summary_large_image","twitter_misc":{"Estimation du temps de lecture":"1 minute"},"schema":{"@context":"https:\/\/schema.org","@graph":[{"@type":"WebPage","@id":"https:\/\/equestrian.ca\/fr\/disciplines-breeds\/breeds\/american-saddlebred\/","url":"https:\/\/equestrian.ca\/fr\/disciplines-breeds\/breeds\/american-saddlebred\/","name":"American Saddlebred - Equestrian Canada","isPartOf":{"@id":"https:\/\/equestrian.ca\/fr\/#website"},"primaryImageOfPage":{"@id":"https:\/\/equestrian.ca\/fr\/disciplines-breeds\/breeds\/american-saddlebred\/#primaryimage"},"image":{"@id":"https:\/\/equestrian.ca\/fr\/disciplines-breeds\/breeds\/american-saddlebred\/#primaryimage"},"thumbnailUrl":"https:\/\/equestrian.ca\/wp-content\/uploads\/2024\/02\/web-shelleypaulson_2018_4470.jpg","datePublished":"2023-08-30T17:32:51+00:00","dateModified":"2025-11-24T15:18:21+00:00","breadcrumb":{"@id":"https:\/\/equestrian.ca\/fr\/disciplines-breeds\/breeds\/american-saddlebred\/#breadcrumb"},"inLanguage":"fr-CA","potentialAction":[{"@type":"ReadAction","target":["https:\/\/equestrian.ca\/fr\/disciplines-breeds\/breeds\/american-saddlebred\/"]}]},{"@type":"ImageObject","inLanguage":"fr-CA","@id":"https:\/\/equestrian.ca\/fr\/disciplines-breeds\/breeds\/american-saddlebred\/#primaryimage","url":"https:\/\/equestrian.ca\/wp-content\/uploads\/2024\/02\/web-shelleypaulson_2018_4470.jpg","contentUrl":"https:\/\/equestrian.ca\/wp-content\/uploads\/2024\/02\/web-shelleypaulson_2018_4470.jpg","width":1600,"height":1066},{"@type":"BreadcrumbList","@id":"https:\/\/equestrian.ca\/fr\/disciplines-breeds\/breeds\/american-saddlebred\/#breadcrumb","itemListElement":[{"@type":"ListItem","position":1,"name":"Home","item":"https:\/\/equestrian.ca\/fr\/"},{"@type":"ListItem","position":2,"name":"Disciplines et sports de races","item":"https:\/\/equestrian.ca\/fr\/disciplines-breeds\/"},{"@type":"ListItem","position":3,"name":"Sports de races","item":"https:\/\/equestrian.ca\/fr\/disciplines-breeds\/breeds\/"},{"@type":"ListItem","position":4,"name":"American Saddlebred"}]},{"@type":"WebSite","@id":"https:\/\/equestrian.ca\/fr\/#website","url":"https:\/\/equestrian.ca\/fr\/","name":"Equestrian Canada","description":"For the love of horses and sport for life.","potentialAction":[{"@type":"SearchAction","target":{"@type":"EntryPoint","urlTemplate":"https:\/\/equestrian.ca\/fr\/?s={search_term_string}"},"query-input":{"@type":"PropertyValueSpecification","valueRequired":true,"valueName":"search_term_string"}}],"inLanguage":"fr-CA"}]}},"_links":{"self":[{"href":"https:\/\/equestrian.ca\/fr\/wp-json\/wp\/v2\/pages\/26819","targetHints":{"allow":["GET"]}}],"collection":[{"href":"https:\/\/equestrian.ca\/fr\/wp-json\/wp\/v2\/pages"}],"about":[{"href":"https:\/\/equestrian.ca\/fr\/wp-json\/wp\/v2\/types\/page"}],"author":[{"embeddable":true,"href":"https:\/\/equestrian.ca\/fr\/wp-json\/wp\/v2\/users\/8"}],"replies":[{"embeddable":true,"href":"https:\/\/equestrian.ca\/fr\/wp-json\/wp\/v2\/comments?post=26819"}],"version-history":[{"count":2,"href":"https:\/\/equestrian.ca\/fr\/wp-json\/wp\/v2\/pages\/26819\/revisions"}],"predecessor-version":[{"id":35601,"href":"https:\/\/equestrian.ca\/fr\/wp-json\/wp\/v2\/pages\/26819\/revisions\/35601"}],"up":[{"embeddable":true,"href":"https:\/\/equestrian.ca\/fr\/wp-json\/wp\/v2\/pages\/26746"}],"wp:featuredmedia":[{"embeddable":true,"href":"https:\/\/equestrian.ca\/fr\/wp-json\/wp\/v2\/media\/22459"}],"wp:attachment":[{"href":"https:\/\/equestrian.ca\/fr\/wp-json\/wp\/v2\/media?parent=26819"}],"curies":[{"name":"wp","href":"https:\/\/api.w.org\/{rel}","templated":true}]}}