{"id":26622,"date":"2023-08-30T15:02:09","date_gmt":"2023-08-30T15:02:09","guid":{"rendered":"https:\/\/equestrian.ca\/amateur-status\/"},"modified":"2024-04-08T13:39:24","modified_gmt":"2024-04-08T13:39:24","slug":"amateur-status","status":"publish","type":"page","link":"https:\/\/equestrian.ca\/fr\/amateur-status\/","title":{"rendered":"Statut d&rsquo;amateur"},"content":{"rendered":"\n\t<section id=\"\" data-is-jumplink=\"false\" data-title=\"\" class=\"ra-block block-column-text anchor-link-section \">\n\t\t\t\t\t<h2 class='title'>Statut d&rsquo;amateur<\/h2>\n\t\t\t\t<div class='row'>\n\t\t\t\t\t\t\t\t\t\t\t\t\t\t<div class='col-12 col-md-12 content-column wysiwyg-content'>\n\t\t\t\t\t\t<p>Le statut d\u2019amateur s&rsquo;adresse aux athl\u00e8tes qui participent \u00e0 des concours pour des raisons autres que financi\u00e8res. Il permet aussi de participer \u00e0 des \u00e9preuves pour adultes qui n\u2019impliquent pas d\u2019athl\u00e8tes professionnels vivant de leur carri\u00e8re en \u00e9quitation. Ces athl\u00e8tes doivent r\u00e9pondre \u00e0 certains crit\u00e8res pour obtenir ce statut.<\/p>\n<p>Le statut d&rsquo;amateur ne repr\u00e9sente pas le niveau d\u2019habilet\u00e9 ou les ann\u00e9es d\u2019exp\u00e9rience de la personne et ne permet pas d\u2019obtenir une r\u00e9mun\u00e9ration de l\u2019\u00e9quitation. Les crit\u00e8res d\u2019admissibilit\u00e9 peuvent varier selon la discipline. Dans la plupart des cas, les personnes ayant le statut d\u2019amateur ne doivent pas accepter de r\u00e9mun\u00e9ration pour : offrir des services d\u2019entra\u00eenement*; concourir ou entra\u00eener un cheval avec une r\u00e9mun\u00e9ration qu\u2019elles re\u00e7oivent ou qui est re\u00e7ue par un membre de leur famille; agir en tant qu\u2019agente ou agent pour la vente ou la location d\u2019un cheval; s\u2019associer d\u2019une quelconque fa\u00e7on en tant qu\u2019athl\u00e8tes \u00e9questres dans le cadre d\u2019une publicit\u00e9; et s\u2019engager dans toute forme de parrainage qui entre en conflit avec les dispositions concernant la r\u00e9mun\u00e9ration.<\/p>\n<p>* Une personne ayant un statut d&rsquo;amateur ne peut pas accepter de r\u00e9mun\u00e9ration pour apprendre \u00e0 une personne \u00e0 monter ou \u00e0 mener un cheval, y compris dans le cadre de stages et de s\u00e9minaires d&rsquo;\u00e9quitation ou d&rsquo;attelage, sauf dans les cas suivants :<\/p>\n<ul>\n<li>Les personnes ayant une certification en r\u00e8gle\u00a0<strong>d&rsquo;instructrice ou d&rsquo;instructeur du PNCE<\/strong>\u00a0(pour d\u00e9butantes et d\u00e9butants) peuvent accepter une r\u00e9mun\u00e9ration pour enseigner \u00e0\u00a0<strong>des d\u00e9butantes et \u00e0 des d\u00e9butants<\/strong>\u00a0dans le cadre de leurs activit\u00e9s comme instructrice ou instructeur, tout en conservant le statut d&rsquo;amateur de CE<\/li>\n<li>Une personne ayant le statut d&rsquo;amateur de CE peut accepter une r\u00e9mun\u00e9ration pour l&rsquo;enseignement ou l&rsquo;entra\u00eenement d&rsquo;athl\u00e8tes ayant un handicap physique ou visuel.<\/li>\n<\/ul>\n<p>(R\u00e9f\u00e9rence : Guide des op\u00e9rations du Programme des entra\u00eeneur(e)s : Entra\u00eenement et statut d&rsquo;amateur)<\/p>\n<p><img loading=\"lazy\" decoding=\"async\" class=\"aligncenter wp-image-16223 size-large\" src=\"https:\/\/equestrian.ca\/wp-content\/uploads\/2024\/02\/web-shelleypaulson_2023_14699-1024x682.jpg\" alt=\"\" width=\"1024\" height=\"682\" srcset=\"https:\/\/equestrian.ca\/wp-content\/uploads\/2024\/02\/web-shelleypaulson_2023_14699-1024x682.jpg 1024w, https:\/\/equestrian.ca\/wp-content\/uploads\/2024\/02\/web-shelleypaulson_2023_14699-300x200.jpg 300w, https:\/\/equestrian.ca\/wp-content\/uploads\/2024\/02\/web-shelleypaulson_2023_14699-768x512.jpg 768w, https:\/\/equestrian.ca\/wp-content\/uploads\/2024\/02\/web-shelleypaulson_2023_14699-1536x1023.jpg 1536w, https:\/\/equestrian.ca\/wp-content\/uploads\/2024\/02\/web-shelleypaulson_2023_14699-640x426.jpg 640w, https:\/\/equestrian.ca\/wp-content\/uploads\/2024\/02\/web-shelleypaulson_2023_14699-1200x800.jpg 1200w, https:\/\/equestrian.ca\/wp-content\/uploads\/2024\/02\/web-shelleypaulson_2023_14699-1440x959.jpg 1440w, https:\/\/equestrian.ca\/wp-content\/uploads\/2024\/02\/web-shelleypaulson_2023_14699.jpg 1600w\" sizes=\"auto, (max-width: 639px) 98vw, (max-width: 1199px) 64vw, 770px\" \/><\/p>\n<section id=\"\" class=\"ra-block block-column-text anchor-link-section\" data-is-jumplink=\"false\" data-title=\"\">\n<div class=\"row\">\n<div class=\"col-12 col-md-12 content-column wysiwyg-content\">\n<p>Pour obtenir le statut d\u2019amateur de CE, veuillez remplir et signer la d\u00e9claration du statut d\u2019amateur lors de l\u2019achat ou du renouvellement de votre licence sportive de CE. Vous devez d\u00e9clarer ce statut chaque ann\u00e9e au renouvellement de votre licence sportive.<\/p>\n<p>Le statut d\u2019amateur peut \u00eatre contest\u00e9 par n\u2019importe qui en vertu des r\u00e8gles de CE sur les plaintes officielles.<\/p>\n<\/div>\n<\/div>\n<\/section>\n\t\t\t\t\t<\/div>\n\t\t\t\t\t\t\t\t\t\t\t<\/div>\n\t<\/section>\n\n\n\n\t<section id=\"\" data-is-jumplink=\"false\" data-title=\"\" class=\"ra-block block-testimonial anchor-link-section \">\n\t\t<div class=\"quote-icon\">\n\t\t\t<svg height=\"81\" viewBox=\"0 0 88 81\" width=\"88\" xmlns=\"http:\/\/www.w3.org\/2000\/svg\"><path d=\"m33.4647887 81v-37.0180995l-8.9239436-3.2986426 5.5774648-38.48416288-11.8985916-2.19909502-18.2197183 46.1809955v34.8190045zm54.5352113 0v-37.0180995l-8.9239437-3.2986426 5.5774648-38.48416288-11.8985915-2.19909502-18.2197183 46.1809955v34.8190045z\" fill=\"#D4373A\" fill-rule=\"evenodd\"\/><\/svg>\n\t\t<\/div>\n\t\t<div class='row g-0 justify-content-center testimonial-row'>\n\t\t\t<div class='col-12 testimonial-col'>\n\t\t\t\t\t\t\t\t\t<p class='testimonial'>La volont\u00e9 de gagner est importante, mais la volont\u00e9 de se pr\u00e9parer est vitale.<\/p>\n\t\t\t\t\t\t\t\t\t\t\t\t\t<p class='attestant-info-name'>Joe Paterno<\/p>\n\t\t\t\t\t\t\t\t\t\t\t<\/div>\n\t\t<\/div>\n\t<\/section>\n\n\n\n\t<section id=\"\" data-is-jumplink=\"false\" data-title=\"\" class=\"ra-block block-accordion anchor-link-section \">\n\t\t\t\t\t<h2 class='title'>Foire aux questions<\/h2>\n\t\t\t\t\n\t<div class=\"accordion\" id=\"ra-accordion\">\n\t\t\t\t\t<div class=\"card animate-bottom-line-on-hover\">\n\t\t\t\t\t\t\t\t\t<div class=\"card-header\" id=\"heading-accordion-11\">\n\t\t\t\t\t\t<h3 class=\"mb-0\">\n\t\t\t\t\t\t\t<button class=\"accordion-link\" type=\"button\" data-bs-toggle=\"collapse\" data-bs-target=\"#collapse-accordion-11\" aria-expanded=\"false\" aria-controls=\"collapse-accordion-11\">\n\t\t\t\t\t\t\t\tAi-je besoin du statut d&rsquo;amateur ?\t\t\t\t\t\t\t<\/button>\n\t\t\t\t\t\t<\/h3>\n\t\t\t\t\t<\/div>\n\t\t\t\t\t\t\t\t\t\t\t\t\t<div id=\"collapse-accordion-11\" class=\"accordion-collapse collapse\" aria-labelledby=\"heading-accordion-11\" data-bs-parent=\"#ra-accordion\">\n\t\t\t\t\t\t<div class=\"card-body wysiwyg-content\">\n\t\t\t\t\t\t\t<p>Vous devez demander le statut d&rsquo;amateur annuel si vous participez \u00e0 un concours autoris\u00e9 par CE dans une division r\u00e9serv\u00e9e aux athl\u00e8tes amateurs. Cette limite sera indiqu\u00e9e dans l&rsquo;avant-programme du concours et le nom de la division sera habituellement indiqu\u00e9e comme \u00e9tant \u00ab\u00a0Amateur\u00a0\u00bb.<\/p>\n<p>La d\u00e9finition du terme \u00ab\u00a0amateur\u00a0\u00bb peut varier d&rsquo;une discipline \u00e0 l&rsquo;autre. Il convient donc de se r\u00e9f\u00e9rer aux\u00a0<a href=\"https:\/\/equestrian.ca\/fr\/compete\/athlete-resources\/rulebooks\/\">R\u00e8glements de CE<\/a>\u00a0pour votre discipline de comp\u00e9tition.<\/p>\n<p>Vous devez r\u00e9pondre \u00e0 toutes les exigences li\u00e9es aux R\u00e8glements de CE et \u00e0 votre division pour recevoir des points pour les\u00a0<a href=\"https:\/\/equestrian.ca\/fr\/national-ranking\/\">classements nationaux<\/a>.<\/p>\n\t\t\t\t\t\t<\/div>\n\t\t\t\t\t<\/div>\n\t\t\t\t\t\t\t<\/div>\n\t\t\t\t\t<div class=\"card animate-bottom-line-on-hover\">\n\t\t\t\t\t\t\t\t\t<div class=\"card-header\" id=\"heading-accordion-12\">\n\t\t\t\t\t\t<h3 class=\"mb-0\">\n\t\t\t\t\t\t\t<button class=\"accordion-link\" type=\"button\" data-bs-toggle=\"collapse\" data-bs-target=\"#collapse-accordion-12\" aria-expanded=\"false\" aria-controls=\"collapse-accordion-12\">\n\t\t\t\t\t\t\t\tComment puis-je obtenir le statut d&rsquo;amateur ?\t\t\t\t\t\t\t<\/button>\n\t\t\t\t\t\t<\/h3>\n\t\t\t\t\t<\/div>\n\t\t\t\t\t\t\t\t\t\t\t\t\t<div id=\"collapse-accordion-12\" class=\"accordion-collapse collapse\" aria-labelledby=\"heading-accordion-12\" data-bs-parent=\"#ra-accordion\">\n\t\t\t\t\t\t<div class=\"card-body wysiwyg-content\">\n\t\t\t\t\t\t\t<p><span class=\"TextRun SCXW209300869 BCX8\" lang=\"EN-US\" xml:lang=\"EN-US\" data-contrast=\"auto\">Vous pouvez demander le statut d&rsquo;amateur lors de l&rsquo;achat ou du renouvellement de votre licence sportive de CE.<br \/>\n<\/span><\/p>\n<p>Votre statut va appara\u00eetre sur votre licence sportive. S&rsquo;il n&rsquo;appara\u00eet pas, vous pouvez d\u00e9clarer la situation sur votre compte\u00a0<a href=\"https:\/\/licence.equestrian.ca\/myec\/login?lang=en\">Mon-CE<\/a>.<\/p>\n\t\t\t\t\t\t<\/div>\n\t\t\t\t\t<\/div>\n\t\t\t\t\t\t\t<\/div>\n\t\t\t\t\t<div class=\"card animate-bottom-line-on-hover\">\n\t\t\t\t\t\t\t\t\t<div class=\"card-header\" id=\"heading-accordion-13\">\n\t\t\t\t\t\t<h3 class=\"mb-0\">\n\t\t\t\t\t\t\t<button class=\"accordion-link\" type=\"button\" data-bs-toggle=\"collapse\" data-bs-target=\"#collapse-accordion-13\" aria-expanded=\"false\" aria-controls=\"collapse-accordion-13\">\n\t\t\t\t\t\t\t\tComment puis-je contester un statut d&rsquo;amateur ?\t\t\t\t\t\t\t<\/button>\n\t\t\t\t\t\t<\/h3>\n\t\t\t\t\t<\/div>\n\t\t\t\t\t\t\t\t\t\t\t\t\t<div id=\"collapse-accordion-13\" class=\"accordion-collapse collapse\" aria-labelledby=\"heading-accordion-13\" data-bs-parent=\"#ra-accordion\">\n\t\t\t\t\t\t<div class=\"card-body wysiwyg-content\">\n\t\t\t\t\t\t\t<p>Vous pouvez contester le statut d&rsquo;amateur d&rsquo;une ou d&rsquo;un autre titulaire de licence sportive en d\u00e9posant un plainte, selon la\u00a0<a href=\"https:\/\/equestrian.ca\/resource\/discipline-complaints-and-appeals-policy\/\" target=\"_blank\" rel=\"noopener\"><span class=\"NormalTextRun SCXW160948557 BCX8\" data-ccp-parastyle=\"x_msolistparagraph\">Politique en mati\u00e8re de discipline, de plaintes et d&rsquo;appels de CE<\/span><\/a>.<\/p>\n\t\t\t\t\t\t<\/div>\n\t\t\t\t\t<\/div>\n\t\t\t\t\t\t\t<\/div>\n\t\t\t\t\t<div class=\"card animate-bottom-line-on-hover\">\n\t\t\t\t\t\t\t\t\t<div class=\"card-header\" id=\"heading-accordion-14\">\n\t\t\t\t\t\t<h3 class=\"mb-0\">\n\t\t\t\t\t\t\t<button class=\"accordion-link\" type=\"button\" data-bs-toggle=\"collapse\" data-bs-target=\"#collapse-accordion-14\" aria-expanded=\"false\" aria-controls=\"collapse-accordion-14\">\n\t\t\t\t\t\t\t\tUn cadeau, est-ce que \u00e7a compte pour une r\u00e9mun\u00e9ration?\t\t\t\t\t\t\t<\/button>\n\t\t\t\t\t\t<\/h3>\n\t\t\t\t\t<\/div>\n\t\t\t\t\t\t\t\t\t\t\t\t\t<div id=\"collapse-accordion-14\" class=\"accordion-collapse collapse\" aria-labelledby=\"heading-accordion-14\" data-bs-parent=\"#ra-accordion\">\n\t\t\t\t\t\t<div class=\"card-body wysiwyg-content\">\n\t\t\t\t\t\t\t<p>Veuillez vous r\u00e9f\u00e9rer aux\u00a0<a href=\"https:\/\/equestrian.ca\/fr\/compete\/athlete-resources\/rulebooks\/\" target=\"_blank\" rel=\"noopener\">r\u00e8gles de votre discipline sp\u00e9cifique<\/a>, car certaines disciplines peuvent autoriser les cadeaux jusqu&rsquo;\u00e0 un certain montant.<\/p>\n\t\t\t\t\t\t<\/div>\n\t\t\t\t\t<\/div>\n\t\t\t\t\t\t\t<\/div>\n\t\t\t\t\t<div class=\"card animate-bottom-line-on-hover\">\n\t\t\t\t\t\t\t\t\t<div class=\"card-header\" id=\"heading-accordion-15\">\n\t\t\t\t\t\t<h3 class=\"mb-0\">\n\t\t\t\t\t\t\t<button class=\"accordion-link\" type=\"button\" data-bs-toggle=\"collapse\" data-bs-target=\"#collapse-accordion-15\" aria-expanded=\"false\" aria-controls=\"collapse-accordion-15\">\n\t\t\t\t\t\t\t\tPuis-je \u00eatre ambassadrice ou ambassadeur de marque?\t\t\t\t\t\t\t<\/button>\n\t\t\t\t\t\t<\/h3>\n\t\t\t\t\t<\/div>\n\t\t\t\t\t\t\t\t\t\t\t\t\t<div id=\"collapse-accordion-15\" class=\"accordion-collapse collapse\" aria-labelledby=\"heading-accordion-15\" data-bs-parent=\"#ra-accordion\">\n\t\t\t\t\t\t<div class=\"card-body wysiwyg-content\">\n\t\t\t\t\t\t\t<p>Certaines disciplines autorisent les ambassadeurs de marque. Veuillez vous r\u00e9f\u00e9rer au\u00a0<a href=\"https:\/\/equestrian.ca\/fr\/compete\/athlete-resources\/rulebooks\/\" target=\"_blank\" rel=\"noopener\">r\u00e8gles de votre discipline<\/a>.<\/p>\n\t\t\t\t\t\t<\/div>\n\t\t\t\t\t<\/div>\n\t\t\t\t\t\t\t<\/div>\n\t\t\t\t\t<div class=\"card animate-bottom-line-on-hover\">\n\t\t\t\t\t\t\t\t\t<div class=\"card-header\" id=\"heading-accordion-16\">\n\t\t\t\t\t\t<h3 class=\"mb-0\">\n\t\t\t\t\t\t\t<button class=\"accordion-link\" type=\"button\" data-bs-toggle=\"collapse\" data-bs-target=\"#collapse-accordion-16\" aria-expanded=\"false\" aria-controls=\"collapse-accordion-16\">\n\t\t\t\t\t\t\t\tPuis-je avoir \u00e0 la fois un statut d&rsquo;amateur et un statut d&rsquo;entra\u00eeneur(e)?\t\t\t\t\t\t\t<\/button>\n\t\t\t\t\t\t<\/h3>\n\t\t\t\t\t<\/div>\n\t\t\t\t\t\t\t\t\t\t\t\t\t<div id=\"collapse-accordion-16\" class=\"accordion-collapse collapse\" aria-labelledby=\"heading-accordion-16\" data-bs-parent=\"#ra-accordion\">\n\t\t\t\t\t\t<div class=\"card-body wysiwyg-content\">\n\t\t\t\t\t\t\t<p>Les personnes qui d\u00e9tiennent le statut d&rsquo;entra\u00eeneur(e) enregistr\u00e9(e) ou titulaire d&rsquo;une licence de CE et qui concourent \u00e9galement en tant qu&rsquo;athl\u00e8tes sont soumis aux m\u00eames r\u00e8gles que toutes et tous les titulaires de licence sportive de CE. Les athl\u00e8tes amateurs ne doivent pas accepter de r\u00e9mun\u00e9ration pour l&rsquo;entra\u00eenement, la formation et les autres services d\u00e9crits dans les r\u00e8gles de leur discipline respective.<\/p>\n<p><span data-contrast=\"auto\">Il y a deux exceptions :<br \/>\n<\/span><\/p>\n<ol>\n<li>Vous pouvez conserver votre statut d&rsquo;amateur si vous d\u00e9tenez une certification d&rsquo;instructrice ou d&rsquo;instructeur CE\/PNCE et si vous enseignez UNIQUEMENT \u00e0 des athl\u00e8tes de niveau d\u00e9butant dans un contexte consacr\u00e9 au d\u00e9veloppement et non \u00e0 la comp\u00e9tition.<\/li>\n<li>Une personne ayant le statut d&rsquo;amateur de CE peut accepter une r\u00e9mun\u00e9ration pour l&rsquo;enseignement ou l&rsquo;entra\u00eenement d&rsquo;athl\u00e8tes ayant un handicap physique ou visuel.<\/li>\n<\/ol>\n<p>**Veuillez vous r\u00e9f\u00e9rer au paragraphe G108.2 de la\u00a0<a href=\"https:\/\/equestrian.ca\/resource\/section-a-general-regulations-clean-digital-version\/\" target=\"_blank\" rel=\"noopener\"><span class=\"NormalTextRun SCXW197974444 BCX8\">Section A : R\u00e8glements g\u00e9n\u00e9raux<\/span><\/a>\u00a0des R\u00e8glements de CE pour en savoir plus sur ces exceptions.<\/p>\n\t\t\t\t\t\t<\/div>\n\t\t\t\t\t<\/div>\n\t\t\t\t\t\t\t<\/div>\n\t\t\t\t\t<div class=\"card animate-bottom-line-on-hover\">\n\t\t\t\t\t\t\t\t\t<div class=\"card-header\" id=\"heading-accordion-17\">\n\t\t\t\t\t\t<h3 class=\"mb-0\">\n\t\t\t\t\t\t\t<button class=\"accordion-link\" type=\"button\" data-bs-toggle=\"collapse\" data-bs-target=\"#collapse-accordion-17\" aria-expanded=\"false\" aria-controls=\"collapse-accordion-17\">\n\t\t\t\t\t\t\t\tJe viens de recevoir un avis indiquant que j&rsquo;ai particip\u00e9 \u00e0 un concours sans avoir le statut d&rsquo;amateur &#8211; qu&rsquo;est-ce que cela signifie ?\t\t\t\t\t\t\t<\/button>\n\t\t\t\t\t\t<\/h3>\n\t\t\t\t\t<\/div>\n\t\t\t\t\t\t\t\t\t\t\t\t\t<div id=\"collapse-accordion-17\" class=\"accordion-collapse collapse\" aria-labelledby=\"heading-accordion-17\" data-bs-parent=\"#ra-accordion\">\n\t\t\t\t\t\t<div class=\"card-body wysiwyg-content\">\n\t\t\t\t\t\t\t<p><span class=\"TextRun SCXW180230259 BCX8\" lang=\"EN-US\" xml:lang=\"EN-US\" data-contrast=\"auto\"><span class=\"NormalTextRun SCXW180230259 BCX8\" data-ccp-parastyle=\"x_msolistparagraph\" data-ccp-parastyle-defn=\"{&quot;ObjectId&quot;:&quot;c8c083bb-b0e8-41a7-8c3f-4d8eab2a0879|24&quot;,&quot;ClassId&quot;:1073872969,&quot;Properties&quot;:[469775450,&quot;x_msolistparagraph&quot;,201340122,&quot;2&quot;,134233614,&quot;true&quot;,469778129,&quot;xmsolistparagraph&quot;,335572020,&quot;1&quot;,201342448,&quot;1&quot;,469777841,&quot;Calibri&quot;,469777842,&quot;Calibri&quot;,469777843,&quot;Calibri&quot;,469777844,&quot;Calibri&quot;,469769226,&quot;Calibri&quot;,268442635,&quot;22&quot;,335559705,&quot;4105&quot;,335551547,&quot;4105&quot;,335559685,&quot;720&quot;,335559740,&quot;252&quot;,201341983,&quot;0&quot;,335559739,&quot;160&quot;,469778324,&quot;Normal&quot;]}\">Cela signifie que nous avons re\u00e7u les r\u00e9sultats d&rsquo;un concours o\u00f9 on a indiqu\u00e9 que vous avez particip\u00e9 \u00e0 une \u00e9preuve amateur sans d\u00e9tenir de statut d&rsquo;amateur.<\/span><span class=\"NormalTextRun SCXW180230259 BCX8\" data-ccp-parastyle=\"x_msolistparagraph\">\u00a0Vos r\u00e9sultats seront marqu\u00e9s comme inadmissibles et ne seront pas inclus dans les classements nationaux de CE.<br \/>\n<\/span><\/span><\/p>\n<p><span class=\"TextRun SCXW180230259 BCX8\" lang=\"EN-US\" xml:lang=\"EN-US\" data-contrast=\"auto\"><span class=\"NormalTextRun SCXW180230259 BCX8\" data-ccp-parastyle=\"x_msolistparagraph\">Le statut d&rsquo;amateur ne peut pas \u00eatre r\u00e9troactif. Il est recommand\u00e9 de se connecter \u00e0 votre compte\u00a0<\/span><span class=\"NormalTextRun SpellingErrorV2Themed SCXW180230259 BCX8\" data-ccp-parastyle=\"x_msolistparagraph\">Mon-CE<\/span><span class=\"NormalTextRun SCXW180230259 BCX8\" data-ccp-parastyle=\"x_msolistparagraph\">\u00a0pour d\u00e9clarer votre statut d&rsquo;amateur si vous r\u00e9pondez aux crit\u00e8res et souhaitez continuer \u00e0 concourir dans les \u00e9preuves amateurs.<\/span><\/span><\/p>\n<p><span class=\"TextRun SCXW180230259 BCX8\" lang=\"EN-US\" xml:lang=\"EN-US\" data-contrast=\"auto\"><span class=\"NormalTextRun SCXW180230259 BCX8\" data-ccp-parastyle=\"x_msolistparagraph\">Si le probl\u00e8me n&rsquo;est pas corrig\u00e9, vous risquez \u00e9galement de devoir payer des amendes en vertu du Bar\u00e8me des amendes et des p\u00e9nalit\u00e9s.<\/span><\/span><\/p>\n\t\t\t\t\t\t<\/div>\n\t\t\t\t\t<\/div>\n\t\t\t\t\t\t\t<\/div>\n\t\t\t<\/div>\n\t<\/section>\n","protected":false},"excerpt":{"rendered":"","protected":false},"author":8,"featured_media":970,"parent":0,"menu_order":0,"comment_status":"closed","ping_status":"closed","template":"","meta":{"_acf_changed":false,"footnotes":""},"class_list":["post-26622","page","type-page","status-publish","has-post-thumbnail","hentry"],"acf":[],"yoast_head":"<!-- This site is optimized with the Yoast SEO plugin v27.0 - https:\/\/yoast.com\/product\/yoast-seo-wordpress\/ -->\n<title>Statut d&#039;amateur - Equestrian Canada<\/title>\n<meta name=\"robots\" content=\"index, follow, max-snippet:-1, max-image-preview:large, max-video-preview:-1\" \/>\n<link rel=\"canonical\" href=\"https:\/\/equestrian.ca\/fr\/amateur-status\/\" \/>\n<meta property=\"og:locale\" content=\"fr_CA\" \/>\n<meta property=\"og:type\" content=\"article\" \/>\n<meta property=\"og:title\" content=\"Statut d&#039;amateur - Equestrian Canada\" \/>\n<meta property=\"og:url\" content=\"https:\/\/equestrian.ca\/fr\/amateur-status\/\" \/>\n<meta property=\"og:site_name\" content=\"Equestrian Canada\" \/>\n<meta property=\"article:modified_time\" content=\"2024-04-08T13:39:24+00:00\" \/>\n<meta property=\"og:image\" content=\"https:\/\/equestrian.ca\/wp-content\/uploads\/2023\/06\/Screen-Shot-2022-08-26-at-3.55.37-PM.png\" \/>\n\t<meta property=\"og:image:width\" content=\"1244\" \/>\n\t<meta property=\"og:image:height\" content=\"1082\" \/>\n\t<meta property=\"og:image:type\" content=\"image\/png\" \/>\n<meta name=\"twitter:card\" content=\"summary_large_image\" \/>\n<meta name=\"twitter:label1\" content=\"Estimation du temps de lecture\" \/>\n\t<meta name=\"twitter:data1\" content=\"1 minute\" \/>\n<script type=\"application\/ld+json\" class=\"yoast-schema-graph\">{\"@context\":\"https:\/\/schema.org\",\"@graph\":[{\"@type\":\"WebPage\",\"@id\":\"https:\/\/equestrian.ca\/fr\/amateur-status\/\",\"url\":\"https:\/\/equestrian.ca\/fr\/amateur-status\/\",\"name\":\"Statut d'amateur - Equestrian Canada\",\"isPartOf\":{\"@id\":\"https:\/\/equestrian.ca\/fr\/#website\"},\"primaryImageOfPage\":{\"@id\":\"https:\/\/equestrian.ca\/fr\/amateur-status\/#primaryimage\"},\"image\":{\"@id\":\"https:\/\/equestrian.ca\/fr\/amateur-status\/#primaryimage\"},\"thumbnailUrl\":\"https:\/\/equestrian.ca\/wp-content\/uploads\/2023\/06\/Screen-Shot-2022-08-26-at-3.55.37-PM.png\",\"datePublished\":\"2023-08-30T15:02:09+00:00\",\"dateModified\":\"2024-04-08T13:39:24+00:00\",\"breadcrumb\":{\"@id\":\"https:\/\/equestrian.ca\/fr\/amateur-status\/#breadcrumb\"},\"inLanguage\":\"fr-CA\",\"potentialAction\":[{\"@type\":\"ReadAction\",\"target\":[\"https:\/\/equestrian.ca\/fr\/amateur-status\/\"]}]},{\"@type\":\"ImageObject\",\"inLanguage\":\"fr-CA\",\"@id\":\"https:\/\/equestrian.ca\/fr\/amateur-status\/#primaryimage\",\"url\":\"https:\/\/equestrian.ca\/wp-content\/uploads\/2023\/06\/Screen-Shot-2022-08-26-at-3.55.37-PM.png\",\"contentUrl\":\"https:\/\/equestrian.ca\/wp-content\/uploads\/2023\/06\/Screen-Shot-2022-08-26-at-3.55.37-PM.png\",\"width\":1244,\"height\":1082},{\"@type\":\"BreadcrumbList\",\"@id\":\"https:\/\/equestrian.ca\/fr\/amateur-status\/#breadcrumb\",\"itemListElement\":[{\"@type\":\"ListItem\",\"position\":1,\"name\":\"Home\",\"item\":\"https:\/\/equestrian.ca\/fr\/\"},{\"@type\":\"ListItem\",\"position\":2,\"name\":\"Statut d&#8217;amateur\"}]},{\"@type\":\"WebSite\",\"@id\":\"https:\/\/equestrian.ca\/fr\/#website\",\"url\":\"https:\/\/equestrian.ca\/fr\/\",\"name\":\"Equestrian Canada\",\"description\":\"For the love of horses and sport for life.\",\"potentialAction\":[{\"@type\":\"SearchAction\",\"target\":{\"@type\":\"EntryPoint\",\"urlTemplate\":\"https:\/\/equestrian.ca\/fr\/?s={search_term_string}\"},\"query-input\":{\"@type\":\"PropertyValueSpecification\",\"valueRequired\":true,\"valueName\":\"search_term_string\"}}],\"inLanguage\":\"fr-CA\"}]}<\/script>\n<!-- \/ Yoast SEO plugin. -->","yoast_head_json":{"title":"Statut d'amateur - Equestrian Canada","robots":{"index":"index","follow":"follow","max-snippet":"max-snippet:-1","max-image-preview":"max-image-preview:large","max-video-preview":"max-video-preview:-1"},"canonical":"https:\/\/equestrian.ca\/fr\/amateur-status\/","og_locale":"fr_CA","og_type":"article","og_title":"Statut d'amateur - Equestrian Canada","og_url":"https:\/\/equestrian.ca\/fr\/amateur-status\/","og_site_name":"Equestrian Canada","article_modified_time":"2024-04-08T13:39:24+00:00","og_image":[{"width":1244,"height":1082,"url":"https:\/\/equestrian.ca\/wp-content\/uploads\/2023\/06\/Screen-Shot-2022-08-26-at-3.55.37-PM.png","type":"image\/png"}],"twitter_card":"summary_large_image","twitter_misc":{"Estimation du temps de lecture":"1 minute"},"schema":{"@context":"https:\/\/schema.org","@graph":[{"@type":"WebPage","@id":"https:\/\/equestrian.ca\/fr\/amateur-status\/","url":"https:\/\/equestrian.ca\/fr\/amateur-status\/","name":"Statut d'amateur - Equestrian Canada","isPartOf":{"@id":"https:\/\/equestrian.ca\/fr\/#website"},"primaryImageOfPage":{"@id":"https:\/\/equestrian.ca\/fr\/amateur-status\/#primaryimage"},"image":{"@id":"https:\/\/equestrian.ca\/fr\/amateur-status\/#primaryimage"},"thumbnailUrl":"https:\/\/equestrian.ca\/wp-content\/uploads\/2023\/06\/Screen-Shot-2022-08-26-at-3.55.37-PM.png","datePublished":"2023-08-30T15:02:09+00:00","dateModified":"2024-04-08T13:39:24+00:00","breadcrumb":{"@id":"https:\/\/equestrian.ca\/fr\/amateur-status\/#breadcrumb"},"inLanguage":"fr-CA","potentialAction":[{"@type":"ReadAction","target":["https:\/\/equestrian.ca\/fr\/amateur-status\/"]}]},{"@type":"ImageObject","inLanguage":"fr-CA","@id":"https:\/\/equestrian.ca\/fr\/amateur-status\/#primaryimage","url":"https:\/\/equestrian.ca\/wp-content\/uploads\/2023\/06\/Screen-Shot-2022-08-26-at-3.55.37-PM.png","contentUrl":"https:\/\/equestrian.ca\/wp-content\/uploads\/2023\/06\/Screen-Shot-2022-08-26-at-3.55.37-PM.png","width":1244,"height":1082},{"@type":"BreadcrumbList","@id":"https:\/\/equestrian.ca\/fr\/amateur-status\/#breadcrumb","itemListElement":[{"@type":"ListItem","position":1,"name":"Home","item":"https:\/\/equestrian.ca\/fr\/"},{"@type":"ListItem","position":2,"name":"Statut d&#8217;amateur"}]},{"@type":"WebSite","@id":"https:\/\/equestrian.ca\/fr\/#website","url":"https:\/\/equestrian.ca\/fr\/","name":"Equestrian Canada","description":"For the love of horses and sport for life.","potentialAction":[{"@type":"SearchAction","target":{"@type":"EntryPoint","urlTemplate":"https:\/\/equestrian.ca\/fr\/?s={search_term_string}"},"query-input":{"@type":"PropertyValueSpecification","valueRequired":true,"valueName":"search_term_string"}}],"inLanguage":"fr-CA"}]}},"_links":{"self":[{"href":"https:\/\/equestrian.ca\/fr\/wp-json\/wp\/v2\/pages\/26622","targetHints":{"allow":["GET"]}}],"collection":[{"href":"https:\/\/equestrian.ca\/fr\/wp-json\/wp\/v2\/pages"}],"about":[{"href":"https:\/\/equestrian.ca\/fr\/wp-json\/wp\/v2\/types\/page"}],"author":[{"embeddable":true,"href":"https:\/\/equestrian.ca\/fr\/wp-json\/wp\/v2\/users\/8"}],"replies":[{"embeddable":true,"href":"https:\/\/equestrian.ca\/fr\/wp-json\/wp\/v2\/comments?post=26622"}],"version-history":[{"count":2,"href":"https:\/\/equestrian.ca\/fr\/wp-json\/wp\/v2\/pages\/26622\/revisions"}],"predecessor-version":[{"id":26843,"href":"https:\/\/equestrian.ca\/fr\/wp-json\/wp\/v2\/pages\/26622\/revisions\/26843"}],"wp:featuredmedia":[{"embeddable":true,"href":"https:\/\/equestrian.ca\/fr\/wp-json\/wp\/v2\/media\/970"}],"wp:attachment":[{"href":"https:\/\/equestrian.ca\/fr\/wp-json\/wp\/v2\/media?parent=26622"}],"curies":[{"name":"wp","href":"https:\/\/api.w.org\/{rel}","templated":true}]}}